{"id":1068,"date":"2025-08-28T15:52:49","date_gmt":"2025-08-28T07:52:49","guid":{"rendered":"https:\/\/mostebglass.com\/?post_type=product&#038;p=1068"},"modified":"2026-03-17T14:16:54","modified_gmt":"2026-03-17T06:16:54","slug":"custom-empty-car-diffuser-containers-with-hanging-rope-bulk","status":"publish","type":"product","link":"https:\/\/mostebglass.com\/pl\/custom-empty-car-diffuser-containers-with-hanging-rope-bulk\/","title":{"rendered":"10 ml niestandardowe puste pojemniki na dyfuzor samochodowy z wisz\u0105c\u0105 lin\u0105"},"content":{"rendered":"<p>Szukasz kompaktowych, szklanych pojemnik\u00f3w na dyfuzory do samochodu? Ten wisz\u0105cy dyfuzor samochodowy z lin\u0105 wci\u0105\u017c ma sw\u00f3j niepowtarzalny charakter. Cylindryczna, szklana butelka mie\u015bci zaledwie 10 ml olejku eterycznego i mo\u017cna j\u0105 powiesi\u0107 w strategicznym miejscu. G\u0142adka, symetryczna butelka pe\u0142ni funkcj\u0119 kr\u00f3tkiego, efektownego etui, ukazuj\u0105c \u017cywe kolory olejk\u00f3w eterycznych.<\/p>\n<h2>Cechy produktu<\/h2>\n<ul>\n<li><strong>Kompaktowy i przeno\u015bny:<\/strong> Buteleczka w rozmiarze Mini jest \u0142atwa do przenoszenia i chroni natychmiastowy zapach, co jest idealne do aromaterapii w podr\u00f3\u017cy.<\/li>\n<li><strong>Budowa z wysokiej jako\u015bci szk\u0142a i drewna:<\/strong> Przezroczyste szk\u0142o rozprowadza bogaty, s\u0142odki aromat oleju, a drewniane kropki dodaj\u0105 ciep\u0142ego, naturalnego akcentu.<\/li>\n<li><strong>Projekt Easy-Lataka:<\/strong> Do\u0142\u0105cz dzianinowy sznur do zawieszenia w samochodzie lub innym miejscu, oszcz\u0119dzaj\u0105c miejsce i spe\u0142niaj\u0105c potrzeby swojej mobilnej aromaterapii.<\/li>\n<\/ul>\n<h2>Historia sukcesu: od koncepcji do og\u00f3lnokrajowej premiery w zaledwie 6 tygodni<\/h2>\n<p>Jedna z naszych wisz\u0105cych butelek z dyfuzorem samochodowym zosta\u0142a wybrana przez hiszpa\u0144sk\u0105 mark\u0119 akcesori\u00f3w samochodowych. Wybrali oni niewielki rozmiar, 10 ml, specjalnie zaprojektowany do zastosowa\u0144 w motoryzacji, i wskazali potrzeb\u0119 zastosowania szk\u0142a o wysokiej przejrzysto\u015bci i grubym dnie, aby zwi\u0119kszy\u0107 trwa\u0142o\u015b\u0107 produktu i poprawi\u0107 jego wygl\u0105d. Drewniana nakr\u0119tka zosta\u0142a ulepszona do drewna bukowego, a logo marki zosta\u0142o wygrawerowane laserowo na g\u00f3rnej powierzchni. W przypadku sznurka do zawieszania zdecydowano si\u0119 na dwukolorowy, pleciony wz\u00f3r z w\u0142asnymi metalicznym po\u0142yskiem w po\u0142\u0105czeniu z naturalnym be\u017cem oraz systemem przesuwnych w\u0119z\u0142\u00f3w, kt\u00f3ry pozwala u\u017cytkownikowi elastycznie dopasowa\u0107 d\u0142ugo\u015b\u0107 sznurka do w\u0142asnych potrzeb.<\/p>\n<p>Po oficjalnej premierze produktu, marka odnotowa\u0142a imponuj\u0105cy wzrost sprzeda\u017cy, si\u0119gaj\u0105cy 41% w samym pierwszym kwartale. Klient z\u0142o\u017cy\u0142 sze\u015b\u0107 kolejnych zam\u00f3wie\u0144 w ci\u0105gu roku.<\/p>\n<h2>W jaki spos\u00f3b mog\u0119 spersonalizowa\u0107 pojemniki na dyfuzory samochodowe?<\/h2>\n<ul>\n<li>Oznacz szk\u0142o swoim logo metod\u0105 grawerowania laserowego, aby uzyska\u0107 wyrafinowany, ekskluzywny wygl\u0105d.<\/li>\n<li>Wybierz mi\u0119kk\u0105 bursztynow\u0105 lub niebiesk\u0105 barw\u0119, aby uzupe\u0142ni\u0107 swoj\u0105 kolekcj\u0119 zapach\u00f3w (np. niebieski kolor pozwoli uzyska\u0107 uspokajaj\u0105c\u0105 mieszank\u0119).<\/li>\n<li>Spersonalizuj drewnian\u0105 zakr\u0119tk\u0119 butelki, umieszczaj\u0105c na niej firmow\u0105 piecz\u0119\u0107 lub wyj\u0105tkowe wyko\u0144czenie o strukturze drewna.<\/li>\n<li>U\u017cyj szk\u0142a mro\u017conego, aby uzyska\u0107 matowy, nowoczesny wygl\u0105d, idealny dla marek minimalistycznych.<\/li>\n<\/ul>\n<p>To nie tylko opcje. To sposoby na przekszta\u0142cenie zwyk\u0142ych, wisz\u0105cych butelek z dyfuzorami samochodowymi w markowe pami\u0105tki. Kupuj\u0105c hurtowo puste butelki z dyfuzorami samochodowymi, nie sprzedajesz tylko zapachu \u2013 sprzedajesz styl.<\/p>","protected":false},"excerpt":{"rendered":"<p>Hurtowa sprzeda\u017c pojemnik\u00f3w na dyfuzory samochodowe i pustych butelek na dyfuzory samochodowe. Wysokiej jako\u015bci szk\u0142o cylindryczne, stylowy design, konkurencyjna cena, szybka dostawa.<\/p>","protected":false},"featured_media":4791,"template":"","meta":{"site-sidebar-layout":"default","site-content-layout":"","ast-site-content-layout":"default","site-content-style":"default","site-sidebar-style":"default","ast-global-header-display":"","ast-banner-title-visibility":"","ast-main-header-display":"","ast-hfb-above-header-display":"","ast-hfb-below-header-display":"","ast-hfb-mobile-header-display":"","site-post-title":"","ast-breadcrumbs-content":"","ast-featured-img":"","footer-sml-layout":"","theme-transparent-header-meta":"default","adv-header-id-meta":"","stick-header-meta":"","header-above-stick-meta":"","header-main-stick-meta":"","header-below-stick-meta":"","astra-migrate-meta-layouts":"set","ast-page-background-enabled":"default","ast-page-background-meta":{"desktop":{"background-color":"var(--ast-global-color-5)","background-image":"","background-repeat":"repeat","background-position":"center center","background-size":"auto","background-attachment":"scroll","background-type":"","background-media":"","overlay-type":"","overlay-color":"","overlay-opacity":"","overlay-gradient":""},"tablet":{"background-color":"","background-image":"","background-repeat":"repeat","background-position":"center center","background-size":"auto","background-attachment":"scroll","background-type":"","background-media":"","overlay-type":"","overlay-color":"","overlay-opacity":"","overlay-gradient":""},"mobile":{"background-color":"","background-image":"","background-repeat":"repeat","background-position":"center center","background-size":"auto","background-attachment":"scroll","background-type":"","background-media":"","overlay-type":"","overlay-color":"","overlay-opacity":"","overlay-gradient":""}},"ast-content-background-meta":{"desktop":{"background-color":"var(--ast-global-color-4)","background-image":"","background-repeat":"repeat","background-position":"center center","background-size":"auto","background-attachment":"scroll","background-type":"","background-media":"","overlay-type":"","overlay-color":"","overlay-opacity":"","overlay-gradient":""},"tablet":{"background-color":"var(--ast-global-color-4)","background-image":"","background-repeat":"repeat","background-position":"center center","background-size":"auto","background-attachment":"scroll","background-type":"","background-media":"","overlay-type":"","overlay-color":"","overlay-opacity":"","overlay-gradient":""},"mobile":{"background-color":"var(--ast-global-color-4)","background-image":"","background-repeat":"repeat","background-position":"center center","background-size":"auto","background-attachment":"scroll","background-type":"","background-media":"","overlay-type":"","overlay-color":"","overlay-opacity":"","overlay-gradient":""}}},"product_brand":[],"product_cat":[54],"product_tag":[],"class_list":{"0":"post-1068","1":"product","2":"type-product","3":"status-publish","4":"has-post-thumbnail","6":"product_cat-reed-diffuser-bottles","7":"desktop-align-left","8":"tablet-align-left","9":"mobile-align-left","11":"first","12":"instock","13":"shipping-taxable","14":"product-type-simple"},"jetpack_sharing_enabled":true,"_links":{"self":[{"href":"https:\/\/mostebglass.com\/pl\/wp-json\/wp\/v2\/product\/1068","targetHints":{"allow":["GET"]}}],"collection":[{"href":"https:\/\/mostebglass.com\/pl\/wp-json\/wp\/v2\/product"}],"about":[{"href":"https:\/\/mostebglass.com\/pl\/wp-json\/wp\/v2\/types\/product"}],"wp:featuredmedia":[{"embeddable":true,"href":"https:\/\/mostebglass.com\/pl\/wp-json\/wp\/v2\/media\/4791"}],"wp:attachment":[{"href":"https:\/\/mostebglass.com\/pl\/wp-json\/wp\/v2\/media?parent=1068"}],"wp:term":[{"taxonomy":"product_brand","embeddable":true,"href":"https:\/\/mostebglass.com\/pl\/wp-json\/wp\/v2\/product_brand?post=1068"},{"taxonomy":"product_cat","embeddable":true,"href":"https:\/\/mostebglass.com\/pl\/wp-json\/wp\/v2\/product_cat?post=1068"},{"taxonomy":"product_tag","embeddable":true,"href":"https:\/\/mostebglass.com\/pl\/wp-json\/wp\/v2\/product_tag?post=1068"}],"curies":[{"name":"wp","href":"https:\/\/api.w.org\/{rel}","templated":true}]}}