{"id":1087,"date":"2025-08-29T09:39:16","date_gmt":"2025-08-29T01:39:16","guid":{"rendered":"https:\/\/mostebglass.com\/?post_type=product&#038;p=1087"},"modified":"2026-02-09T11:18:14","modified_gmt":"2026-02-09T03:18:14","slug":"unique-candle-jars-with-lids-glass-candle-stands-bulk","status":"publish","type":"product","link":"https:\/\/mostebglass.com\/pl\/unique-candle-jars-with-lids-glass-candle-stands-bulk\/","title":{"rendered":"70 ml, 220 ml, 370 ml \u2013 wyj\u0105tkowe s\u0142oiki na \u015bwiece z pokrywkami | Szklane stojaki na \u015bwiece \u2013 hurt"},"content":{"rendered":"<p>Ten wyj\u0105tkowy cylindryczny kszta\u0142t o czystych liniach i g\u0142adkiej powierzchni szk\u0142a o b\u0142yszcz\u0105cej, odbijaj\u0105cej \u015bwiat\u0142o powierzchni zosta\u0142 zaprojektowany ze szklanymi pokrywkami na g\u00f3rze s\u0142oika. Ci\u0119\u017cka pokrywka i solidna, lekko rozszerzana podstawa zapewniaj\u0105 wizualn\u0105 r\u00f3wnowag\u0119 prostej, pionowej bry\u0142y i sprawiaj\u0105, \u017ce s\u0142oik ma stabilny profil, dzi\u0119ki czemu mo\u017ce s\u0142u\u017cy\u0107 r\u00f3wnie\u017c jako ma\u0142y stojak na \u015bwiece. Zwie\u0144czeniem jest podobna szklana pokrywka, kt\u00f3ra doskonale uzupe\u0142nia zaokr\u0105glone kraw\u0119dzie i sprawia, \u017ce \u200b\u200bca\u0142o\u015b\u0107 wygl\u0105da sp\u00f3jnie i schludnie. P\u00f3\u0142przezroczysta, jednolita kolorystyka fotografii zapewnia mi\u0119kkie \u015bwiat\u0142o \u015bwiec, zachowuj\u0105c jednocze\u015bnie elegancki, stonowany, wsp\u00f3\u0142czesny design, kt\u00f3ry \u0142\u0105czy w sobie dekoracyjne i u\u017cytkowe kolekcje \u015bwiec.<\/p>\n<p><img fetchpriority=\"high\" decoding=\"async\" class=\"wp-image-1088\" src=\"https:\/\/mostebglass.com\/wp-content\/uploads\/2025\/08\/unique-candle-jars-with-lids-candle-stand02.webp\" alt=\"wyj\u0105tkowe s\u0142oiki na \u015bwiece z pokrywkami\" width=\"500\" height=\"500\" srcset=\"https:\/\/mostebglass.com\/wp-content\/uploads\/2025\/08\/unique-candle-jars-with-lids-candle-stand02.webp 800w, https:\/\/mostebglass.com\/wp-content\/uploads\/2025\/08\/unique-candle-jars-with-lids-candle-stand02-300x300.webp 300w, https:\/\/mostebglass.com\/wp-content\/uploads\/2025\/08\/unique-candle-jars-with-lids-candle-stand02-100x100.webp 100w, https:\/\/mostebglass.com\/wp-content\/uploads\/2025\/08\/unique-candle-jars-with-lids-candle-stand02-600x600.webp 600w, https:\/\/mostebglass.com\/wp-content\/uploads\/2025\/08\/unique-candle-jars-with-lids-candle-stand02-768x768.webp 768w, https:\/\/mostebglass.com\/wp-content\/uploads\/2025\/08\/unique-candle-jars-with-lids-candle-stand02-12x12.webp 12w\" sizes=\"(max-width: 500px) 100vw, 500px\" \/><\/p>\n<h2>Cechy produktu<\/h2>\n<p><strong>Wzmocniona podstawa i obr\u0119cz zapewniaj\u0105ca stabilno\u015b\u0107:\u00a0<\/strong>Projekt inspirowany stojakami na \u015bwiece, z grubszymi g\u00f3rnymi i dolnymi kraw\u0119dziami (\u015brednica 83 mm), dzi\u0119ki czemu s\u0142oik ze \u015bwiecami pozostaje prosty podczas dystrybucji \u015bwiec luzem lub na p\u00f3\u0142kach sklepowych.<\/p>\n<p><strong>Szk\u0142o Crystal-Callier do efekt\u00f3w wizualnych:\u00a0<\/strong>Przezroczyste pojemniki na \u015bwiece zwi\u0119kszaj\u0105 intensywno\u015b\u0107 \u015bwiat\u0142a \u015bwiec, przekszta\u0142caj\u0105c te s\u0142oiki w zestawy \u015bwiec na wesela, do butikowych aran\u017cacji lub luksusowych kolekcji \u015bwiec.<\/p>\n<p><strong>Mo\u017cliwo\u015b\u0107 dostosowania koloru:\u00a0<\/strong>Dost\u0119pny w wersji przezroczystej lub malowanej (dymnej, bursztynowej, mro\u017conej), ten s\u0142oik na \u015bwiec\u0119 mo\u017cna dopasowa\u0107 do sezonowych motyw\u00f3w lub linii produkt\u00f3w Twojej marki.<\/p>\n<h2>Kluczowe specyfikacje<\/h2>\n<table style=\"border-collapse: collapse; width: 80%; margin-left: auto; margin-right: auto;\" border=\"0\" width=\"144\" cellspacing=\"0\" cellpadding=\"0\">\n<tbody>\n<tr style=\"height: 13.50pt;\">\n<td style=\"height: 13.50pt; width: 54.00pt;\" width=\"72\" height=\"18\">Funkcja<\/td>\n<td style=\"width: 54.00pt;\" width=\"72\">Bli\u017csze dane<\/td>\n<\/tr>\n<tr style=\"height: 13.50pt;\">\n<td style=\"height: 13.50pt;\" height=\"18\">Pojemno\u015b\u0107<\/td>\n<td>370 ml, 220 ml, 70 ml<\/td>\n<\/tr>\n<tr style=\"height: 13.50pt;\">\n<td style=\"height: 13.50pt;\" height=\"18\">Tworzywo<\/td>\n<td>Szk\u0142o sodowo-wapniowe bezo\u0142owiowe<\/td>\n<\/tr>\n<tr style=\"height: 13.50pt;\">\n<td style=\"height: 13.50pt;\" height=\"18\">Opcje kolor\u00f3w<\/td>\n<td>Przezroczysty, bursztynowy, bia\u0142y, czarny, szary lub dostosuj w\u0142asny kolor.<\/td>\n<\/tr>\n<tr style=\"height: 13.50pt;\">\n<td style=\"height: 13.50pt;\" height=\"18\">Kompatybilno\u015b\u0107 pokrywy<\/td>\n<td>Szklana pokrywka, bambusowa pokrywka<\/td>\n<\/tr>\n<\/tbody>\n<\/table>\n<h2>Pomys\u0142y na personalizacj\u0119 dla Ciebie<\/h2>\n<ol>\n<li><strong>Logo wycofane z u\u017cytku laserowego:<\/strong> Dodaj mikroskopijne logo do wn\u0119trza s\u0142oika ze \u015bwiec\u0105 dla hurtowych i hurtowych nabywc\u00f3w, kt\u00f3rym zale\u017cy na dyskretnym opakowaniu.<\/li>\n<li><strong>Zestaw Stabil bulk:<\/strong> S\u0142oiki na \u015bwiece w stylu stojaka, kt\u00f3re mo\u017cna wk\u0142ada\u0107 jeden w drugi, przystosowane do przechowywania w celu hurtowej wysy\u0142ki \u015bwiec.<\/li>\n<li><strong>Odcienie gradientowe:<\/strong> Zaoferuj wyj\u0105tkowy s\u0142oik na \u015bwiec\u0119 z os\u0142onk\u0105 w gradientowych kolorach (np. r\u00f3\u017cany od g\u00f3ry do do\u0142u) na wesela lub luksusowe marki \u015bwiec przeznaczone na wesela lub \u015bwi\u0119ta.<\/li>\n<\/ol>","protected":false},"excerpt":{"rendered":"<p>Wyj\u0105tkowe s\u0142oiki na \u015bwiece z pokrywkami, zaprojektowane jako podstawki na \u015bwiece, wykonane z dekoracyjnego szk\u0142a i stabilnych podstaw. Idealne dla marek, hurtownik\u00f3w i kolekcjoner\u00f3w ekskluzywnych \u015bwiec.<\/p>","protected":false},"featured_media":4383,"template":"","meta":{"site-sidebar-layout":"default","site-content-layout":"","ast-site-content-layout":"default","site-content-style":"default","site-sidebar-style":"default","ast-global-header-display":"","ast-banner-title-visibility":"","ast-main-header-display":"","ast-hfb-above-header-display":"","ast-hfb-below-header-display":"","ast-hfb-mobile-header-display":"","site-post-title":"","ast-breadcrumbs-content":"","ast-featured-img":"","footer-sml-layout":"","theme-transparent-header-meta":"default","adv-header-id-meta":"","stick-header-meta":"","header-above-stick-meta":"","header-main-stick-meta":"","header-below-stick-meta":"","astra-migrate-meta-layouts":"set","ast-page-background-enabled":"default","ast-page-background-meta":{"desktop":{"background-color":"var(--ast-global-color-5)","background-image":"","background-repeat":"repeat","background-position":"center center","background-size":"auto","background-attachment":"scroll","background-type":"","background-media":"","overlay-type":"","overlay-color":"","overlay-opacity":"","overlay-gradient":""},"tablet":{"background-color":"","background-image":"","background-repeat":"repeat","background-position":"center center","background-size":"auto","background-attachment":"scroll","background-type":"","background-media":"","overlay-type":"","overlay-color":"","overlay-opacity":"","overlay-gradient":""},"mobile":{"background-color":"","background-image":"","background-repeat":"repeat","background-position":"center center","background-size":"auto","background-attachment":"scroll","background-type":"","background-media":"","overlay-type":"","overlay-color":"","overlay-opacity":"","overlay-gradient":""}},"ast-content-background-meta":{"desktop":{"background-color":"var(--ast-global-color-4)","background-image":"","background-repeat":"repeat","background-position":"center center","background-size":"auto","background-attachment":"scroll","background-type":"","background-media":"","overlay-type":"","overlay-color":"","overlay-opacity":"","overlay-gradient":""},"tablet":{"background-color":"var(--ast-global-color-4)","background-image":"","background-repeat":"repeat","background-position":"center center","background-size":"auto","background-attachment":"scroll","background-type":"","background-media":"","overlay-type":"","overlay-color":"","overlay-opacity":"","overlay-gradient":""},"mobile":{"background-color":"var(--ast-global-color-4)","background-image":"","background-repeat":"repeat","background-position":"center center","background-size":"auto","background-attachment":"scroll","background-type":"","background-media":"","overlay-type":"","overlay-color":"","overlay-opacity":"","overlay-gradient":""}}},"product_brand":[],"product_cat":[28,21],"product_tag":[],"class_list":{"0":"post-1087","1":"product","2":"type-product","3":"status-publish","4":"has-post-thumbnail","6":"product_cat-glass-candle-jars","7":"product_cat-product","8":"desktop-align-left","9":"tablet-align-left","10":"mobile-align-left","12":"first","13":"instock","14":"shipping-taxable","15":"product-type-simple"},"jetpack_sharing_enabled":true,"_links":{"self":[{"href":"https:\/\/mostebglass.com\/pl\/wp-json\/wp\/v2\/product\/1087","targetHints":{"allow":["GET"]}}],"collection":[{"href":"https:\/\/mostebglass.com\/pl\/wp-json\/wp\/v2\/product"}],"about":[{"href":"https:\/\/mostebglass.com\/pl\/wp-json\/wp\/v2\/types\/product"}],"wp:featuredmedia":[{"embeddable":true,"href":"https:\/\/mostebglass.com\/pl\/wp-json\/wp\/v2\/media\/4383"}],"wp:attachment":[{"href":"https:\/\/mostebglass.com\/pl\/wp-json\/wp\/v2\/media?parent=1087"}],"wp:term":[{"taxonomy":"product_brand","embeddable":true,"href":"https:\/\/mostebglass.com\/pl\/wp-json\/wp\/v2\/product_brand?post=1087"},{"taxonomy":"product_cat","embeddable":true,"href":"https:\/\/mostebglass.com\/pl\/wp-json\/wp\/v2\/product_cat?post=1087"},{"taxonomy":"product_tag","embeddable":true,"href":"https:\/\/mostebglass.com\/pl\/wp-json\/wp\/v2\/product_tag?post=1087"}],"curies":[{"name":"wp","href":"https:\/\/api.w.org\/{rel}","templated":true}]}}