{"id":1093,"date":"2025-08-29T10:29:29","date_gmt":"2025-08-29T02:29:29","guid":{"rendered":"https:\/\/mostebglass.com\/?post_type=product&#038;p=1093"},"modified":"2026-04-09T13:34:12","modified_gmt":"2026-04-09T05:34:12","slug":"przezroczyste-szklane-pojemniki-na-swiece-140-ml-315-ml-z-opcjami-niestandardowymi","status":"publish","type":"product","link":"https:\/\/mostebglass.com\/pl\/140ml-315ml-clear-glass-candle-containers-with-custom-options\/","title":{"rendered":"140-315 ml przezroczyste, okr\u0105g\u0142e szklane pojemniki na \u015bwiece z mo\u017cliwo\u015bci\u0105 personalizacji"},"content":{"rendered":"<p style=\"text-align: left;\">Clear Vote szuka \u015bwiecznik\u00f3w, kt\u00f3re \u0142\u0105cz\u0105 ponadczasow\u0105 elegancj\u0119 z nowoczesn\u0105 trwa\u0142o\u015bci\u0105? Nasze szklane pojemniki na \u015bwiece zosta\u0142y zaprojektowane z wysokiej jako\u015bci szk\u0142a, co pozwala na idealne opakowanie \u015bwiec, kt\u00f3re u\u015bwietni dekoracj\u0119 domu, wesele lub luksusow\u0105 kolekcj\u0119 \u015bwiec. Dzi\u0119ki pojemno\u015bciom od 140 ml do 315 ml i mo\u017cliwo\u015bci adaptacji, mo\u017cesz wybra\u0107 preferowan\u0105 \u015bwiec\u0119 do sprzeda\u017cy hurtowej.<\/p>\n<h2>Funkcje produkt\u00f3w podnosz\u0105ce presti\u017c Twojej marki<\/h2>\n<p><strong>Okr\u0105g\u0142a podstawa zapewniaj\u0105ca stabilno\u015b\u0107<\/strong><\/p>\n<p>\u015awieczniki Clear Vote charakteryzuj\u0105 si\u0119 grub\u0105 podstaw\u0105 (wysoko\u015b\u0107 73\u201390 mm) i g\u0142adkimi, zaokr\u0105glonymi kraw\u0119dziami, dzi\u0119ki czemu szklana \u015bwieca pozostanie prosto na stole lub podczas transportu hurtowego.<\/p>\n<p><strong>Przezroczysto\u015b\u0107 kryszta\u0142u dla atrakcyjno\u015bci wizualnej<\/strong><\/p>\n<p>Przezroczyste \u015bwiece zwi\u0119kszaj\u0105 \u015bwiat\u0142o \u015bwiecy w s\u0142oiku i ukazuj\u0105 \u017cywe kolory wosku, dzi\u0119ki czemu te pojemniki na \u015bwiece idealnie nadaj\u0105 si\u0119 do luksusowych kolekcji \u015bwiec lub dekoracji domu.<\/p>\n<p><strong>Elastyczne opcje upi\u0119kszaj\u0105ce<\/strong><\/p>\n<p>Wybierz szk\u0142o przezroczyste lub przyciemniane (dymne, bursztynowe, matowe) i zam\u00f3w laserowo postarzane logo lub efekt tarczy, aby wybra\u0107 opakowanie \u015bwiec zgodne z identyfikacj\u0105 Twojej marki.<\/p>\n<h2>Kluczowe specyfikacje<\/h2>\n<table style=\"border-collapse: collapse; width: 80%; margin-left: auto; margin-right: auto;\" border=\"0\" width=\"288\" cellspacing=\"0\" cellpadding=\"0\">\n<tbody>\n<tr style=\"height: 13.50pt;\">\n<td style=\"height: 13.50pt; width: 54.00pt;\" width=\"72\" height=\"18\">Funkcja<\/td>\n<td class=\"et2\" style=\"width: 162pt; text-align: center;\" colspan=\"3\" width=\"216\">Bli\u017csze dane<\/td>\n<\/tr>\n<tr style=\"height: 13.50pt;\">\n<td style=\"height: 13.50pt;\" height=\"18\">Waga<\/td>\n<td style=\"text-align: center;\">130g<\/td>\n<td style=\"text-align: center;\">160g<\/td>\n<td style=\"text-align: center;\">250g<\/td>\n<\/tr>\n<tr style=\"height: 13.50pt;\">\n<td style=\"height: 13.50pt;\" height=\"18\">Pojemno\u015b\u0107<\/td>\n<td style=\"text-align: center;\">140 ml<\/td>\n<td style=\"text-align: center;\">210 ml<\/td>\n<td style=\"text-align: center;\">315 ml<\/td>\n<\/tr>\n<tr style=\"height: 13.50pt;\">\n<td style=\"height: 13.50pt;\" height=\"18\">Wymiary<\/td>\n<td style=\"text-align: center;\">62x57x73mm<\/td>\n<td style=\"text-align: center;\">70x65x78mm<\/td>\n<td style=\"text-align: center;\">81x76x90mm<\/td>\n<\/tr>\n<tr style=\"height: 13.50pt;\">\n<td style=\"height: 13.50pt;\" height=\"18\">Opcje kolor\u00f3w<\/td>\n<td class=\"et2\" style=\"text-align: center;\" colspan=\"3\">Przezroczysty\/przyciemniany<\/td>\n<\/tr>\n<tr style=\"height: 13.50pt;\">\n<td style=\"height: 13.50pt;\" height=\"18\">Kompatybilno\u015b\u0107 pokrywy<\/td>\n<td class=\"et2\" style=\"text-align: center;\" colspan=\"3\">Fakultatywny<\/td>\n<\/tr>\n<\/tbody>\n<\/table>\n<h2>Opcje adaptacji<\/h2>\n<ol>\n<li><strong>Grawerowanie laserowe: <\/strong>Dodaj do s\u0142oika ze \u015bwiec\u0105 rozs\u0105dn\u0105 etykiet\u0119, umo\u017cliwiaj\u0105c hurtowym sprzedawcom i nabywcom wyb\u00f3r dyskretnego opakowania.<\/li>\n<li><strong>Zestaw Stabil bulk:<\/strong> Przezroczyste \u015bwieczniki na \u015bwiece s\u0105 zaprojektowane tak, aby mo\u017cna je by\u0142o wk\u0142ada\u0107 jeden w drugi, co optymalizuje przechowywanie hurtowych \u015bwiec.<\/li>\n<li><strong>Grube szk\u0142o puchowe:<\/strong> Gruba pod\u0142oga zapewnia stabilno\u015b\u0107 i zapobiega wypadkom podczas po\u017caru.<\/li>\n<\/ol>","protected":false},"excerpt":{"rendered":"<p>Wypromuj swoj\u0105 mark\u0119 dzi\u0119ki szklanym pojemnikom na \u015bwiece i przezroczystym \u015bwiecznikom! Wysokiej jako\u015bci opakowania w konkurencyjnych cenach. Dost\u0119pne kolory i rozmiary na zam\u00f3wienie hurtowe i hurtowe.<\/p>","protected":false},"featured_media":1097,"template":"","meta":{"site-sidebar-layout":"default","site-content-layout":"","ast-site-content-layout":"default","site-content-style":"default","site-sidebar-style":"default","ast-global-header-display":"","ast-banner-title-visibility":"","ast-main-header-display":"","ast-hfb-above-header-display":"","ast-hfb-below-header-display":"","ast-hfb-mobile-header-display":"","site-post-title":"","ast-breadcrumbs-content":"","ast-featured-img":"","footer-sml-layout":"","theme-transparent-header-meta":"default","adv-header-id-meta":"","stick-header-meta":"","header-above-stick-meta":"","header-main-stick-meta":"","header-below-stick-meta":"","astra-migrate-meta-layouts":"set","ast-page-background-enabled":"default","ast-page-background-meta":{"desktop":{"background-color":"var(--ast-global-color-5)","background-image":"","background-repeat":"repeat","background-position":"center center","background-size":"auto","background-attachment":"scroll","background-type":"","background-media":"","overlay-type":"","overlay-color":"","overlay-opacity":"","overlay-gradient":""},"tablet":{"background-color":"","background-image":"","background-repeat":"repeat","background-position":"center center","background-size":"auto","background-attachment":"scroll","background-type":"","background-media":"","overlay-type":"","overlay-color":"","overlay-opacity":"","overlay-gradient":""},"mobile":{"background-color":"","background-image":"","background-repeat":"repeat","background-position":"center center","background-size":"auto","background-attachment":"scroll","background-type":"","background-media":"","overlay-type":"","overlay-color":"","overlay-opacity":"","overlay-gradient":""}},"ast-content-background-meta":{"desktop":{"background-color":"var(--ast-global-color-4)","background-image":"","background-repeat":"repeat","background-position":"center center","background-size":"auto","background-attachment":"scroll","background-type":"","background-media":"","overlay-type":"","overlay-color":"","overlay-opacity":"","overlay-gradient":""},"tablet":{"background-color":"var(--ast-global-color-4)","background-image":"","background-repeat":"repeat","background-position":"center center","background-size":"auto","background-attachment":"scroll","background-type":"","background-media":"","overlay-type":"","overlay-color":"","overlay-opacity":"","overlay-gradient":""},"mobile":{"background-color":"var(--ast-global-color-4)","background-image":"","background-repeat":"repeat","background-position":"center center","background-size":"auto","background-attachment":"scroll","background-type":"","background-media":"","overlay-type":"","overlay-color":"","overlay-opacity":"","overlay-gradient":""}}},"product_brand":[],"product_cat":[28,21],"product_tag":[],"class_list":{"0":"post-1093","1":"product","2":"type-product","3":"status-publish","4":"has-post-thumbnail","6":"product_cat-glass-candle-jars","7":"product_cat-product","8":"desktop-align-left","9":"tablet-align-left","10":"mobile-align-left","12":"first","13":"instock","14":"shipping-taxable","15":"product-type-simple"},"jetpack_sharing_enabled":true,"_links":{"self":[{"href":"https:\/\/mostebglass.com\/pl\/wp-json\/wp\/v2\/product\/1093","targetHints":{"allow":["GET"]}}],"collection":[{"href":"https:\/\/mostebglass.com\/pl\/wp-json\/wp\/v2\/product"}],"about":[{"href":"https:\/\/mostebglass.com\/pl\/wp-json\/wp\/v2\/types\/product"}],"wp:featuredmedia":[{"embeddable":true,"href":"https:\/\/mostebglass.com\/pl\/wp-json\/wp\/v2\/media\/1097"}],"wp:attachment":[{"href":"https:\/\/mostebglass.com\/pl\/wp-json\/wp\/v2\/media?parent=1093"}],"wp:term":[{"taxonomy":"product_brand","embeddable":true,"href":"https:\/\/mostebglass.com\/pl\/wp-json\/wp\/v2\/product_brand?post=1093"},{"taxonomy":"product_cat","embeddable":true,"href":"https:\/\/mostebglass.com\/pl\/wp-json\/wp\/v2\/product_cat?post=1093"},{"taxonomy":"product_tag","embeddable":true,"href":"https:\/\/mostebglass.com\/pl\/wp-json\/wp\/v2\/product_tag?post=1093"}],"curies":[{"name":"wp","href":"https:\/\/api.w.org\/{rel}","templated":true}]}}