{"id":1406,"date":"2025-09-09T12:04:32","date_gmt":"2025-09-09T04:04:32","guid":{"rendered":"https:\/\/mostebglass.com\/?post_type=product&#038;p=1406"},"modified":"2026-03-10T13:54:34","modified_gmt":"2026-03-10T05:54:34","slug":"green-glass-vases-with-vertical-stripes-bulk","status":"publish","type":"product","link":"https:\/\/mostebglass.com\/pl\/green-glass-vases-with-vertical-stripes-bulk\/","title":{"rendered":"Zielone szklane wazony z pionowymi paskami, hurt"},"content":{"rendered":"<p>To szklany wazon o delikatnym, \u017cebrowanym wzorze w jasnozielonym kolorze, dost\u0119pny w trzech uroczych kszta\u0142tach: dyni, sto\u017cka i cylindra. Wazony maj\u0105 rozszerzane, w\u0105skie szyjki, co u\u0142atwia uk\u0142adanie kwiat\u00f3w.<\/p>\n<h2>Cechy produktu<\/h2>\n<ul>\n<li><strong>Istniej\u0105 trzy kszta\u0142ty:<\/strong> Wybierz pi\u0119kn\u0105 dyni\u0119, nowoczesny sto\u017cek lub staromodny cylinder, aby dopasowa\u0107 go do swojego stylu dekoracji.<\/li>\n<li><strong>Delikatny zielony odcie\u0144 i \u017c\u0142obienie:<\/strong> Mi\u0119kka, jasnozielona barwa i \u0142adne \u017c\u0142obienia o pionowych kraw\u0119dziach nadaj\u0105 powierzchni archaiczny wygl\u0105d.<\/li>\n<li><strong>Stabilna, p\u0142aska podstawa:<\/strong> Wazony posiadaj\u0105 p\u0142askie dno, co gwarantuje stabilno\u015b\u0107 na ka\u017cdej powierzchni.<\/li>\n<\/ul>\n<h2>Kluczowe specyfikacje<\/h2>\n<table style=\"border-collapse: collapse; width: 80%; margin-left: auto; margin-right: auto;\" border=\"0\" width=\"288\" cellspacing=\"0\" cellpadding=\"0\">\n<tbody>\n<tr style=\"height: 13.50pt;\">\n<td style=\"height: 13.5pt; width: 54pt; text-align: center;\" width=\"72\" height=\"18\">Styl<\/td>\n<td style=\"width: 54pt; text-align: center;\" width=\"72\">Rozmiar<\/td>\n<td style=\"width: 54pt; text-align: center;\" width=\"72\">Tworzywo<\/td>\n<td style=\"width: 54pt; text-align: center;\" width=\"72\">Opcje kolor\u00f3w<\/td>\n<\/tr>\n<tr style=\"height: 13.50pt;\">\n<td style=\"height: 13.5pt; text-align: center;\" height=\"18\">Wysoki wazon<\/td>\n<td style=\"text-align: center;\">68 x 110 x 35 mm<\/td>\n<td class=\"et2\" style=\"text-align: center;\" rowspan=\"3\">Szk\u0142o<\/td>\n<td class=\"et2\" style=\"text-align: center;\" rowspan=\"3\">Przezroczysty, Szary, Zielony, R\u00f3\u017cowy, Niestandardowy<\/td>\n<\/tr>\n<tr style=\"height: 13.50pt;\">\n<td style=\"height: 13.5pt; text-align: center;\" height=\"18\">Wazon okr\u0105g\u0142y<\/td>\n<td style=\"text-align: center;\">70 x 120 x 40 mm<\/td>\n<\/tr>\n<tr style=\"height: 13.50pt;\">\n<td style=\"height: 13.5pt; text-align: center;\" height=\"18\">Wazon owalny<\/td>\n<td style=\"text-align: center;\">106 x 90 x 40 mm<\/td>\n<\/tr>\n<\/tbody>\n<\/table>\n<h2>Historia sukcesu<\/h2>\n<p>Jednym z naszych klient\u00f3w jest du\u017ca sie\u0107 sklep\u00f3w z artyku\u0142ami wyposa\u017cenia wn\u0119trz, kt\u00f3ra zam\u00f3wi\u0142a nasz zestaw wazon\u00f3w o fakturze sza\u0142wii, sk\u0142adaj\u0105cy si\u0119 z 5000 sztuk ka\u017cdego wzoru. \u015arednia sprzeda\u017c tego dopasowanego asortymentu wazon\u00f3w wzros\u0142a o 40 procent, a kszta\u0142t dna wazonu by\u0142 stabilny w dostawie do sklepu, dno nie uleg\u0142o uszkodzeniu, a wska\u017anik ekspozycji wyni\u00f3s\u0142 99,9 procent. Ogromna popularno\u015b\u0107 sieci zaowocowa\u0142a kolejn\u0105 dostaw\u0105 1,2 miliona wazon\u00f3w, co pozwoli\u0142o utrzyma\u0107 popyt we wszystkich sklepach przez dwa okresy \u015bwi\u0105teczne.<\/p>\n<h2>Pomys\u0142y na personalizacj\u0119 dla Ciebie<\/h2>\n<ol>\n<li><strong>Odmiany o fakturze \u017cebrowanej:<\/strong> Wz\u00f3r rishi lub pionowych \u017ceberek w kolorze r\u00f3\u017cowym, idealny do nowoczesnych wazon\u00f3w.<\/li>\n<li><strong>Zestaw kolor\u00f3w sezonowych:<\/strong> Oferujemy zestawy wazon\u00f3w sto\u0142owych w kolorze niebieskim i bia\u0142ym na letnie wesela lub w kolorze r\u00f3\u017cowym do dekoracji domu na wiosn\u0119.<\/li>\n<li><strong>Monogramy Inricals:<\/strong> Dodaj mikroskopijne z\u0142ote zdobienia z folii na kraw\u0119dziach szklanych wazon\u00f3w, aby stworzy\u0107 indywidualny zestaw wazon\u00f3w. Stolik zmienia wazon w luksusowy wazon na wesela lub imprezy firmowe \u2013 idealny do hurtowych zam\u00f3wie\u0144 wazon\u00f3w.<\/li>\n<\/ol>","protected":false},"excerpt":{"rendered":"<p>Kolekcja dekoracyjnych szklanych wazon\u00f3w o kszta\u0142cie dyni, sto\u017cka i walca. Teksturowane wzory wazon\u00f3w sto\u0142owych wzbogacaj\u0105 nowoczesny wystr\u00f3j wn\u0119trz. Szybka wysy\u0142ka dla zam\u00f3wie\u0144 hurtowych.<\/p>","protected":false},"featured_media":1416,"template":"","meta":{"site-sidebar-layout":"default","site-content-layout":"","ast-site-content-layout":"default","site-content-style":"default","site-sidebar-style":"default","ast-global-header-display":"","ast-banner-title-visibility":"","ast-main-header-display":"","ast-hfb-above-header-display":"","ast-hfb-below-header-display":"","ast-hfb-mobile-header-display":"","site-post-title":"","ast-breadcrumbs-content":"","ast-featured-img":"","footer-sml-layout":"","theme-transparent-header-meta":"default","adv-header-id-meta":"","stick-header-meta":"","header-above-stick-meta":"","header-main-stick-meta":"","header-below-stick-meta":"","astra-migrate-meta-layouts":"set","ast-page-background-enabled":"default","ast-page-background-meta":{"desktop":{"background-color":"var(--ast-global-color-5)","background-image":"","background-repeat":"repeat","background-position":"center center","background-size":"auto","background-attachment":"scroll","background-type":"","background-media":"","overlay-type":"","overlay-color":"","overlay-opacity":"","overlay-gradient":""},"tablet":{"background-color":"","background-image":"","background-repeat":"repeat","background-position":"center center","background-size":"auto","background-attachment":"scroll","background-type":"","background-media":"","overlay-type":"","overlay-color":"","overlay-opacity":"","overlay-gradient":""},"mobile":{"background-color":"","background-image":"","background-repeat":"repeat","background-position":"center center","background-size":"auto","background-attachment":"scroll","background-type":"","background-media":"","overlay-type":"","overlay-color":"","overlay-opacity":"","overlay-gradient":""}},"ast-content-background-meta":{"desktop":{"background-color":"var(--ast-global-color-4)","background-image":"","background-repeat":"repeat","background-position":"center center","background-size":"auto","background-attachment":"scroll","background-type":"","background-media":"","overlay-type":"","overlay-color":"","overlay-opacity":"","overlay-gradient":""},"tablet":{"background-color":"var(--ast-global-color-4)","background-image":"","background-repeat":"repeat","background-position":"center center","background-size":"auto","background-attachment":"scroll","background-type":"","background-media":"","overlay-type":"","overlay-color":"","overlay-opacity":"","overlay-gradient":""},"mobile":{"background-color":"var(--ast-global-color-4)","background-image":"","background-repeat":"repeat","background-position":"center center","background-size":"auto","background-attachment":"scroll","background-type":"","background-media":"","overlay-type":"","overlay-color":"","overlay-opacity":"","overlay-gradient":""}}},"product_brand":[],"product_cat":[57,21],"product_tag":[],"class_list":{"0":"post-1406","1":"product","2":"type-product","3":"status-publish","4":"has-post-thumbnail","6":"product_cat-glass-vases","7":"product_cat-product","8":"desktop-align-left","9":"tablet-align-left","10":"mobile-align-left","12":"first","13":"instock","14":"shipping-taxable","15":"product-type-simple"},"jetpack_sharing_enabled":true,"_links":{"self":[{"href":"https:\/\/mostebglass.com\/pl\/wp-json\/wp\/v2\/product\/1406","targetHints":{"allow":["GET"]}}],"collection":[{"href":"https:\/\/mostebglass.com\/pl\/wp-json\/wp\/v2\/product"}],"about":[{"href":"https:\/\/mostebglass.com\/pl\/wp-json\/wp\/v2\/types\/product"}],"wp:featuredmedia":[{"embeddable":true,"href":"https:\/\/mostebglass.com\/pl\/wp-json\/wp\/v2\/media\/1416"}],"wp:attachment":[{"href":"https:\/\/mostebglass.com\/pl\/wp-json\/wp\/v2\/media?parent=1406"}],"wp:term":[{"taxonomy":"product_brand","embeddable":true,"href":"https:\/\/mostebglass.com\/pl\/wp-json\/wp\/v2\/product_brand?post=1406"},{"taxonomy":"product_cat","embeddable":true,"href":"https:\/\/mostebglass.com\/pl\/wp-json\/wp\/v2\/product_cat?post=1406"},{"taxonomy":"product_tag","embeddable":true,"href":"https:\/\/mostebglass.com\/pl\/wp-json\/wp\/v2\/product_tag?post=1406"}],"curies":[{"name":"wp","href":"https:\/\/api.w.org\/{rel}","templated":true}]}}