{"id":1523,"date":"2025-09-09T16:20:01","date_gmt":"2025-09-09T08:20:01","guid":{"rendered":"https:\/\/mostebglass.com\/?post_type=product&#038;p=1523"},"modified":"2026-03-23T14:03:42","modified_gmt":"2026-03-23T06:03:42","slug":"hurtowe-szklane-wazony-na-kwiaty-ze-stylowym-efektem-falowania","status":"publish","type":"product","link":"https:\/\/mostebglass.com\/pl\/wholesale-glass-flower-vases-with-stylish-ripple-effect\/","title":{"rendered":"Hurtowe szklane wazony na kwiaty z efektownym efektem fali"},"content":{"rendered":"<p>Te szklane wazony na kwiaty maj\u0105 specjalny kszta\u0142t fal i s\u0105 wykonane z przezroczystego szk\u0142a. S\u0105 wielofunkcyjne, maj\u0105 kr\u00f3tki, przysadzisty korpus i cienk\u0105 szyjk\u0119, dlatego najlepiej nadaj\u0105 si\u0119 do eksponowania pojedynczych kwiat\u00f3w lub ma\u0142ych kompozycji.<\/p>\n<h2>Cechy produktu<\/h2>\n<ul>\n<li><strong>Falisty wz\u00f3r:<\/strong> Nawet gdy jest pusta, falista powierzchnia \u0142apie \u015bwiat\u0142o i dodaje wizualnej g\u0142\u0119bi.<\/li>\n<li><strong>W\u0105ska szyja i w\u0105skie usta:<\/strong> idealny do pojedynczych kwiat\u00f3w lub g\u0119stych bukiet\u00f3w, doda odrobin\u0119 rzemios\u0142a Twoim kompozycjom kwiatowym.<\/li>\n<li><strong>Szk\u0142o przezroczyste premium:<\/strong> Grube, trwa\u0142e szk\u0142o sprawia wra\u017cenie wysokiej jako\u015bci i jest odporne na st\u0142uczenia.<\/li>\n<\/ul>\n<h2>Kluczowe specyfikacje<\/h2>\n<table style=\"border-collapse: collapse; margin-left: auto; margin-right: auto; width: 485.27pt;\" border=\"0\" width=\"647\" cellspacing=\"0\" cellpadding=\"0\">\n<tbody>\n<tr style=\"height: 13.50pt;\">\n<td style=\"height: 13.50pt; width: 107.25pt;\" width=\"143\" height=\"18\">Funkcja<\/td>\n<td style=\"width: 378.00pt;\" width=\"504\">Specyfikacja<\/td>\n<\/tr>\n<tr style=\"height: 13.50pt;\">\n<td style=\"height: 13.50pt;\" height=\"18\">Wysoko\u015b\u0107<\/td>\n<td>130 mm<\/td>\n<\/tr>\n<tr style=\"height: 13.50pt;\">\n<td style=\"height: 13.50pt;\" height=\"18\">\u015arednica podstawy<\/td>\n<td>110 mm<\/td>\n<\/tr>\n<tr style=\"height: 13.50pt;\">\n<td style=\"height: 13.50pt;\" height=\"18\">Styl szyi<\/td>\n<td>Smuk\u0142y, zw\u0119\u017caj\u0105cy si\u0119<\/td>\n<\/tr>\n<tr style=\"height: 13.50pt;\">\n<td style=\"height: 13.50pt;\" height=\"18\">Otwieranie ust<\/td>\n<td>Ma\u0142y (przyjazny dla p\u0105k\u00f3w)<\/td>\n<\/tr>\n<tr style=\"height: 13.50pt;\">\n<td style=\"height: 13.50pt;\" height=\"18\">Tworzywo<\/td>\n<td>Wysokiej jako\u015bci szk\u0142o<\/td>\n<\/tr>\n<tr style=\"height: 13.50pt;\">\n<td style=\"height: 13.50pt;\" height=\"18\">Sko\u0144czy\u0107<\/td>\n<td>Teksturowany (wz\u00f3r fal)<\/td>\n<\/tr>\n<tr style=\"height: 13.50pt;\">\n<td style=\"height: 13.50pt;\" height=\"18\">Opcje kolor\u00f3w<\/td>\n<td>Przezroczysty lub niestandardowy odcie\u0144<\/td>\n<\/tr>\n<tr style=\"height: 13.50pt;\">\n<td style=\"height: 13.50pt;\" height=\"18\">Idealny dla<\/td>\n<td>Wazony na p\u0105ki, kompozycje kwiatowe, wystr\u00f3j domu, ekspozycje doniczek<\/td>\n<\/tr>\n<\/tbody>\n<\/table>\n<h2>Historia sukcesu<\/h2>\n<p>Nasz ma\u0142y wazon o niskim profilu i teksturowanej powierzchni sta\u0142 si\u0119 cz\u0119\u015bci\u0105 nordyckiej marki lifestylowej. Przeprowadzili\u015bmy proces personalizacji, aby dopasowa\u0107 go do naturalnego wygl\u0105du ich marki: zast\u0105pili\u015bmy oryginalny materia\u0142, czyli przezroczyste szk\u0142o, znacznie bardziej przezroczystym materia\u0142em o ciep\u0142ym odcieniu, kt\u00f3ry u\u0142atwia trzymanie jednej n\u00f3\u017cki prosto bez przechylania si\u0119; faktura korpusu wazon\u00f3w zosta\u0142a przeprojektowana na wz\u00f3r falisty, lekko nieregularny i delikatny: dzi\u0119ki temu wazon wygl\u0105da\u0142 jak r\u0119cznie robiony; k\u0105t nachylenia kraw\u0119dzi r\u00f3wnie\u017c zosta\u0142 przeprojektowany, aby u\u0142atwi\u0107 ustawienie pojedynczej n\u00f3\u017cki w pozycji pionowej bez przechylania.<\/p>\n<p>W ci\u0105gu sze\u015bciu tygodni od premiery produkt odnotowa\u0142 wzrost sprzeda\u017cy o oko\u0142o 49%. Po ca\u0142kowitym wyprzedaniu pierwszej partii, produkt zosta\u0142 zam\u00f3wiony ponownie dwukrotnie i sta\u0142 si\u0119 produktem o wysokiej rotacji, kt\u00f3ry wymaga\u0142 regularnego uzupe\u0142niania w sklepach detalicznych.<\/p>\n<h2>Jak spersonalizowa\u0107 wazony na kwiaty?<\/h2>\n<ul>\n<li>Dostosuj g\u0142\u0119boko\u015b\u0107 fal \u2013 g\u0142\u0119bsze zmarszczki dodaj\u0105 dramatyzmu, a l\u017cejsze fale pozostaj\u0105 mi\u0119kkie.<\/li>\n<li>Odcie\u0144 Tint the Glass \u2013 Smokey Gray tworzy nastrojow\u0105 elegancj\u0119, a delikatna ziele\u0144 zapewnia naturalne wra\u017cenie.<\/li>\n<li>Dostosuj d\u0142ugo\u015b\u0107 szyjki \u2013 wy\u017csze osoby sprawdzaj\u0105 si\u0119 w grach, natomiast ni\u017csze osoby lepiej sprawdzaj\u0105 si\u0119 w ma\u0142ych pomieszczeniach.<\/li>\n<\/ul>\n<p>To nie jest zwyk\u0142y dodatek. Zwyk\u0142e szklane pojemniki mog\u0105 zmieni\u0107 si\u0119 w kultow\u0105 ozdob\u0119 domu.<\/p>","protected":false},"excerpt":{"rendered":"<p data-pm-slice=\"1 1 []\">Eleganckie wazony na kwiaty wykonane ze szk\u0142a o wysokiej przejrzysto\u015bci. Teksturowane szklane wazony na kwiaty z wyt\u0142oczonym wzorem fali dodaj\u0105 nowoczesnemu wystrojowi wn\u0119trz uroku vintage. Bezp\u0142atne pr\u00f3bki.<\/p>","protected":false},"featured_media":4869,"template":"","meta":{"site-sidebar-layout":"default","site-content-layout":"","ast-site-content-layout":"default","site-content-style":"default","site-sidebar-style":"default","ast-global-header-display":"","ast-banner-title-visibility":"","ast-main-header-display":"","ast-hfb-above-header-display":"","ast-hfb-below-header-display":"","ast-hfb-mobile-header-display":"","site-post-title":"","ast-breadcrumbs-content":"","ast-featured-img":"","footer-sml-layout":"","theme-transparent-header-meta":"default","adv-header-id-meta":"","stick-header-meta":"","header-above-stick-meta":"","header-main-stick-meta":"","header-below-stick-meta":"","astra-migrate-meta-layouts":"set","ast-page-background-enabled":"default","ast-page-background-meta":{"desktop":{"background-color":"var(--ast-global-color-5)","background-image":"","background-repeat":"repeat","background-position":"center center","background-size":"auto","background-attachment":"scroll","background-type":"","background-media":"","overlay-type":"","overlay-color":"","overlay-opacity":"","overlay-gradient":""},"tablet":{"background-color":"","background-image":"","background-repeat":"repeat","background-position":"center center","background-size":"auto","background-attachment":"scroll","background-type":"","background-media":"","overlay-type":"","overlay-color":"","overlay-opacity":"","overlay-gradient":""},"mobile":{"background-color":"","background-image":"","background-repeat":"repeat","background-position":"center center","background-size":"auto","background-attachment":"scroll","background-type":"","background-media":"","overlay-type":"","overlay-color":"","overlay-opacity":"","overlay-gradient":""}},"ast-content-background-meta":{"desktop":{"background-color":"var(--ast-global-color-4)","background-image":"","background-repeat":"repeat","background-position":"center center","background-size":"auto","background-attachment":"scroll","background-type":"","background-media":"","overlay-type":"","overlay-color":"","overlay-opacity":"","overlay-gradient":""},"tablet":{"background-color":"var(--ast-global-color-4)","background-image":"","background-repeat":"repeat","background-position":"center center","background-size":"auto","background-attachment":"scroll","background-type":"","background-media":"","overlay-type":"","overlay-color":"","overlay-opacity":"","overlay-gradient":""},"mobile":{"background-color":"var(--ast-global-color-4)","background-image":"","background-repeat":"repeat","background-position":"center center","background-size":"auto","background-attachment":"scroll","background-type":"","background-media":"","overlay-type":"","overlay-color":"","overlay-opacity":"","overlay-gradient":""}}},"product_brand":[],"product_cat":[57,21],"product_tag":[],"class_list":{"0":"post-1523","1":"product","2":"type-product","3":"status-publish","4":"has-post-thumbnail","6":"product_cat-glass-vases","7":"product_cat-product","8":"desktop-align-left","9":"tablet-align-left","10":"mobile-align-left","12":"first","13":"instock","14":"shipping-taxable","15":"product-type-simple"},"jetpack_sharing_enabled":true,"_links":{"self":[{"href":"https:\/\/mostebglass.com\/pl\/wp-json\/wp\/v2\/product\/1523","targetHints":{"allow":["GET"]}}],"collection":[{"href":"https:\/\/mostebglass.com\/pl\/wp-json\/wp\/v2\/product"}],"about":[{"href":"https:\/\/mostebglass.com\/pl\/wp-json\/wp\/v2\/types\/product"}],"wp:featuredmedia":[{"embeddable":true,"href":"https:\/\/mostebglass.com\/pl\/wp-json\/wp\/v2\/media\/4869"}],"wp:attachment":[{"href":"https:\/\/mostebglass.com\/pl\/wp-json\/wp\/v2\/media?parent=1523"}],"wp:term":[{"taxonomy":"product_brand","embeddable":true,"href":"https:\/\/mostebglass.com\/pl\/wp-json\/wp\/v2\/product_brand?post=1523"},{"taxonomy":"product_cat","embeddable":true,"href":"https:\/\/mostebglass.com\/pl\/wp-json\/wp\/v2\/product_cat?post=1523"},{"taxonomy":"product_tag","embeddable":true,"href":"https:\/\/mostebglass.com\/pl\/wp-json\/wp\/v2\/product_tag?post=1523"}],"curies":[{"name":"wp","href":"https:\/\/api.w.org\/{rel}","templated":true}]}}