{"id":1621,"date":"2025-09-11T11:39:16","date_gmt":"2025-09-11T03:39:16","guid":{"rendered":"https:\/\/mostebglass.com\/?post_type=product&#038;p=1621"},"modified":"2026-03-10T14:22:20","modified_gmt":"2026-03-10T06:22:20","slug":"clear-flower-bud-vases-with-thick-base-bulk","status":"publish","type":"product","link":"https:\/\/mostebglass.com\/pl\/clear-flower-bud-vases-with-thick-base-bulk\/","title":{"rendered":"Przezroczyste wazony na p\u0105ki kwiat\u00f3w z grubym dnem"},"content":{"rendered":"<p>Te wazony na p\u0105ki kwiat\u00f3w maj\u0105 czysty, g\u0142adki design i s\u0105 dost\u0119pne w trzech r\u00f3\u017cnych kszta\u0142tach: okr\u0105g\u0142ym, trapezowym i kulistym. Wykonane s\u0105 z krystalicznie czystego szk\u0142a i maj\u0105 solidne, pogrubione dno.<\/p>\n<h2>Cechy produktu<\/h2>\n<ul>\n<li><strong>Materia\u0142 szklany o wysokiej przejrzysto\u015bci:<\/strong> Wykonany jest z przezroczystego szk\u0142a o wysokiej czysto\u015bci, kt\u00f3re charakteryzuje si\u0119 du\u017c\u0105 przejrzysto\u015bci\u0105 i umo\u017cliwia widok kwiat\u00f3w lub p\u0142ynu w \u015brodku w formie lekkiego i zwiewnego wzoru.<\/li>\n<li><strong>Kilka kszta\u0142t\u00f3w:<\/strong> Dost\u0119pne s\u0105 trzy r\u00f3\u017cne kszta\u0142ty: okr\u0105g\u0142y i gruby, trapezowy i zaokr\u0105glony. Mo\u017cna je stosowa\u0107 pojedynczo lub razem, aby dopasowa\u0107 je do r\u00f3\u017cnorodnych wymaga\u0144 dotycz\u0105cych dekoracji przestrzeni.<\/li>\n<li><strong>Pogrubiona konstrukcja podstawy:<\/strong> Udoskonalono je tak, aby zapewni\u0107 stabilno\u015b\u0107 butelki, a tak\u017ce poprawiono jej faktur\u0119 i trwa\u0142o\u015b\u0107.<\/li>\n<\/ul>\n<h2><strong data-spm-anchor-id=\"5176.28103460.0.i16.29ab2e31arMQTt\">Kluczowe specyfikacje<\/strong><\/h2>\n<table style=\"border-collapse: collapse; width: 80%; margin-left: auto; margin-right: auto;\" border=\"0\" width=\"216\" cellspacing=\"0\" cellpadding=\"0\">\n<tbody>\n<tr style=\"height: 13.50pt;\">\n<td style=\"height: 13.5pt; width: 54pt; text-align: center;\" width=\"72\" height=\"18\">Styl<\/td>\n<td style=\"width: 54pt; text-align: center;\" width=\"72\">Wymiary<\/td>\n<td style=\"width: 54pt; text-align: center;\" width=\"72\">Opcje kolor\u00f3w<\/td>\n<\/tr>\n<tr style=\"height: 13.50pt;\">\n<td style=\"height: 13.5pt; text-align: center;\" height=\"18\">Ma\u0142y wazon brzuszny<\/td>\n<td style=\"text-align: center;\">50 x 68 x 28 mm<\/td>\n<td class=\"et2\" style=\"text-align: center;\" rowspan=\"3\">Wyczy\u015b\u0107 lub niestandardowo<\/td>\n<\/tr>\n<tr style=\"height: 13.50pt;\">\n<td style=\"height: 13.5pt; text-align: center;\" height=\"18\">\u015aredni wazon jurtowy<\/td>\n<td style=\"text-align: center;\">70 x 76 x 33 mm<\/td>\n<\/tr>\n<tr style=\"height: 13.50pt;\">\n<td style=\"height: 13.5pt; text-align: center;\" height=\"18\">Du\u017cy wazon brzuszny<\/td>\n<td style=\"text-align: center;\">67 x 100 x 45 mm<\/td>\n<\/tr>\n<\/tbody>\n<\/table>\n<h2>Historia sukcesu: Standaryzacja mi\u0119dzynarodowej sieci hotelowej<\/h2>\n<p>Jedna z mi\u0119dzynarodowych sieci hotelowych zam\u00f3wi\u0142a nasz trzycz\u0119\u015bciowy zestaw przezroczystych szklanych wazon\u00f3w, zamawiaj\u0105c jednocze\u015bnie 20 000 sztuk. Masywny fundament zminimalizowa\u0142 zniszczenia spowodowane codziennym sprz\u0105taniem o 95 procent. Przezroczysta obudowa pasuje do ka\u017cdego stylu dekoracji, zmniejszaj\u0105c zu\u017cycie innych marek o 70 procent. Hotel by\u0142 bardzo zadowolony i z\u0142o\u017cy\u0142 dodatkowe zam\u00f3wienie na 500 000 wazon\u00f3w, aby przeprowadzi\u0107 renowacje i rozbudow\u0119 w ci\u0105gu najbli\u017cszych 10 lat.<\/p>\n<h2>Alternatywy personalizacji hurtowych wazon\u00f3w szklanych<\/h2>\n<ul>\n<li>Szczeg\u00f3\u0142y podstawy: Dodanie delikatnego zag\u0142\u0119bienia lub \u015bci\u0119cia na spodzie obci\u0105\u017conej podstawy sprawia, \u017ce \u200b\u200bprojekt staje si\u0119 bardziej atrakcyjny.<\/li>\n<li>R\u00f3\u017cnice w kszta\u0142cie szyjki: Niewielkie zmiany wprowadzone w rozszerzonej lub wysokiej szyjce r\u00f3\u017cnych kszta\u0142t\u00f3w pozwalaj\u0105 na uzyskanie r\u00f3\u017cnych poziom\u00f3w podparcia trzonu.<\/li>\n<li>Opcje monta\u017cu: W naszym katalogu powinni\u015bmy mie\u0107 wi\u0119cej opcji monta\u017cu, dzi\u0119ki kt\u00f3rym klienci b\u0119d\u0105 mogli spersonalizowa\u0107 trzycz\u0119\u015bciowy zestaw.<\/li>\n<\/ul>","protected":false},"excerpt":{"rendered":"<p>Przezroczyste wazony na p\u0105ki kwiat\u00f3w wykonane z krystalicznie czystego szk\u0142a z grubym dnem. Trwa\u0142e szklane wazony dost\u0119pne w hurtowych ilo\u015bciach, idealne do florystyki i dekoracji na imprezy. Szybka wysy\u0142ka.<\/p>","protected":false},"featured_media":1623,"template":"","meta":{"site-sidebar-layout":"default","site-content-layout":"","ast-site-content-layout":"default","site-content-style":"default","site-sidebar-style":"default","ast-global-header-display":"","ast-banner-title-visibility":"","ast-main-header-display":"","ast-hfb-above-header-display":"","ast-hfb-below-header-display":"","ast-hfb-mobile-header-display":"","site-post-title":"","ast-breadcrumbs-content":"","ast-featured-img":"","footer-sml-layout":"","theme-transparent-header-meta":"default","adv-header-id-meta":"","stick-header-meta":"","header-above-stick-meta":"","header-main-stick-meta":"","header-below-stick-meta":"","astra-migrate-meta-layouts":"set","ast-page-background-enabled":"default","ast-page-background-meta":{"desktop":{"background-color":"var(--ast-global-color-5)","background-image":"","background-repeat":"repeat","background-position":"center center","background-size":"auto","background-attachment":"scroll","background-type":"","background-media":"","overlay-type":"","overlay-color":"","overlay-opacity":"","overlay-gradient":""},"tablet":{"background-color":"","background-image":"","background-repeat":"repeat","background-position":"center center","background-size":"auto","background-attachment":"scroll","background-type":"","background-media":"","overlay-type":"","overlay-color":"","overlay-opacity":"","overlay-gradient":""},"mobile":{"background-color":"","background-image":"","background-repeat":"repeat","background-position":"center center","background-size":"auto","background-attachment":"scroll","background-type":"","background-media":"","overlay-type":"","overlay-color":"","overlay-opacity":"","overlay-gradient":""}},"ast-content-background-meta":{"desktop":{"background-color":"var(--ast-global-color-4)","background-image":"","background-repeat":"repeat","background-position":"center center","background-size":"auto","background-attachment":"scroll","background-type":"","background-media":"","overlay-type":"","overlay-color":"","overlay-opacity":"","overlay-gradient":""},"tablet":{"background-color":"var(--ast-global-color-4)","background-image":"","background-repeat":"repeat","background-position":"center center","background-size":"auto","background-attachment":"scroll","background-type":"","background-media":"","overlay-type":"","overlay-color":"","overlay-opacity":"","overlay-gradient":""},"mobile":{"background-color":"var(--ast-global-color-4)","background-image":"","background-repeat":"repeat","background-position":"center center","background-size":"auto","background-attachment":"scroll","background-type":"","background-media":"","overlay-type":"","overlay-color":"","overlay-opacity":"","overlay-gradient":""}}},"product_brand":[],"product_cat":[57,21],"product_tag":[],"class_list":{"0":"post-1621","1":"product","2":"type-product","3":"status-publish","4":"has-post-thumbnail","6":"product_cat-glass-vases","7":"product_cat-product","8":"desktop-align-left","9":"tablet-align-left","10":"mobile-align-left","12":"first","13":"instock","14":"shipping-taxable","15":"product-type-simple"},"jetpack_sharing_enabled":true,"_links":{"self":[{"href":"https:\/\/mostebglass.com\/pl\/wp-json\/wp\/v2\/product\/1621","targetHints":{"allow":["GET"]}}],"collection":[{"href":"https:\/\/mostebglass.com\/pl\/wp-json\/wp\/v2\/product"}],"about":[{"href":"https:\/\/mostebglass.com\/pl\/wp-json\/wp\/v2\/types\/product"}],"wp:featuredmedia":[{"embeddable":true,"href":"https:\/\/mostebglass.com\/pl\/wp-json\/wp\/v2\/media\/1623"}],"wp:attachment":[{"href":"https:\/\/mostebglass.com\/pl\/wp-json\/wp\/v2\/media?parent=1621"}],"wp:term":[{"taxonomy":"product_brand","embeddable":true,"href":"https:\/\/mostebglass.com\/pl\/wp-json\/wp\/v2\/product_brand?post=1621"},{"taxonomy":"product_cat","embeddable":true,"href":"https:\/\/mostebglass.com\/pl\/wp-json\/wp\/v2\/product_cat?post=1621"},{"taxonomy":"product_tag","embeddable":true,"href":"https:\/\/mostebglass.com\/pl\/wp-json\/wp\/v2\/product_tag?post=1621"}],"curies":[{"name":"wp","href":"https:\/\/api.w.org\/{rel}","templated":true}]}}