{"id":1839,"date":"2025-09-16T17:21:12","date_gmt":"2025-09-16T09:21:12","guid":{"rendered":"https:\/\/mostebglass.com\/?post_type=product&#038;p=1839"},"modified":"2026-03-10T15:14:15","modified_gmt":"2026-03-10T07:14:15","slug":"clear-embossed-glass-bud-vases-bulk","status":"publish","type":"product","link":"https:\/\/mostebglass.com\/pl\/clear-embossed-glass-bud-vases-bulk\/","title":{"rendered":"Przezroczyste, t\u0142oczone szklane wazony na p\u0105ki, hurtowo"},"content":{"rendered":"<p>Szklane wazony na p\u0105ki ozdobione s\u0105 wyrazistymi geometrycznymi wzorami, takimi jak pikowanie diamentowe i pionowe rowki. Dost\u0119pne s\u0105 w trzech stylach, co zapewnia spektakularny efekt.<\/p>\n<h2>Cechy produktu<\/h2>\n<ul>\n<li><strong>Hojnie wykonane r\u0119cznie wzory:<\/strong> Trzy charakterystyczne wzory reliefowe nadaj\u0105 kwiatom wyra\u017an\u0105 faktur\u0119, gr\u0119 \u015bwiat\u0142a i cienia oraz nut\u0119 starodawno\u015bci.<\/li>\n<li><strong>Mocna i stabilna podstawa:<\/strong> Wszystkie wazony maj\u0105 ci\u0119\u017ck\u0105, p\u0142ask\u0105 podstaw\u0119, co zapobiega ich przechylaniu si\u0119, nawet gdy umie\u015bcisz na niej bukiet asymetrycznych kwiat\u00f3w.<\/li>\n<li><strong>Fantazyjna szyjka w kszta\u0142cie tr\u0105bki:<\/strong> Konstrukcja szyi jest wygodna w podtrzymywaniu \u0142odyg kwiat\u00f3w, a tak\u017ce pozwala stworzy\u0107 pi\u0119kn\u0105 figur\u0119.<\/li>\n<\/ul>\n<h3><strong data-spm-anchor-id=\"5176.28103460.0.i12.2fc72e31pE2N38\">Kluczowe specyfikacje<\/strong><\/h3>\n<table style=\"border-collapse: collapse; width: 80%; margin-left: auto; margin-right: auto;\" border=\"0\" width=\"288\" cellspacing=\"0\" cellpadding=\"0\">\n<tbody>\n<tr style=\"height: 13.50pt;\">\n<td style=\"height: 13.5pt; width: 54pt; text-align: center;\" width=\"72\" height=\"18\">Styl<\/td>\n<td style=\"width: 54pt; text-align: center;\" width=\"72\">Wymiary<\/td>\n<td style=\"width: 54pt; text-align: center;\" width=\"72\">Tworzywo<\/td>\n<td style=\"width: 54pt; text-align: center;\" width=\"72\">Opcje kolor\u00f3w<\/td>\n<\/tr>\n<tr style=\"height: 13.50pt;\">\n<td style=\"height: 13.5pt; text-align: center;\" height=\"18\">\u00c0 primeira vista, um casti\u00e7al de mesa pode parecer um produto simples. No entanto, o verdadeiro desafio reside em combinar apelo est\u00e9tico com estabilidade estrutural. Se a espessura ou o equil\u00edbrio da base n\u00e3o forem controlados com precis\u00e3o, o casti\u00e7al pode apresentar riscos de seguran\u00e7a e comprometer a reputa\u00e7\u00e3o da marca.<\/td>\n<td style=\"text-align: center;\">Nossa equipe de engenharia realizou uma an\u00e1lise detalhada e identificou os seguintes problemas principais:<\/td>\n<td class=\"et2\" style=\"text-align: center;\" rowspan=\"3\">Szk\u0142o<\/td>\n<td class=\"et2\" style=\"text-align: center;\" rowspan=\"3\">Wyczy\u015b\u0107, niestandardowo<\/td>\n<\/tr>\n<tr style=\"height: 13.50pt;\">\n<td style=\"height: 13.5pt; text-align: center;\" height=\"18\">A distribui\u00e7\u00e3o irregular do vidro pode afetar a estabilidade da base durante a forma\u00e7\u00e3o.<\/td>\n<td style=\"text-align: center;\">Um design extremamente delicado pode reduzir a durabilidade e aumentar a fragilidade.<\/td>\n<\/tr>\n<tr style=\"height: 13.50pt;\">\n<td style=\"height: 13.5pt; text-align: center;\" height=\"18\">Mesmo uma ligeira varia\u00e7\u00e3o na espessura pode alterar o equil\u00edbrio, o que pode levar a um uso desprotegido.<\/td>\n<td style=\"text-align: center;\">Embora esses desafios fossem inevit\u00e1veis, jamais abrimos m\u00e3o da qualidade ou enganamos nossos clientes. Para solucionar os problemas, trabalhamos em conjunto com a marca para encontrar a melhor solu\u00e7\u00e3o, pautada na transpar\u00eancia, no aprimoramento t\u00e9cnico e na tomada de decis\u00f5es conjuntas.<\/td>\n<\/tr>\n<\/tbody>\n<\/table>\n<h2>Historia sukcesu: Zam\u00f3wienie hurtowe dla grupy hoteli luksusowych<\/h2>\n<p>Nasze wysokie, szklane wazony z romboidalnym wzorem zosta\u0142y wybrane przez znan\u0105 mi\u0119dzynarodow\u0105 sie\u0107 hoteli. Wazony te zapewni\u0142y wyj\u0105tkow\u0105 warto\u015b\u0107: poziom zadowolenia go\u015bci z wygl\u0105du pokoi wzr\u00f3s\u0142 podobno o 25%. Jednolity, elegancki wygl\u0105d pozwoli\u0142 im ujednolici\u0107 aran\u017cacj\u0119 kwiatow\u0105 we wszystkich swoich hotelach, co prze\u0142o\u017cy\u0142o si\u0119 na obni\u017cenie koszt\u00f3w dostawc\u00f3w o 15%. Grupa hotelowa by\u0142a pod wra\u017ceniem i zam\u00f3wi\u0142a kolejne 75 000 wazon\u00f3w, kt\u00f3re mia\u0142y zdobi\u0107 nowe hotele, a tak\u017ce uzupe\u0142nia\u0107 ich stan magazynowy.<\/p>\n<h2>Personalizacja szklanych wazon\u00f3w na p\u0105ki<\/h2>\n<ul>\n<li>Metaliczny po\u0142ysk: Na\u0142\u00f3\u017c bardzo cienk\u0105 warstw\u0119 metalicznego po\u0142ysku (z\u0142otego, miedzianego) na wyt\u0142oczone rowki, aby wydoby\u0107 szczeg\u00f3\u0142y.<\/li>\n<li>Rozmiar i proporcje: Zastosuj ten sam teksturowany wz\u00f3r na wi\u0119kszych, bardziej przyci\u0105gaj\u0105cych wzrok wazonach lub mniejszych wazonikach na miniaturowe \u015bwieczki.<\/li>\n<li>Projekt szyi i ust: Zmie\u0144 k\u0105t ust \u2013 l\u017cejsze bukiety musz\u0105 by\u0107 otwarte, podczas gdy te o w\u0119\u017cszych ustach musz\u0105 by\u0107 otwarte.<\/li>\n<\/ul>","protected":false},"excerpt":{"rendered":"<p>Klasyczne szklane wazony na p\u0105ki z t\u0142oczonymi detalami i stabiln\u0105 podstaw\u0105. Uniwersalny zestaw ma\u0142ych wazon\u00f3w, idealny na kwiaty, suszone \u0142odygi lub elementy dekoracyjne. Mo\u017cliwo\u015b\u0107 personalizacji.<\/p>","protected":false},"featured_media":1840,"template":"","meta":{"site-sidebar-layout":"default","site-content-layout":"","ast-site-content-layout":"default","site-content-style":"default","site-sidebar-style":"default","ast-global-header-display":"","ast-banner-title-visibility":"","ast-main-header-display":"","ast-hfb-above-header-display":"","ast-hfb-below-header-display":"","ast-hfb-mobile-header-display":"","site-post-title":"","ast-breadcrumbs-content":"","ast-featured-img":"","footer-sml-layout":"","theme-transparent-header-meta":"default","adv-header-id-meta":"","stick-header-meta":"","header-above-stick-meta":"","header-main-stick-meta":"","header-below-stick-meta":"","astra-migrate-meta-layouts":"set","ast-page-background-enabled":"default","ast-page-background-meta":{"desktop":{"background-color":"var(--ast-global-color-5)","background-image":"","background-repeat":"repeat","background-position":"center center","background-size":"auto","background-attachment":"scroll","background-type":"","background-media":"","overlay-type":"","overlay-color":"","overlay-opacity":"","overlay-gradient":""},"tablet":{"background-color":"","background-image":"","background-repeat":"repeat","background-position":"center center","background-size":"auto","background-attachment":"scroll","background-type":"","background-media":"","overlay-type":"","overlay-color":"","overlay-opacity":"","overlay-gradient":""},"mobile":{"background-color":"","background-image":"","background-repeat":"repeat","background-position":"center center","background-size":"auto","background-attachment":"scroll","background-type":"","background-media":"","overlay-type":"","overlay-color":"","overlay-opacity":"","overlay-gradient":""}},"ast-content-background-meta":{"desktop":{"background-color":"var(--ast-global-color-4)","background-image":"","background-repeat":"repeat","background-position":"center center","background-size":"auto","background-attachment":"scroll","background-type":"","background-media":"","overlay-type":"","overlay-color":"","overlay-opacity":"","overlay-gradient":""},"tablet":{"background-color":"var(--ast-global-color-4)","background-image":"","background-repeat":"repeat","background-position":"center center","background-size":"auto","background-attachment":"scroll","background-type":"","background-media":"","overlay-type":"","overlay-color":"","overlay-opacity":"","overlay-gradient":""},"mobile":{"background-color":"var(--ast-global-color-4)","background-image":"","background-repeat":"repeat","background-position":"center center","background-size":"auto","background-attachment":"scroll","background-type":"","background-media":"","overlay-type":"","overlay-color":"","overlay-opacity":"","overlay-gradient":""}}},"product_brand":[],"product_cat":[57,21],"product_tag":[],"class_list":{"0":"post-1839","1":"product","2":"type-product","3":"status-publish","4":"has-post-thumbnail","6":"product_cat-glass-vases","7":"product_cat-product","8":"desktop-align-left","9":"tablet-align-left","10":"mobile-align-left","12":"first","13":"instock","14":"shipping-taxable","15":"product-type-simple"},"jetpack_sharing_enabled":true,"_links":{"self":[{"href":"https:\/\/mostebglass.com\/pl\/wp-json\/wp\/v2\/product\/1839","targetHints":{"allow":["GET"]}}],"collection":[{"href":"https:\/\/mostebglass.com\/pl\/wp-json\/wp\/v2\/product"}],"about":[{"href":"https:\/\/mostebglass.com\/pl\/wp-json\/wp\/v2\/types\/product"}],"wp:featuredmedia":[{"embeddable":true,"href":"https:\/\/mostebglass.com\/pl\/wp-json\/wp\/v2\/media\/1840"}],"wp:attachment":[{"href":"https:\/\/mostebglass.com\/pl\/wp-json\/wp\/v2\/media?parent=1839"}],"wp:term":[{"taxonomy":"product_brand","embeddable":true,"href":"https:\/\/mostebglass.com\/pl\/wp-json\/wp\/v2\/product_brand?post=1839"},{"taxonomy":"product_cat","embeddable":true,"href":"https:\/\/mostebglass.com\/pl\/wp-json\/wp\/v2\/product_cat?post=1839"},{"taxonomy":"product_tag","embeddable":true,"href":"https:\/\/mostebglass.com\/pl\/wp-json\/wp\/v2\/product_tag?post=1839"}],"curies":[{"name":"wp","href":"https:\/\/api.w.org\/{rel}","templated":true}]}}