{"id":2125,"date":"2025-09-19T15:31:41","date_gmt":"2025-09-19T07:31:41","guid":{"rendered":"https:\/\/mostebglass.com\/?post_type=product&#038;p=2125"},"modified":"2026-03-23T11:59:37","modified_gmt":"2026-03-23T03:59:37","slug":"clear-glass-vases-with-cylindrical-design-wholesale","status":"publish","type":"product","link":"https:\/\/mostebglass.com\/pl\/clear-glass-vases-with-cylindrical-design-wholesale\/","title":{"rendered":"Przezroczyste szklane wazony o cylindrycznym kszta\u0142cie - hurt"},"content":{"rendered":"<p>Ten przezroczysty wazon wykonany jest ze szk\u0142a borokrzemianowego. Jego prosta, cylindryczna forma ma p\u0142aski otw\u00f3r, g\u0142adk\u0105 powierzchni\u0119 i lekko zaokr\u0105glone dno. Nie tylko dodaje to wizualnej g\u0142\u0119bi, ale tak\u017ce daje poczucie stabilno\u015bci.<\/p>\n<h2><strong>Cechy produktu<\/strong><\/h2>\n<ul>\n<li><strong>Minimalistyczny kszta\u0142t cylindryczny:<\/strong> G\u0142adka, prosta forma nadaje wazonowi nowoczesny wygl\u0105d, kt\u00f3ry doskonale sprawdzi si\u0119 w ka\u017cdym miejscu \u2013 od biura po st\u00f3\u0142 weselny.<\/li>\n<li><strong>Stabilna okr\u0105g\u0142a podstawa:<\/strong> Risits Tipping \u2013 lekko wygi\u0119te dno sprawia, \u017ce \u200b\u200bprzezroczysty wazon pozostaje stabilny na ka\u017cdej powierzchni.<\/li>\n<li><strong>Szk\u0142o borokrzemianowe:<\/strong> Wygl\u0105d wazonu Crystal-Callier wyra\u017anie ukazuje faktur\u0119 kwiat\u00f3w i wody.<\/li>\n<\/ul>\n<h2>Kluczowe specyfikacje<\/h2>\n<table style=\"border-collapse: collapse; margin-left: auto; margin-right: auto; width: 561.77pt;\" border=\"0\" width=\"749\" cellspacing=\"0\" cellpadding=\"0\">\n<tbody>\n<tr style=\"height: 13.50pt;\">\n<td style=\"height: 13.50pt; width: 105.00pt;\" width=\"140\" height=\"18\">Funkcja<\/td>\n<td style=\"width: 456.75pt;\" width=\"609\">Specyfikacja<\/td>\n<\/tr>\n<tr style=\"height: 13.50pt;\">\n<td style=\"height: 13.50pt;\" height=\"18\">Tworzywo<\/td>\n<td>Przezroczyste szk\u0142o<\/td>\n<\/tr>\n<tr style=\"height: 13.50pt;\">\n<td style=\"height: 13.50pt;\" height=\"18\">Kszta\u0142t<\/td>\n<td>Cylindryczny<\/td>\n<\/tr>\n<tr style=\"height: 13.50pt;\">\n<td style=\"height: 13.50pt;\" height=\"18\">Wysoko\u015b\u0107<\/td>\n<td>9 cm, 14,5 cm<\/td>\n<\/tr>\n<tr style=\"height: 13.50pt;\">\n<td style=\"height: 13.50pt;\" height=\"18\">\u015arednica<\/td>\n<td>12 cm (wszystkie rozmiary)<\/td>\n<\/tr>\n<tr style=\"height: 13.50pt;\">\n<td style=\"height: 13.50pt;\" height=\"18\">Sko\u0144czy\u0107<\/td>\n<td>G\u0142adki, przezroczysty<\/td>\n<\/tr>\n<tr style=\"height: 13.50pt;\">\n<td style=\"height: 13.50pt;\" height=\"18\">Styl<\/td>\n<td>Minimalistyczny, nowoczesny<\/td>\n<\/tr>\n<tr style=\"height: 13.50pt;\">\n<td style=\"height: 13.50pt;\" height=\"18\">Najlepsze dla<\/td>\n<td>Bukiet wielosk\u0142adnikowy, kompozycje kwiatowe, sztuczne kwiaty, dekoracje<\/td>\n<\/tr>\n<tr style=\"height: 13.50pt;\">\n<td style=\"height: 13.50pt;\" height=\"18\">Idealne zastosowanie<\/td>\n<td>Wystr\u00f3j wn\u0119trz, imprezy, handel detaliczny, go\u015bcinno\u015b\u0107<\/td>\n<\/tr>\n<\/tbody>\n<\/table>\n<h2>Przypadek sukcesu<\/h2>\n<p>Jedna z linii produkt\u00f3w wykorzystuje szklany mini-wazon o wysoko\u015bci 12 cm niemieckiej marki jako g\u0142\u00f3wny element. Aby wpisa\u0107 si\u0119 w pozycjonowanie marki premium DIY, wprowadzili\u015bmy kolejne, niestandardowe dodatki: grubo\u015b\u0107 \u015bcianek szk\u0142a zosta\u0142a zwi\u0119kszona, aby zapewni\u0107 wi\u0119ksz\u0105 przejrzysto\u015b\u0107 i odporno\u015b\u0107 termiczn\u0105; fazowane wyko\u0144czenie kraw\u0119dzi zosta\u0142o nieznacznie zmniejszone, aby u\u017cytkownicy nie mieli wra\u017cenia drapania d\u0142oni o podstaw\u0119 wazonu podczas uk\u0142adania go jeden na drugim; a na spodzie wazonu wytrawiono nazw\u0119 marki i numer seryjny produktu, aby u\u0142atwi\u0107 \u015bledzenie stanu magazynowego.<\/p>\n<p>W ci\u0105gu dw\u00f3ch miesi\u0119cy od premiery sprzeda\u017c produktu wzros\u0142a o oko\u0142o 47%. Co wi\u0119cej, pod koniec pierwszego kwarta\u0142u produkt ten odnotowa\u0142 ju\u017c dwie kolejne fale ponownych zakup\u00f3w, staj\u0105c si\u0119 jedn\u0105 z najlepiej sprzedaj\u0105cych si\u0119 serii marki.<\/p>\n<h2>Pomys\u0142y na personalizacj\u0119<\/h2>\n<ul>\n<li>Dodaj \u017cebrowan\u0105 faktur\u0119 w pionie, aby uzyska\u0107 subteln\u0105 gr\u0119 \u015bwiate\u0142 i lepsz\u0105 przyczepno\u015b\u0107.<\/li>\n<li>Delikatnie zabarw szk\u0142o kolorem dymnym, r\u00f3\u017cem lub sza\u0142wi\u0105, aby nada\u0107 mu kolorowego charakteru, nie trac\u0105c przy tym elegancji.<\/li>\n<li>Wytraw laserowo geometryczny wz\u00f3r wok\u00f3\u0142 \u015brodkowej cz\u0119\u015bci cia\u0142a, aby uzyska\u0107 charakterystyczny detal.<\/li>\n<li>Aby uzyska\u0107 mi\u0119kk\u0105, matow\u0105 faktur\u0119 i zachowa\u0107 czysty kszta\u0142t, wypiaskuj ca\u0142\u0105 powierzchni\u0119.<\/li>\n<\/ul>\n<p>To nie tylko drobne zmiany \u2013 to sposoby na przekszta\u0142cenie prostego, przezroczystego wazonu w markowy akcent. Nie potrzebujesz krzykliwych logotyp\u00f3w. Tekstura opowiada histori\u0119.<\/p>","protected":false},"excerpt":{"rendered":"<p data-pm-slice=\"1 1 []\">Nowoczesne, przezroczyste szklane wazony o eleganckim, cylindrycznym kszta\u0142cie. Idealne do kompozycji kwiatowych, dekoracji wn\u0119trz i zakup\u00f3w hurtowych. Szybka wysy\u0142ka z darmowymi pr\u00f3bkami.<\/p>","protected":false},"featured_media":4863,"template":"","meta":{"site-sidebar-layout":"default","site-content-layout":"","ast-site-content-layout":"default","site-content-style":"default","site-sidebar-style":"default","ast-global-header-display":"","ast-banner-title-visibility":"","ast-main-header-display":"","ast-hfb-above-header-display":"","ast-hfb-below-header-display":"","ast-hfb-mobile-header-display":"","site-post-title":"","ast-breadcrumbs-content":"","ast-featured-img":"","footer-sml-layout":"","theme-transparent-header-meta":"default","adv-header-id-meta":"","stick-header-meta":"","header-above-stick-meta":"","header-main-stick-meta":"","header-below-stick-meta":"","astra-migrate-meta-layouts":"set","ast-page-background-enabled":"default","ast-page-background-meta":{"desktop":{"background-color":"var(--ast-global-color-5)","background-image":"","background-repeat":"repeat","background-position":"center center","background-size":"auto","background-attachment":"scroll","background-type":"","background-media":"","overlay-type":"","overlay-color":"","overlay-opacity":"","overlay-gradient":""},"tablet":{"background-color":"","background-image":"","background-repeat":"repeat","background-position":"center center","background-size":"auto","background-attachment":"scroll","background-type":"","background-media":"","overlay-type":"","overlay-color":"","overlay-opacity":"","overlay-gradient":""},"mobile":{"background-color":"","background-image":"","background-repeat":"repeat","background-position":"center center","background-size":"auto","background-attachment":"scroll","background-type":"","background-media":"","overlay-type":"","overlay-color":"","overlay-opacity":"","overlay-gradient":""}},"ast-content-background-meta":{"desktop":{"background-color":"var(--ast-global-color-4)","background-image":"","background-repeat":"repeat","background-position":"center center","background-size":"auto","background-attachment":"scroll","background-type":"","background-media":"","overlay-type":"","overlay-color":"","overlay-opacity":"","overlay-gradient":""},"tablet":{"background-color":"var(--ast-global-color-4)","background-image":"","background-repeat":"repeat","background-position":"center center","background-size":"auto","background-attachment":"scroll","background-type":"","background-media":"","overlay-type":"","overlay-color":"","overlay-opacity":"","overlay-gradient":""},"mobile":{"background-color":"var(--ast-global-color-4)","background-image":"","background-repeat":"repeat","background-position":"center center","background-size":"auto","background-attachment":"scroll","background-type":"","background-media":"","overlay-type":"","overlay-color":"","overlay-opacity":"","overlay-gradient":""}}},"product_brand":[],"product_cat":[57,21],"product_tag":[],"class_list":{"0":"post-2125","1":"product","2":"type-product","3":"status-publish","4":"has-post-thumbnail","6":"product_cat-glass-vases","7":"product_cat-product","8":"desktop-align-left","9":"tablet-align-left","10":"mobile-align-left","12":"first","13":"instock","14":"shipping-taxable","15":"product-type-simple"},"jetpack_sharing_enabled":true,"_links":{"self":[{"href":"https:\/\/mostebglass.com\/pl\/wp-json\/wp\/v2\/product\/2125","targetHints":{"allow":["GET"]}}],"collection":[{"href":"https:\/\/mostebglass.com\/pl\/wp-json\/wp\/v2\/product"}],"about":[{"href":"https:\/\/mostebglass.com\/pl\/wp-json\/wp\/v2\/types\/product"}],"wp:featuredmedia":[{"embeddable":true,"href":"https:\/\/mostebglass.com\/pl\/wp-json\/wp\/v2\/media\/4863"}],"wp:attachment":[{"href":"https:\/\/mostebglass.com\/pl\/wp-json\/wp\/v2\/media?parent=2125"}],"wp:term":[{"taxonomy":"product_brand","embeddable":true,"href":"https:\/\/mostebglass.com\/pl\/wp-json\/wp\/v2\/product_brand?post=2125"},{"taxonomy":"product_cat","embeddable":true,"href":"https:\/\/mostebglass.com\/pl\/wp-json\/wp\/v2\/product_cat?post=2125"},{"taxonomy":"product_tag","embeddable":true,"href":"https:\/\/mostebglass.com\/pl\/wp-json\/wp\/v2\/product_tag?post=2125"}],"curies":[{"name":"wp","href":"https:\/\/api.w.org\/{rel}","templated":true}]}}