{"id":2334,"date":"2025-09-22T16:54:35","date_gmt":"2025-09-22T08:54:35","guid":{"rendered":"https:\/\/mostebglass.com\/?post_type=product&#038;p=2334"},"modified":"2026-01-26T18:04:44","modified_gmt":"2026-01-26T10:04:44","slug":"large-glass-vases-hurricane-candle-holders-wholesale","status":"publish","type":"product","link":"https:\/\/mostebglass.com\/pl\/large-glass-vases-hurricane-candle-holders-wholesale\/","title":{"rendered":"Du\u017ce szklane wazony 4800\/5600\/6500 ml \u2013 Hurtownia \u015bwiecznik\u00f3w Hurricane"},"content":{"rendered":"<p>Nasz zestaw du\u017cych wazon\u00f3w ze szk\u0142a borokrzemianowego zawiera 3 elementy o r\u00f3\u017cnych rozmiarach, wysoko\u015bciach i \u015brednicach. W zestawie znajduj\u0105 si\u0119 zar\u00f3wno wazony do bezp\u0142atnego u\u017cytku, jak i os\u0142ony na \u015bwiece (\u015bwieczniki przeciwwiatrowe).<\/p>\n<h2>G\u0142\u00f3wne cechy:<\/h2>\n<ul>\n<li><strong>Narz\u0119dzie wielofunkcyjne<\/strong>:Te szklane pojemniki nie tylko nadaj\u0105 si\u0119 do wykorzystania jako kompozycje kwiatowe, \u015bwiece p\u0142ywaj\u0105ce i \u015bwiece filarowe, dekoracje wype\u0142niaj\u0105ce, ale tak\u017ce jako miniaturowe pojemniki do sadzenia ro\u015blin w krajobrazach.<\/li>\n<li><strong>Wieczny projekt<\/strong>:Zestaw ten charakteryzuje si\u0119 minimalistycznym, cylindrycznym kszta\u0142tem i krystaliczn\u0105 przezroczysto\u015bci\u0105, dzi\u0119ki czemu idealnie wpasuje si\u0119 w ka\u017cdy styl wystroju wn\u0119trza lub motyw wydarzenia, takiego jak wesele, impreza czy codzienna dekoracja domu.<\/li>\n<li><strong>Materia\u0142 premium<\/strong>:Wykonane z najwy\u017cszej jako\u015bci szk\u0142a borokrzemianowego o g\u0142adkiej powierzchni i doskona\u0142ej przejrzysto\u015bci, dzi\u0119ki czemu jest odporne na ciep\u0142o, a tak\u017ce bardzo trwa\u0142e.<\/li>\n<li><strong>Rozmiar uniwersalny<\/strong>:Dost\u0119pny jest w trzech rozmiarach pojemno\u015bci 4800 ml, 5600 ml i 6500 ml jako zestaw sk\u0142adaj\u0105cy si\u0119 z 3 element\u00f3w, w zale\u017cno\u015bci od wymaga\u0144 dekoracyjnych.<\/li>\n<\/ul>\n<h2>Specyfikacje<\/h2>\n<table style=\"border-collapse: collapse; margin-left: auto; margin-right: auto; width: 477.02pt;\" border=\"0\" width=\"636\" cellspacing=\"0\" cellpadding=\"0\">\n<tbody>\n<tr style=\"height: 13.50pt;\">\n<td style=\"height: 13.50pt; width: 105.00pt;\" width=\"140\" height=\"18\">Atrybut<\/td>\n<td style=\"width: 372.00pt;\" width=\"496\">Szczeg\u00f3\u0142<\/td>\n<\/tr>\n<tr style=\"height: 13.50pt;\">\n<td style=\"height: 13.50pt;\" height=\"18\">Kszta\u0142t<\/td>\n<td>Cylindryczny<\/td>\n<\/tr>\n<tr style=\"height: 13.50pt;\">\n<td style=\"height: 13.50pt;\" height=\"18\">Tworzywo<\/td>\n<td>Przezroczyste szk\u0142o<\/td>\n<\/tr>\n<tr style=\"height: 13.50pt;\">\n<td style=\"height: 13.50pt;\" height=\"18\">Wysoko\u015b\u0107<\/td>\n<td>30 cm, 35 cm, 40 cm<\/td>\n<\/tr>\n<tr style=\"height: 13.50pt;\">\n<td style=\"height: 13.50pt;\" height=\"18\">\u015arednica<\/td>\n<td>15 cm (wszystkie rozmiary)<\/td>\n<\/tr>\n<tr style=\"height: 13.50pt;\">\n<td style=\"height: 13.50pt;\" height=\"18\">Pojemno\u015b\u0107<\/td>\n<td>4800 ml, 5600 ml, 6500 ml<\/td>\n<\/tr>\n<tr style=\"height: 13.50pt;\">\n<td style=\"height: 13.50pt;\" height=\"18\">Powierzchnia<\/td>\n<td>G\u0142adki, polerowany<\/td>\n<\/tr>\n<tr style=\"height: 13.50pt;\">\n<td style=\"height: 13.50pt;\" height=\"18\">Styl<\/td>\n<td>Nowoczesny, minimalistyczny<\/td>\n<\/tr>\n<tr style=\"height: 13.50pt;\">\n<td style=\"height: 13.50pt;\" height=\"18\">Idealny dla<\/td>\n<td>Aran\u017cacje pi\u0119ter, hole, dekoracje \u015blubne, ekspozycje handlowe<\/td>\n<\/tr>\n<\/tbody>\n<\/table>\n<h2>Rzeczywisty przypadek u\u017cycia: Sie\u0107 sklep\u00f3w luksusowych<\/h2>\n<p>Ekskluzywny sprzedawca odzie\u017cy chcia\u0142 poprawi\u0107 atmosfer\u0119 swojego sklepu i zmniejszy\u0107 chaos. Ustawi\u0142 te du\u017ce szklane wazony przy wej\u015bciu i w naro\u017cnikach przymierzalni. Ka\u017cdy du\u017cy, przezroczysty wazon zawiera unikalnie ukszta\u0142towan\u0105 imitacj\u0119 ga\u0142\u0119zi \u2013 nie kwiaty, tylko kszta\u0142t. Przezroczyste szk\u0142o dodaje wystawie lekko\u015bci. Co wi\u0119cej, prosty design wazonu nie odwraca uwagi od ubra\u0144. W rezultacie ten zabieg wyd\u0142u\u017cy\u0142 \u015bredni czas wizyty w sklepie o 18%. Pracownicy zachwycaj\u0105 si\u0119 r\u00f3wnie\u017c \u201espokojn\u0105, eleganck\u0105\u201d atmosfer\u0105 panuj\u0105c\u0105 w sklepie. Jeden z mened\u017cer\u00f3w zauwa\u017cy\u0142 nawet: \u201eTo co\u015b wi\u0119cej ni\u017c tylko dekoracja; to przed\u0142u\u017cenie przestrzeni\u201d.<\/p>\n<h2>Wskaz\u00f3wki dotycz\u0105ce personalizacji du\u017cych, przezroczystych wazon\u00f3w<\/h2>\n<ul>\n<li>Szk\u0142o barwione \u2013 W miejscach o du\u017cym nat\u0119\u017ceniu ruchu nale\u017cy stosowa\u0107 stonowane odcienie szaro\u015bci lub br\u0105zu, aby stworzy\u0107 nastr\u00f3j i zmniejszy\u0107 widoczno\u015b\u0107 wody.<\/li>\n<li>Pogrubiona podstawa \u2013 zr\u00f3b ci\u0119\u017csz\u0105 podstaw\u0119, aby zapewni\u0107 lepsz\u0105 stabilno\u015b\u0107 wysokich kompozycji sztucznych.<\/li>\n<li>Ta\u015bma piaskowana \u2013 Dodaj cienki poziomy pasek u podstawy, aby wypromowa\u0107 mark\u0119 \u2013 idealny do p\u00f3\u017aniejszego grawerowania laserowego.<\/li>\n<\/ul>\n<p>Te du\u017ce szklane wazony to nie tylko opcja. Przekszta\u0142caj\u0105 du\u017cy, przezroczysty wazon w efektowny element.<\/p>","protected":false},"excerpt":{"rendered":"<p data-pm-slice=\"1 1 []\">Zestaw du\u017cych szklanych wazon\u00f3w: 3 uniwersalne cylindry ze szk\u0142a borokrzemianowego na kwiaty, \u015bwiece i dekoracje. Odporne na ciep\u0142o, eleganckie i idealne na wesela lub do aran\u017cacji wn\u0119trz.<\/p>","protected":false},"featured_media":2440,"template":"","meta":{"site-sidebar-layout":"default","site-content-layout":"","ast-site-content-layout":"default","site-content-style":"default","site-sidebar-style":"default","ast-global-header-display":"","ast-banner-title-visibility":"","ast-main-header-display":"","ast-hfb-above-header-display":"","ast-hfb-below-header-display":"","ast-hfb-mobile-header-display":"","site-post-title":"","ast-breadcrumbs-content":"","ast-featured-img":"","footer-sml-layout":"","theme-transparent-header-meta":"default","adv-header-id-meta":"","stick-header-meta":"","header-above-stick-meta":"","header-main-stick-meta":"","header-below-stick-meta":"","astra-migrate-meta-layouts":"set","ast-page-background-enabled":"default","ast-page-background-meta":{"desktop":{"background-color":"var(--ast-global-color-5)","background-image":"","background-repeat":"repeat","background-position":"center center","background-size":"auto","background-attachment":"scroll","background-type":"","background-media":"","overlay-type":"","overlay-color":"","overlay-opacity":"","overlay-gradient":""},"tablet":{"background-color":"","background-image":"","background-repeat":"repeat","background-position":"center center","background-size":"auto","background-attachment":"scroll","background-type":"","background-media":"","overlay-type":"","overlay-color":"","overlay-opacity":"","overlay-gradient":""},"mobile":{"background-color":"","background-image":"","background-repeat":"repeat","background-position":"center center","background-size":"auto","background-attachment":"scroll","background-type":"","background-media":"","overlay-type":"","overlay-color":"","overlay-opacity":"","overlay-gradient":""}},"ast-content-background-meta":{"desktop":{"background-color":"var(--ast-global-color-4)","background-image":"","background-repeat":"repeat","background-position":"center center","background-size":"auto","background-attachment":"scroll","background-type":"","background-media":"","overlay-type":"","overlay-color":"","overlay-opacity":"","overlay-gradient":""},"tablet":{"background-color":"var(--ast-global-color-4)","background-image":"","background-repeat":"repeat","background-position":"center center","background-size":"auto","background-attachment":"scroll","background-type":"","background-media":"","overlay-type":"","overlay-color":"","overlay-opacity":"","overlay-gradient":""},"mobile":{"background-color":"var(--ast-global-color-4)","background-image":"","background-repeat":"repeat","background-position":"center center","background-size":"auto","background-attachment":"scroll","background-type":"","background-media":"","overlay-type":"","overlay-color":"","overlay-opacity":"","overlay-gradient":""}}},"product_brand":[],"product_cat":[57,21],"product_tag":[],"class_list":{"0":"post-2334","1":"product","2":"type-product","3":"status-publish","4":"has-post-thumbnail","6":"product_cat-glass-vases","7":"product_cat-product","8":"desktop-align-left","9":"tablet-align-left","10":"mobile-align-left","12":"first","13":"instock","14":"shipping-taxable","15":"product-type-simple"},"jetpack_sharing_enabled":true,"_links":{"self":[{"href":"https:\/\/mostebglass.com\/pl\/wp-json\/wp\/v2\/product\/2334","targetHints":{"allow":["GET"]}}],"collection":[{"href":"https:\/\/mostebglass.com\/pl\/wp-json\/wp\/v2\/product"}],"about":[{"href":"https:\/\/mostebglass.com\/pl\/wp-json\/wp\/v2\/types\/product"}],"wp:featuredmedia":[{"embeddable":true,"href":"https:\/\/mostebglass.com\/pl\/wp-json\/wp\/v2\/media\/2440"}],"wp:attachment":[{"href":"https:\/\/mostebglass.com\/pl\/wp-json\/wp\/v2\/media?parent=2334"}],"wp:term":[{"taxonomy":"product_brand","embeddable":true,"href":"https:\/\/mostebglass.com\/pl\/wp-json\/wp\/v2\/product_brand?post=2334"},{"taxonomy":"product_cat","embeddable":true,"href":"https:\/\/mostebglass.com\/pl\/wp-json\/wp\/v2\/product_cat?post=2334"},{"taxonomy":"product_tag","embeddable":true,"href":"https:\/\/mostebglass.com\/pl\/wp-json\/wp\/v2\/product_tag?post=2334"}],"curies":[{"name":"wp","href":"https:\/\/api.w.org\/{rel}","templated":true}]}}