{"id":2504,"date":"2025-09-23T16:34:04","date_gmt":"2025-09-23T08:34:04","guid":{"rendered":"https:\/\/mostebglass.com\/?post_type=product&#038;p=2504"},"modified":"2026-04-10T13:53:32","modified_gmt":"2026-04-10T05:53:32","slug":"clear-cylinder-table-vases-with-cork-top-wholesale","status":"publish","type":"product","link":"https:\/\/mostebglass.com\/pl\/clear-cylinder-table-vases-with-cork-top-wholesale\/","title":{"rendered":"250ml, 300ml, 400ml Przezroczyste wazony sto\u0142owe w kszta\u0142cie cylindra z korkowym blatem hurtowo"},"content":{"rendered":"<p>To seria wazon\u00f3w sto\u0142owych, kt\u00f3rych korpus wykonany jest z przezroczystego szk\u0142a kryszta\u0142owego, ma prosty, okr\u0105g\u0142y kszta\u0142t i pokryw\u0119 z naturalnego korka z otworem po\u015brodku. Dost\u0119pna jest w trzech r\u00f3\u017cnych wysoko\u015bciach, co pozwala na tworzenie warstwowych kompozycji kwiatowych.<\/p>\n<h2><strong>Cechy produktu<\/strong><\/h2>\n<ul>\n<li><strong>Szk\u0142o o wysokiej przejrzysto\u015bci:<\/strong> Jest to korpus wykonany z niezwykle przejrzystego szk\u0142a, kt\u00f3ry stanowi niewidoczn\u0105 ram\u0119, na kt\u00f3rej Twoje kwiaty lub dekoracje b\u0119d\u0105 stanowi\u0107 g\u0142\u00f3wny punkt odniesienia.<\/li>\n<li><strong>Zatyczka z naturalnego korka:<\/strong> Ten wazon jest dzie\u0142em sztuki, a dodatkowo ma naturalny korek, kt\u00f3ry nadaje mu rustykalnego charakteru.<\/li>\n<li><strong>G\u0142adki, cylindryczny kszta\u0142t:<\/strong> G\u0142adki, cylindryczny kszta\u0142t bez zb\u0119dnych ozd\u00f3b idealnie wpasowuje si\u0119 w r\u00f3\u017cne style wystroju wn\u0119trz, np. minimalistyczny, a nawet skandynawski.<\/li>\n<\/ul>\n<h2>Kluczowe specyfikacje<\/h2>\n<table style=\"border-collapse: collapse; margin-left: auto; margin-right: auto; width: 477.02pt;\" border=\"0\" width=\"636\" cellspacing=\"0\" cellpadding=\"0\">\n<tbody>\n<tr style=\"height: 13.50pt;\">\n<td style=\"height: 13.5pt; width: 105pt; text-align: center;\" width=\"140\" height=\"18\">Atrybut<\/td>\n<td style=\"width: 372pt; text-align: center;\" width=\"496\">Szczeg\u00f3\u0142<\/td>\n<\/tr>\n<tr style=\"height: 13.50pt;\">\n<td style=\"height: 13.5pt; text-align: center;\" height=\"18\">Kszta\u0142t<\/td>\n<td style=\"text-align: center;\">Cylindryczny<\/td>\n<\/tr>\n<tr style=\"height: 13.50pt;\">\n<td style=\"height: 13.5pt; text-align: center;\" height=\"18\">Tworzywo<\/td>\n<td style=\"text-align: center;\">Szk\u0142o borokrzemianowe + korek naturalny<\/td>\n<\/tr>\n<tr style=\"height: 13.50pt;\">\n<td style=\"height: 13.5pt; text-align: center;\" height=\"18\">Wysoko\u015b\u0107 (cm)<\/td>\n<td style=\"text-align: center;\">10 , 12 , 15<\/td>\n<\/tr>\n<tr style=\"height: 13.50pt;\">\n<td style=\"height: 13.5pt; text-align: center;\" height=\"18\">\u015arednica<\/td>\n<td style=\"text-align: center;\">6,5 cm (wszystkie rozmiary)<\/td>\n<\/tr>\n<tr style=\"height: 13.50pt;\">\n<td style=\"height: 13.5pt; text-align: center;\" height=\"18\">Pojemno\u015b\u0107 (ml)<\/td>\n<td style=\"text-align: center;\">250, 300, 400<\/td>\n<\/tr>\n<tr style=\"height: 13.50pt;\">\n<td style=\"height: 13.5pt; text-align: center;\" height=\"18\">Czapka<\/td>\n<td style=\"text-align: center;\">Korek lity z jednym otworem<\/td>\n<\/tr>\n<tr style=\"height: 13.50pt;\">\n<td style=\"height: 13.50pt;\" height=\"18\">Styl<\/td>\n<td style=\"text-align: center;\">Organiczny nowoczesny<\/td>\n<\/tr>\n<tr style=\"height: 13.50pt;\">\n<td style=\"height: 13.5pt; text-align: center;\" height=\"18\">Idealny dla<\/td>\n<td style=\"text-align: center;\">Kompozycje \u015blubne, dekoracje sto\u0142\u00f3w, upominki dla go\u015bci weselnych, wn\u0119trza spa<\/td>\n<\/tr>\n<\/tbody>\n<\/table>\n<h2>Historia sukcesu<\/h2>\n<p>Nasz cylindryczny szklany wazon sto\u0142owy zosta\u0142 zam\u00f3wiony przez skandynawsk\u0105 mark\u0119 wyposa\u017cenia wn\u0119trz. Wykonany zosta\u0142 z polerowanego szk\u0142a, z naturalnym korkiem i otworem po\u015brodku. Niesamowita przejrzysto\u015b\u0107 szk\u0142a sprawi\u0142a, \u017ce \u200b\u200bkwiaty w \u015brodku by\u0142y wyra\u017anie widoczne, co prze\u0142o\u017cy\u0142o si\u0119 na 28% wzrost sprzeda\u017cy powi\u0105zanych produkt\u00f3w wyposa\u017cenia wn\u0119trz. Po drugie, solidne, p\u0142askie dno i zastosowanie korka w wazonie minimalizuj\u0105 ryzyko st\u0142uczenia podczas transportu i codziennego u\u017cytkowania o 32%, co znacznie obni\u017ca koszty utrzymania produktu po sprzeda\u017cy. Odzew by\u0142 tak du\u017cy, \u017ce marka r\u00f3wnie\u017c by\u0142a bardzo zadowolona i zam\u00f3wi\u0142a kolejne 500 000 tych samych szklanych wazon\u00f3w, co zaowocowa\u0142o d\u0142ugotrwa\u0142\u0105 wsp\u00f3\u0142prac\u0105 z nami.<\/p>\n<h2>Pomys\u0142y na personalizacj\u0119 wazonu korkowego<\/h2>\n<ul>\n<li>Korek z podw\u00f3jnym otworem \u2013 dodaj drugi otw\u00f3r, aby umie\u015bci\u0107 dwie \u0142odygi na r\u00f3\u017cnych wysoko\u015bciach i stworzy\u0107 mini kompozycj\u0119.<\/li>\n<li>Grawerowana pokrywa korkowa \u2013 Wygraweruj laserowo logo klienta lub kr\u00f3tk\u0105 wiadomo\u015b\u0107 na powierzchni korka.<\/li>\n<li>Teksturowany korpus szklany \u2013 Dodaj do szk\u0142a delikatne pionowe linie \u017ceberek, aby uzyska\u0107 lepsz\u0105 przyczepno\u015b\u0107 i gr\u0119 \u015bwiat\u0142a.<\/li>\n<li>Kolorowy korek \u2013 U\u017cyj naturalnie barwionego korka w kolorze czarnym, bia\u0142ym lub terakotowym, aby uzyska\u0107 odwa\u017cniejszy efekt stylistyczny.<\/li>\n<\/ul>\n<p>Te zmiany pozwol\u0105 Ci zaoferowa\u0107 co\u015b wi\u0119cej ni\u017c tylko ozdobne wazony na kwiaty. Sprzedajesz histori\u0119 \u2013 natur\u0119, rzemios\u0142o i trosk\u0119.<\/p>","protected":false},"excerpt":{"rendered":"<p data-pm-slice=\"1 1 []\">Elegancki wazon sto\u0142owy o prostym, cylindrycznym kszta\u0142cie z naturalnym korkowym blatem. Przezroczysty szklany wazon korkowy idealny do kwiat\u00f3w, ga\u0142\u0119zi lub dekoracji sto\u0142u. Szybka wysy\u0142ka.<\/p>","protected":false},"featured_media":2523,"template":"","meta":{"site-sidebar-layout":"default","site-content-layout":"","ast-site-content-layout":"default","site-content-style":"default","site-sidebar-style":"default","ast-global-header-display":"","ast-banner-title-visibility":"","ast-main-header-display":"","ast-hfb-above-header-display":"","ast-hfb-below-header-display":"","ast-hfb-mobile-header-display":"","site-post-title":"","ast-breadcrumbs-content":"","ast-featured-img":"","footer-sml-layout":"","theme-transparent-header-meta":"default","adv-header-id-meta":"","stick-header-meta":"","header-above-stick-meta":"","header-main-stick-meta":"","header-below-stick-meta":"","astra-migrate-meta-layouts":"set","ast-page-background-enabled":"default","ast-page-background-meta":{"desktop":{"background-color":"var(--ast-global-color-5)","background-image":"","background-repeat":"repeat","background-position":"center center","background-size":"auto","background-attachment":"scroll","background-type":"","background-media":"","overlay-type":"","overlay-color":"","overlay-opacity":"","overlay-gradient":""},"tablet":{"background-color":"","background-image":"","background-repeat":"repeat","background-position":"center center","background-size":"auto","background-attachment":"scroll","background-type":"","background-media":"","overlay-type":"","overlay-color":"","overlay-opacity":"","overlay-gradient":""},"mobile":{"background-color":"","background-image":"","background-repeat":"repeat","background-position":"center center","background-size":"auto","background-attachment":"scroll","background-type":"","background-media":"","overlay-type":"","overlay-color":"","overlay-opacity":"","overlay-gradient":""}},"ast-content-background-meta":{"desktop":{"background-color":"var(--ast-global-color-4)","background-image":"","background-repeat":"repeat","background-position":"center center","background-size":"auto","background-attachment":"scroll","background-type":"","background-media":"","overlay-type":"","overlay-color":"","overlay-opacity":"","overlay-gradient":""},"tablet":{"background-color":"var(--ast-global-color-4)","background-image":"","background-repeat":"repeat","background-position":"center center","background-size":"auto","background-attachment":"scroll","background-type":"","background-media":"","overlay-type":"","overlay-color":"","overlay-opacity":"","overlay-gradient":""},"mobile":{"background-color":"var(--ast-global-color-4)","background-image":"","background-repeat":"repeat","background-position":"center center","background-size":"auto","background-attachment":"scroll","background-type":"","background-media":"","overlay-type":"","overlay-color":"","overlay-opacity":"","overlay-gradient":""}}},"product_brand":[],"product_cat":[57,21],"product_tag":[],"class_list":{"0":"post-2504","1":"product","2":"type-product","3":"status-publish","4":"has-post-thumbnail","6":"product_cat-glass-vases","7":"product_cat-product","8":"desktop-align-left","9":"tablet-align-left","10":"mobile-align-left","12":"first","13":"instock","14":"shipping-taxable","15":"product-type-simple"},"jetpack_sharing_enabled":true,"_links":{"self":[{"href":"https:\/\/mostebglass.com\/pl\/wp-json\/wp\/v2\/product\/2504","targetHints":{"allow":["GET"]}}],"collection":[{"href":"https:\/\/mostebglass.com\/pl\/wp-json\/wp\/v2\/product"}],"about":[{"href":"https:\/\/mostebglass.com\/pl\/wp-json\/wp\/v2\/types\/product"}],"wp:featuredmedia":[{"embeddable":true,"href":"https:\/\/mostebglass.com\/pl\/wp-json\/wp\/v2\/media\/2523"}],"wp:attachment":[{"href":"https:\/\/mostebglass.com\/pl\/wp-json\/wp\/v2\/media?parent=2504"}],"wp:term":[{"taxonomy":"product_brand","embeddable":true,"href":"https:\/\/mostebglass.com\/pl\/wp-json\/wp\/v2\/product_brand?post=2504"},{"taxonomy":"product_cat","embeddable":true,"href":"https:\/\/mostebglass.com\/pl\/wp-json\/wp\/v2\/product_cat?post=2504"},{"taxonomy":"product_tag","embeddable":true,"href":"https:\/\/mostebglass.com\/pl\/wp-json\/wp\/v2\/product_tag?post=2504"}],"curies":[{"name":"wp","href":"https:\/\/api.w.org\/{rel}","templated":true}]}}