{"id":2524,"date":"2025-09-23T17:21:23","date_gmt":"2025-09-23T09:21:23","guid":{"rendered":"https:\/\/mostebglass.com\/?post_type=product&#038;p=2524"},"modified":"2026-03-25T13:24:44","modified_gmt":"2026-03-25T05:24:44","slug":"clear-cylindrical-vases-in-textured-design-bulk","status":"publish","type":"product","link":"https:\/\/mostebglass.com\/pl\/clear-cylindrical-vases-in-textured-design-bulk\/","title":{"rendered":"1400 ml, 1750 ml, 2100 ml Przezroczyste cylindryczne wazony o teksturowanym wzorze, hurtowe"},"content":{"rendered":"<p>Ten du\u017cy, cylindryczny wazon ma pionowy, \u017cebrowany wz\u00f3r, pionowe linie rozci\u0105gaj\u0105 si\u0119 od podstawy do kraw\u0119dzi. Dost\u0119pny jest w trzech rozmiarach, dzi\u0119ki czemu doda Twoim kwiatom stylowego akcentu.<\/p>\n<h2><strong>Cechy produktu<\/strong><\/h2>\n<ul>\n<li style=\"list-style-type: none;\">\n<ul>\n<li style=\"list-style-type: none;\">\n<ul>\n<li><strong>Pionowe \u015bci\u0105gacze:<\/strong> Podniesione \u017cebra dodaj\u0105 uroku i przyci\u0105gaj\u0105 wzrok w ka\u017cdym otoczeniu, zwi\u0119kszaj\u0105c odbicie \u015bwiat\u0142a.<\/li>\n<li><strong>Kszta\u0142t d\u0142ugi, cylindryczny:<\/strong> Prosty, cylindryczny kszta\u0142t zapewnia wysoko\u015b\u0107 i struktur\u0119, co sprawia, \u017ce \u200b\u200bidealnie nadaje si\u0119 do tworzenia \u0142odyg lub d\u0142ugich kompozycji kwiatowych z przyci\u0105gaj\u0105cych wzrok sztucznych kwiat\u00f3w.<\/li>\n<li><strong>Trwa\u0142e szk\u0142o przezroczyste:<\/strong> Wazon wykonany z odpornego na dzia\u0142anie warunk\u00f3w atmosferycznych szk\u0142a borokrzemianowego jest trwa\u0142y i odporny na uszkodzenia, co czyni go dekoracyjnym wazonem najwy\u017cszej klasy.<\/li>\n<\/ul>\n<\/li>\n<\/ul>\n<\/li>\n<\/ul>\n<h2>Kluczowe specyfikacje<\/h2>\n<table style=\"border-collapse: collapse; margin-left: auto; margin-right: auto; width: 498.77pt;\" border=\"0\" width=\"665\" cellspacing=\"0\" cellpadding=\"0\">\n<tbody>\n<tr style=\"height: 13.50pt;\">\n<td style=\"height: 13.50pt; width: 105.00pt;\" width=\"140\" height=\"18\">Atrybut<\/td>\n<td style=\"width: 393.75pt;\" width=\"525\">Szczeg\u00f3\u0142<\/td>\n<\/tr>\n<tr style=\"height: 13.50pt;\">\n<td style=\"height: 13.50pt;\" height=\"18\">Kszta\u0142t<\/td>\n<td>Cylindryczny<\/td>\n<\/tr>\n<tr style=\"height: 13.50pt;\">\n<td style=\"height: 13.50pt;\" height=\"18\">Tworzywo<\/td>\n<td>Szk\u0142o borokrzemianowe<\/td>\n<\/tr>\n<tr style=\"height: 13.50pt;\">\n<td style=\"height: 13.50pt;\" height=\"18\">Wysoko\u015b\u0107<\/td>\n<td>20 cm, 25 cm, 30 cm<\/td>\n<\/tr>\n<tr style=\"height: 13.50pt;\">\n<td style=\"height: 13.50pt;\" height=\"18\">\u015arednica<\/td>\n<td>10 cm (wszystkie rozmiary)<\/td>\n<\/tr>\n<tr style=\"height: 13.50pt;\">\n<td style=\"height: 13.50pt;\" height=\"18\">Pojemno\u015b\u0107<\/td>\n<td>1400 ml, 1750 ml, 2100 ml<\/td>\n<\/tr>\n<tr style=\"height: 13.50pt;\">\n<td style=\"height: 13.50pt;\" height=\"18\">Powierzchnia<\/td>\n<td>Pionowa \u017cebrowana faktura<\/td>\n<\/tr>\n<tr style=\"height: 13.50pt;\">\n<td style=\"height: 13.50pt;\" height=\"18\">Idealny dla<\/td>\n<td>Wazony sto\u0142owe, aran\u017cacje pod\u0142ogowe, dekoracje \u015blubne, stylizacja sklep\u00f3w<\/td>\n<\/tr>\n<\/tbody>\n<\/table>\n<h2>Przypadek sukcesu<\/h2>\n<p>Jedna z niemieckich marek premium lifestylowych wybra\u0142a nasze ma\u0142e wazony o pojemno\u015bci 1400 ml z wysokoborokrzemianowego szk\u0142a, aby w\u0142\u0105czy\u0107 je do swojej linii produkt\u00f3w. Je\u015bli chodzi o personalizacj\u0119, powierzchnie wazon\u00f3w zosta\u0142y spersonalizowane; dzi\u0119ki precyzyjnej kalibracji form, uzyskali\u015bmy czyst\u0105 i wyrazist\u0105 faktur\u0119, \u017c\u0142obion\u0105 pionowo w g\u00f3r\u0119 i w d\u00f3\u0142 po bokach. Ponadto, logo marki zosta\u0142o wygrawerowane laserowo na spodzie ka\u017cdego wazonu, co nada\u0142o mu delikatny, matowy kontrast.<\/p>\n<p>Sprzeda\u017c tego typu produkt\u00f3w wzros\u0142a o 33% w ci\u0105gu sze\u015bciu tygodni od wprowadzenia na rynek. Marka wykorzysta\u0142a popyt rynkowy i pozytywne reakcje klient\u00f3w, aby natychmiast z\u0142o\u017cy\u0107 kolejne zam\u00f3wienie na 50 000 sztuk.<\/p>\n<h2>Pomys\u0142y na personalizacj\u0119 Twojego wazonu cylindrycznego<\/h2>\n<ul>\n<li>Sto\u017ckowy cylinder \u2013 Nieznaczne zw\u0119\u017cenie g\u00f3ry (9 cm) w stosunku do podstawy (10 cm) nadaje subtelny, vintage&#039;owy charakter.<\/li>\n<li>Szk\u0142o barwione \u2013 U\u017cyj mi\u0119kkiego, szarego lub sza\u0142wiowo-zielonego szk\u0142a, aby przyt\u0142umi\u0107 \u015bwiat\u0142o i doda\u0107 nastroju.<\/li>\n<li>Dwukolorowe trawienie \u2013 po\u0142\u0105cz przezroczyste szk\u0142o z wytrawionym laserowo geometrycznym paskiem u podstawy, aby wypromowa\u0107 swoj\u0105 mark\u0119.<\/li>\n<\/ul>\n<p>To nie s\u0105 zwyk\u0142e modyfikacje \u2014 to sposoby na przekszta\u0142cenie prostego szklanego wazonu w wyj\u0105tkowy element dekoracyjny.<\/p>","protected":false},"excerpt":{"rendered":"<p data-pm-slice=\"1 1 []\">Przezroczysty, cylindryczny wazon z pionowymi paskami. Elegancki, du\u017cy wazon na kwiaty do domu, na imprezy lub do sprzeda\u017cy hurtowej. Skorzystaj z rabat\u00f3w hurtowych, darmowych pr\u00f3bek i szybkiej dostawy.<\/p>","protected":false},"featured_media":2535,"template":"","meta":{"site-sidebar-layout":"default","site-content-layout":"","ast-site-content-layout":"default","site-content-style":"default","site-sidebar-style":"default","ast-global-header-display":"","ast-banner-title-visibility":"","ast-main-header-display":"","ast-hfb-above-header-display":"","ast-hfb-below-header-display":"","ast-hfb-mobile-header-display":"","site-post-title":"","ast-breadcrumbs-content":"","ast-featured-img":"","footer-sml-layout":"","theme-transparent-header-meta":"default","adv-header-id-meta":"","stick-header-meta":"","header-above-stick-meta":"","header-main-stick-meta":"","header-below-stick-meta":"","astra-migrate-meta-layouts":"set","ast-page-background-enabled":"default","ast-page-background-meta":{"desktop":{"background-color":"var(--ast-global-color-5)","background-image":"","background-repeat":"repeat","background-position":"center center","background-size":"auto","background-attachment":"scroll","background-type":"","background-media":"","overlay-type":"","overlay-color":"","overlay-opacity":"","overlay-gradient":""},"tablet":{"background-color":"","background-image":"","background-repeat":"repeat","background-position":"center center","background-size":"auto","background-attachment":"scroll","background-type":"","background-media":"","overlay-type":"","overlay-color":"","overlay-opacity":"","overlay-gradient":""},"mobile":{"background-color":"","background-image":"","background-repeat":"repeat","background-position":"center center","background-size":"auto","background-attachment":"scroll","background-type":"","background-media":"","overlay-type":"","overlay-color":"","overlay-opacity":"","overlay-gradient":""}},"ast-content-background-meta":{"desktop":{"background-color":"var(--ast-global-color-4)","background-image":"","background-repeat":"repeat","background-position":"center center","background-size":"auto","background-attachment":"scroll","background-type":"","background-media":"","overlay-type":"","overlay-color":"","overlay-opacity":"","overlay-gradient":""},"tablet":{"background-color":"var(--ast-global-color-4)","background-image":"","background-repeat":"repeat","background-position":"center center","background-size":"auto","background-attachment":"scroll","background-type":"","background-media":"","overlay-type":"","overlay-color":"","overlay-opacity":"","overlay-gradient":""},"mobile":{"background-color":"var(--ast-global-color-4)","background-image":"","background-repeat":"repeat","background-position":"center center","background-size":"auto","background-attachment":"scroll","background-type":"","background-media":"","overlay-type":"","overlay-color":"","overlay-opacity":"","overlay-gradient":""}}},"product_brand":[],"product_cat":[57,21],"product_tag":[],"class_list":{"0":"post-2524","1":"product","2":"type-product","3":"status-publish","4":"has-post-thumbnail","6":"product_cat-glass-vases","7":"product_cat-product","8":"desktop-align-left","9":"tablet-align-left","10":"mobile-align-left","12":"first","13":"instock","14":"shipping-taxable","15":"product-type-simple"},"jetpack_sharing_enabled":true,"_links":{"self":[{"href":"https:\/\/mostebglass.com\/pl\/wp-json\/wp\/v2\/product\/2524","targetHints":{"allow":["GET"]}}],"collection":[{"href":"https:\/\/mostebglass.com\/pl\/wp-json\/wp\/v2\/product"}],"about":[{"href":"https:\/\/mostebglass.com\/pl\/wp-json\/wp\/v2\/types\/product"}],"wp:featuredmedia":[{"embeddable":true,"href":"https:\/\/mostebglass.com\/pl\/wp-json\/wp\/v2\/media\/2535"}],"wp:attachment":[{"href":"https:\/\/mostebglass.com\/pl\/wp-json\/wp\/v2\/media?parent=2524"}],"wp:term":[{"taxonomy":"product_brand","embeddable":true,"href":"https:\/\/mostebglass.com\/pl\/wp-json\/wp\/v2\/product_brand?post=2524"},{"taxonomy":"product_cat","embeddable":true,"href":"https:\/\/mostebglass.com\/pl\/wp-json\/wp\/v2\/product_cat?post=2524"},{"taxonomy":"product_tag","embeddable":true,"href":"https:\/\/mostebglass.com\/pl\/wp-json\/wp\/v2\/product_tag?post=2524"}],"curies":[{"name":"wp","href":"https:\/\/api.w.org\/{rel}","templated":true}]}}