{"id":2718,"date":"2025-09-25T09:17:05","date_gmt":"2025-09-25T01:17:05","guid":{"rendered":"https:\/\/mostebglass.com\/?post_type=product&#038;p=2718"},"modified":"2026-03-23T13:29:33","modified_gmt":"2026-03-23T05:29:33","slug":"gradient-glass-vase-set-in-different-shape-bulk","status":"publish","type":"product","link":"https:\/\/mostebglass.com\/pl\/gradient-glass-vase-set-in-different-shape-bulk\/","title":{"rendered":"Zestaw szklanych wazon\u00f3w gradientowych w r\u00f3\u017cnych kszta\u0142tach (luzem)"},"content":{"rendered":"<p>Ta pi\u0119ciocz\u0119\u015bciowa kolekcja wazon\u00f3w obejmuje szklane wazony o odcieniach od niebieskiego do \u017c\u00f3\u0142tego, dost\u0119pne w r\u00f3\u017cnych kszta\u0142tach i ozdobione delikatnymi fakturami, w tym t\u0142oczonymi wzorami kwiatowymi, szlifami diamentowymi, a tak\u017ce wzorami \u017cebrowanymi i spiralnymi, z kt\u00f3rych ka\u017cdy ukazuje swoje odr\u0119bne pi\u0119kno.<\/p>\n<h2><strong>Cechy produktu<\/strong><\/h2>\n<ul>\n<li><strong>R\u00f3\u017cnorodne kszta\u0142ty<\/strong>:Te 5 szklanych wazon\u00f3w ma r\u00f3\u017cne kszta\u0142ty, w tym smuk\u0142e, spiralne itp., kt\u00f3re mo\u017cna dopasowa\u0107 do r\u00f3\u017cnych kszta\u0142t\u00f3w kwiat\u00f3w i dekoracji.<\/li>\n<li><strong>Gradient kolor\u00f3w<\/strong>:Po\u0142\u0105czenie gradientu kolor\u00f3w niebieskiego i \u017c\u00f3\u0142tego jest \u015bwie\u017ce i wielowarstwowe, dodaj\u0105c wizualnego pi\u0119kna kompozycji kwiatowej.<\/li>\n<li><strong>Bogata faktura powierzchni<\/strong>:Diamentowe, spiralne, \u017cebrowane i kwiatowe detale sprawiaj\u0105, \u017ce ka\u017cdy szklany wazon wygl\u0105da na wykonany r\u0119cznie.<\/li>\n<\/ul>\n<h2>Kluczowe specyfikacje<\/h2>\n<table style=\"border-collapse: collapse; margin-left: auto; margin-right: auto; width: 468.77pt;\" border=\"0\" width=\"625\" cellspacing=\"0\" cellpadding=\"0\">\n<tbody>\n<tr style=\"height: 13.50pt;\">\n<td style=\"height: 13.5pt; width: 105pt; text-align: center;\" width=\"140\" height=\"18\">Funkcja<\/td>\n<td style=\"width: 363.75pt; text-align: center;\" width=\"485\">Bli\u017csze dane<\/td>\n<\/tr>\n<tr style=\"height: 13.50pt;\">\n<td style=\"height: 13.5pt; text-align: center;\" height=\"18\">Ustaw rozmiar<\/td>\n<td style=\"text-align: center;\">5 sztuk<\/td>\n<\/tr>\n<tr style=\"height: 13.50pt;\">\n<td style=\"height: 13.5pt; text-align: center;\" height=\"18\">Tworzywo<\/td>\n<td style=\"text-align: center;\">Szk\u0142em sodowo wapiennym<\/td>\n<\/tr>\n<tr style=\"height: 13.50pt;\">\n<td style=\"height: 13.5pt; text-align: center;\" height=\"18\">Kolor<\/td>\n<td style=\"text-align: center;\">Gradient niebiesko-\u017c\u00f3\u0142ty (mo\u017cna dostosowa\u0107)<\/td>\n<\/tr>\n<tr style=\"height: 13.50pt;\">\n<td style=\"height: 13.5pt; text-align: center;\" height=\"18\">R\u00f3\u017cnorodno\u015b\u0107 projekt\u00f3w<\/td>\n<td style=\"text-align: center;\">Wysoki, w\u0105ski, spiralny, \u017cebrowany, rozszerzany, teksturowany<\/td>\n<\/tr>\n<tr style=\"height: 13.50pt;\">\n<td style=\"height: 13.5pt; text-align: center;\" height=\"18\">Szczeg\u00f3\u0142y powierzchni<\/td>\n<td style=\"text-align: center;\">Wz\u00f3r diamentowy, spiralny rowek, relief kwiatowy<\/td>\n<\/tr>\n<tr style=\"height: 13.50pt;\">\n<td style=\"height: 13.5pt; text-align: center;\" height=\"18\">Najlepsze dla<\/td>\n<td style=\"text-align: center;\">P\u0105czek wazonowy, wazon na kwiaty, sztuczna \u0142odyga, doniczka<\/td>\n<\/tr>\n<tr style=\"height: 13.50pt;\">\n<td style=\"height: 13.5pt; text-align: center;\" height=\"18\">Styl<\/td>\n<td style=\"text-align: center;\">Nowoczesny wazon, eleganckie wazony dekoracyjne<\/td>\n<\/tr>\n<\/tbody>\n<\/table>\n<h2>Historia sukcesu<\/h2>\n<p>Nasz\u0105 kolekcj\u0119 ma\u0142ych wazon\u00f3w na biurko wybra\u0142a w\u0142oska marka zajmuj\u0105ca si\u0119 wystrojem wn\u0119trz. Poniewa\u017c ich szczeg\u00f3lnym wymaganiem by\u0142o stworzenie efektownych wizualnie ekspozycji, zastosowali\u015bmy zr\u00f3\u017cnicowan\u0105 strategi\u0119 personalizacji: dodali\u015bmy wi\u0119cej po\u0142yskliwych powierzchni do r\u00f3\u017cnych faktur (t\u0142oczenia diamentowe, pionowe paski i marszczenia), aby ca\u0142y zestaw produkt\u00f3w m\u00f3g\u0142 odbija\u0107 \u015bwiat\u0142o w r\u00f3\u017cnych warstwach. Ponadto, ujednolicili\u015bmy otwory wazon\u00f3w, nadaj\u0105c im wi\u0119ksze rozmiary, bardziej odpowiednie do umieszczenia pojedynczych \u0142odyg lub kompozycji z suszonych kwiat\u00f3w. Na koniec stworzyli\u015bmy spersonalizowane opakowanie prezentowe, kt\u00f3re estetycznie nawi\u0105zywa\u0142o do wygl\u0105du samych wazon\u00f3w, a tym samym by\u0142o sp\u00f3jne z og\u00f3lnym wizerunkiem marki.<\/p>\n<p>Wraz z wprowadzeniem na rynek, sprzeda\u017c tej serii wzros\u0142a o oko\u0142o 58 procent w pierwszym kwartale. W drugim kwartale marka dokonywa\u0142a hurtowych zam\u00f3wie\u0144 na ca\u0142y zestaw, staj\u0105c si\u0119 jednym z flagowych produkt\u00f3w w swoich witrynach sklepowych.<\/p>\n<h2>Spersonalizowany zestaw szklanych wazon\u00f3w<\/h2>\n<ul>\n<li>Wygraweruj laserowo charakterystyczny motyw \u2013 male\u0144ki li\u015b\u0107, s\u0142o\u0144ce lub abstrakcyjny kszta\u0142t blisko podstawy, widoczny tylko z bliska.<\/li>\n<li>Teksturuj szyjk\u0119 \u2013 rowkowane lub \u017c\u0142obkowane obrze\u017ce dodaje namacalnego luksusu i ukrywa odciski palc\u00f3w.<\/li>\n<li>Lekko przyciemnij przezroczyste szk\u0142o \u2013 nawet \u201eprzezroczyste\u201d wersje mog\u0105 mie\u0107 odrobin\u0119 ciep\u0142a lub ch\u0142odu, dla subtelnego urozmaicenia.<\/li>\n<\/ul>\n<p>To nie tylko zmiany kosmetyczne. Zmieniaj\u0105 pi\u0119kny szklany wazon w produkt firmowy.<\/p>","protected":false},"excerpt":{"rendered":"<p data-pm-slice=\"1 1 []\">Hurtowy zestaw wazon\u00f3w i szklanych wazon\u00f3w z t\u0142oczonymi detalami i eleganckimi kszta\u0142tami. T\u0142oczone i spiralne faktury dodaj\u0105 uroku vintage. Dost\u0119pne bezp\u0142atne pr\u00f3bki.<\/p>","protected":false},"featured_media":2741,"template":"","meta":{"site-sidebar-layout":"default","site-content-layout":"","ast-site-content-layout":"default","site-content-style":"default","site-sidebar-style":"default","ast-global-header-display":"","ast-banner-title-visibility":"","ast-main-header-display":"","ast-hfb-above-header-display":"","ast-hfb-below-header-display":"","ast-hfb-mobile-header-display":"","site-post-title":"","ast-breadcrumbs-content":"","ast-featured-img":"","footer-sml-layout":"","theme-transparent-header-meta":"default","adv-header-id-meta":"","stick-header-meta":"","header-above-stick-meta":"","header-main-stick-meta":"","header-below-stick-meta":"","astra-migrate-meta-layouts":"set","ast-page-background-enabled":"default","ast-page-background-meta":{"desktop":{"background-color":"var(--ast-global-color-5)","background-image":"","background-repeat":"repeat","background-position":"center center","background-size":"auto","background-attachment":"scroll","background-type":"","background-media":"","overlay-type":"","overlay-color":"","overlay-opacity":"","overlay-gradient":""},"tablet":{"background-color":"","background-image":"","background-repeat":"repeat","background-position":"center center","background-size":"auto","background-attachment":"scroll","background-type":"","background-media":"","overlay-type":"","overlay-color":"","overlay-opacity":"","overlay-gradient":""},"mobile":{"background-color":"","background-image":"","background-repeat":"repeat","background-position":"center center","background-size":"auto","background-attachment":"scroll","background-type":"","background-media":"","overlay-type":"","overlay-color":"","overlay-opacity":"","overlay-gradient":""}},"ast-content-background-meta":{"desktop":{"background-color":"var(--ast-global-color-4)","background-image":"","background-repeat":"repeat","background-position":"center center","background-size":"auto","background-attachment":"scroll","background-type":"","background-media":"","overlay-type":"","overlay-color":"","overlay-opacity":"","overlay-gradient":""},"tablet":{"background-color":"var(--ast-global-color-4)","background-image":"","background-repeat":"repeat","background-position":"center center","background-size":"auto","background-attachment":"scroll","background-type":"","background-media":"","overlay-type":"","overlay-color":"","overlay-opacity":"","overlay-gradient":""},"mobile":{"background-color":"var(--ast-global-color-4)","background-image":"","background-repeat":"repeat","background-position":"center center","background-size":"auto","background-attachment":"scroll","background-type":"","background-media":"","overlay-type":"","overlay-color":"","overlay-opacity":"","overlay-gradient":""}}},"product_brand":[],"product_cat":[57,21],"product_tag":[],"class_list":{"0":"post-2718","1":"product","2":"type-product","3":"status-publish","4":"has-post-thumbnail","6":"product_cat-glass-vases","7":"product_cat-product","8":"desktop-align-left","9":"tablet-align-left","10":"mobile-align-left","12":"first","13":"instock","14":"shipping-taxable","15":"product-type-simple"},"jetpack_sharing_enabled":true,"_links":{"self":[{"href":"https:\/\/mostebglass.com\/pl\/wp-json\/wp\/v2\/product\/2718","targetHints":{"allow":["GET"]}}],"collection":[{"href":"https:\/\/mostebglass.com\/pl\/wp-json\/wp\/v2\/product"}],"about":[{"href":"https:\/\/mostebglass.com\/pl\/wp-json\/wp\/v2\/types\/product"}],"wp:featuredmedia":[{"embeddable":true,"href":"https:\/\/mostebglass.com\/pl\/wp-json\/wp\/v2\/media\/2741"}],"wp:attachment":[{"href":"https:\/\/mostebglass.com\/pl\/wp-json\/wp\/v2\/media?parent=2718"}],"wp:term":[{"taxonomy":"product_brand","embeddable":true,"href":"https:\/\/mostebglass.com\/pl\/wp-json\/wp\/v2\/product_brand?post=2718"},{"taxonomy":"product_cat","embeddable":true,"href":"https:\/\/mostebglass.com\/pl\/wp-json\/wp\/v2\/product_cat?post=2718"},{"taxonomy":"product_tag","embeddable":true,"href":"https:\/\/mostebglass.com\/pl\/wp-json\/wp\/v2\/product_tag?post=2718"}],"curies":[{"name":"wp","href":"https:\/\/api.w.org\/{rel}","templated":true}]}}