{"id":2750,"date":"2025-09-25T17:13:49","date_gmt":"2025-09-25T09:13:49","guid":{"rendered":"https:\/\/mostebglass.com\/?post_type=product&#038;p=2750"},"modified":"2025-09-25T17:13:52","modified_gmt":"2025-09-25T09:13:52","slug":"vintage-kamea-witraz-paczki-wazony-luzem","status":"publish","type":"product","link":"https:\/\/mostebglass.com\/pl\/vintage-cameo-stained-glass-bud-vases-bulk\/","title":{"rendered":"Wazony z witra\u017cem w stylu vintage, hurtowe, do kompozycji kwiatowych"},"content":{"rendered":"<p>Masz do\u015b\u0107 ma\u0142ych wazonik\u00f3w na kwiaty, kt\u00f3re Ci\u0119 rozczarowuj\u0105? Tworzymy wazony na p\u0105ki hurtowo z przezroczystego szk\u0142a z kwiatowymi detalami \u2013 bez sztucznych \u0142odyg. Te nowoczesne wazony zamieniaj\u0105 sztuczne \u0142odygi w rozkwitaj\u0105ce chwile. Zam\u00f3wienia hurtowe obejmuj\u0105 niestandardowe opcje kolorystyczne \u2013 Tw\u00f3j zestaw wazon\u00f3w stanie si\u0119 bohaterem.<\/p>\n<h2>Cechy produktu<\/h2>\n<p><strong>Elegancja kwiatowej faktury<\/strong><\/p>\n<p>Kwiatowe wzory t\u0142oczone r\u0119cznie na przezroczystym szkle sprawiaj\u0105 wra\u017cenie, jakby ka\u017cdy wazon by\u0142 wykonany r\u0119cznie, a nie masowo.<\/p>\n<p><strong>Perfekcja wazonu na p\u0105ki<\/strong><\/p>\n<p>Wazon na p\u0105ki jest idealny na pojedyncze \u0142odygi kwiat\u00f3w lub ca\u0142e p\u0119dy \u2013 idealny do dekoracji domu, na biurko lub st\u00f3\u0142.<\/p>\n<p><strong>Harmonia kolor\u00f3w<\/strong><\/p>\n<p>Wybierz kolor niebieski, zielony, br\u0105zowy lub przezroczysty \u2013 Tw\u00f3j wazon pasuje do nastroju Twojej marki, nie tylko do pory roku.<\/p>\n<h2><strong data-spm-anchor-id=\"5176.28103460.0.i14.29ab2e314T5xkY\">Kluczowe specyfikacje<\/strong><\/h2>\n<table style=\"border-collapse: collapse; width: 80%; margin-left: auto; margin-right: auto;\" border=\"0\" width=\"288\" cellspacing=\"0\" cellpadding=\"0\">\n<tbody>\n<tr style=\"height: 13.50pt;\">\n<td style=\"height: 13.5pt; width: 54pt; text-align: center;\" width=\"72\" height=\"18\">Styl<\/td>\n<td style=\"width: 54pt; text-align: center;\" width=\"72\">Rozmiar (mm)<\/td>\n<td style=\"width: 54pt; text-align: center;\" width=\"72\">Tworzywo<\/td>\n<td style=\"width: 54pt; text-align: center;\" width=\"72\">Opcje kolor\u00f3w<\/td>\n<\/tr>\n<tr style=\"height: 13.50pt;\">\n<td style=\"height: 13.5pt; text-align: center;\" height=\"18\">Wz\u00f3r t\u0142oczony<\/td>\n<td style=\"text-align: center;\">68 x 127 x 33<\/td>\n<td style=\"text-align: center;\">Szk\u0142o<\/td>\n<td style=\"text-align: center;\">Przezroczysty, Niebieski, Zielony, Br\u0105zowy<\/td>\n<\/tr>\n<\/tbody>\n<\/table>\n<h3>Spersonalizowane sugestie<\/h3>\n<ol>\n<li><strong>Sezonowe kolorowe krople:<\/strong>Wiosn\u0105 dost\u0119pny jest wazon w kolorze niebiesko-bia\u0142ym, a latem wazon w kolorze szaro-zielonym \u2013 bez dodatkowej op\u0142aty w przypadku zam\u00f3wienia Balk Order.<\/li>\n<li><strong>Wz\u00f3r t\u0142oczony:<\/strong>Ten niewielki wazon ma wyj\u0105tkowy, t\u0142oczony wz\u00f3r w stylu vintage i doskonale nadaje si\u0119 do aran\u017cacji kwiat\u00f3w lub jako dekoracyjny akcent w salonie, jadalni lub gabinecie.<\/li>\n<\/ol>\n<p>&nbsp;<\/p>","protected":false},"excerpt":{"rendered":"<p>Wazony na kwiaty hurtowo i ma\u0142e wazony. Szk\u0142o na zam\u00f3wienie, kwiatowa faktura. Idealne do dekoracji domu i na wesela. Ceny hurtowe. Ulepsz swoj\u0105 aran\u017cacj\u0119 ju\u017c dzi\u015b!<\/p>","protected":false},"featured_media":2756,"template":"","meta":{"site-sidebar-layout":"default","site-content-layout":"","ast-site-content-layout":"default","site-content-style":"default","site-sidebar-style":"default","ast-global-header-display":"","ast-banner-title-visibility":"","ast-main-header-display":"","ast-hfb-above-header-display":"","ast-hfb-below-header-display":"","ast-hfb-mobile-header-display":"","site-post-title":"","ast-breadcrumbs-content":"","ast-featured-img":"","footer-sml-layout":"","theme-transparent-header-meta":"default","adv-header-id-meta":"","stick-header-meta":"","header-above-stick-meta":"","header-main-stick-meta":"","header-below-stick-meta":"","astra-migrate-meta-layouts":"set","ast-page-background-enabled":"default","ast-page-background-meta":{"desktop":{"background-color":"var(--ast-global-color-5)","background-image":"","background-repeat":"repeat","background-position":"center center","background-size":"auto","background-attachment":"scroll","background-type":"","background-media":"","overlay-type":"","overlay-color":"","overlay-opacity":"","overlay-gradient":""},"tablet":{"background-color":"","background-image":"","background-repeat":"repeat","background-position":"center center","background-size":"auto","background-attachment":"scroll","background-type":"","background-media":"","overlay-type":"","overlay-color":"","overlay-opacity":"","overlay-gradient":""},"mobile":{"background-color":"","background-image":"","background-repeat":"repeat","background-position":"center center","background-size":"auto","background-attachment":"scroll","background-type":"","background-media":"","overlay-type":"","overlay-color":"","overlay-opacity":"","overlay-gradient":""}},"ast-content-background-meta":{"desktop":{"background-color":"var(--ast-global-color-4)","background-image":"","background-repeat":"repeat","background-position":"center center","background-size":"auto","background-attachment":"scroll","background-type":"","background-media":"","overlay-type":"","overlay-color":"","overlay-opacity":"","overlay-gradient":""},"tablet":{"background-color":"var(--ast-global-color-4)","background-image":"","background-repeat":"repeat","background-position":"center center","background-size":"auto","background-attachment":"scroll","background-type":"","background-media":"","overlay-type":"","overlay-color":"","overlay-opacity":"","overlay-gradient":""},"mobile":{"background-color":"var(--ast-global-color-4)","background-image":"","background-repeat":"repeat","background-position":"center center","background-size":"auto","background-attachment":"scroll","background-type":"","background-media":"","overlay-type":"","overlay-color":"","overlay-opacity":"","overlay-gradient":""}}},"product_brand":[],"product_cat":[21,57],"product_tag":[],"class_list":{"0":"post-2750","1":"product","2":"type-product","3":"status-publish","4":"has-post-thumbnail","6":"product_cat-product","7":"product_cat-glass-vases","8":"desktop-align-left","9":"tablet-align-left","10":"mobile-align-left","12":"first","13":"instock","14":"shipping-taxable","15":"product-type-simple"},"jetpack_sharing_enabled":true,"_links":{"self":[{"href":"https:\/\/mostebglass.com\/pl\/wp-json\/wp\/v2\/product\/2750","targetHints":{"allow":["GET"]}}],"collection":[{"href":"https:\/\/mostebglass.com\/pl\/wp-json\/wp\/v2\/product"}],"about":[{"href":"https:\/\/mostebglass.com\/pl\/wp-json\/wp\/v2\/types\/product"}],"wp:featuredmedia":[{"embeddable":true,"href":"https:\/\/mostebglass.com\/pl\/wp-json\/wp\/v2\/media\/2756"}],"wp:attachment":[{"href":"https:\/\/mostebglass.com\/pl\/wp-json\/wp\/v2\/media?parent=2750"}],"wp:term":[{"taxonomy":"product_brand","embeddable":true,"href":"https:\/\/mostebglass.com\/pl\/wp-json\/wp\/v2\/product_brand?post=2750"},{"taxonomy":"product_cat","embeddable":true,"href":"https:\/\/mostebglass.com\/pl\/wp-json\/wp\/v2\/product_cat?post=2750"},{"taxonomy":"product_tag","embeddable":true,"href":"https:\/\/mostebglass.com\/pl\/wp-json\/wp\/v2\/product_tag?post=2750"}],"curies":[{"name":"wp","href":"https:\/\/api.w.org\/{rel}","templated":true}]}}