{"id":2757,"date":"2025-09-26T17:36:43","date_gmt":"2025-09-26T09:36:43","guid":{"rendered":"https:\/\/mostebglass.com\/?post_type=product&#038;p=2757"},"modified":"2025-09-26T17:36:46","modified_gmt":"2025-09-26T09:36:46","slug":"kolorowy-szklany-wazon-na-kwiaty-do-domu","status":"publish","type":"product","link":"https:\/\/mostebglass.com\/pl\/coloured-flower-vase-in-glass-for-home-centerpiece\/","title":{"rendered":"Kolorowy wazon na kwiaty ze szk\u0142a do dekoracji domu i na imprezy"},"content":{"rendered":"<p>Masz do\u015b\u0107 zestaw\u00f3w wazon\u00f3w, kt\u00f3re nie opowiadaj\u0105 Twojej historii? Tworzymy szklane wazony z kwiatowymi detalami \u2013 bez sztucznych \u0142odyg. Te kolorowe szklane wazony zamieniaj\u0105 wystr\u00f3j domu w temat do rozm\u00f3w. Zam\u00f3wienia hurtowe obejmuj\u0105 niestandardowe opcje kolorystyczne, dopasowane do ducha Twojej marki.<\/p>\n<h2>Cechy produktu<\/h2>\n<p><strong>Nowoczesna wszechstronno\u015b\u0107 wazon\u00f3w<\/strong><\/p>\n<p>Oliwkowy, okr\u0105g\u0142y brzuch lub \u0142ezka-zatrzymanie magiczne ustawione na wazonie lub biurku do magii.<\/p>\n<p><strong>Harmonia kolor\u00f3w<\/strong><\/p>\n<p>Wybierz kolor sza\u0142wiowej zieleni, bursztynu, szaro\u015bci lub transparentno\u015bci \u2013 Tw\u00f3j wazon na kwiaty b\u0119dzie pasowa\u0142 do nastroju Twojej marki.<\/p>\n<h3><strong data-spm-anchor-id=\"5176.28103460.0.i21.29ab2e314T5xkY\">Kluczowe specyfikacje<\/strong><\/h3>\n<table style=\"border-collapse: collapse; width: 80%; margin-left: auto; margin-right: auto;\" border=\"0\" width=\"216\" cellspacing=\"0\" cellpadding=\"0\">\n<tbody>\n<tr style=\"height: 13.50pt;\">\n<td style=\"height: 13.5pt; width: 54pt; text-align: center;\" width=\"72\" height=\"18\">Kszta\u0142t<\/td>\n<td style=\"width: 54pt; text-align: center;\" width=\"72\">Rozmiar (mm)<\/td>\n<td style=\"width: 54pt; text-align: center;\" width=\"72\">Opcje kolor\u00f3w<\/td>\n<\/tr>\n<tr style=\"height: 13.50pt;\">\n<td style=\"height: 13.5pt; text-align: center;\" height=\"18\">W kszta\u0142cie oliwki<\/td>\n<td style=\"text-align: center;\">76x110x26<\/td>\n<td class=\"et2\" style=\"text-align: center;\" rowspan=\"3\">Przezroczysty, Szary, Bursztynowy, Le\u015bna Ziele\u0144<\/td>\n<\/tr>\n<tr style=\"height: 13.50pt;\">\n<td style=\"height: 13.5pt; text-align: center;\" height=\"18\">Okr\u0105g\u0142y brzuch<\/td>\n<td style=\"text-align: center;\">73x128x36<\/td>\n<\/tr>\n<tr style=\"height: 13.50pt;\">\n<td style=\"height: 13.5pt; text-align: center;\" height=\"18\">\u0141za<\/td>\n<td style=\"text-align: center;\">70x143x34<\/td>\n<\/tr>\n<\/tbody>\n<\/table>\n<h2>Wskaz\u00f3wki niestandardowe<\/h2>\n<ol>\n<li><strong>Pakiet wazon\u00f3w na p\u0105ki:<\/strong>Para kolorowych szklanych wazon\u00f3w \u201ezestaw gotowy do ekspozycji\u201d z wst\u0119pnie ustabilizowanymi, nieczystymi trzonkami. Sprzedawcy detaliczni sprzedaj\u0105 je szybko \u2013 Tw\u00f3j wazon staje si\u0119 kompletnym do\u015bwiadczeniem.<\/li>\n<li><strong>Kolekcja oparta na rozmiarze:<\/strong>Zestaw oliwka + \u0142za jako \u201ezestaw ziemi i elegancji\u201d dla sklep\u00f3w z artyku\u0142ami wyposa\u017cenia wn\u0119trz. Powiedz im: \u201eMieszaj kszta\u0142ty dla dynamicznej aran\u017cacji\u201d.<\/li>\n<\/ol>","protected":false},"excerpt":{"rendered":"<p>Wazon ze szk\u0142a kolorowego i wazon na kwiaty w szklanych zestawach. Niestandardowa tekstura kwiatowa. Idealny do dekoracji domu i wesel. Sprzeda\u017c hurtowa. Upi\u0119ksz swoj\u0105 aran\u017cacj\u0119 ju\u017c dzi\u015b!<\/p>","protected":false},"featured_media":2759,"template":"","meta":{"site-sidebar-layout":"default","site-content-layout":"","ast-site-content-layout":"default","site-content-style":"default","site-sidebar-style":"default","ast-global-header-display":"","ast-banner-title-visibility":"","ast-main-header-display":"","ast-hfb-above-header-display":"","ast-hfb-below-header-display":"","ast-hfb-mobile-header-display":"","site-post-title":"","ast-breadcrumbs-content":"","ast-featured-img":"","footer-sml-layout":"","theme-transparent-header-meta":"default","adv-header-id-meta":"","stick-header-meta":"","header-above-stick-meta":"","header-main-stick-meta":"","header-below-stick-meta":"","astra-migrate-meta-layouts":"set","ast-page-background-enabled":"default","ast-page-background-meta":{"desktop":{"background-color":"var(--ast-global-color-5)","background-image":"","background-repeat":"repeat","background-position":"center center","background-size":"auto","background-attachment":"scroll","background-type":"","background-media":"","overlay-type":"","overlay-color":"","overlay-opacity":"","overlay-gradient":""},"tablet":{"background-color":"","background-image":"","background-repeat":"repeat","background-position":"center center","background-size":"auto","background-attachment":"scroll","background-type":"","background-media":"","overlay-type":"","overlay-color":"","overlay-opacity":"","overlay-gradient":""},"mobile":{"background-color":"","background-image":"","background-repeat":"repeat","background-position":"center center","background-size":"auto","background-attachment":"scroll","background-type":"","background-media":"","overlay-type":"","overlay-color":"","overlay-opacity":"","overlay-gradient":""}},"ast-content-background-meta":{"desktop":{"background-color":"var(--ast-global-color-4)","background-image":"","background-repeat":"repeat","background-position":"center center","background-size":"auto","background-attachment":"scroll","background-type":"","background-media":"","overlay-type":"","overlay-color":"","overlay-opacity":"","overlay-gradient":""},"tablet":{"background-color":"var(--ast-global-color-4)","background-image":"","background-repeat":"repeat","background-position":"center center","background-size":"auto","background-attachment":"scroll","background-type":"","background-media":"","overlay-type":"","overlay-color":"","overlay-opacity":"","overlay-gradient":""},"mobile":{"background-color":"var(--ast-global-color-4)","background-image":"","background-repeat":"repeat","background-position":"center center","background-size":"auto","background-attachment":"scroll","background-type":"","background-media":"","overlay-type":"","overlay-color":"","overlay-opacity":"","overlay-gradient":""}}},"product_brand":[],"product_cat":[21,57],"product_tag":[],"class_list":{"0":"post-2757","1":"product","2":"type-product","3":"status-publish","4":"has-post-thumbnail","6":"product_cat-product","7":"product_cat-glass-vases","8":"desktop-align-left","9":"tablet-align-left","10":"mobile-align-left","12":"first","13":"instock","14":"shipping-taxable","15":"product-type-simple"},"jetpack_sharing_enabled":true,"_links":{"self":[{"href":"https:\/\/mostebglass.com\/pl\/wp-json\/wp\/v2\/product\/2757","targetHints":{"allow":["GET"]}}],"collection":[{"href":"https:\/\/mostebglass.com\/pl\/wp-json\/wp\/v2\/product"}],"about":[{"href":"https:\/\/mostebglass.com\/pl\/wp-json\/wp\/v2\/types\/product"}],"wp:featuredmedia":[{"embeddable":true,"href":"https:\/\/mostebglass.com\/pl\/wp-json\/wp\/v2\/media\/2759"}],"wp:attachment":[{"href":"https:\/\/mostebglass.com\/pl\/wp-json\/wp\/v2\/media?parent=2757"}],"wp:term":[{"taxonomy":"product_brand","embeddable":true,"href":"https:\/\/mostebglass.com\/pl\/wp-json\/wp\/v2\/product_brand?post=2757"},{"taxonomy":"product_cat","embeddable":true,"href":"https:\/\/mostebglass.com\/pl\/wp-json\/wp\/v2\/product_cat?post=2757"},{"taxonomy":"product_tag","embeddable":true,"href":"https:\/\/mostebglass.com\/pl\/wp-json\/wp\/v2\/product_tag?post=2757"}],"curies":[{"name":"wp","href":"https:\/\/api.w.org\/{rel}","templated":true}]}}