{"id":2804,"date":"2025-09-28T15:04:19","date_gmt":"2025-09-28T07:04:19","guid":{"rendered":"https:\/\/mostebglass.com\/?post_type=product&#038;p=2804"},"modified":"2026-03-23T11:11:53","modified_gmt":"2026-03-23T03:11:53","slug":"12-pcs-sets-of-small-flowers-vases-wholesale","status":"publish","type":"product","link":"https:\/\/mostebglass.com\/pl\/12-pcs-sets-of-small-flowers-vases-wholesale\/","title":{"rendered":"12 zestaw\u00f3w ma\u0142ych wazon\u00f3w na kwiaty hurtowo"},"content":{"rendered":"<p>Zestaw 12 wyj\u0105tkowych szklanych wazon\u00f3w na kwiaty, wykonanych ze szk\u0142a sodowo-wapniowego, oferuje r\u00f3\u017cnorodno\u015b\u0107 styl\u00f3w i czyst\u0105, nowoczesn\u0105 form\u0119, dzi\u0119ki kt\u00f3rej proste kompozycje kwiatowe staj\u0105 si\u0119 dzie\u0142ami sztuki.<\/p>\n<h2><strong>Cechy produktu<\/strong><\/h2>\n<ul>\n<li><strong>R\u00f3\u017cne kszta\u0142ty:<\/strong> Wybierz spo\u015br\u00f3d 12 r\u00f3\u017cnych kszta\u0142t\u00f3w \u2013 idealnych do kreatywnych aran\u017cacji, od d\u0142ugich i w\u0105skich po kr\u00f3tkie i szerokie.<\/li>\n<li><strong>Wyko\u0144czenie ze szk\u0142a teksturowanego:<\/strong> Ka\u017cdy szklany wazon ma wyj\u0105tkowe wyko\u0144czenie, np. pr\u0105\u017cki, rze\u017abienia kwiatowe lub wzory geometryczne, g\u0142\u0119bi\u0119 i styl.<\/li>\n<li><strong>Materia\u0142y przezroczyste:<\/strong> Wysokiej jako\u015bci, przezroczyste szk\u0142o sprawia, \u017ce \u200b\u200bte wazony podkre\u015blaj\u0105 poszczeg\u00f3lne \u0142odygi i p\u0142atki, dzi\u0119ki czemu Twoje sztuczne lub \u017cywe kwiaty wygl\u0105daj\u0105 wyj\u0105tkowo.<\/li>\n<\/ul>\n<h2>Kluczowe specyfikacje<\/h2>\n<table style=\"border-collapse: collapse; margin-left: auto; margin-right: auto; width: 496.52pt;\" border=\"0\" width=\"662\" cellspacing=\"0\" cellpadding=\"0\">\n<tbody>\n<tr style=\"height: 13.50pt;\">\n<td style=\"height: 13.50pt; width: 140.25pt;\" width=\"187\" height=\"18\">Funkcja<\/td>\n<td style=\"width: 356.25pt;\" width=\"475\">Bli\u017csze dane<\/td>\n<\/tr>\n<tr style=\"height: 13.50pt;\">\n<td style=\"height: 13.50pt;\" height=\"18\">Zestaw zawiera<\/td>\n<td>12 szklanych wazon\u00f3w na p\u0105ki (r\u00f3\u017cne kszta\u0142ty)<\/td>\n<\/tr>\n<tr style=\"height: 13.50pt;\">\n<td style=\"height: 13.50pt;\" height=\"18\">Tworzywo<\/td>\n<td>Szk\u0142o sodowo-wapniowe<\/td>\n<\/tr>\n<tr style=\"height: 13.50pt;\">\n<td style=\"height: 13.50pt;\" height=\"18\">Dost\u0119pne kolory<\/td>\n<td>Przezroczysty, gradient r\u00f3\u017cowy, gradient zielony, gradient niebieski<\/td>\n<\/tr>\n<tr style=\"height: 13.50pt;\">\n<td style=\"height: 13.50pt;\" height=\"18\">Rozmiar opakowania<\/td>\n<td>45 cm \u00d7 28 cm \u00d7 10,7 cm<\/td>\n<\/tr>\n<tr style=\"height: 13.50pt;\">\n<td style=\"height: 13.50pt;\" height=\"18\">Idealny dla<\/td>\n<td>Kompozycje z p\u0105k\u00f3w, sztuczne \u0142odygi, mini kwiaty<\/td>\n<\/tr>\n<\/tbody>\n<\/table>\n<h2>Przypadek sukcesu<\/h2>\n<p>Francuska marka zajmuj\u0105ca si\u0119 wystrojem wn\u0119trz wybra\u0142a nasz 12-elementowy zestaw wyt\u0142aczanych mini wazon\u00f3w jako g\u0142\u00f3wny element swojej kolekcji produkt\u00f3w Multi-Scenario Floral Arrangement Collection. Poszli\u015bmy o krok dalej, aby uczyni\u0107 t\u0119 seri\u0119 wyj\u0105tkow\u0105: zr\u00f3\u017cnicowali\u015bmy podstawowy, jednolity, krystalicznie czysty kolor na trzy r\u00f3\u017cne stopnie transparentno\u015bci: wysok\u0105 przejrzysto\u015b\u0107, lekk\u0105 mgie\u0142k\u0119 i jasn\u0105, dymn\u0105 szaro\u015b\u0107; zr\u00f3\u017cnicowali\u015bmy r\u00f3wnie\u017c g\u0142\u0119boko\u015b\u0107 t\u0142oczenia ka\u017cdego z wazon\u00f3w, aby uzyska\u0107 g\u0142\u0119bsze efekty wizualne po ich po\u0142\u0105czeniu. Wprowadzili\u015bmy r\u00f3wnie\u017c laserowo grawerowane kody partii na spodzie, aby umo\u017cliwi\u0107 klientom zarz\u0105dzanie zapasami i \u015bledzenie produkt\u00f3w.<\/p>\n<p>Seria odnotowa\u0142a \u0142\u0105czny wzrost sprzeda\u017cy o oko\u0142o 61 procent w ci\u0105gu dw\u00f3ch miesi\u0119cy od premiery. Co wi\u0119cej, pod koniec kwarta\u0142u marka dokona\u0142a dw\u00f3ch pe\u0142nych zam\u00f3wie\u0144 na kolejne zestawy, dzi\u0119ki czemu kolekcja sta\u0142a si\u0119 flagowym produktem prezentowanym na p\u00f3\u0142kach lub w pude\u0142kach prezentowych.<\/p>\n<h2>Wskaz\u00f3wki dotycz\u0105ce personalizacji<\/h2>\n<ul>\n<li>Wypr\u00f3buj delikatny odcie\u0144 gradientowy \u2013 przejd\u017a od czystego do r\u00f3\u017cowego lub sza\u0142wiowej zieleni, aby uzyska\u0107 marzycielski, inspirowany rozkwitem efekt.<\/li>\n<li>Dodaj matowe wyko\u0144czenie \u2013 matowa powierzchnia nadaje nowoczesny, elegancki wygl\u0105d, jednocze\u015bnie eksponuj\u0105c \u0142odygi.<\/li>\n<li>Dostosuj grubo\u015b\u0107 szyjki \u2013 smuk\u0142e szyjki podkre\u015blaj\u0105 uk\u0142ady z pojedyncz\u0105 \u0142odyg\u0105, szersze pozwalaj\u0105 na tworzenie mniejszych bukiet\u00f3w.<\/li>\n<li>R\u00f3\u017cnorodno\u015b\u0107 kszta\u0142t\u00f3w \u2013 Popro\u015b o bardziej asymetryczne lub kanciaste formy, aby wyr\u00f3\u017cni\u0107 si\u0119 na tle standardowych wzor\u00f3w wazon\u00f3w.<\/li>\n<\/ul>","protected":false},"excerpt":{"rendered":"<p>Uatrakcyjnij swoj\u0105 ofert\u0119 kwiatow\u0105 dzi\u0119ki naszemu wazonowi na kwiaty. Ten zestaw 12 wazon\u00f3w na kwiaty idealnie nadaje si\u0119 na prezent, \u015blub, imprez\u0119, a tak\u017ce do personalizacji.<\/p>","protected":false},"featured_media":2809,"template":"","meta":{"site-sidebar-layout":"default","site-content-layout":"","ast-site-content-layout":"default","site-content-style":"default","site-sidebar-style":"default","ast-global-header-display":"","ast-banner-title-visibility":"","ast-main-header-display":"","ast-hfb-above-header-display":"","ast-hfb-below-header-display":"","ast-hfb-mobile-header-display":"","site-post-title":"","ast-breadcrumbs-content":"","ast-featured-img":"","footer-sml-layout":"","theme-transparent-header-meta":"default","adv-header-id-meta":"","stick-header-meta":"","header-above-stick-meta":"","header-main-stick-meta":"","header-below-stick-meta":"","astra-migrate-meta-layouts":"set","ast-page-background-enabled":"default","ast-page-background-meta":{"desktop":{"background-color":"var(--ast-global-color-5)","background-image":"","background-repeat":"repeat","background-position":"center center","background-size":"auto","background-attachment":"scroll","background-type":"","background-media":"","overlay-type":"","overlay-color":"","overlay-opacity":"","overlay-gradient":""},"tablet":{"background-color":"","background-image":"","background-repeat":"repeat","background-position":"center center","background-size":"auto","background-attachment":"scroll","background-type":"","background-media":"","overlay-type":"","overlay-color":"","overlay-opacity":"","overlay-gradient":""},"mobile":{"background-color":"","background-image":"","background-repeat":"repeat","background-position":"center center","background-size":"auto","background-attachment":"scroll","background-type":"","background-media":"","overlay-type":"","overlay-color":"","overlay-opacity":"","overlay-gradient":""}},"ast-content-background-meta":{"desktop":{"background-color":"var(--ast-global-color-4)","background-image":"","background-repeat":"repeat","background-position":"center center","background-size":"auto","background-attachment":"scroll","background-type":"","background-media":"","overlay-type":"","overlay-color":"","overlay-opacity":"","overlay-gradient":""},"tablet":{"background-color":"var(--ast-global-color-4)","background-image":"","background-repeat":"repeat","background-position":"center center","background-size":"auto","background-attachment":"scroll","background-type":"","background-media":"","overlay-type":"","overlay-color":"","overlay-opacity":"","overlay-gradient":""},"mobile":{"background-color":"var(--ast-global-color-4)","background-image":"","background-repeat":"repeat","background-position":"center center","background-size":"auto","background-attachment":"scroll","background-type":"","background-media":"","overlay-type":"","overlay-color":"","overlay-opacity":"","overlay-gradient":""}}},"product_brand":[],"product_cat":[57,21],"product_tag":[],"class_list":{"0":"post-2804","1":"product","2":"type-product","3":"status-publish","4":"has-post-thumbnail","6":"product_cat-glass-vases","7":"product_cat-product","8":"desktop-align-left","9":"tablet-align-left","10":"mobile-align-left","12":"first","13":"instock","14":"shipping-taxable","15":"product-type-simple"},"jetpack_sharing_enabled":true,"_links":{"self":[{"href":"https:\/\/mostebglass.com\/pl\/wp-json\/wp\/v2\/product\/2804","targetHints":{"allow":["GET"]}}],"collection":[{"href":"https:\/\/mostebglass.com\/pl\/wp-json\/wp\/v2\/product"}],"about":[{"href":"https:\/\/mostebglass.com\/pl\/wp-json\/wp\/v2\/types\/product"}],"wp:featuredmedia":[{"embeddable":true,"href":"https:\/\/mostebglass.com\/pl\/wp-json\/wp\/v2\/media\/2809"}],"wp:attachment":[{"href":"https:\/\/mostebglass.com\/pl\/wp-json\/wp\/v2\/media?parent=2804"}],"wp:term":[{"taxonomy":"product_brand","embeddable":true,"href":"https:\/\/mostebglass.com\/pl\/wp-json\/wp\/v2\/product_brand?post=2804"},{"taxonomy":"product_cat","embeddable":true,"href":"https:\/\/mostebglass.com\/pl\/wp-json\/wp\/v2\/product_cat?post=2804"},{"taxonomy":"product_tag","embeddable":true,"href":"https:\/\/mostebglass.com\/pl\/wp-json\/wp\/v2\/product_tag?post=2804"}],"curies":[{"name":"wp","href":"https:\/\/api.w.org\/{rel}","templated":true}]}}