{"id":2848,"date":"2025-09-28T17:48:09","date_gmt":"2025-09-28T09:48:09","guid":{"rendered":"https:\/\/mostebglass.com\/?post_type=product&#038;p=2848"},"modified":"2025-09-28T17:48:12","modified_gmt":"2025-09-28T09:48:12","slug":"szklany-wazon-nowoczesne-naczynia-na-kwiaty-o-unikalnym-ksztalcie","status":"publish","type":"product","link":"https:\/\/mostebglass.com\/pl\/a-glass-vase-modern-flower-vessels-in-unique-shape\/","title":{"rendered":"Szklany wazon \u2013 nowoczesne dekoracyjne pojemniki na kwiaty o unikalnych kszta\u0142tach"},"content":{"rendered":"<p>Masz do\u015b\u0107 zestaw\u00f3w wazon\u00f3w, kt\u00f3re nie wywo\u0142uj\u0105 rado\u015bci? Tworzymy szklany wazon z artystycznym, niebieskim gradientem \u2013 bez sztucznych \u0142odyg. Te szklane kwiaty w wazonie zamieniaj\u0105 wystr\u00f3j domu w natychmiastowy temat do rozmowy. Zam\u00f3wienia hurtowe obejmuj\u0105 niestandardowe opcje kolorystyczne \u2013 Tw\u00f3j zestaw wazon\u00f3w stanie si\u0119 bohaterem.<\/p>\n<h2>Cechy produktu<\/h2>\n<p><strong>Kolorowy projekt<\/strong><\/p>\n<p>Dodaj artystyczn\u0105 g\u0142\u0119bi\u0119 kwiatu w gardle, kt\u00f3ry jest r\u0119cznie robiony na szklanym wazonie, a nie produkowany masowo.<\/p>\n<p><strong>Niestandardowa harmonia kolor\u00f3w<\/strong><\/p>\n<p>Dopasuj sza\u0142wiowy, bursztynowy lub le\u015bny odcie\u0144 zieleni do historii swojej marki \u2013 szklany kwiat w wazonie b\u0119dzie wygl\u0105da\u0142 jak rozwini\u0119cie Twojej duszy.<\/p>\n<h2>Kluczowe specyfikacje<\/h2>\n<table style=\"border-collapse: collapse; width: 80%; margin-left: auto; margin-right: auto;\" border=\"0\" width=\"216\" cellspacing=\"0\" cellpadding=\"0\">\n<tbody>\n<tr style=\"height: 13.50pt;\">\n<td style=\"height: 13.5pt; width: 54pt; text-align: center;\" width=\"72\" height=\"18\">Kszta\u0142t<\/td>\n<td style=\"width: 54pt; text-align: center;\" width=\"72\">Rozmiar (mm)<\/td>\n<td style=\"width: 54pt; text-align: center;\" width=\"72\">Opcje kolor\u00f3w<\/td>\n<\/tr>\n<tr style=\"height: 13.50pt;\">\n<td style=\"height: 13.5pt; text-align: center;\" height=\"18\">Wazon p\u0142aski okr\u0105g\u0142y<\/td>\n<td style=\"text-align: center;\">110 x 100 x 30<\/td>\n<td class=\"et2\" style=\"text-align: center;\" rowspan=\"3\">Przezroczysty, bursztynowy, szary, zielony lub niestandardowy<\/td>\n<\/tr>\n<tr style=\"height: 13.50pt;\">\n<td style=\"height: 13.5pt; text-align: center;\" height=\"18\">Wazon okr\u0105g\u0142y sp\u0142aszczony<\/td>\n<td style=\"text-align: center;\">90 x 111 x 30<\/td>\n<\/tr>\n<tr style=\"height: 13.50pt;\">\n<td style=\"height: 13.5pt; text-align: center;\" height=\"18\">Wazon z wysok\u0105 szyjk\u0105<\/td>\n<td style=\"text-align: center;\">70 x 150 x 28<\/td>\n<\/tr>\n<\/tbody>\n<\/table>\n<h2>Dopasowane sugestie<\/h2>\n<ol>\n<li><strong>Opowiadanie historii o kszta\u0142cie:<\/strong>Dopasuj szklany kwiat w wazonie do charakteru swojej marki: wysoka szyjka pasuje do luksusowych mebli, a p\u0142aski, zaokr\u0105glony kszta\u0142t nadaje rustykalny charakter. Tw\u00f3j szklany kwiat w wazonie odzwierciedla g\u0142os Twojej marki.<\/li>\n<li><strong>Kolorowe po\u0142\u0105czenie:<\/strong>Marki o spokojnym usposobieniu mog\u0105 u\u017cy\u0107 sza\u0142wiowego b\u0142\u0119kitu, a marki luksusowe \u2013 g\u0142\u0119bokiego turkusu. Dodaj kr\u00f3tki slogan: \u201eNiebieski symbolizuje spok\u00f3j, szk\u0142o symbolizuje przejrzysto\u015b\u0107\u201d.<\/li>\n<\/ol>","protected":false},"excerpt":{"rendered":"<p>Szklany wazon lub kolekcja szklanych wazon\u00f3w na kwiaty. Przezroczyste szk\u0142o na zam\u00f3wienie z kwiatow\u0105 faktur\u0105. Hurtowa sprzeda\u017c dekoracji do domu. Upi\u0119ksz swoje kompozycje kwiatowe ju\u017c dzi\u015b!<\/p>","protected":false},"featured_media":2849,"template":"","meta":{"site-sidebar-layout":"default","site-content-layout":"","ast-site-content-layout":"default","site-content-style":"default","site-sidebar-style":"default","ast-global-header-display":"","ast-banner-title-visibility":"","ast-main-header-display":"","ast-hfb-above-header-display":"","ast-hfb-below-header-display":"","ast-hfb-mobile-header-display":"","site-post-title":"","ast-breadcrumbs-content":"","ast-featured-img":"","footer-sml-layout":"","theme-transparent-header-meta":"default","adv-header-id-meta":"","stick-header-meta":"","header-above-stick-meta":"","header-main-stick-meta":"","header-below-stick-meta":"","astra-migrate-meta-layouts":"set","ast-page-background-enabled":"default","ast-page-background-meta":{"desktop":{"background-color":"var(--ast-global-color-5)","background-image":"","background-repeat":"repeat","background-position":"center center","background-size":"auto","background-attachment":"scroll","background-type":"","background-media":"","overlay-type":"","overlay-color":"","overlay-opacity":"","overlay-gradient":""},"tablet":{"background-color":"","background-image":"","background-repeat":"repeat","background-position":"center center","background-size":"auto","background-attachment":"scroll","background-type":"","background-media":"","overlay-type":"","overlay-color":"","overlay-opacity":"","overlay-gradient":""},"mobile":{"background-color":"","background-image":"","background-repeat":"repeat","background-position":"center center","background-size":"auto","background-attachment":"scroll","background-type":"","background-media":"","overlay-type":"","overlay-color":"","overlay-opacity":"","overlay-gradient":""}},"ast-content-background-meta":{"desktop":{"background-color":"var(--ast-global-color-4)","background-image":"","background-repeat":"repeat","background-position":"center center","background-size":"auto","background-attachment":"scroll","background-type":"","background-media":"","overlay-type":"","overlay-color":"","overlay-opacity":"","overlay-gradient":""},"tablet":{"background-color":"var(--ast-global-color-4)","background-image":"","background-repeat":"repeat","background-position":"center center","background-size":"auto","background-attachment":"scroll","background-type":"","background-media":"","overlay-type":"","overlay-color":"","overlay-opacity":"","overlay-gradient":""},"mobile":{"background-color":"var(--ast-global-color-4)","background-image":"","background-repeat":"repeat","background-position":"center center","background-size":"auto","background-attachment":"scroll","background-type":"","background-media":"","overlay-type":"","overlay-color":"","overlay-opacity":"","overlay-gradient":""}}},"product_brand":[],"product_cat":[21,57],"product_tag":[],"class_list":{"0":"post-2848","1":"product","2":"type-product","3":"status-publish","4":"has-post-thumbnail","6":"product_cat-product","7":"product_cat-glass-vases","8":"desktop-align-left","9":"tablet-align-left","10":"mobile-align-left","12":"first","13":"instock","14":"shipping-taxable","15":"product-type-simple"},"jetpack_sharing_enabled":true,"_links":{"self":[{"href":"https:\/\/mostebglass.com\/pl\/wp-json\/wp\/v2\/product\/2848","targetHints":{"allow":["GET"]}}],"collection":[{"href":"https:\/\/mostebglass.com\/pl\/wp-json\/wp\/v2\/product"}],"about":[{"href":"https:\/\/mostebglass.com\/pl\/wp-json\/wp\/v2\/types\/product"}],"wp:featuredmedia":[{"embeddable":true,"href":"https:\/\/mostebglass.com\/pl\/wp-json\/wp\/v2\/media\/2849"}],"wp:attachment":[{"href":"https:\/\/mostebglass.com\/pl\/wp-json\/wp\/v2\/media?parent=2848"}],"wp:term":[{"taxonomy":"product_brand","embeddable":true,"href":"https:\/\/mostebglass.com\/pl\/wp-json\/wp\/v2\/product_brand?post=2848"},{"taxonomy":"product_cat","embeddable":true,"href":"https:\/\/mostebglass.com\/pl\/wp-json\/wp\/v2\/product_cat?post=2848"},{"taxonomy":"product_tag","embeddable":true,"href":"https:\/\/mostebglass.com\/pl\/wp-json\/wp\/v2\/product_tag?post=2848"}],"curies":[{"name":"wp","href":"https:\/\/api.w.org\/{rel}","templated":true}]}}