{"id":2893,"date":"2025-09-29T17:39:47","date_gmt":"2025-09-29T09:39:47","guid":{"rendered":"https:\/\/mostebglass.com\/?post_type=product&#038;p=2893"},"modified":"2025-09-29T17:39:50","modified_gmt":"2025-09-29T09:39:50","slug":"niestandardowy-szklany-wazon-ze-slonecznikiem","status":"publish","type":"product","link":"https:\/\/mostebglass.com\/pl\/custom-glass-centrepiece-sunflower-vase\/","title":{"rendered":"Niestandardowy szklany wazon na s\u0142oneczniki do nowoczesnych aran\u017cacji kwiatowych"},"content":{"rendered":"<p>Masz do\u015b\u0107 wazon\u00f3w, kt\u00f3re znikaj\u0105 w Twoim domu? Tworzymy wazony w kszta\u0142cie s\u0142onecznik\u00f3w z kwiatowymi detalami \u2013 bez sztucznych \u0142odyg. Te szklane wazony, b\u0119d\u0105ce centralnym punktem wystroju domu, natychmiast zamieni\u0105 go w temat do rozmowy. Zam\u00f3wienia hurtowe obejmuj\u0105 t\u0142oczenie na zam\u00f3wienie, kt\u00f3re idealnie wpisuje si\u0119 w dusz\u0119 Twojej marki.<\/p>\n<h2>Cechy produktu<\/h2>\n<p><strong>Pojawia si\u0119 tekstura kwiatowa<\/strong><\/p>\n<p>R\u0119cznie t\u0142oczone wzory kwiatowe dodaj\u0105 artystycznej g\u0142\u0119bi \u2014 wazon sprawia wra\u017cenie r\u0119cznie robionego, a nie produkowanego masowo.<\/p>\n<p><strong>Wszechstronno\u015b\u0107 wazonu s\u0142onecznikowego<\/strong><\/p>\n<p>Du\u017cy lub ma\u0142y wazon w kszta\u0142cie s\u0142onecznika, pasuje na pojedyncz\u0105 lub niepe\u0142n\u0105 \u0142odyg\u0119 \u2013 idealny do nowoczesnej aran\u017cacji wazonowej na stole lub biurku.<\/p>\n<p><strong>Harmonia t\u0142oczenia na zam\u00f3wienie<\/strong><\/p>\n<p>Wype\u0142nij pi\u0119kno swojej marki niebieskimi i bia\u0142ymi akcentami \u2013 szklane wazony stanowi\u0105ce centraln\u0105 cz\u0119\u015b\u0107 wystroju pomieszczenia b\u0119d\u0105 stanowi\u0107 przed\u0142u\u017cenie Twojej historii.<\/p>\n<h2>Kluczowe specyfikacje<\/h2>\n<table style=\"border-collapse: collapse; width: 80%; margin-left: auto; margin-right: auto;\" border=\"0\" width=\"216\" cellspacing=\"0\" cellpadding=\"0\">\n<tbody>\n<tr style=\"height: 13.50pt;\">\n<td style=\"height: 13.5pt; width: 54pt; text-align: center;\" width=\"72\" height=\"18\">Kszta\u0142t<\/td>\n<td style=\"width: 54pt; text-align: center;\" width=\"72\">Rozmiar (mm)<\/td>\n<td style=\"width: 54pt; text-align: center;\" width=\"72\">Opcje kolor\u00f3w<\/td>\n<\/tr>\n<tr style=\"height: 13.50pt;\">\n<td style=\"height: 13.5pt; text-align: center;\" height=\"18\">Du\u017ce t\u0142oczone<\/td>\n<td style=\"text-align: center;\">65 x 125 x 30<\/td>\n<td class=\"et2\" style=\"text-align: center;\" rowspan=\"2\">Wyczy\u015b\u0107 (niestandardowe)<\/td>\n<\/tr>\n<tr style=\"height: 13.50pt;\">\n<td style=\"height: 13.5pt; text-align: center;\" height=\"18\">Ma\u0142e t\u0142oczone<\/td>\n<td style=\"text-align: center;\">60 x 85 x 27<\/td>\n<\/tr>\n<\/tbody>\n<\/table>\n<h2>Indywidualne sugestie<\/h2>\n<ol>\n<li><strong>Historia sezonowego wazonu:<\/strong>W kolekcji \u015bwi\u0105tecznej oferujemy wazon ze s\u0142onecznikiem w kolorze zachodz\u0105cego s\u0142o\u0144ca, idealny na letnie wesela na pla\u017cy, oraz szklane wazony na st\u00f3\u0142 w kolorze \u015bnie\u017cnobia\u0142ym, idealne na zimowe dekoracje. Brak dodatkowych koszt\u00f3w przy zakupie hurtowym.<\/li>\n<li><strong>Unikalna dekoracja reliefowa:<\/strong>Najlepsz\u0105 opcj\u0105 s\u0105 butelki z grawerunkiem lub reliefem, kt\u00f3re sprawdzaj\u0105 si\u0119 na r\u00f3\u017cne okazje.<\/li>\n<\/ol>","protected":false},"excerpt":{"rendered":"<p>Wazon s\u0142onecznikowy i szklane wazony na st\u00f3\u0142. Tekstura t\u0142oczona na zam\u00f3wienie. Hurtowa sprzeda\u017c dekoracji do domu. Upi\u0119ksz kompozycje kwiatowe naturaln\u0105 elegancj\u0105.<\/p>","protected":false},"featured_media":2891,"template":"","meta":{"site-sidebar-layout":"default","site-content-layout":"","ast-site-content-layout":"default","site-content-style":"default","site-sidebar-style":"default","ast-global-header-display":"","ast-banner-title-visibility":"","ast-main-header-display":"","ast-hfb-above-header-display":"","ast-hfb-below-header-display":"","ast-hfb-mobile-header-display":"","site-post-title":"","ast-breadcrumbs-content":"","ast-featured-img":"","footer-sml-layout":"","theme-transparent-header-meta":"default","adv-header-id-meta":"","stick-header-meta":"","header-above-stick-meta":"","header-main-stick-meta":"","header-below-stick-meta":"","astra-migrate-meta-layouts":"set","ast-page-background-enabled":"default","ast-page-background-meta":{"desktop":{"background-color":"var(--ast-global-color-5)","background-image":"","background-repeat":"repeat","background-position":"center center","background-size":"auto","background-attachment":"scroll","background-type":"","background-media":"","overlay-type":"","overlay-color":"","overlay-opacity":"","overlay-gradient":""},"tablet":{"background-color":"","background-image":"","background-repeat":"repeat","background-position":"center center","background-size":"auto","background-attachment":"scroll","background-type":"","background-media":"","overlay-type":"","overlay-color":"","overlay-opacity":"","overlay-gradient":""},"mobile":{"background-color":"","background-image":"","background-repeat":"repeat","background-position":"center center","background-size":"auto","background-attachment":"scroll","background-type":"","background-media":"","overlay-type":"","overlay-color":"","overlay-opacity":"","overlay-gradient":""}},"ast-content-background-meta":{"desktop":{"background-color":"var(--ast-global-color-4)","background-image":"","background-repeat":"repeat","background-position":"center center","background-size":"auto","background-attachment":"scroll","background-type":"","background-media":"","overlay-type":"","overlay-color":"","overlay-opacity":"","overlay-gradient":""},"tablet":{"background-color":"var(--ast-global-color-4)","background-image":"","background-repeat":"repeat","background-position":"center center","background-size":"auto","background-attachment":"scroll","background-type":"","background-media":"","overlay-type":"","overlay-color":"","overlay-opacity":"","overlay-gradient":""},"mobile":{"background-color":"var(--ast-global-color-4)","background-image":"","background-repeat":"repeat","background-position":"center center","background-size":"auto","background-attachment":"scroll","background-type":"","background-media":"","overlay-type":"","overlay-color":"","overlay-opacity":"","overlay-gradient":""}}},"product_brand":[],"product_cat":[21,57],"product_tag":[],"class_list":{"0":"post-2893","1":"product","2":"type-product","3":"status-publish","4":"has-post-thumbnail","6":"product_cat-product","7":"product_cat-glass-vases","8":"desktop-align-left","9":"tablet-align-left","10":"mobile-align-left","12":"first","13":"instock","14":"shipping-taxable","15":"product-type-simple"},"jetpack_sharing_enabled":true,"_links":{"self":[{"href":"https:\/\/mostebglass.com\/pl\/wp-json\/wp\/v2\/product\/2893","targetHints":{"allow":["GET"]}}],"collection":[{"href":"https:\/\/mostebglass.com\/pl\/wp-json\/wp\/v2\/product"}],"about":[{"href":"https:\/\/mostebglass.com\/pl\/wp-json\/wp\/v2\/types\/product"}],"wp:featuredmedia":[{"embeddable":true,"href":"https:\/\/mostebglass.com\/pl\/wp-json\/wp\/v2\/media\/2891"}],"wp:attachment":[{"href":"https:\/\/mostebglass.com\/pl\/wp-json\/wp\/v2\/media?parent=2893"}],"wp:term":[{"taxonomy":"product_brand","embeddable":true,"href":"https:\/\/mostebglass.com\/pl\/wp-json\/wp\/v2\/product_brand?post=2893"},{"taxonomy":"product_cat","embeddable":true,"href":"https:\/\/mostebglass.com\/pl\/wp-json\/wp\/v2\/product_cat?post=2893"},{"taxonomy":"product_tag","embeddable":true,"href":"https:\/\/mostebglass.com\/pl\/wp-json\/wp\/v2\/product_tag?post=2893"}],"curies":[{"name":"wp","href":"https:\/\/api.w.org\/{rel}","templated":true}]}}