{"id":2927,"date":"2025-09-30T17:54:59","date_gmt":"2025-09-30T09:54:59","guid":{"rendered":"https:\/\/mostebglass.com\/?post_type=product&#038;p=2927"},"modified":"2025-09-30T17:55:02","modified_gmt":"2025-09-30T09:55:02","slug":"szklane-wazony-vintage-zestaw-roznych-kwiatow-krotki-wazon","status":"publish","type":"product","link":"https:\/\/mostebglass.com\/pl\/glass-vintage-vases-set-assorted-flower-short-vase\/","title":{"rendered":"Zestaw wazon\u00f3w z przezroczystego szk\u0142a w stylu vintage \u2013 wazon z r\u00f3\u017cnymi kwiatami, kr\u00f3tki, idealny na dekoracje eventowe"},"content":{"rendered":"<p>Masz do\u015b\u0107 zestaw\u00f3w wazon\u00f3w, kt\u00f3re wtapiaj\u0105 si\u0119 w t\u0142o? Tworzymy szklane wazony vintage z kwiatowymi detalami \u2013 bez sztucznych n\u00f3\u017cek. Te szklane, kr\u00f3tkie wazony zamieniaj\u0105 wystr\u00f3j domu w dzie\u0142o sztuki. Zam\u00f3wienia hurtowe obejmuj\u0105 niestandardowe opcje kolorystyczne, dopasowane do ducha Twojej marki.<\/p>\n<h2>Cechy produktu<\/h2>\n<p><strong>Elegancja kwiatowej faktury<\/strong><\/p>\n<p>R\u0119cznie t\u0142oczone wzory kwiatowe na przezroczystym szkle dodaj\u0105 artystycznej g\u0142\u0119bi i sprawiaj\u0105, \u017ce Twoje zabytkowe szklane wazony wygl\u0105daj\u0105 jak r\u0119kodzie\u0142o, a nie mas\u00f3wka.<\/p>\n<p><strong>Atrakcja ze szk\u0142a vintage<\/strong><\/p>\n<p>Kszta\u0142ty inspirowane stylem vintage, takie jak butelki o kszta\u0142cie plastra miodu czy dyni, s\u0105 \u201eklasyczne\u201d bez zb\u0119dnego przesady \u2013 dekoracje domu Rishi s\u0105 zdecydowanie dla mi\u0142o\u015bnik\u00f3w.<\/p>\n<p><strong>Wszechstronno\u015b\u0107 kr\u00f3tkiego szklanego wazonu<\/strong><\/p>\n<p>Kompaktowy rozmiar, pasuj\u0105cy do pojedynczych \u0142odyg lub ca\u0142ych \u0142odyg \u2013 idealny do nowoczesnych aran\u017cacji wazonowych na biurku lub p\u00f3\u0142ce.<\/p>\n<p><strong>Niestandardowa harmonia kolor\u00f3w<\/strong><\/p>\n<p>Dopasuj estetyk\u0119 swojej marki do niebieskich i bia\u0142ych akcent\u00f3w \u2013 Twoje szklane wazony w stylu vintage b\u0119d\u0105 wygl\u0105da\u0107 jak przed\u0142u\u017cenie Twojej historii.<\/p>\n<h2><strong data-spm-anchor-id=\"5176.28103460.0.i13.29ab2e31jUfGco\">Kluczowe specyfikacje<\/strong><\/h2>\n<table style=\"border-collapse: collapse; width: 80%; margin-left: auto; margin-right: auto;\" border=\"0\" width=\"144\" cellspacing=\"0\" cellpadding=\"0\">\n<tbody>\n<tr style=\"height: 13.50pt;\">\n<td style=\"height: 13.5pt; width: 54pt; text-align: center;\" width=\"72\" height=\"18\">Funkcja<\/td>\n<td style=\"width: 54pt; text-align: center;\" width=\"72\">Bli\u017csze dane<\/td>\n<\/tr>\n<tr style=\"height: 13.50pt;\">\n<td style=\"height: 13.5pt; text-align: center;\" height=\"18\">Zestaw zawiera<\/td>\n<td style=\"text-align: center;\">Szklany wazon kr\u00f3tki<\/td>\n<\/tr>\n<tr style=\"height: 13.50pt;\">\n<td style=\"height: 13.5pt; text-align: center;\" height=\"18\">Tworzywo<\/td>\n<td style=\"text-align: center;\">Szk\u0142o<\/td>\n<\/tr>\n<tr style=\"height: 13.50pt;\">\n<td style=\"height: 13.5pt; text-align: center;\" height=\"18\">Dost\u0119pne kolory<\/td>\n<td style=\"text-align: center;\">Przezroczysty, pomara\u0144czowy, bursztynowy lub niestandardowy<\/td>\n<\/tr>\n<tr style=\"height: 13.50pt;\">\n<td style=\"height: 13.5pt; text-align: center;\" height=\"18\">Idealny dla<\/td>\n<td style=\"text-align: center;\">Kompozycje z p\u0105k\u00f3w, sztuczne \u0142odygi, mini kwiaty<\/td>\n<\/tr>\n<\/tbody>\n<\/table>\n<h2>Przewodnik po dostosowywaniu<\/h2>\n<ol>\n<li><strong>Wybierz spo\u015br\u00f3d r\u00f3\u017cnych typ\u00f3w wzor\u00f3w reliefowych:<\/strong>Dost\u0119pnych jest ponad 20 wazon\u00f3w z reliefami w stylu vintage, idealnych do r\u00f3\u017cnych zastosowa\u0144, w tym wesel i dekoracji wn\u0119trz.<\/li>\n<li><strong>Kompaktowy zestaw wazon\u00f3w:<\/strong>Po\u0142\u0105cz ze szklanym, niskim wazonem z bogatymi \u0142odygami sztucznych kwiat\u00f3w, aby stworzy\u0107 \u201ezestaw kwiatowy na biurko\u201d.<\/li>\n<\/ol>","protected":false},"excerpt":{"rendered":"<p>R\u0119cznie t\u0142oczone szklane wazony vintage i zestaw szklanych wazon\u00f3w. Mo\u017cliwo\u015b\u0107 wyboru koloru. Hurtowa sprzeda\u017c na wesela i do wystroju wn\u0119trz. Idealne kompozycje kwiatowe, bezproblemowe. Kup teraz!<\/p>","protected":false},"featured_media":2931,"template":"","meta":{"site-sidebar-layout":"default","site-content-layout":"","ast-site-content-layout":"default","site-content-style":"default","site-sidebar-style":"default","ast-global-header-display":"","ast-banner-title-visibility":"","ast-main-header-display":"","ast-hfb-above-header-display":"","ast-hfb-below-header-display":"","ast-hfb-mobile-header-display":"","site-post-title":"","ast-breadcrumbs-content":"","ast-featured-img":"","footer-sml-layout":"","theme-transparent-header-meta":"default","adv-header-id-meta":"","stick-header-meta":"","header-above-stick-meta":"","header-main-stick-meta":"","header-below-stick-meta":"","astra-migrate-meta-layouts":"set","ast-page-background-enabled":"default","ast-page-background-meta":{"desktop":{"background-color":"var(--ast-global-color-5)","background-image":"","background-repeat":"repeat","background-position":"center center","background-size":"auto","background-attachment":"scroll","background-type":"","background-media":"","overlay-type":"","overlay-color":"","overlay-opacity":"","overlay-gradient":""},"tablet":{"background-color":"","background-image":"","background-repeat":"repeat","background-position":"center center","background-size":"auto","background-attachment":"scroll","background-type":"","background-media":"","overlay-type":"","overlay-color":"","overlay-opacity":"","overlay-gradient":""},"mobile":{"background-color":"","background-image":"","background-repeat":"repeat","background-position":"center center","background-size":"auto","background-attachment":"scroll","background-type":"","background-media":"","overlay-type":"","overlay-color":"","overlay-opacity":"","overlay-gradient":""}},"ast-content-background-meta":{"desktop":{"background-color":"var(--ast-global-color-4)","background-image":"","background-repeat":"repeat","background-position":"center center","background-size":"auto","background-attachment":"scroll","background-type":"","background-media":"","overlay-type":"","overlay-color":"","overlay-opacity":"","overlay-gradient":""},"tablet":{"background-color":"var(--ast-global-color-4)","background-image":"","background-repeat":"repeat","background-position":"center center","background-size":"auto","background-attachment":"scroll","background-type":"","background-media":"","overlay-type":"","overlay-color":"","overlay-opacity":"","overlay-gradient":""},"mobile":{"background-color":"var(--ast-global-color-4)","background-image":"","background-repeat":"repeat","background-position":"center center","background-size":"auto","background-attachment":"scroll","background-type":"","background-media":"","overlay-type":"","overlay-color":"","overlay-opacity":"","overlay-gradient":""}}},"product_brand":[],"product_cat":[21,57],"product_tag":[],"class_list":{"0":"post-2927","1":"product","2":"type-product","3":"status-publish","4":"has-post-thumbnail","6":"product_cat-product","7":"product_cat-glass-vases","8":"desktop-align-left","9":"tablet-align-left","10":"mobile-align-left","12":"first","13":"instock","14":"shipping-taxable","15":"product-type-simple"},"jetpack_sharing_enabled":true,"_links":{"self":[{"href":"https:\/\/mostebglass.com\/pl\/wp-json\/wp\/v2\/product\/2927","targetHints":{"allow":["GET"]}}],"collection":[{"href":"https:\/\/mostebglass.com\/pl\/wp-json\/wp\/v2\/product"}],"about":[{"href":"https:\/\/mostebglass.com\/pl\/wp-json\/wp\/v2\/types\/product"}],"wp:featuredmedia":[{"embeddable":true,"href":"https:\/\/mostebglass.com\/pl\/wp-json\/wp\/v2\/media\/2931"}],"wp:attachment":[{"href":"https:\/\/mostebglass.com\/pl\/wp-json\/wp\/v2\/media?parent=2927"}],"wp:term":[{"taxonomy":"product_brand","embeddable":true,"href":"https:\/\/mostebglass.com\/pl\/wp-json\/wp\/v2\/product_brand?post=2927"},{"taxonomy":"product_cat","embeddable":true,"href":"https:\/\/mostebglass.com\/pl\/wp-json\/wp\/v2\/product_cat?post=2927"},{"taxonomy":"product_tag","embeddable":true,"href":"https:\/\/mostebglass.com\/pl\/wp-json\/wp\/v2\/product_tag?post=2927"}],"curies":[{"name":"wp","href":"https:\/\/api.w.org\/{rel}","templated":true}]}}