{"id":3040,"date":"2025-10-15T15:21:06","date_gmt":"2025-10-15T07:21:06","guid":{"rendered":"https:\/\/mostebglass.com\/?post_type=product&#038;p=3040"},"modified":"2025-10-15T17:46:39","modified_gmt":"2025-10-15T09:46:39","slug":"wazon-z-przezroczystego-szkla-w-stylu-vintage-do-dekoracji-slubnych","status":"publish","type":"product","link":"https:\/\/mostebglass.com\/pl\/vintage-clear-glass-bud-vase-for-wedding-decor\/","title":{"rendered":"Wazon na p\u0105ki z przezroczystego szk\u0142a w stylu vintage do dekoracji domu i \u015blubu"},"content":{"rendered":"<p>Masz do\u015b\u0107 szklanych wazon\u00f3w, kt\u00f3re po prostu stoj\u0105? Tworzymy zabytkowe, przezroczyste szklane wazony z t\u0142oczeniami w stylu retro \u2013 koniec z nudnymi dekoracjami. Te wazony z r\u00f3\u017cami zamieniaj\u0105 wystr\u00f3j domu w artystyczne chwile. Zam\u00f3wienia hurtowe obejmuj\u0105 niestandardowe szklane wazony, kt\u00f3re idealnie wpasuj\u0105 si\u0119 w dusz\u0119 Twojej marki.<\/p>\n<h2>Cechy produktu<\/h2>\n<p><strong>Vintage t\u0142oczony urok<\/strong><\/p>\n<p>Diamentowy wz\u00f3r dodaje odrobin\u0119 stylu vintage \u2014 ten zabytkowy wazon ze szk\u0142a przezroczystego emanuje wra\u017ceniem r\u0119kodzie\u0142a, a nie masowej produkcji.<\/p>\n<p><strong>Idealny do pojedynczych kwiat\u00f3w<\/strong><\/p>\n<p>Smuk\u0142y kszta\u0142t idealnie nadaje si\u0119 do aran\u017cacji z pojedynczymi kwiatami \u2014 w tym wazonie na r\u00f3\u017ce najwa\u017cniejsze s\u0105 kwiaty, a nie sam wazon.<\/p>\n<p><strong>Natychmiast zaprezentuj swoj\u0105 mark\u0119<\/strong><\/p>\n<p>Oznacz ten wazon z r\u00f3\u017cami swoim logo, aby si\u0119 wyr\u00f3\u017cnia\u0142.<\/p>\n<h2><strong data-spm-anchor-id=\"5176.28103460.0.i18.29ab2e31aVMz0n\">Kluczowe specyfikacje<\/strong><\/h2>\n<table style=\"border-collapse: collapse; width: 80%; margin-left: auto; margin-right: auto;\" border=\"0\" width=\"144\" cellspacing=\"0\" cellpadding=\"0\">\n<tbody>\n<tr>\n<td style=\"text-align: center;\" width=\"72\">Atrybut<\/td>\n<td style=\"text-align: center;\" width=\"72\">Szczeg\u00f3\u0142<\/td>\n<\/tr>\n<tr>\n<td style=\"text-align: center;\">Opcja koloru<\/td>\n<td style=\"text-align: center;\">Przezroczysty, Br\u0105zowy, Zielony, Niebieski, Szary (Niestandardowy)<\/td>\n<\/tr>\n<tr>\n<td style=\"text-align: center;\">Powierzchnia<\/td>\n<td style=\"text-align: center;\">T\u0142oczenie retro<\/td>\n<\/tr>\n<tr>\n<td style=\"text-align: center;\">Przypadek u\u017cycia<\/td>\n<td style=\"text-align: center;\">Wazon w kszta\u0142cie p\u0105k\u00f3w, imitacja kwiat\u00f3w, element centralny<\/td>\n<\/tr>\n<tr>\n<td style=\"text-align: center;\">Idealny dla<\/td>\n<td style=\"text-align: center;\">Wystr\u00f3j wn\u0119trz, stylizacja \u015blub\u00f3w, wn\u0119trza butikowe<\/td>\n<\/tr>\n<\/tbody>\n<\/table>\n<h2>Historia sukcesu<\/h2>\n<p>Brytyjskie studio florystyczne stworzy\u0142o idealne opakowanie na \u015blub. Marka poszukiwa\u0142a wspania\u0142ych i uniwersalnych wazon\u00f3w, kt\u00f3re podkre\u015bl\u0105 pi\u0119kno r\u00f3\u017c i dope\u0142ni\u0105 romantyczny motyw ogrodowy pary. Zlecili wykonanie wazonu ze szk\u0142a w kszta\u0142cie r\u00f3\u017c, ozdobionego kwiatowymi wzorami w stylu vintage. Wykonane z wysokiej jako\u015bci, grubego szk\u0142a, \u0142\u0105cz\u0105 w sobie pi\u0119kno i trwa\u0142o\u015b\u0107. Ka\u017cdy wazon z r\u00f3\u017cami zosta\u0142 zaprojektowany tak, aby pomie\u015bci\u0107 \u0142odyg\u0119 lub ma\u0142y bukiet, dzi\u0119ki czemu idealnie nadaje si\u0119 na ozdob\u0119 sto\u0142u lub jako prezent dla go\u015bci. Wazon z r\u00f3\u017cami sta\u0142 si\u0119 g\u0142\u00f3wn\u0105 ozdob\u0105 \u015blubnej stylizacji, a go\u015bcie podzielili si\u0119 na Instagramie dziesi\u0105tkami post\u00f3w i relacji, \u017ce idealnie pasuje do romantycznego motywu. Po wydarzeniu studio odnotowa\u0142o 40% wzrost zam\u00f3wie\u0144 \u2013 nowi klienci zamawiali ten sam wz\u00f3r na sw\u00f3j \u015blub i inne wydarzenia.<\/p>\n<h2>Tw\u00f3j podr\u0119cznik personalizacji<\/h2>\n<ol>\n<li><strong>Przewodnik po kwiatach \u201eBlooming Code\u201d:<\/strong>Na spodzie wygrawerowano kod QR, kt\u00f3ry mo\u017cna zeskanowa\u0107 i uzyska\u0107 informacje o marce lub instrukcje obs\u0142ugi.<\/li>\n<li><strong>Wygodna, dostosowywalna kolekcja:<\/strong>Wazon z r\u00f3\u017c\u0105 wykonany jest z g\u0142\u0119bokiego szk\u0142a w kolorze indygo i ozdobiony srebrnymi, t\u0142oczonymi gwiazdkami \u2013 idealny na \u015blub w blasku ksi\u0119\u017cyca. W komplecie znajduje si\u0119 napis \u201eKwitn\u0105c pod gwiazdami\u201d.<\/li>\n<\/ol>\n<p>&nbsp;<\/p>","protected":false},"excerpt":{"rendered":"<p>Wazon w stylu vintage z przezroczystego szk\u0142a w kszta\u0142cie p\u0105k\u00f3w i r\u00f3\u017c o ponadczasowej, kwiatowej elegancji. Idealny dla kwiaciarni, organizator\u00f3w imprez i sprzedawc\u00f3w detalicznych poszukuj\u0105cych spersonalizowanych, wysokiej jako\u015bci rozwi\u0105za\u0144 dekoracyjnych.<\/p>","protected":false},"featured_media":3042,"template":"","meta":{"site-sidebar-layout":"default","site-content-layout":"","ast-site-content-layout":"default","site-content-style":"default","site-sidebar-style":"default","ast-global-header-display":"","ast-banner-title-visibility":"","ast-main-header-display":"","ast-hfb-above-header-display":"","ast-hfb-below-header-display":"","ast-hfb-mobile-header-display":"","site-post-title":"","ast-breadcrumbs-content":"","ast-featured-img":"","footer-sml-layout":"","theme-transparent-header-meta":"default","adv-header-id-meta":"","stick-header-meta":"","header-above-stick-meta":"","header-main-stick-meta":"","header-below-stick-meta":"","astra-migrate-meta-layouts":"set","ast-page-background-enabled":"default","ast-page-background-meta":{"desktop":{"background-color":"var(--ast-global-color-5)","background-image":"","background-repeat":"repeat","background-position":"center center","background-size":"auto","background-attachment":"scroll","background-type":"","background-media":"","overlay-type":"","overlay-color":"","overlay-opacity":"","overlay-gradient":""},"tablet":{"background-color":"","background-image":"","background-repeat":"repeat","background-position":"center center","background-size":"auto","background-attachment":"scroll","background-type":"","background-media":"","overlay-type":"","overlay-color":"","overlay-opacity":"","overlay-gradient":""},"mobile":{"background-color":"","background-image":"","background-repeat":"repeat","background-position":"center center","background-size":"auto","background-attachment":"scroll","background-type":"","background-media":"","overlay-type":"","overlay-color":"","overlay-opacity":"","overlay-gradient":""}},"ast-content-background-meta":{"desktop":{"background-color":"var(--ast-global-color-4)","background-image":"","background-repeat":"repeat","background-position":"center center","background-size":"auto","background-attachment":"scroll","background-type":"","background-media":"","overlay-type":"","overlay-color":"","overlay-opacity":"","overlay-gradient":""},"tablet":{"background-color":"var(--ast-global-color-4)","background-image":"","background-repeat":"repeat","background-position":"center center","background-size":"auto","background-attachment":"scroll","background-type":"","background-media":"","overlay-type":"","overlay-color":"","overlay-opacity":"","overlay-gradient":""},"mobile":{"background-color":"var(--ast-global-color-4)","background-image":"","background-repeat":"repeat","background-position":"center center","background-size":"auto","background-attachment":"scroll","background-type":"","background-media":"","overlay-type":"","overlay-color":"","overlay-opacity":"","overlay-gradient":""}}},"product_brand":[],"product_cat":[21,57],"product_tag":[],"class_list":{"0":"post-3040","1":"product","2":"type-product","3":"status-publish","4":"has-post-thumbnail","6":"product_cat-product","7":"product_cat-glass-vases","8":"desktop-align-left","9":"tablet-align-left","10":"mobile-align-left","12":"first","13":"instock","14":"shipping-taxable","15":"product-type-simple"},"jetpack_sharing_enabled":true,"_links":{"self":[{"href":"https:\/\/mostebglass.com\/pl\/wp-json\/wp\/v2\/product\/3040","targetHints":{"allow":["GET"]}}],"collection":[{"href":"https:\/\/mostebglass.com\/pl\/wp-json\/wp\/v2\/product"}],"about":[{"href":"https:\/\/mostebglass.com\/pl\/wp-json\/wp\/v2\/types\/product"}],"wp:featuredmedia":[{"embeddable":true,"href":"https:\/\/mostebglass.com\/pl\/wp-json\/wp\/v2\/media\/3042"}],"wp:attachment":[{"href":"https:\/\/mostebglass.com\/pl\/wp-json\/wp\/v2\/media?parent=3040"}],"wp:term":[{"taxonomy":"product_brand","embeddable":true,"href":"https:\/\/mostebglass.com\/pl\/wp-json\/wp\/v2\/product_brand?post=3040"},{"taxonomy":"product_cat","embeddable":true,"href":"https:\/\/mostebglass.com\/pl\/wp-json\/wp\/v2\/product_cat?post=3040"},{"taxonomy":"product_tag","embeddable":true,"href":"https:\/\/mostebglass.com\/pl\/wp-json\/wp\/v2\/product_tag?post=3040"}],"curies":[{"name":"wp","href":"https:\/\/api.w.org\/{rel}","templated":true}]}}