{"id":3110,"date":"2025-10-22T17:23:26","date_gmt":"2025-10-22T09:23:26","guid":{"rendered":"https:\/\/mostebglass.com\/?post_type=product&#038;p=3110"},"modified":"2025-10-22T18:01:35","modified_gmt":"2025-10-22T10:01:35","slug":"zestaw-antycznych-szklanych-wazonow-do-dekoracji-domu-i-imprez","status":"publish","type":"product","link":"https:\/\/mostebglass.com\/pl\/antique-glass-vases-set-for-home-and-event-decor\/","title":{"rendered":"Zestaw przezroczystych, antycznych szklanych wazon\u00f3w do dekoracji domu i na imprezy"},"content":{"rendered":"<p>Masz do\u015b\u0107 wazon\u00f3w, kt\u00f3re niszcz\u0105 Twoje kompozycje kwiatowe? Tworzymy kr\u00f3tkie zestawy wazon\u00f3w z przezroczystym szklanym zawieszk\u0105 \u2013 koniec z nudnymi dekoracjami. Te przezroczyste wazony zamieni\u0105 Twoj\u0105 przestrze\u0144 w kwiatowy raj. Zam\u00f3wienia hurtowe obejmuj\u0105 niestandardowe szklane wazony dopasowane do Twojego stylu.<\/p>\n<h2>Cechy produktu<\/h2>\n<p><strong>Teksturowana elegancja<\/strong><\/p>\n<p>\u017bebra i wz\u00f3r dodaj\u0105 g\u0142\u0119bi \u2014 Tw\u00f3j ma\u0142y wazon na kwiaty wygl\u0105da jak dzie\u0142o sztuki dekoracyjnej wykonane ze szk\u0142a.<\/p>\n<p><strong>Krystaliczna przejrzysto\u015b\u0107<\/strong><\/p>\n<p>Najwy\u017cszej jako\u015bci przezroczyste szk\u0142o ods\u0142ania ka\u017cdy p\u0142atek \u2013 kupuj\u0105cy nie mog\u0105 oprze\u0107 si\u0119 przezroczystemu wazonowi od pierwszego wejrzenia.<\/p>\n<p><strong>Wszechstronny wy\u015bwietlacz<\/strong><\/p>\n<p>Doskona\u0142y na st\u00f3\u0142 roboczy, p\u00f3\u0142k\u0119 lub jako dekoracyjny, pusty, naturalny pojemnik na wazony - Tw\u00f3j wazon b\u0119dzie \u015bwieci\u0142.<\/p>\n<h2>Kluczowe specyfikacje<\/h2>\n<table style=\"border-collapse: collapse; width: 216.03pt;\" border=\"0\" width=\"288\" cellspacing=\"0\" cellpadding=\"0\">\n<tbody>\n<tr style=\"height: 13.50pt;\">\n<td style=\"height: 13.50pt; width: 54.00pt;\" width=\"72\" height=\"18\">Styl<\/td>\n<td style=\"width: 54.00pt;\" width=\"72\">Rozmiar (cm)<\/td>\n<td style=\"width: 54.00pt;\" width=\"72\">Tworzywo<\/td>\n<td style=\"width: 54.00pt;\" width=\"72\">Kolor<\/td>\n<\/tr>\n<tr style=\"height: 13.50pt;\">\n<td style=\"height: 13.50pt;\" height=\"18\">\u017bebrowany<\/td>\n<td>5.5&#215;11.2&#215;3.8<\/td>\n<td class=\"et2\" rowspan=\"3\">Szk\u0142o<\/td>\n<td class=\"et2\" rowspan=\"3\">Wyczy\u015b\u0107 lub niestandardowo<\/td>\n<\/tr>\n<tr style=\"height: 13.50pt;\">\n<td style=\"height: 13.50pt;\" height=\"18\">Gurda<\/td>\n<td>6.0&#215;11.5&#215;3.8<\/td>\n<\/tr>\n<tr style=\"height: 13.50pt;\">\n<td style=\"height: 13.50pt;\" height=\"18\">Spirala<\/td>\n<td>5.9&#215;11.5&#215;3.8<\/td>\n<\/tr>\n<\/tbody>\n<\/table>\n<h2>Przypadek sukcesu<\/h2>\n<p>Firma Decor pomog\u0142a nam w stworzeniu studia, w kt\u00f3rym powsta\u0142y pi\u0119kne, niskie, szklane wazony na zam\u00f3wienie do ich sezonowej kolekcji kwiat\u00f3w. Ka\u017cdy wazon ma r\u0119cznie polerowan\u0105 szyjk\u0119 i grube, jasne szk\u0142o o wysokiej przejrzysto\u015bci, co nadaje kwiatom elegancki, wyrafinowany efekt galerii. Studio opracowa\u0142o gam\u0119 szklanych naczy\u0144 na zam\u00f3wienie, pasuj\u0105cych do r\u00f3\u017cnych styl\u00f3w wn\u0119trz \u2013 od matowych, przez jasnobursztynowe, po przydymione, szare podstawy.<\/p>\n<p>Idealnie dobrane wazony podkre\u015blaj\u0105 us\u0142ojenie i kolory ka\u017cdego kwiatu, upi\u0119kszaj\u0105c w ten spos\u00f3b ca\u0142o\u015b\u0107.<\/p>\n<p>Studiu uda\u0142o si\u0119 to osi\u0105gn\u0105\u0107 w zaledwie dwa miesi\u0105ce: sprzeda\u017c wzros\u0142a o 80%, a liczba reklamacji produkt\u00f3w spad\u0142a o 70%.<\/p>\n<h2>Tw\u00f3j podr\u0119cznik personalizacji<\/h2>\n<ol>\n<li><strong>Regulowana powierzchnia butelki:<\/strong> W zale\u017cno\u015bci od stylu Twojej marki wybierz jedn\u0105 z trzech opcji, tj. piaskowanie, grawerowanie laserowe lub galwanizacj\u0119, aby doda\u0107 logo marki lub wyj\u0105tkowe tekstury, kt\u00f3re sprawi\u0105, \u017ce wazon b\u0119dzie bardziej rozpoznawalny i dekoracyjny.<\/li>\n<li><strong>Personalizacja marki i akcesori\u00f3w:<\/strong> Opr\u00f3cz spersonalizowanego pude\u0142ka prezentowego, suszone kwiaty lub zestaw z trzcinowym dyfuzorem mog\u0105 by\u0107 wykorzystane jako prezent lub do aromaterapii, zwi\u0119kszaj\u0105c tym samym warto\u015b\u0107 samego produktu i jego potencjalne zastosowania.<\/li>\n<\/ol>\n<p>&nbsp;<\/p>\n<p>&nbsp;<\/p>","protected":false},"excerpt":{"rendered":"<p>Wysokiej jako\u015bci antyczne szklane wazony dla firm. Nasze przezroczyste wazony oferuj\u0105 ponadczasow\u0105 elegancj\u0119, idealnie nadaj\u0105c si\u0119 do prezentacji kompozycji kwiatowych. Ulepsz sw\u00f3j asortyment dzi\u0119ki tej klasycznej, wysokiej jako\u015bci kolekcji. Zapytaj o zam\u00f3wienia hurtowe.<\/p>","protected":false},"featured_media":3111,"template":"","meta":{"site-sidebar-layout":"default","site-content-layout":"","ast-site-content-layout":"default","site-content-style":"default","site-sidebar-style":"default","ast-global-header-display":"","ast-banner-title-visibility":"","ast-main-header-display":"","ast-hfb-above-header-display":"","ast-hfb-below-header-display":"","ast-hfb-mobile-header-display":"","site-post-title":"","ast-breadcrumbs-content":"","ast-featured-img":"","footer-sml-layout":"","theme-transparent-header-meta":"default","adv-header-id-meta":"","stick-header-meta":"","header-above-stick-meta":"","header-main-stick-meta":"","header-below-stick-meta":"","astra-migrate-meta-layouts":"set","ast-page-background-enabled":"default","ast-page-background-meta":{"desktop":{"background-color":"var(--ast-global-color-5)","background-image":"","background-repeat":"repeat","background-position":"center center","background-size":"auto","background-attachment":"scroll","background-type":"","background-media":"","overlay-type":"","overlay-color":"","overlay-opacity":"","overlay-gradient":""},"tablet":{"background-color":"","background-image":"","background-repeat":"repeat","background-position":"center center","background-size":"auto","background-attachment":"scroll","background-type":"","background-media":"","overlay-type":"","overlay-color":"","overlay-opacity":"","overlay-gradient":""},"mobile":{"background-color":"","background-image":"","background-repeat":"repeat","background-position":"center center","background-size":"auto","background-attachment":"scroll","background-type":"","background-media":"","overlay-type":"","overlay-color":"","overlay-opacity":"","overlay-gradient":""}},"ast-content-background-meta":{"desktop":{"background-color":"var(--ast-global-color-4)","background-image":"","background-repeat":"repeat","background-position":"center center","background-size":"auto","background-attachment":"scroll","background-type":"","background-media":"","overlay-type":"","overlay-color":"","overlay-opacity":"","overlay-gradient":""},"tablet":{"background-color":"var(--ast-global-color-4)","background-image":"","background-repeat":"repeat","background-position":"center center","background-size":"auto","background-attachment":"scroll","background-type":"","background-media":"","overlay-type":"","overlay-color":"","overlay-opacity":"","overlay-gradient":""},"mobile":{"background-color":"var(--ast-global-color-4)","background-image":"","background-repeat":"repeat","background-position":"center center","background-size":"auto","background-attachment":"scroll","background-type":"","background-media":"","overlay-type":"","overlay-color":"","overlay-opacity":"","overlay-gradient":""}}},"product_brand":[],"product_cat":[21,57],"product_tag":[],"class_list":{"0":"post-3110","1":"product","2":"type-product","3":"status-publish","4":"has-post-thumbnail","6":"product_cat-product","7":"product_cat-glass-vases","8":"desktop-align-left","9":"tablet-align-left","10":"mobile-align-left","12":"first","13":"instock","14":"shipping-taxable","15":"product-type-simple"},"jetpack_sharing_enabled":true,"_links":{"self":[{"href":"https:\/\/mostebglass.com\/pl\/wp-json\/wp\/v2\/product\/3110","targetHints":{"allow":["GET"]}}],"collection":[{"href":"https:\/\/mostebglass.com\/pl\/wp-json\/wp\/v2\/product"}],"about":[{"href":"https:\/\/mostebglass.com\/pl\/wp-json\/wp\/v2\/types\/product"}],"wp:featuredmedia":[{"embeddable":true,"href":"https:\/\/mostebglass.com\/pl\/wp-json\/wp\/v2\/media\/3111"}],"wp:attachment":[{"href":"https:\/\/mostebglass.com\/pl\/wp-json\/wp\/v2\/media?parent=3110"}],"wp:term":[{"taxonomy":"product_brand","embeddable":true,"href":"https:\/\/mostebglass.com\/pl\/wp-json\/wp\/v2\/product_brand?post=3110"},{"taxonomy":"product_cat","embeddable":true,"href":"https:\/\/mostebglass.com\/pl\/wp-json\/wp\/v2\/product_cat?post=3110"},{"taxonomy":"product_tag","embeddable":true,"href":"https:\/\/mostebglass.com\/pl\/wp-json\/wp\/v2\/product_tag?post=3110"}],"curies":[{"name":"wp","href":"https:\/\/api.w.org\/{rel}","templated":true}]}}