{"id":3208,"date":"2025-10-29T14:47:45","date_gmt":"2025-10-29T06:47:45","guid":{"rendered":"https:\/\/mostebglass.com\/?post_type=product&#038;p=3208"},"modified":"2025-10-29T17:50:28","modified_gmt":"2025-10-29T09:50:28","slug":"hurtowy-dostawca-krotkich-szklanych-wazonow-na-paki","status":"publish","type":"product","link":"https:\/\/mostebglass.com\/pl\/wholesale-short-glass-vase-bud-vases-supplier\/","title":{"rendered":"Sto\u017ckowy, niski szklany wazon do minimalistycznych kompozycji kwiatowych"},"content":{"rendered":"<p>Przesta\u0144 u\u017cywa\u0107 nudnych wazon\u00f3w, kt\u00f3re zabijaj\u0105 kwiatowy klimat. Tworzymy kr\u00f3tkie wazony o geometrycznej fakturze - koniec z p\u0142askim wystrojem. Te zestawy kr\u00f3tkich szklanych wazon\u00f3w zamieni\u0105 Twoj\u0105 przestrze\u0144 w kwiatowe marzenie. Zam\u00f3wienia hurtowe obejmuj\u0105 niestandardowe szklane wazony pasuj\u0105ce do duszy Twojej marki.<\/p>\n<h2>Cechy produktu<\/h2>\n<p><strong>Geometryczna\u200d\u200d\u200d\u200d\u200d\u200d tekstura<\/strong><\/p>\n<p>Pr\u0105\u017cki na tkaninie pomagaj\u0105 jej uzyska\u0107 wi\u0119ksz\u0105 g\u0142\u0119bi\u0119, ale jednocze\u015bnie nie b\u0119d\u0105 przyt\u0142aczaj\u0105ce - Tw\u00f3j minimalistyczny wazon b\u0119dzie wygl\u0105da\u0142 stylowo i nowocze\u015bnie w ka\u017cdej przestrzeni.<\/p>\n<p><strong>Crystal Clear<\/strong><\/p>\n<p>Idealny przezroczysty pojemnik b\u0119dzie prezentowa\u0142 ka\u017cdy kwiat - klienci b\u0119d\u0105 zachwyceni jego przejrzysto\u015bci\u0105 i przezroczysto\u015bci\u0105 od samego pocz\u0105tku.<\/p>\n<p><strong>R\u00f3\u017cne rozmiary<\/strong><\/p>\n<p>Trzy r\u00f3\u017cne rozmiary, a mianowicie ma\u0142y, \u015bredni i du\u017cy, aby zaspokoi\u0107 r\u00f3\u017cne potrzeby przestrzeni - kolekcja wazon\u00f3w mo\u017ce znajdowa\u0107 si\u0119 na stoliku kawowym, p\u00f3\u0142ce z ksi\u0105\u017ckami lub stole weselnym.<\/p>\n<h2>Kluczowe specyfikacje<\/h2>\n<table style=\"border-collapse: collapse; width: 80%; margin-left: auto; margin-right: auto;\" border=\"0\" width=\"288\" cellspacing=\"0\" cellpadding=\"0\">\n<tbody>\n<tr style=\"height: 13.50pt;\">\n<td style=\"height: 13.5pt; width: 54pt; text-align: center;\" width=\"72\" height=\"18\">Styl<\/td>\n<td style=\"width: 54pt; text-align: center;\" width=\"72\">Rozmiar (cm)<\/td>\n<td style=\"width: 54pt; text-align: center;\" width=\"72\">Tworzywo<\/td>\n<td style=\"width: 54pt; text-align: center;\" width=\"72\">Kolor<\/td>\n<\/tr>\n<tr style=\"height: 13.50pt;\">\n<td style=\"height: 13.5pt; text-align: center;\" height=\"18\">Ma\u0142y<\/td>\n<td style=\"text-align: center;\">5.0&#215;11.5&#215;2.9<\/td>\n<td class=\"et2\" style=\"text-align: center;\" rowspan=\"3\">Szk\u0142o<\/td>\n<td class=\"et2\" style=\"text-align: center;\" rowspan=\"3\">Wyczy\u015b\u0107 lub niestandardowo<\/td>\n<\/tr>\n<tr style=\"height: 13.50pt;\">\n<td style=\"height: 13.5pt; text-align: center;\" height=\"18\">\u015aredni<\/td>\n<td style=\"text-align: center;\">6.6\u00d713.0x3.7<\/td>\n<\/tr>\n<tr style=\"height: 13.50pt;\">\n<td style=\"height: 13.5pt; text-align: center;\" height=\"18\">Du\u017cy<\/td>\n<td style=\"text-align: center;\">7.0&#215;14.6&#215;3.5<\/td>\n<\/tr>\n<\/tbody>\n<\/table>\n<h2>Przypadek sukcesu<\/h2>\n<p>My\u200d\u200d\u200d\u200d\u200d\u200d mieli\u015bmy \u015bwietn\u0105 wsp\u00f3\u0142prac\u0119 z butikowym studiem florystycznym z Melbourne w Australii, aby wyprodukowa\u0107 seri\u0119 niestandardowych, minimalistycznych szklanych wazon\u00f3w dla ich nowej linii. Marka stworzy\u0142a trzy r\u00f3\u017cne rozmiary wazon\u00f3w z diamentowym wzorem, kt\u00f3ry wizualnie \u0142\u0105czy wazony, podczas gdy ka\u017cdy z nich pozostaje odr\u0119bny. Poza tym wazony maj\u0105 matowe wyko\u0144czenie i mo\u017cliwe jest wygrawerowanie niestandardowego logo na podstawie ka\u017cdego wazonu.<\/p>\n<p>Kolekcja wazon\u00f3w okaza\u0142a si\u0119 najbardziej atrakcyjnym wyborem na prezenty \u015blubne i wystr\u00f3j domu po ich wydaniu. Sprzeda\u017c wazon\u00f3w studia wzros\u0142a o 40% w ci\u0105gu zaledwie dw\u00f3ch \u200d\u200d\u200d\u200d\u200d\u200d\u200d miesi\u0119cy.<\/p>\n<h2>Tw\u00f3j podr\u0119cznik personalizacji<\/h2>\n<ol>\n<li><strong>Dostosowywanie\u200d\u200d\u200d\u200d\u200d\u200d cz\u0119\u015bci:<\/strong> Aby nada\u0107 wazonowi bardziej elegancki i z\u0142o\u017cony wygl\u0105d, dost\u0119pnych jest kilka opcji, takich jak malowanie natryskowe (bursztyn, przydymiona szaro\u015b\u0107, matowa mleczna biel itp.) lub galwanizacja ze z\u0142ot\u0105 kraw\u0119dzi\u0105.<\/li>\n<li><strong>Aplikacja logo:<\/strong> Mark\u0119 wazonu mo\u017cna rozpozna\u0107 w subtelny i skuteczny spos\u00f3b za pomoc\u0105 sitodruku, hot-stampingu lub wyt\u0142oczenia logo na spodzie lub szyjce wazonu.<\/li>\n<\/ol>","protected":false},"excerpt":{"rendered":"<p>Elegancki zestaw kr\u00f3tkich szklanych wazon\u00f3w zaprojektowany z my\u015bl\u0105 o minimalistycznym wystroju. Te kr\u00f3tkie wazony pi\u0119knie podkre\u015blaj\u0105 pojedyncze kwiaty, idealne na wesela, sto\u0142y lub prezenty.<\/p>","protected":false},"featured_media":3209,"template":"","meta":{"site-sidebar-layout":"default","site-content-layout":"","ast-site-content-layout":"default","site-content-style":"default","site-sidebar-style":"default","ast-global-header-display":"","ast-banner-title-visibility":"","ast-main-header-display":"","ast-hfb-above-header-display":"","ast-hfb-below-header-display":"","ast-hfb-mobile-header-display":"","site-post-title":"","ast-breadcrumbs-content":"","ast-featured-img":"","footer-sml-layout":"","theme-transparent-header-meta":"default","adv-header-id-meta":"","stick-header-meta":"","header-above-stick-meta":"","header-main-stick-meta":"","header-below-stick-meta":"","astra-migrate-meta-layouts":"set","ast-page-background-enabled":"default","ast-page-background-meta":{"desktop":{"background-color":"var(--ast-global-color-5)","background-image":"","background-repeat":"repeat","background-position":"center center","background-size":"auto","background-attachment":"scroll","background-type":"","background-media":"","overlay-type":"","overlay-color":"","overlay-opacity":"","overlay-gradient":""},"tablet":{"background-color":"","background-image":"","background-repeat":"repeat","background-position":"center center","background-size":"auto","background-attachment":"scroll","background-type":"","background-media":"","overlay-type":"","overlay-color":"","overlay-opacity":"","overlay-gradient":""},"mobile":{"background-color":"","background-image":"","background-repeat":"repeat","background-position":"center center","background-size":"auto","background-attachment":"scroll","background-type":"","background-media":"","overlay-type":"","overlay-color":"","overlay-opacity":"","overlay-gradient":""}},"ast-content-background-meta":{"desktop":{"background-color":"var(--ast-global-color-4)","background-image":"","background-repeat":"repeat","background-position":"center center","background-size":"auto","background-attachment":"scroll","background-type":"","background-media":"","overlay-type":"","overlay-color":"","overlay-opacity":"","overlay-gradient":""},"tablet":{"background-color":"var(--ast-global-color-4)","background-image":"","background-repeat":"repeat","background-position":"center center","background-size":"auto","background-attachment":"scroll","background-type":"","background-media":"","overlay-type":"","overlay-color":"","overlay-opacity":"","overlay-gradient":""},"mobile":{"background-color":"var(--ast-global-color-4)","background-image":"","background-repeat":"repeat","background-position":"center center","background-size":"auto","background-attachment":"scroll","background-type":"","background-media":"","overlay-type":"","overlay-color":"","overlay-opacity":"","overlay-gradient":""}}},"product_brand":[],"product_cat":[21,57],"product_tag":[],"class_list":{"0":"post-3208","1":"product","2":"type-product","3":"status-publish","4":"has-post-thumbnail","6":"product_cat-product","7":"product_cat-glass-vases","8":"desktop-align-left","9":"tablet-align-left","10":"mobile-align-left","12":"first","13":"instock","14":"shipping-taxable","15":"product-type-simple"},"jetpack_sharing_enabled":true,"_links":{"self":[{"href":"https:\/\/mostebglass.com\/pl\/wp-json\/wp\/v2\/product\/3208","targetHints":{"allow":["GET"]}}],"collection":[{"href":"https:\/\/mostebglass.com\/pl\/wp-json\/wp\/v2\/product"}],"about":[{"href":"https:\/\/mostebglass.com\/pl\/wp-json\/wp\/v2\/types\/product"}],"wp:featuredmedia":[{"embeddable":true,"href":"https:\/\/mostebglass.com\/pl\/wp-json\/wp\/v2\/media\/3209"}],"wp:attachment":[{"href":"https:\/\/mostebglass.com\/pl\/wp-json\/wp\/v2\/media?parent=3208"}],"wp:term":[{"taxonomy":"product_brand","embeddable":true,"href":"https:\/\/mostebglass.com\/pl\/wp-json\/wp\/v2\/product_brand?post=3208"},{"taxonomy":"product_cat","embeddable":true,"href":"https:\/\/mostebglass.com\/pl\/wp-json\/wp\/v2\/product_cat?post=3208"},{"taxonomy":"product_tag","embeddable":true,"href":"https:\/\/mostebglass.com\/pl\/wp-json\/wp\/v2\/product_tag?post=3208"}],"curies":[{"name":"wp","href":"https:\/\/api.w.org\/{rel}","templated":true}]}}