{"id":404,"date":"2025-08-13T17:48:15","date_gmt":"2025-08-13T09:48:15","guid":{"rendered":"https:\/\/mostebglass.com\/?post_type=product&#038;p=404"},"modified":"2026-03-19T18:02:29","modified_gmt":"2026-03-19T10:02:29","slug":"candle-jar-wholesale-16oz-candle-jars-bulk-supply","status":"publish","type":"product","link":"https:\/\/mostebglass.com\/pl\/candle-jar-wholesale-16oz-candle-jars-bulk-supply\/","title":{"rendered":"Hurtowa sprzeda\u017c s\u0142oik\u00f3w na \u015bwiece 16 uncji | Hurtowa sprzeda\u017c s\u0142oik\u00f3w na \u015bwiece"},"content":{"rendered":"<p>To t\u0142oczone szklane s\u0142oiki na \u015bwiece, dost\u0119pne w hurtowych ilo\u015bciach, o szerokim, okr\u0105g\u0142ym wierzchu i stabilnym dnie, zaprojektowane estetycznie i praktycznie. \u015awiece maj\u0105 charakterystyczne, teksturowane wzory, kt\u00f3re skutecznie rozpraszaj\u0105 \u015bwiat\u0142o, dzi\u0119ki czemu pojemniki na \u015bwiece zapewniaj\u0105 wysokiej jako\u015bci, estetyczny wygl\u0105d, idealnie pasuj\u0105cy do ekskluzywnych \u015bwiecznik\u00f3w. Te pojemniki na \u015bwiece maj\u0105 pojemno\u015b\u0107 460 ml (16 uncji) i s\u0105 powszechnie u\u017cywane do przechowywania \u015bwiec sojowych, zapachowych i luksusowych kolekcji detalicznych. Wyprodukowane przez profesjonalnego producenta opakowa\u0144 szklanych, te s\u0142oiki z recyklingu \u0142\u0105cz\u0105 trwa\u0142o\u015b\u0107 z eleganckim stylem, dzi\u0119ki czemu nadaj\u0105 si\u0119 zar\u00f3wno do hurtowej, jak i hurtowej sprzeda\u017cy s\u0142oik\u00f3w na \u015bwiece.<\/p>\n<h2>Kluczowe specyfikacje<\/h2>\n<table style=\"border-collapse: collapse; width: 80%; margin-left: auto; margin-right: auto;\" border=\"0\" width=\"637\" cellspacing=\"0\" cellpadding=\"0\">\n<tbody>\n<tr style=\"height: 13.50pt;\">\n<td style=\"height: 13.50pt; width: 153.00pt;\" width=\"204\" height=\"18\">Nazwa produktu<\/td>\n<td style=\"width: 324.75pt;\" width=\"433\">S\u0142oik na \u015bwiec\u0119 ze szk\u0142a t\u0142oczonego<\/td>\n<\/tr>\n<tr style=\"height: 13.50pt;\">\n<td style=\"height: 13.50pt;\" height=\"18\">Pojemno\u015b\u0107<\/td>\n<td>460 ml \/ 16 uncji<\/td>\n<\/tr>\n<tr style=\"height: 13.50pt;\">\n<td style=\"height: 13.50pt;\" height=\"18\">Tworzywo<\/td>\n<td>Szk\u0142o sodowo-wapniowe bezo\u0142owiowe (z recyklingu)<\/td>\n<\/tr>\n<tr style=\"height: 13.50pt;\">\n<td style=\"height: 13.50pt;\" height=\"18\">Kszta\u0142t<\/td>\n<td>Okr\u0105g\u0142e, szerokie usta z podstaw\u0105<\/td>\n<\/tr>\n<tr style=\"height: 13.50pt;\">\n<td style=\"height: 13.50pt;\" height=\"18\">\u015arednica (g\u00f3ra\/d\u00f3\u0142)<\/td>\n<td>85 mm \/ 67 mm<\/td>\n<\/tr>\n<tr style=\"height: 13.50pt;\">\n<td style=\"height: 13.50pt;\" height=\"18\">Wysoko\u015b\u0107<\/td>\n<td>130 mm<\/td>\n<\/tr>\n<tr style=\"height: 13.50pt;\">\n<td style=\"height: 13.50pt;\" height=\"18\">Kolor<\/td>\n<td>Wyczy\u015b\u0107 (dost\u0119pne na zam\u00f3wienie)<\/td>\n<\/tr>\n<tr style=\"height: 13.50pt;\">\n<td style=\"height: 13.50pt;\" height=\"18\">Proces<\/td>\n<td>Prasowane maszynowo<\/td>\n<\/tr>\n<tr style=\"height: 13.50pt;\">\n<td style=\"height: 13.50pt;\" height=\"18\">Opcja pokrywy<\/td>\n<td>Mo\u017cliwo\u015b\u0107 dostosowania<\/td>\n<\/tr>\n<tr style=\"height: 13.50pt;\">\n<td style=\"height: 13.50pt;\" height=\"18\">Aplikacja<\/td>\n<td>\u015awieca sojowa, \u015bwieca zapachowa, produkcja \u015bwiec hurtowo<\/td>\n<\/tr>\n<tr style=\"height: 13.50pt;\">\n<td style=\"height: 13.50pt;\" height=\"18\">Rodzaj opakowania<\/td>\n<td>Hurt i luzem<\/td>\n<\/tr>\n<\/tbody>\n<\/table>\n<h2>G\u0142\u00f3wne cechy<\/h2>\n<ol>\n<li><strong>Elegancka t\u0142oczona dekoracja<\/strong>:Dekoracja powierzchni r\u00f3\u017cnicuje powierzchni\u0119 i tworzy wysokiej klasy luksusowe pojemniki na \u015bwiece, kt\u00f3re mo\u017cna wykorzystywa\u0107 w ekskluzywnym brandingu.<\/li>\n<li><strong>Zoptymalizowane wytwarzanie \u015bwiec:<\/strong> Gruba struktura szk\u0142a zapewnia r\u00f3wnomierne ch\u0142odzenie i stabilne wylewanie, co pozwala na produkcj\u0119 du\u017cych \u015bwiec.<\/li>\n<li><strong>Dostarcza wydajnie do hurtowni<\/strong>:Jednorodny kszta\u0142t i wytrzyma\u0142a konstrukcja pojemnika u\u0142atwiaj\u0105 automatyczne nape\u0142nianie, etykietowanie i skalowaln\u0105 sprzeda\u017c hurtow\u0105 s\u0142oik\u00f3w ze \u015bwiecami.<\/li>\n<\/ol>\n<h2>Udane studium przypadku<\/h2>\n<p>Ameryka\u0144ska marka luksusowych zapach\u00f3w do domu zakupi\u0142a 80 000 sztuk tych 16-uncjowych s\u0142oik\u00f3w na \u015bwiece w ramach naszego programu hurtowej sprzeda\u017cy s\u0142oik\u00f3w na \u015bwiece. Klientem jest hybrydowa firma detaliczna DTC, zajmuj\u0105ca si\u0119 sprzeda\u017c\u0105 ekologicznych \u015bwiec.<\/p>\n<p>Wybrali przezroczyste, recyklingowane szklanki, wyt\u0142oczyli na dnie w\u0142asne logo i do ka\u017cdego s\u0142oika do\u0142\u0105czyli matow\u0105, czarn\u0105, drewnian\u0105 pokrywk\u0119. S\u0142oiki zosta\u0142y wykorzystane w sezonowej kolekcji aromaterapeutycznej sprzedawanej na platformach internetowych i w butikach.<\/p>\n<p>Linia produkt\u00f3w odnotowa\u0142a 42-procentowy wzrost sprzeda\u017cy w ci\u0105gu jednego kwarta\u0142u dzi\u0119ki unikalnej konstrukcji pojemnik\u00f3w na \u015bwiece i atrakcyjnemu opakowaniu. Od tego czasu klient wielokrotnie zamawia\u0142 hurtowe ilo\u015bci, przekraczaj\u0105c 200 000 sztuk rocznie.<\/p>\n<h2>Rekomendacje personalizacji dla kupuj\u0105cych B2B<\/h2>\n<ul>\n<li><strong>Dekoracja powierzchni i branding<\/strong>:Zle\u0107 wykonanie \u015bwiecznika w wersji matowej, galwanizowanej lub z nadrukiem sitodrukowym, aby stworzy\u0107 spersonalizowane opakowanie, odzwierciedlaj\u0105ce charakter Twojej firmy.<\/li>\n<li><strong>Parowanie pokrywek<\/strong>:S\u0142u\u017cy jako bardziej wyrafinowany spos\u00f3b na zwi\u0119kszenie postrzeganej warto\u015bci poprzez po\u0142\u0105czenie s\u0142oika z pokrywkami z drewna, metalu lub szk\u0142a w przypadku sprzeda\u017cy hurtowej i detalicznej.<\/li>\n<li><strong>Strategia kolorystyczna\/strategia kolekcji<\/strong>:Zaprojektuj skoordynowane warianty kolorystyczne linii produkt\u00f3w sezonowych lub zapachowych, kt\u00f3re poprawi\u0105 widoczno\u015b\u0107 na p\u00f3\u0142ce i wizerunek marki.<\/li>\n<\/ul>\n<p>Te rozwi\u0105zania w zakresie s\u0142oik\u00f3w na \u015bwiece zosta\u0142y zaprojektowane dla marek poszukuj\u0105cych niezawodnych, skalowalnych i wizualnie wyr\u00f3\u017cniaj\u0105cych si\u0119 opakowa\u0144 szklanych na potrzeby nowoczesnego rynku \u015bwiec.<\/p>","protected":false},"excerpt":{"rendered":"<p>Hurtowa sprzeda\u017c s\u0142oik\u00f3w na \u015bwiece o pojemno\u015bci 16 uncji. Wysokiej jako\u015bci pojemniki na \u015bwiece z recyklingowanego szk\u0142a, luksusowe opakowania i dostawy hurtowe.<\/p>","protected":false},"featured_media":4832,"template":"","meta":{"site-sidebar-layout":"default","site-content-layout":"","ast-site-content-layout":"default","site-content-style":"default","site-sidebar-style":"default","ast-global-header-display":"","ast-banner-title-visibility":"","ast-main-header-display":"","ast-hfb-above-header-display":"","ast-hfb-below-header-display":"","ast-hfb-mobile-header-display":"","site-post-title":"","ast-breadcrumbs-content":"","ast-featured-img":"","footer-sml-layout":"","theme-transparent-header-meta":"default","adv-header-id-meta":"","stick-header-meta":"","header-above-stick-meta":"","header-main-stick-meta":"","header-below-stick-meta":"","astra-migrate-meta-layouts":"set","ast-page-background-enabled":"default","ast-page-background-meta":{"desktop":{"background-color":"var(--ast-global-color-5)","background-image":"","background-repeat":"repeat","background-position":"center center","background-size":"auto","background-attachment":"scroll","background-type":"","background-media":"","overlay-type":"","overlay-color":"","overlay-opacity":"","overlay-gradient":""},"tablet":{"background-color":"","background-image":"","background-repeat":"repeat","background-position":"center center","background-size":"auto","background-attachment":"scroll","background-type":"","background-media":"","overlay-type":"","overlay-color":"","overlay-opacity":"","overlay-gradient":""},"mobile":{"background-color":"","background-image":"","background-repeat":"repeat","background-position":"center center","background-size":"auto","background-attachment":"scroll","background-type":"","background-media":"","overlay-type":"","overlay-color":"","overlay-opacity":"","overlay-gradient":""}},"ast-content-background-meta":{"desktop":{"background-color":"var(--ast-global-color-4)","background-image":"","background-repeat":"repeat","background-position":"center center","background-size":"auto","background-attachment":"scroll","background-type":"","background-media":"","overlay-type":"","overlay-color":"","overlay-opacity":"","overlay-gradient":""},"tablet":{"background-color":"var(--ast-global-color-4)","background-image":"","background-repeat":"repeat","background-position":"center center","background-size":"auto","background-attachment":"scroll","background-type":"","background-media":"","overlay-type":"","overlay-color":"","overlay-opacity":"","overlay-gradient":""},"mobile":{"background-color":"var(--ast-global-color-4)","background-image":"","background-repeat":"repeat","background-position":"center center","background-size":"auto","background-attachment":"scroll","background-type":"","background-media":"","overlay-type":"","overlay-color":"","overlay-opacity":"","overlay-gradient":""}}},"product_brand":[],"product_cat":[28,21],"product_tag":[36,35],"class_list":{"0":"post-404","1":"product","2":"type-product","3":"status-publish","4":"has-post-thumbnail","6":"product_cat-glass-candle-jars","7":"product_cat-product","8":"product_tag-candle-jars-bulk","9":"product_tag-glass-jar-candles","10":"desktop-align-left","11":"tablet-align-left","12":"mobile-align-left","14":"first","15":"instock","16":"shipping-taxable","17":"product-type-simple"},"jetpack_sharing_enabled":true,"_links":{"self":[{"href":"https:\/\/mostebglass.com\/pl\/wp-json\/wp\/v2\/product\/404","targetHints":{"allow":["GET"]}}],"collection":[{"href":"https:\/\/mostebglass.com\/pl\/wp-json\/wp\/v2\/product"}],"about":[{"href":"https:\/\/mostebglass.com\/pl\/wp-json\/wp\/v2\/types\/product"}],"wp:featuredmedia":[{"embeddable":true,"href":"https:\/\/mostebglass.com\/pl\/wp-json\/wp\/v2\/media\/4832"}],"wp:attachment":[{"href":"https:\/\/mostebglass.com\/pl\/wp-json\/wp\/v2\/media?parent=404"}],"wp:term":[{"taxonomy":"product_brand","embeddable":true,"href":"https:\/\/mostebglass.com\/pl\/wp-json\/wp\/v2\/product_brand?post=404"},{"taxonomy":"product_cat","embeddable":true,"href":"https:\/\/mostebglass.com\/pl\/wp-json\/wp\/v2\/product_cat?post=404"},{"taxonomy":"product_tag","embeddable":true,"href":"https:\/\/mostebglass.com\/pl\/wp-json\/wp\/v2\/product_tag?post=404"}],"curies":[{"name":"wp","href":"https:\/\/api.w.org\/{rel}","templated":true}]}}