{"id":409,"date":"2025-08-14T17:30:04","date_gmt":"2025-08-14T09:30:04","guid":{"rendered":"https:\/\/mostebglass.com\/?post_type=product&#038;p=409"},"modified":"2026-01-26T14:15:32","modified_gmt":"2026-01-26T06:15:32","slug":"360ml-clear-candle-glass-jars-unique-geometric-embossed-design","status":"publish","type":"product","link":"https:\/\/mostebglass.com\/pl\/360ml-clear-candle-glass-jars-unique-geometric-embossed-design\/","title":{"rendered":"S\u0142oiki na \u015bwiece szklane o pojemno\u015bci 360 ml, przezroczyste \u2013 wyj\u0105tkowy geometryczny wz\u00f3r t\u0142oczony"},"content":{"rendered":"<p>Te cylindryczne szklane s\u0142oiki na \u015bwiece o prostych, pionowych bokach wykonane s\u0105 z przezroczystego szk\u0142a. Ich powierzchnia to po\u0142\u0105czenie geometrycznych wyt\u0142ocze\u0144, sk\u0142adaj\u0105cych si\u0119 z powtarzaj\u0105cych si\u0119 diamentowych i gwia\u017adzistych faset, kt\u00f3re nadaj\u0105 korpusowi teksturowany, ci\u0119ty wygl\u0105d. Szk\u0142o jest bezbarwne i krystalicznie czyste, a \u015bwiat\u0142o przenika przez nie i odbija si\u0119 od faktury utworzonego wzoru. Kraw\u0119d\u017a jest r\u00f3wna i p\u0142aska, bez pokrywki ani zdobienia. Wz\u00f3r jest symetryczny, strukturalny i dekoracyjny, co sprzyja rozproszeniu \u015bwiat\u0142a podczas zapalania \u015bwiecy.<\/p>\n<h2>Cechy produktu<\/h2>\n<p><strong>Wzory 3D z rozb\u0142yskami gwiazd dla dramatyzmu wizualnego:\u00a0<\/strong>Tekstury w kszta\u0142cie diament\u00f3w tworz\u0105 wzory przypominaj\u0105ce megagwiazdy, dzi\u0119ki czemu pojemnik na \u015bwiec\u0119 wygl\u0105da na r\u0119cznie wykonany i wysoki.<\/p>\n<p><strong>Projekt wykorzystuj\u0105cy zjawisko za\u0142amania \u015bwiat\u0142a dla uzyskania efektu estetycznego:\u00a0<\/strong>Grube szk\u0142o i geometryczne wzory zwi\u0119kszaj\u0105 \u0142agodn\u0105 gr\u0119 kolor\u00f3w, zamieniaj\u0105c Twoje naczynie w przedmiot ozdobny, nawet gdy jest puste.<\/p>\n<p><strong>Uniwersalna elastyczno\u015b\u0107:\u00a0<\/strong>Mo\u017cna go u\u017cywa\u0107 jako s\u0142oika na \u015bwiece, stojaka na \u015bwiece lub pojemnika do gara\u017cu \u2014 jego wszechstronno\u015b\u0107 sprawia, \u017ce \u200b\u200bjest po\u017c\u0105dany przez marki \u015bwiec poszukuj\u0105ce funkcjonalnych wzor\u00f3w.<\/p>\n<h2>Kluczowe specyfikacje<\/h2>\n<table style=\"border-collapse: collapse; width: 80%; margin-left: auto; margin-right: auto;\" border=\"0\" width=\"144\" cellspacing=\"0\" cellpadding=\"0\">\n<tbody>\n<tr style=\"height: 13.50pt;\">\n<td style=\"height: 13.50pt; width: 54.00pt;\" width=\"72\" height=\"18\">Funkcja<\/td>\n<td style=\"width: 54.00pt;\" width=\"72\">Bli\u017csze dane<\/td>\n<\/tr>\n<tr style=\"height: 13.50pt;\">\n<td style=\"height: 13.50pt;\" height=\"18\">Pojemno\u015b\u0107<\/td>\n<td>360 ml<\/td>\n<\/tr>\n<tr style=\"height: 13.50pt;\">\n<td style=\"height: 13.50pt;\" height=\"18\">Waga<\/td>\n<td>500 gram\u00f3w<\/td>\n<\/tr>\n<tr style=\"height: 13.50pt;\">\n<td style=\"height: 13.50pt;\" height=\"18\">Wzory<\/td>\n<td>Kropka ry\u017cowa, Kropkowana, Diament, Pionowa, Kropla wody, Rozb\u0142ysk gwiazdy<\/td>\n<\/tr>\n<tr style=\"height: 13.50pt;\">\n<td style=\"height: 13.50pt;\" height=\"18\">Wymiary<\/td>\n<td>95 * 95 * 87 mm<\/td>\n<\/tr>\n<tr style=\"height: 13.50pt;\">\n<td style=\"height: 13.50pt;\" height=\"18\">Tworzywo<\/td>\n<td>Szk\u0142o kryszta\u0142owe<\/td>\n<\/tr>\n<tr style=\"height: 13.50pt;\">\n<td style=\"height: 13.50pt;\" height=\"18\">Kolor<\/td>\n<td>Jasne<\/td>\n<\/tr>\n<\/tbody>\n<\/table>\n<h2>Pomys\u0142y na indywidualny projekt<\/h2>\n<ol>\n<li><strong>Wzory sezonowe:<\/strong>Letnie modele charakteryzuj\u0105 si\u0119 wzorem kropli wody, a zimowe \u2013 wzorem diament\u00f3w. Dzi\u0119ki temu powstaj\u0105 sezonowe kolekcje \u015bwiec zapachowych idealne na wakacje i specjalne okazje.<\/li>\n<li><strong>Ekologiczne rozwi\u0105zania opakowaniowe:<\/strong>Promowanie szklanych \u015bwiecznik\u00f3w wielokrotnego u\u017cytku wraz z sugestiami, \u017ce mo\u017cna je wykorzysta\u0107 jako doniczki na kwiaty lub pojemniki do przechowywania w kuchni, uzupe\u0142nia warto\u015b\u0107 i jest zgodne z zasadami zr\u00f3wnowa\u017conego rozwoju.<\/li>\n<\/ol>\n<p>&nbsp;<\/p>\n<p>&nbsp;<\/p>","protected":false},"excerpt":{"rendered":"<p>Odkryj szklane s\u0142oiki na \u015bwiece i wyj\u0105tkowe s\u0142oiki na \u015bwiece w cenach hurtowych. Idealne do luksusowych marek \u015bwiec, wysokiej jako\u015bci s\u0142oik\u00f3w na \u015bwiece i zam\u00f3wie\u0144 hurtowych.<\/p>","protected":false},"featured_media":413,"template":"","meta":{"site-sidebar-layout":"default","site-content-layout":"","ast-site-content-layout":"default","site-content-style":"default","site-sidebar-style":"default","ast-global-header-display":"","ast-banner-title-visibility":"","ast-main-header-display":"","ast-hfb-above-header-display":"","ast-hfb-below-header-display":"","ast-hfb-mobile-header-display":"","site-post-title":"","ast-breadcrumbs-content":"","ast-featured-img":"","footer-sml-layout":"","theme-transparent-header-meta":"default","adv-header-id-meta":"","stick-header-meta":"","header-above-stick-meta":"","header-main-stick-meta":"","header-below-stick-meta":"","astra-migrate-meta-layouts":"set","ast-page-background-enabled":"default","ast-page-background-meta":{"desktop":{"background-color":"var(--ast-global-color-5)","background-image":"","background-repeat":"repeat","background-position":"center center","background-size":"auto","background-attachment":"scroll","background-type":"","background-media":"","overlay-type":"","overlay-color":"","overlay-opacity":"","overlay-gradient":""},"tablet":{"background-color":"","background-image":"","background-repeat":"repeat","background-position":"center center","background-size":"auto","background-attachment":"scroll","background-type":"","background-media":"","overlay-type":"","overlay-color":"","overlay-opacity":"","overlay-gradient":""},"mobile":{"background-color":"","background-image":"","background-repeat":"repeat","background-position":"center center","background-size":"auto","background-attachment":"scroll","background-type":"","background-media":"","overlay-type":"","overlay-color":"","overlay-opacity":"","overlay-gradient":""}},"ast-content-background-meta":{"desktop":{"background-color":"var(--ast-global-color-4)","background-image":"","background-repeat":"repeat","background-position":"center center","background-size":"auto","background-attachment":"scroll","background-type":"","background-media":"","overlay-type":"","overlay-color":"","overlay-opacity":"","overlay-gradient":""},"tablet":{"background-color":"var(--ast-global-color-4)","background-image":"","background-repeat":"repeat","background-position":"center center","background-size":"auto","background-attachment":"scroll","background-type":"","background-media":"","overlay-type":"","overlay-color":"","overlay-opacity":"","overlay-gradient":""},"mobile":{"background-color":"var(--ast-global-color-4)","background-image":"","background-repeat":"repeat","background-position":"center center","background-size":"auto","background-attachment":"scroll","background-type":"","background-media":"","overlay-type":"","overlay-color":"","overlay-opacity":"","overlay-gradient":""}}},"product_brand":[],"product_cat":[28],"product_tag":[37,38],"class_list":{"0":"post-409","1":"product","2":"type-product","3":"status-publish","4":"has-post-thumbnail","6":"product_cat-glass-candle-jars","7":"product_tag-candle-glass-jars","8":"product_tag-unique-candle-jars","9":"desktop-align-left","10":"tablet-align-left","11":"mobile-align-left","13":"first","14":"instock","15":"shipping-taxable","16":"product-type-simple"},"jetpack_sharing_enabled":true,"_links":{"self":[{"href":"https:\/\/mostebglass.com\/pl\/wp-json\/wp\/v2\/product\/409","targetHints":{"allow":["GET"]}}],"collection":[{"href":"https:\/\/mostebglass.com\/pl\/wp-json\/wp\/v2\/product"}],"about":[{"href":"https:\/\/mostebglass.com\/pl\/wp-json\/wp\/v2\/types\/product"}],"wp:featuredmedia":[{"embeddable":true,"href":"https:\/\/mostebglass.com\/pl\/wp-json\/wp\/v2\/media\/413"}],"wp:attachment":[{"href":"https:\/\/mostebglass.com\/pl\/wp-json\/wp\/v2\/media?parent=409"}],"wp:term":[{"taxonomy":"product_brand","embeddable":true,"href":"https:\/\/mostebglass.com\/pl\/wp-json\/wp\/v2\/product_brand?post=409"},{"taxonomy":"product_cat","embeddable":true,"href":"https:\/\/mostebglass.com\/pl\/wp-json\/wp\/v2\/product_cat?post=409"},{"taxonomy":"product_tag","embeddable":true,"href":"https:\/\/mostebglass.com\/pl\/wp-json\/wp\/v2\/product_tag?post=409"}],"curies":[{"name":"wp","href":"https:\/\/api.w.org\/{rel}","templated":true}]}}