{"id":414,"date":"2025-08-18T17:54:30","date_gmt":"2025-08-18T09:54:30","guid":{"rendered":"https:\/\/mostebglass.com\/?post_type=product&#038;p=414"},"modified":"2026-03-23T17:51:35","modified_gmt":"2026-03-23T09:51:35","slug":"wholesale-small-candle-containers-embossed-glass-candle-jars","status":"publish","type":"product","link":"https:\/\/mostebglass.com\/pl\/wholesale-small-candle-containers-embossed-glass-candle-jars\/","title":{"rendered":"Hurtowe pojemniki na ma\u0142e \u015bwiece \u2013 90 ml t\u0142oczone szklane s\u0142oiki na \u015bwiece"},"content":{"rendered":"<p>Nasze ma\u0142e pojemniki na \u015bwiece s\u0105 cylindryczne, o pojemno\u015bci zaledwie 90 ml i posiadaj\u0105 liczne wyt\u0142oczenia na powierzchni. Wszystkie pojemniki wykonane s\u0105 z wysokiej jako\u015bci szk\u0142a, kt\u00f3re jest przezroczyste i charakteryzuje si\u0119 specjalnymi wzorami, takimi jak geometryczne diamenty, pionowe \u017c\u0142obienia, r\u00f3\u017cne formy b\u0105belk\u00f3w w okr\u0119gach lub wzory w stylu antycznym. Szklane \u015bcianki s\u0105 r\u00f3wnie\u017c wyj\u0105tkowo grube, co zapewnia im wi\u0119ksz\u0105 trwa\u0142o\u015b\u0107 i elegancki wygl\u0105d. Przezroczyste wyko\u0144czenie pozwala na pi\u0119kne rozproszenie \u015bwiat\u0142a \u015bwiecy oraz nadaje im ciep\u0142y i dekoracyjny wygl\u0105d.<\/p>\n<h2>Aplikacja<\/h2>\n<p>Te puste szklane s\u0142oiki na \u015bwiece nadaj\u0105 si\u0119 do przechowywania \u015bwiec zapachowych, \u015bwiec wotywnych, pr\u00f3bek i innych drobnych produkt\u00f3w. Znajduj\u0105 zastosowanie w aran\u017cacji wn\u0119trz i stylizacji event\u00f3w, zestawach upominkowych oraz w hotelarstwie, gdzie wa\u017cne s\u0105 motywy dekoracyjne. Pojemno\u015b\u0107 90 ml jest szczeg\u00f3lnie przydatna markom i hurtownikom w zestawach pr\u00f3bnych i liniach promocyjnych, a tak\u017ce w kolekcjach o du\u017cej rotacji w sklepach detalicznych.<\/p>\n<h2>Kluczowe specyfikacje<\/h2>\n<p>&nbsp;<\/p>\n<table style=\"border-collapse: collapse; width: 80%; margin-left: auto; margin-right: auto;\" border=\"0\" width=\"144\" cellspacing=\"0\" cellpadding=\"0\">\n<tbody>\n<tr style=\"height: 13.50pt;\">\n<td style=\"height: 13.50pt; width: 54.00pt;\" width=\"72\" height=\"18\">Funkcja<\/td>\n<td style=\"width: 54.00pt;\" width=\"72\">Bli\u017csze dane<\/td>\n<\/tr>\n<tr style=\"height: 13.50pt;\">\n<td style=\"height: 13.50pt;\" height=\"18\">Pojemno\u015b\u0107<\/td>\n<td>90 ml (\u015brednica 55 mm, \u015brednica dna 52 mm, wysoko\u015b\u0107 65 mm)<\/td>\n<\/tr>\n<tr style=\"height: 13.50pt;\">\n<td style=\"height: 13.50pt;\" height=\"18\">Waga<\/td>\n<td>120g<\/td>\n<\/tr>\n<tr style=\"height: 13.50pt;\">\n<td style=\"height: 13.50pt;\" height=\"18\">Wzory<\/td>\n<td>\u015alimak, Kropkowany, Diament, Pionowy, Mniszek lekarski, Spirala, S\u0142onecznik, Kropki prostok\u0105tne, Wachlarzowy, Kropki pionowe<\/td>\n<\/tr>\n<tr style=\"height: 13.50pt;\">\n<td style=\"height: 13.50pt;\" height=\"18\">Tworzywo<\/td>\n<td>Szk\u0142em sodowo wapiennym<\/td>\n<\/tr>\n<tr style=\"height: 13.50pt;\">\n<td style=\"height: 13.50pt;\" height=\"18\">Opcje dostosowywania<\/td>\n<td>Kolor, logo, wieczko, kszta\u0142t, rozmiar, opakowanie<\/td>\n<\/tr>\n<\/tbody>\n<\/table>\n<h2>Cechy produktu<\/h2>\n<ul>\n<li data-section-id=\"15qnsrz\" data-start=\"867\" data-end=\"932\">R\u00f3\u017cnorodne wzory t\u0142oczone dla zr\u00f3\u017cnicowanych linii produkt\u00f3w<\/li>\n<li data-section-id=\"1itew8e\" data-start=\"933\" data-end=\"1000\">Kompaktowa pojemno\u015b\u0107 90 ml, idealna do \u015bwiec podr\u00f3\u017cnych i pr\u00f3bek<\/li>\n<li data-section-id=\"12u51z5\" data-start=\"1001\" data-end=\"1056\">Grube, trwa\u0142e szk\u0142o o doskona\u0142ym rozpraszaniu \u015bwiat\u0142a<\/li>\n<\/ul>\n<h2>Wskaz\u00f3wki dotycz\u0105ce personalizacji<\/h2>\n<ol>\n<li><strong>Pokrywka\/Opakowanie\/Etykietowanie<\/strong>: Zwi\u0119ksz warto\u015b\u0107 produktu, zapewniaj\u0105c dopasowane akcesoria i opcje pakowania \u2013 niestandardowe pokrywki (metalowe, bambusowe, drewniane, korkowe), opakowania wewn\u0119trzne (poduszki piankowe, pude\u0142ka z papieru kraft, zestawy prezentowe), zestawy wielos\u0142oikowe (detaliczne lub promocyjne).<\/li>\n<li><strong>Interaktywne opakowania dla hurtownik\u00f3w s\u0142oik\u00f3w ze \u015bwiecami:<\/strong>Dodaj kod QR do pude\u0142ka ze \u015bwiec\u0105, linkuj\u0105c do historii marki Twojej firmy lub materia\u0142u edukacyjnego na temat \u015bwiec. To nie tylko uczy klient\u00f3w, ale tak\u017ce buduje zaufanie do Ciebie.<\/li>\n<\/ol>","protected":false},"excerpt":{"rendered":"<p>Odkryj ma\u0142e pojemniki na \u015bwiece o pojemno\u015bci 90 ml z wyt\u0142oczonymi wzorami. Te puste s\u0142oiki idealnie nadaj\u0105 si\u0119 do \u015bwiec zapachowych, zestaw\u00f3w prezentowych i hurtowej personalizacji marek.<\/p>","protected":false},"featured_media":4878,"template":"","meta":{"site-sidebar-layout":"default","site-content-layout":"","ast-site-content-layout":"default","site-content-style":"default","site-sidebar-style":"default","ast-global-header-display":"","ast-banner-title-visibility":"","ast-main-header-display":"","ast-hfb-above-header-display":"","ast-hfb-below-header-display":"","ast-hfb-mobile-header-display":"","site-post-title":"","ast-breadcrumbs-content":"","ast-featured-img":"","footer-sml-layout":"","theme-transparent-header-meta":"default","adv-header-id-meta":"","stick-header-meta":"","header-above-stick-meta":"","header-main-stick-meta":"","header-below-stick-meta":"","astra-migrate-meta-layouts":"set","ast-page-background-enabled":"default","ast-page-background-meta":{"desktop":{"background-color":"var(--ast-global-color-5)","background-image":"","background-repeat":"repeat","background-position":"center center","background-size":"auto","background-attachment":"scroll","background-type":"","background-media":"","overlay-type":"","overlay-color":"","overlay-opacity":"","overlay-gradient":""},"tablet":{"background-color":"","background-image":"","background-repeat":"repeat","background-position":"center center","background-size":"auto","background-attachment":"scroll","background-type":"","background-media":"","overlay-type":"","overlay-color":"","overlay-opacity":"","overlay-gradient":""},"mobile":{"background-color":"","background-image":"","background-repeat":"repeat","background-position":"center center","background-size":"auto","background-attachment":"scroll","background-type":"","background-media":"","overlay-type":"","overlay-color":"","overlay-opacity":"","overlay-gradient":""}},"ast-content-background-meta":{"desktop":{"background-color":"var(--ast-global-color-4)","background-image":"","background-repeat":"repeat","background-position":"center center","background-size":"auto","background-attachment":"scroll","background-type":"","background-media":"","overlay-type":"","overlay-color":"","overlay-opacity":"","overlay-gradient":""},"tablet":{"background-color":"var(--ast-global-color-4)","background-image":"","background-repeat":"repeat","background-position":"center center","background-size":"auto","background-attachment":"scroll","background-type":"","background-media":"","overlay-type":"","overlay-color":"","overlay-opacity":"","overlay-gradient":""},"mobile":{"background-color":"var(--ast-global-color-4)","background-image":"","background-repeat":"repeat","background-position":"center center","background-size":"auto","background-attachment":"scroll","background-type":"","background-media":"","overlay-type":"","overlay-color":"","overlay-opacity":"","overlay-gradient":""}}},"product_brand":[],"product_cat":[28,21],"product_tag":[39,40],"class_list":{"0":"post-414","1":"product","2":"type-product","3":"status-publish","4":"has-post-thumbnail","6":"product_cat-glass-candle-jars","7":"product_cat-product","8":"product_tag-candle-jar","9":"product_tag-empty-candle-jar","10":"desktop-align-left","11":"tablet-align-left","12":"mobile-align-left","14":"first","15":"instock","16":"shipping-taxable","17":"product-type-simple"},"jetpack_sharing_enabled":true,"_links":{"self":[{"href":"https:\/\/mostebglass.com\/pl\/wp-json\/wp\/v2\/product\/414","targetHints":{"allow":["GET"]}}],"collection":[{"href":"https:\/\/mostebglass.com\/pl\/wp-json\/wp\/v2\/product"}],"about":[{"href":"https:\/\/mostebglass.com\/pl\/wp-json\/wp\/v2\/types\/product"}],"wp:featuredmedia":[{"embeddable":true,"href":"https:\/\/mostebglass.com\/pl\/wp-json\/wp\/v2\/media\/4878"}],"wp:attachment":[{"href":"https:\/\/mostebglass.com\/pl\/wp-json\/wp\/v2\/media?parent=414"}],"wp:term":[{"taxonomy":"product_brand","embeddable":true,"href":"https:\/\/mostebglass.com\/pl\/wp-json\/wp\/v2\/product_brand?post=414"},{"taxonomy":"product_cat","embeddable":true,"href":"https:\/\/mostebglass.com\/pl\/wp-json\/wp\/v2\/product_cat?post=414"},{"taxonomy":"product_tag","embeddable":true,"href":"https:\/\/mostebglass.com\/pl\/wp-json\/wp\/v2\/product_tag?post=414"}],"curies":[{"name":"wp","href":"https:\/\/api.w.org\/{rel}","templated":true}]}}