{"id":424,"date":"2025-08-14T17:38:02","date_gmt":"2025-08-14T09:38:02","guid":{"rendered":"https:\/\/mostebglass.com\/?post_type=product&#038;p=424"},"modified":"2026-02-09T12:02:29","modified_gmt":"2026-02-09T04:02:29","slug":"190ml-diamond-cut-glass-vessels-candle-drinkware-solution","status":"publish","type":"product","link":"https:\/\/mostebglass.com\/pl\/190ml-diamond-cut-glass-vessels-candle-drinkware-solution\/","title":{"rendered":"Naczynia ze szk\u0142a szlifowanego diamentem o pojemno\u015bci 190 ml | Rozwi\u0105zania do \u015bwiec i naczy\u0144 do napoj\u00f3w"},"content":{"rendered":"<p>To szklane naczynie o pojemno\u015bci 190 ml wykonane jest z bezo\u0142owiowego szk\u0142a sodowo-wapniowego o cylindrycznym kszta\u0142cie, prostych bokach i bardzo grubym, stabilnym dnie. Zewn\u0119trzna powierzchnia ma teksturowane wyko\u0144czenie szlifem diamentowym, kt\u00f3re zapewnia doskona\u0142y chwyt i efekt odbicia \u015bwiat\u0142a. Przezroczysty szklany korpus zosta\u0142 tak umiejscowiony, aby nada\u0107 projektowi dodatkow\u0105 g\u0142\u0119bi\u0119 i atrakcyjno\u015b\u0107, poniewa\u017c \u015bwiat\u0142o \u015bwiecy mo\u017ce prze\u015bwitywa\u0107, gdy naczynie jest u\u017cywane jako naczynie na \u015bwiece.<\/p>\n<h2>Aplikacja<\/h2>\n<p>Materia\u0142, z kt\u00f3rego jest wykonany, jest bezpieczny dla \u017cywno\u015bci i nie zawiera o\u0142owiu, a jego wygodny kszta\u0142t pozwala na ponowne wykorzystanie go jako kieliszka do whisky lub koktajli, po odpowiednim oczyszczeniu, co czyni go ekologicznym i wielofunkcyjnym. Znajdzie zastosowanie w \u015bwiecach zapachowych, \u015bwiecach dekoracyjnych, zestawach upominkowych, dekoracjach wn\u0119trz, w hotelarstwie oraz w kolekcjach marek ekologicznych, kt\u00f3re stawiaj\u0105 zar\u00f3wno na form\u0119, jak i funkcjonalno\u015b\u0107.<\/p>\n<h2>Cechy produktu<\/h2>\n<p><strong>Tekstura plastra miodu dla przyjemno\u015bci w dotyku:\u00a0<\/strong>Tr\u00f3jwymiarowa sze\u015bciok\u0105tna siatka dodaje uroku i jednocze\u015bnie tworzy powierzchni\u0119 antypo\u015blizgow\u0105, co u\u0142atwia utrzymanie r\u00f3wnowagi pojemnika na \u015bwiece.<\/p>\n<p><strong>Wielofunkcyjna konstrukcja zapewniaj\u0105ca elastyczno\u015b\u0107:\u00a0<\/strong>Mo\u017cna go u\u017cywa\u0107 jako pojemnika na \u015bwiece, olejki eteryczne lub do przechowywania przedmiot\u00f3w dekoracyjnych \u2014 jego uniwersalno\u015b\u0107 sprawia, \u017ce \u200b\u200bjest po\u017c\u0105dany przez producent\u00f3w \u015bwiec poszukuj\u0105cych funkcjonalnej sztuki.<\/p>\n<h2>Kluczowe specyfikacje<\/h2>\n<table style=\"border-collapse: collapse; width: 80%; margin-left: auto; margin-right: auto;\" border=\"0\" width=\"144\" cellspacing=\"0\" cellpadding=\"0\">\n<tbody>\n<tr style=\"height: 13.50pt;\">\n<td style=\"height: 13.50pt; width: 54.00pt;\" width=\"72\" height=\"18\">Funkcja<\/td>\n<td style=\"width: 54.00pt;\" width=\"72\">Bli\u017csze dane<\/td>\n<\/tr>\n<tr style=\"height: 13.50pt;\">\n<td style=\"height: 13.50pt;\" height=\"18\">Pojemno\u015b\u0107<\/td>\n<td>190 ml<\/td>\n<\/tr>\n<tr style=\"height: 13.50pt;\">\n<td style=\"height: 13.50pt;\" height=\"18\">Wz\u00f3r<\/td>\n<td>Siatka plastra miodu (tekstura 3D)<\/td>\n<\/tr>\n<tr style=\"height: 13.50pt;\">\n<td style=\"height: 13.50pt;\" height=\"18\">Wymiary<\/td>\n<td>70*70*75 mm<\/td>\n<\/tr>\n<tr style=\"height: 13.50pt;\">\n<td style=\"height: 13.50pt;\" height=\"18\">Tworzywo<\/td>\n<td>Szk\u0142o sodowo-wapniowe bezo\u0142owiowe<\/td>\n<\/tr>\n<tr style=\"height: 13.50pt;\">\n<td style=\"height: 13.50pt;\" height=\"18\">Kolor<\/td>\n<td>Przezroczysty i Tw\u00f3j niestandardowy kolor<\/td>\n<\/tr>\n<\/tbody>\n<\/table>\n<h2>Zaawansowane wskaz\u00f3wki dotycz\u0105ce personalizacji<\/h2>\n<ol>\n<li><strong>Systemy sztaplowane w kszta\u0142cie plastra miodu:<\/strong>Zaprojektuj pokrywki s\u0142oik\u00f3w na \u015bwiece z zachodz\u0105cymi na siebie kraw\u0119dziami, aby s\u0142oiki mo\u017cna by\u0142o ustawia\u0107 pionowo. Ten oszcz\u0119dzaj\u0105cy miejsce trik jest idealny dla hurtowych odbiorc\u00f3w \u015bwiec, kt\u00f3rzy potrzebuj\u0105 pojemnik\u00f3w na \u015bwiece, kt\u00f3re zmieszcz\u0105 si\u0119 w gara\u017cu, a jednocze\u015bnie nie rezygnuj\u0105 z elegancji.<\/li>\n<li><strong>Opakowania interaktywne:<\/strong>Dodaj kod QR na wieczku s\u0142oika z linkiem do samouczka, jak uzupe\u0142nia\u0107 i ponownie wykorzystywa\u0107 s\u0142oiki ze \u015bwiecami. To edukuje klient\u00f3w i zwi\u0119ksza zaufanie do Twoich niesamowitych s\u0142oik\u00f3w ze \u015bwiecami.<\/li>\n<\/ol>","protected":false},"excerpt":{"rendered":"<p>Wysokiej jako\u015bci, bezo\u0142owiowe naczynie szklane o pojemno\u015bci 190 ml z diamentow\u0105 faktur\u0105, dost\u0119pne w sprzeda\u017cy hurtowej. Do \u015bwiec, koktajli, dekoracji i zestaw\u00f3w prezentowych. Wielokrotnego u\u017cytku, eleganckie i ekologiczne.<\/p>","protected":false},"featured_media":426,"template":"","meta":{"site-sidebar-layout":"default","site-content-layout":"","ast-site-content-layout":"default","site-content-style":"default","site-sidebar-style":"default","ast-global-header-display":"","ast-banner-title-visibility":"","ast-main-header-display":"","ast-hfb-above-header-display":"","ast-hfb-below-header-display":"","ast-hfb-mobile-header-display":"","site-post-title":"","ast-breadcrumbs-content":"","ast-featured-img":"","footer-sml-layout":"","theme-transparent-header-meta":"default","adv-header-id-meta":"","stick-header-meta":"","header-above-stick-meta":"","header-main-stick-meta":"","header-below-stick-meta":"","astra-migrate-meta-layouts":"set","ast-page-background-enabled":"default","ast-page-background-meta":{"desktop":{"background-color":"var(--ast-global-color-5)","background-image":"","background-repeat":"repeat","background-position":"center center","background-size":"auto","background-attachment":"scroll","background-type":"","background-media":"","overlay-type":"","overlay-color":"","overlay-opacity":"","overlay-gradient":""},"tablet":{"background-color":"","background-image":"","background-repeat":"repeat","background-position":"center center","background-size":"auto","background-attachment":"scroll","background-type":"","background-media":"","overlay-type":"","overlay-color":"","overlay-opacity":"","overlay-gradient":""},"mobile":{"background-color":"","background-image":"","background-repeat":"repeat","background-position":"center center","background-size":"auto","background-attachment":"scroll","background-type":"","background-media":"","overlay-type":"","overlay-color":"","overlay-opacity":"","overlay-gradient":""}},"ast-content-background-meta":{"desktop":{"background-color":"var(--ast-global-color-4)","background-image":"","background-repeat":"repeat","background-position":"center center","background-size":"auto","background-attachment":"scroll","background-type":"","background-media":"","overlay-type":"","overlay-color":"","overlay-opacity":"","overlay-gradient":""},"tablet":{"background-color":"var(--ast-global-color-4)","background-image":"","background-repeat":"repeat","background-position":"center center","background-size":"auto","background-attachment":"scroll","background-type":"","background-media":"","overlay-type":"","overlay-color":"","overlay-opacity":"","overlay-gradient":""},"mobile":{"background-color":"var(--ast-global-color-4)","background-image":"","background-repeat":"repeat","background-position":"center center","background-size":"auto","background-attachment":"scroll","background-type":"","background-media":"","overlay-type":"","overlay-color":"","overlay-opacity":"","overlay-gradient":""}}},"product_brand":[],"product_cat":[28,21],"product_tag":[43,45],"class_list":{"0":"post-424","1":"product","2":"type-product","3":"status-publish","4":"has-post-thumbnail","6":"product_cat-glass-candle-jars","7":"product_cat-product","8":"product_tag-candles-jars","9":"product_tag-unique-jar-candles","10":"desktop-align-left","11":"tablet-align-left","12":"mobile-align-left","14":"first","15":"instock","16":"shipping-taxable","17":"product-type-simple"},"jetpack_sharing_enabled":true,"_links":{"self":[{"href":"https:\/\/mostebglass.com\/pl\/wp-json\/wp\/v2\/product\/424","targetHints":{"allow":["GET"]}}],"collection":[{"href":"https:\/\/mostebglass.com\/pl\/wp-json\/wp\/v2\/product"}],"about":[{"href":"https:\/\/mostebglass.com\/pl\/wp-json\/wp\/v2\/types\/product"}],"wp:featuredmedia":[{"embeddable":true,"href":"https:\/\/mostebglass.com\/pl\/wp-json\/wp\/v2\/media\/426"}],"wp:attachment":[{"href":"https:\/\/mostebglass.com\/pl\/wp-json\/wp\/v2\/media?parent=424"}],"wp:term":[{"taxonomy":"product_brand","embeddable":true,"href":"https:\/\/mostebglass.com\/pl\/wp-json\/wp\/v2\/product_brand?post=424"},{"taxonomy":"product_cat","embeddable":true,"href":"https:\/\/mostebglass.com\/pl\/wp-json\/wp\/v2\/product_cat?post=424"},{"taxonomy":"product_tag","embeddable":true,"href":"https:\/\/mostebglass.com\/pl\/wp-json\/wp\/v2\/product_tag?post=424"}],"curies":[{"name":"wp","href":"https:\/\/api.w.org\/{rel}","templated":true}]}}