{"id":4521,"date":"2026-02-28T15:44:08","date_gmt":"2026-02-28T07:44:08","guid":{"rendered":"https:\/\/mostebglass.com\/?post_type=product&#038;p=4521"},"modified":"2026-02-28T15:51:22","modified_gmt":"2026-02-28T07:51:22","slug":"dual-use-colored-glass-candle-stand-holders-bulk","status":"publish","type":"product","link":"https:\/\/mostebglass.com\/pl\/dual-use-colored-glass-candle-stand-holders-bulk\/","title":{"rendered":"Podw\u00f3jne, kolorowe, szklane \u015bwieczniki, hurt"},"content":{"rendered":"<p>Seria obejmuje szklane pojemniki na \u015bwiece o podw\u00f3jnym zastosowaniu (podstawa na \u015bwiecznik i s\u0142oik na \u015bwiece), charakteryzuj\u0105ce si\u0119 rze\u017abiarsk\u0105, \u017cebrowan\u0105 i usztywnion\u0105 podstaw\u0105, z pionowymi rowkami w g\u00f3rnej cz\u0119\u015bci pojemnika. Zmontowany asortyment obejmuje r\u00f3\u017cne warianty konstrukcyjne, schodkowe, cylindryczne i lekko rozszerzane, o zharmonizowanym geometrycznym kszta\u0142cie. Powierzchnia wyko\u0144czona jest liniowymi, t\u0142oczonymi teksturami, kt\u00f3re wzmacniaj\u0105 za\u0142amanie \u015bwiat\u0142a i nadaj\u0105 subtelny blask pal\u0105cym si\u0119 \u015bwiecom.<\/p>\n<figure id=\"attachment_4526\" aria-describedby=\"caption-attachment-4526\" style=\"width: 500px\" class=\"wp-caption aligncenter\"><img fetchpriority=\"high\" decoding=\"async\" class=\"wp-image-4526\" title=\"szklane \u015bwieczniki\" src=\"https:\/\/mostebglass.com\/wp-content\/uploads\/2026\/02\/glass-Candle-Stand-Holders.webp\" alt=\"szklane \u015bwieczniki\" width=\"500\" height=\"500\" srcset=\"https:\/\/mostebglass.com\/wp-content\/uploads\/2026\/02\/glass-Candle-Stand-Holders.webp 1024w, https:\/\/mostebglass.com\/wp-content\/uploads\/2026\/02\/glass-Candle-Stand-Holders-768x768.webp 768w, https:\/\/mostebglass.com\/wp-content\/uploads\/2026\/02\/glass-Candle-Stand-Holders-12x12.webp 12w, https:\/\/mostebglass.com\/wp-content\/uploads\/2026\/02\/glass-Candle-Stand-Holders-300x300.webp 300w, https:\/\/mostebglass.com\/wp-content\/uploads\/2026\/02\/glass-Candle-Stand-Holders-600x600.webp 600w, https:\/\/mostebglass.com\/wp-content\/uploads\/2026\/02\/glass-Candle-Stand-Holders-100x100.webp 100w\" sizes=\"(max-width: 500px) 100vw, 500px\" \/><figcaption id=\"caption-attachment-4526\" class=\"wp-caption-text\">\u015bwieczniki ze szk\u0142a bursztynowego<\/figcaption><\/figure>\n<p>Dost\u0119pne s\u0105 mi\u0119dzy innymi wersje transparentne i jasne, ciep\u0142e i nastrojowe, w kolorze przezroczystym, r\u00f3\u017cowym, bursztynowym, zielonym i szarym. Gruba konstrukcja szklana zapewnia stabilno\u015b\u0107 i trwa\u0142o\u015b\u0107.<\/p>\n<h2>Kluczowe specyfikacje<\/h2>\n<table style=\"border-collapse: collapse; width: 80%; margin-left: auto; margin-right: auto;\" border=\"0\" width=\"80%\" cellspacing=\"0\" cellpadding=\"0\">\n<tbody>\n<tr style=\"height: 13.50pt;\">\n<td style=\"height: 13.50pt; width: 137.25pt;\" width=\"183\" height=\"18\">Cechy<\/td>\n<td style=\"width: 270.00pt;\" width=\"360\">Dost\u0119pne z obu stron<\/td>\n<\/tr>\n<tr style=\"height: 13.50pt;\">\n<td style=\"height: 13.50pt;\" height=\"18\">Kszta\u0142t<\/td>\n<td>Okr\u0105g\u0142y<\/td>\n<\/tr>\n<tr style=\"height: 13.50pt;\">\n<td style=\"height: 13.50pt;\" height=\"18\">Tworzywo<\/td>\n<td>Szk\u0142o bezo\u0142owiowe sodowo-wapniowe<\/td>\n<\/tr>\n<tr style=\"height: 13.50pt;\">\n<td style=\"height: 13.50pt;\" height=\"18\">Styl<\/td>\n<td>nowoczesny<\/td>\n<\/tr>\n<tr style=\"height: 13.50pt;\">\n<td style=\"height: 13.50pt;\" height=\"18\">Rozmiar<\/td>\n<td>Obraz powy\u017cej jest oznaczony<\/td>\n<\/tr>\n<tr style=\"height: 13.50pt;\">\n<td style=\"height: 13.50pt;\" height=\"18\">Obr\u00f3bka powierzchni<\/td>\n<td>\u00c0 primeira vista, um casti\u00e7al de mesa pode parecer um produto simples. No entanto, o verdadeiro desafio reside em combinar apelo est\u00e9tico com estabilidade estrutural. Se a espessura ou o equil\u00edbrio da base n\u00e3o forem controlados com precis\u00e3o, o casti\u00e7al pode apresentar riscos de seguran\u00e7a e comprometer a reputa\u00e7\u00e3o da marca.<\/td>\n<\/tr>\n<tr style=\"height: 13.50pt;\">\n<td style=\"height: 13.50pt;\" height=\"18\">Zabarwienie<\/td>\n<td>Przezroczysty, Bursztynowy, Zielony, R\u00f3\u017cowy, Szary<\/td>\n<\/tr>\n<tr style=\"height: 13.50pt;\">\n<td style=\"height: 13.50pt;\" height=\"18\">Opcje personalizacji<\/td>\n<td>Kolor, rozmiar, logo, akcesoria, opakowanie<\/td>\n<\/tr>\n<\/tbody>\n<\/table>\n<h2>Aplikacje<\/h2>\n<p>Ten program telewizyjny ma dwa cele. Jedna strona prezentuje \u015bwiece filarowe lub ma\u0142e \u015bwiece w pojemnikach, a druga \u015bwiece sto\u017ckowe, kt\u00f3re mo\u017cna wykorzysta\u0107 do stworzenia elastycznej aran\u017cacji wn\u0119trz, w hotelarstwie, na weselach i w dekoracjach sezonowych. Ozdobna faktura i r\u00f3\u017cnorodno\u015b\u0107 kolor\u00f3w sprawiaj\u0105, \u017ce produkty te s\u0105 funkcjonalne w sklepach z \u015bwiecami, punktach sprzeda\u017cy detalicznej, kolekcjach prezent\u00f3w i projektach dekoracyjnych na imprezy.<\/p>\n<h2>Sugestie dla kupuj\u0105cych B2B: personalizacja<\/h2>\n<ul>\n<li>Grawerowanie, t\u0142oczenie lub sitodruk logo.<\/li>\n<li>Kartony firmowe, opakowania niestandardowe (pude\u0142ko prezentowe, wk\u0142adka, pude\u0142ko) i pude\u0142ka prezentowe, opakowania niestandardowe (pude\u0142ko prezentowe, wk\u0142adka, pude\u0142ko).<\/li>\n<li>zmiany wielko\u015bci popytu przy okre\u015blonych rozmiarach \u015bwiec.<\/li>\n<li>Kolekcje detaliczne. Rozw\u00f3j marek w\u0142asnych.<\/li>\n<\/ul>\n<p>Seria ta sprzyja zar\u00f3wno estetycznemu umieszczeniu \u015bwiec w sklepie, jak i ich praktycznemu zastosowaniu, zapewniaj\u0105c w\u0142a\u015bcicielom marek i hurtownikom doskona\u0142\u0105 widoczno\u015b\u0107 marki.<\/p>","protected":false},"excerpt":{"rendered":"<p>Szklane \u015bwieczniki o podw\u00f3jnym zastosowaniu, w kolorze przezroczystym, r\u00f3\u017cowym, bursztynowym, zielonym i szarym. Nadaj\u0105 si\u0119 do \u015bwiec filarowych i sto\u017ckowych. Idealne do sprzeda\u017cy detalicznej, dekoracji i projekt\u00f3w marek w\u0142asnych.<\/p>","protected":false},"featured_media":4522,"template":"","meta":{"site-sidebar-layout":"default","site-content-layout":"","ast-site-content-layout":"default","site-content-style":"default","site-sidebar-style":"default","ast-global-header-display":"","ast-banner-title-visibility":"","ast-main-header-display":"","ast-hfb-above-header-display":"","ast-hfb-below-header-display":"","ast-hfb-mobile-header-display":"","site-post-title":"","ast-breadcrumbs-content":"","ast-featured-img":"","footer-sml-layout":"","theme-transparent-header-meta":"default","adv-header-id-meta":"","stick-header-meta":"","header-above-stick-meta":"","header-main-stick-meta":"","header-below-stick-meta":"","astra-migrate-meta-layouts":"set","ast-page-background-enabled":"default","ast-page-background-meta":{"desktop":{"background-color":"var(--ast-global-color-5)","background-image":"","background-repeat":"repeat","background-position":"center center","background-size":"auto","background-attachment":"scroll","background-type":"","background-media":"","overlay-type":"","overlay-color":"","overlay-opacity":"","overlay-gradient":""},"tablet":{"background-color":"","background-image":"","background-repeat":"repeat","background-position":"center center","background-size":"auto","background-attachment":"scroll","background-type":"","background-media":"","overlay-type":"","overlay-color":"","overlay-opacity":"","overlay-gradient":""},"mobile":{"background-color":"","background-image":"","background-repeat":"repeat","background-position":"center center","background-size":"auto","background-attachment":"scroll","background-type":"","background-media":"","overlay-type":"","overlay-color":"","overlay-opacity":"","overlay-gradient":""}},"ast-content-background-meta":{"desktop":{"background-color":"var(--ast-global-color-4)","background-image":"","background-repeat":"repeat","background-position":"center center","background-size":"auto","background-attachment":"scroll","background-type":"","background-media":"","overlay-type":"","overlay-color":"","overlay-opacity":"","overlay-gradient":""},"tablet":{"background-color":"var(--ast-global-color-4)","background-image":"","background-repeat":"repeat","background-position":"center center","background-size":"auto","background-attachment":"scroll","background-type":"","background-media":"","overlay-type":"","overlay-color":"","overlay-opacity":"","overlay-gradient":""},"mobile":{"background-color":"var(--ast-global-color-4)","background-image":"","background-repeat":"repeat","background-position":"center center","background-size":"auto","background-attachment":"scroll","background-type":"","background-media":"","overlay-type":"","overlay-color":"","overlay-opacity":"","overlay-gradient":""}}},"product_brand":[],"product_cat":[28,21],"product_tag":[],"class_list":{"0":"post-4521","1":"product","2":"type-product","3":"status-publish","4":"has-post-thumbnail","6":"product_cat-glass-candle-jars","7":"product_cat-product","8":"desktop-align-left","9":"tablet-align-left","10":"mobile-align-left","12":"first","13":"instock","14":"shipping-taxable","15":"product-type-simple"},"jetpack_sharing_enabled":true,"_links":{"self":[{"href":"https:\/\/mostebglass.com\/pl\/wp-json\/wp\/v2\/product\/4521","targetHints":{"allow":["GET"]}}],"collection":[{"href":"https:\/\/mostebglass.com\/pl\/wp-json\/wp\/v2\/product"}],"about":[{"href":"https:\/\/mostebglass.com\/pl\/wp-json\/wp\/v2\/types\/product"}],"wp:featuredmedia":[{"embeddable":true,"href":"https:\/\/mostebglass.com\/pl\/wp-json\/wp\/v2\/media\/4522"}],"wp:attachment":[{"href":"https:\/\/mostebglass.com\/pl\/wp-json\/wp\/v2\/media?parent=4521"}],"wp:term":[{"taxonomy":"product_brand","embeddable":true,"href":"https:\/\/mostebglass.com\/pl\/wp-json\/wp\/v2\/product_brand?post=4521"},{"taxonomy":"product_cat","embeddable":true,"href":"https:\/\/mostebglass.com\/pl\/wp-json\/wp\/v2\/product_cat?post=4521"},{"taxonomy":"product_tag","embeddable":true,"href":"https:\/\/mostebglass.com\/pl\/wp-json\/wp\/v2\/product_tag?post=4521"}],"curies":[{"name":"wp","href":"https:\/\/api.w.org\/{rel}","templated":true}]}}