{"id":453,"date":"2025-08-15T17:47:19","date_gmt":"2025-08-15T09:47:19","guid":{"rendered":"https:\/\/mostebglass.com\/?post_type=product&#038;p=453"},"modified":"2026-04-10T11:58:35","modified_gmt":"2026-04-10T03:58:35","slug":"embossed-pattern-glass-luxury-candle-jars-wholesale","status":"publish","type":"product","link":"https:\/\/mostebglass.com\/pl\/embossed-pattern-glass-luxury-candle-jars-wholesale\/","title":{"rendered":"220 ml, t\u0142oczone szklane s\u0142oiki na luksusowe \u015bwiece, hurtowa sprzeda\u017c"},"content":{"rendered":"<p>Szukasz szklanych, luksusowych s\u0142oik\u00f3w na \u015bwiece, kt\u00f3re \u0142\u0105cz\u0105 w sobie styl vintage z nowoczesn\u0105 trwa\u0142o\u015bci\u0105? Nasze luksusowe s\u0142oiki na \u015bwiece charakteryzuj\u0105 si\u0119 tr\u00f3jwymiarowymi, kwiatowymi i geometrycznymi fakturami \u2013 idealne dla hurtowych marek \u015bwiec lub kolekcji wysokiej jako\u015bci s\u0142oik\u00f3w na \u015bwiece.<\/p>\n<h2>Cechy produktu<\/h2>\n<ul>\n<li><strong>Tr\u00f3jwymiarowe tekstury kwiatowe i geometryczne dla efektu vintage: <\/strong>Mniszki lekarskie, li\u015bcie, rozb\u0142yski gwiazd i pionowe linie tworz\u0105 przyjemne w dotyku pude\u0142ko na \u015bwiec\u0119, sprawiaj\u0105ce wra\u017cenie r\u0119cznie robionego i trwa\u0142ego.<\/li>\n<li><strong>Design inspirowany stylem retro dla nostalgicznego brandingu: <\/strong>Po\u0142\u0105czenie motyw\u00f3w inspirowanych natur\u0105 i p\u0142ynnych linii nada Twojemu s\u0142oikowi na \u015bwiec\u0119 bajkowy wygl\u0105d, co jest szczeg\u00f3lnie wa\u017cne w przypadku drogich \u015bwiec lub butik\u00f3w.<\/li>\n<\/ul>\n<h2>Kluczowe specyfikacje<\/h2>\n<table style=\"border-collapse: collapse; width: 80%; margin-left: auto; margin-right: auto;\" border=\"0\" width=\"144\" cellspacing=\"0\" cellpadding=\"0\">\n<tbody>\n<tr style=\"height: 13.50pt;\">\n<td style=\"height: 13.5pt; width: 54pt; text-align: center;\" width=\"72\" height=\"18\">Funkcja<\/td>\n<td style=\"width: 54pt; text-align: center;\" width=\"72\">Bli\u017csze dane<\/td>\n<\/tr>\n<tr style=\"height: 13.50pt;\">\n<td style=\"height: 13.5pt; text-align: center;\" height=\"18\">Pojemno\u015b\u0107<\/td>\n<td style=\"text-align: center;\">220 ml<\/td>\n<\/tr>\n<tr style=\"height: 13.50pt;\">\n<td style=\"height: 13.5pt; text-align: center;\" height=\"18\">Waga<\/td>\n<td style=\"text-align: center;\">235 gram\u00f3w<\/td>\n<\/tr>\n<tr style=\"height: 13.50pt;\">\n<td style=\"height: 13.5pt; text-align: center;\" height=\"18\">Wzory<\/td>\n<td style=\"text-align: center;\">Mniszek lekarski, Li\u015b\u0107, Kropki, Rozb\u0142ysk gwiazdy, Linie pionowe<\/td>\n<\/tr>\n<tr style=\"height: 13.50pt;\">\n<td style=\"height: 13.5pt; text-align: center;\" height=\"18\">Wymiary<\/td>\n<td style=\"text-align: center;\">72 * 72 * 80 mm<\/td>\n<\/tr>\n<tr style=\"height: 13.50pt;\">\n<td style=\"height: 13.5pt; text-align: center;\" height=\"18\">Tworzywo<\/td>\n<td style=\"text-align: center;\">Szk\u0142o kryszta\u0142owe<\/td>\n<\/tr>\n<tr style=\"height: 13.50pt;\">\n<td style=\"height: 13.5pt; text-align: center;\" height=\"18\">Kolor<\/td>\n<td style=\"text-align: center;\">Wyczy\u015b\u0107 (ponad 10 opcji barwienia)<\/td>\n<\/tr>\n<\/tbody>\n<\/table>\n<h2>Przypadek sukcesu<\/h2>\n<p>Francuska marka butikowych zapach\u00f3w do domu wybra\u0142a jeden z naszych hurtowych, teksturowanych, luksusowych s\u0142oik\u00f3w na \u015bwiece, ozdobiony wykwintnym, wypuk\u0142ym wzorem w kropki. Szklane wyko\u0144czenie zosta\u0142o poddane naszej pracy, kt\u00f3ra nada\u0142a mu delikatn\u0105, matow\u0105 faktur\u0119, a logo marki nadrukowali\u015bmy bezpo\u015brednio na szklanej powierzchni metod\u0105 hotstampingu. Produkt zosta\u0142 wyposa\u017cony w specjalnie wykonan\u0105 pokrywk\u0119 z naturalnego drewna, na kt\u00f3rej wygrawerowali\u015bmy nazw\u0119 marki.<\/p>\n<p>Sprzeda\u017c online produktu wzros\u0142a o ponad 30% w ci\u0105gu dw\u00f3ch miesi\u0119cy. Klient natychmiast z\u0142o\u017cy\u0142 kolejne zam\u00f3wienie, poniewa\u017c wsp\u00f3\u0142praca odnios\u0142a imponuj\u0105cy sukces.<\/p>\n<h2>Wytyczne dotycz\u0105ce dostosowywania<\/h2>\n<ol>\n<li><strong>Sezonowe gradienty kolor\u00f3w dla szklanych s\u0142oik\u00f3w na \u015bwiece hurtowo:<\/strong>Na\u0142\u00f3\u017c dwa uzupe\u0142niaj\u0105ce si\u0119 kolory (np. jesienny bursztyn + ziele\u0144 le\u015bnych teren\u00f3w) do szklanych s\u0142oik\u00f3w na \u015bwiece, aby stworzy\u0107 sezonowy gradient. Ten subtelny detal zmienia luksusowe s\u0142oiki na \u015bwiece w wspania\u0142e, r\u0119cznie robione i ponadczasowe \u015bwiece.<\/li>\n<li><strong>Modu\u0142owe systemy s\u0142oik\u00f3w na \u015bwiece dla sprzedawc\u00f3w detalicznych:<\/strong>Stw\u00f3rz puszki na \u015bwiece, kt\u00f3re mo\u017cna uk\u0142ada\u0107 w stosy, w po\u0142\u0105czeniu z pasuj\u0105cymi szklanymi s\u0142oikami na \u015bwiece (220 ml + 150 ml), dzi\u0119ki czemu sklepy b\u0119d\u0105 mog\u0142y sprzedawa\u0107 \u015bwiece w paczkach o dopasowanym kszta\u0142cie.<\/li>\n<\/ol>","protected":false},"excerpt":{"rendered":"<p>Oferujemy hurtowe, luksusowe s\u0142oiki na \u015bwiece w konkurencyjnych cenach. Szklane s\u0142oiki na \u015bwiece idealnie nadaj\u0105 si\u0119 do hurtowych zam\u00f3wie\u0144. Oferujemy r\u00f3wnie\u017c bezp\u0142atne pr\u00f3bki.<\/p>","protected":false},"featured_media":5025,"template":"","meta":{"site-sidebar-layout":"default","site-content-layout":"","ast-site-content-layout":"default","site-content-style":"default","site-sidebar-style":"default","ast-global-header-display":"","ast-banner-title-visibility":"","ast-main-header-display":"","ast-hfb-above-header-display":"","ast-hfb-below-header-display":"","ast-hfb-mobile-header-display":"","site-post-title":"","ast-breadcrumbs-content":"","ast-featured-img":"","footer-sml-layout":"","theme-transparent-header-meta":"default","adv-header-id-meta":"","stick-header-meta":"","header-above-stick-meta":"","header-main-stick-meta":"","header-below-stick-meta":"","astra-migrate-meta-layouts":"set","ast-page-background-enabled":"default","ast-page-background-meta":{"desktop":{"background-color":"var(--ast-global-color-5)","background-image":"","background-repeat":"repeat","background-position":"center center","background-size":"auto","background-attachment":"scroll","background-type":"","background-media":"","overlay-type":"","overlay-color":"","overlay-opacity":"","overlay-gradient":""},"tablet":{"background-color":"","background-image":"","background-repeat":"repeat","background-position":"center center","background-size":"auto","background-attachment":"scroll","background-type":"","background-media":"","overlay-type":"","overlay-color":"","overlay-opacity":"","overlay-gradient":""},"mobile":{"background-color":"","background-image":"","background-repeat":"repeat","background-position":"center center","background-size":"auto","background-attachment":"scroll","background-type":"","background-media":"","overlay-type":"","overlay-color":"","overlay-opacity":"","overlay-gradient":""}},"ast-content-background-meta":{"desktop":{"background-color":"var(--ast-global-color-4)","background-image":"","background-repeat":"repeat","background-position":"center center","background-size":"auto","background-attachment":"scroll","background-type":"","background-media":"","overlay-type":"","overlay-color":"","overlay-opacity":"","overlay-gradient":""},"tablet":{"background-color":"var(--ast-global-color-4)","background-image":"","background-repeat":"repeat","background-position":"center center","background-size":"auto","background-attachment":"scroll","background-type":"","background-media":"","overlay-type":"","overlay-color":"","overlay-opacity":"","overlay-gradient":""},"mobile":{"background-color":"var(--ast-global-color-4)","background-image":"","background-repeat":"repeat","background-position":"center center","background-size":"auto","background-attachment":"scroll","background-type":"","background-media":"","overlay-type":"","overlay-color":"","overlay-opacity":"","overlay-gradient":""}}},"product_brand":[],"product_cat":[28,21],"product_tag":[47,46],"class_list":{"0":"post-453","1":"product","2":"type-product","3":"status-publish","4":"has-post-thumbnail","6":"product_cat-glass-candle-jars","7":"product_cat-product","8":"product_tag-glass-jars-for-candles-wholesale","9":"product_tag-luxury-candle-jars-wholesale","10":"desktop-align-left","11":"tablet-align-left","12":"mobile-align-left","14":"first","15":"instock","16":"shipping-taxable","17":"product-type-simple"},"jetpack_sharing_enabled":true,"_links":{"self":[{"href":"https:\/\/mostebglass.com\/pl\/wp-json\/wp\/v2\/product\/453","targetHints":{"allow":["GET"]}}],"collection":[{"href":"https:\/\/mostebglass.com\/pl\/wp-json\/wp\/v2\/product"}],"about":[{"href":"https:\/\/mostebglass.com\/pl\/wp-json\/wp\/v2\/types\/product"}],"wp:featuredmedia":[{"embeddable":true,"href":"https:\/\/mostebglass.com\/pl\/wp-json\/wp\/v2\/media\/5025"}],"wp:attachment":[{"href":"https:\/\/mostebglass.com\/pl\/wp-json\/wp\/v2\/media?parent=453"}],"wp:term":[{"taxonomy":"product_brand","embeddable":true,"href":"https:\/\/mostebglass.com\/pl\/wp-json\/wp\/v2\/product_brand?post=453"},{"taxonomy":"product_cat","embeddable":true,"href":"https:\/\/mostebglass.com\/pl\/wp-json\/wp\/v2\/product_cat?post=453"},{"taxonomy":"product_tag","embeddable":true,"href":"https:\/\/mostebglass.com\/pl\/wp-json\/wp\/v2\/product_tag?post=453"}],"curies":[{"name":"wp","href":"https:\/\/api.w.org\/{rel}","templated":true}]}}