{"id":458,"date":"2025-08-15T17:53:33","date_gmt":"2025-08-15T09:53:33","guid":{"rendered":"https:\/\/mostebglass.com\/?post_type=product&#038;p=458"},"modified":"2026-02-26T13:48:48","modified_gmt":"2026-02-26T05:48:48","slug":"wholesale-embossed-glass-candle-containers-whiskey-glass","status":"publish","type":"product","link":"https:\/\/mostebglass.com\/pl\/wholesale-embossed-glass-candle-containers-whiskey-glass\/","title":{"rendered":"Hurtowe pojemniki na \u015bwiece ze szk\u0142a t\u0142oczonego o pojemno\u015bci 410 ml | Szklanki do whisky"},"content":{"rendered":"<p>Ta seria 410-mililitrowych, wyt\u0142aczanych szklanych pojemnik\u00f3w na \u015bwiece ma prosty, cylindryczny kszta\u0142t z grubym i stabilnym dnem oraz szerokim otworem u\u0142atwiaj\u0105cym nape\u0142nianie i palenie. Kolekcja zawiera kilka wyt\u0142aczanych wzor\u00f3w powierzchni, takich jak pionowe pr\u0105\u017ckowane linie, reliefy inspirowane motywami kwiatowymi, zaokr\u0105glone kropki oraz fasetowane wyko\u0144czenia z diamentowym szlifem. Wykonane z przezroczystego szk\u0142a, pojemniki te rozpraszaj\u0105 \u015bwiat\u0142o i zapewniaj\u0105 bogaty, dekoracyjny blask po zapaleniu \u015bwiecy. G\u0142\u00f3wne za\u0142o\u017cenia konstrukcyjne pojemnik\u00f3w nadaj\u0105 im g\u0142\u0119bi\u0119 i wyczuwaln\u0105 twardo\u015b\u0107, zachowuj\u0105c jednocze\u015bnie zr\u00f3wnowa\u017con\u0105 i symetryczn\u0105 form\u0119.<\/p>\n<h2>Kluczowe specyfikacje<\/h2>\n<table style=\"border-collapse: collapse; width: 80%; margin-left: auto; margin-right: auto;\" border=\"0\" width=\"80%\" cellspacing=\"0\" cellpadding=\"0\">\n<tbody>\n<tr style=\"height: 13.50pt;\">\n<td style=\"height: 13.50pt; width: 54.00pt;\" width=\"72\" height=\"18\">Funkcja<\/td>\n<td style=\"width: 54.00pt;\" width=\"72\">Bli\u017csze dane<\/td>\n<\/tr>\n<tr style=\"height: 13.50pt;\">\n<td style=\"height: 13.50pt;\" height=\"18\">Rozmiary<\/td>\n<td>410 ml (88 * 100 mm)<\/td>\n<\/tr>\n<tr style=\"height: 13.50pt;\">\n<td style=\"height: 13.50pt;\" height=\"18\">Tworzywo<\/td>\n<td>Szk\u0142o sodowo-wapniowe bezo\u0142owiowe<\/td>\n<\/tr>\n<tr style=\"height: 13.50pt;\">\n<td style=\"height: 13.50pt;\" height=\"18\">Wzory<\/td>\n<td>Kropki, siatki, s\u0142oneczniki, linie poziome\/pionowe<\/td>\n<\/tr>\n<tr style=\"height: 13.50pt;\">\n<td style=\"height: 13.50pt;\" height=\"18\">Opcje personalizacji<\/td>\n<td>Kolor, rozmiar, pokrywka, akcesoria, opakowanie<\/td>\n<\/tr>\n<\/tbody>\n<\/table>\n<h2>Aplikacja<\/h2>\n<p>Dzi\u0119ki du\u017cej pojemno\u015bci 410 ml, pojemnik idealnie nadaje si\u0119 do \u015bwiec z trzema knotami, \u015bwiec zapachowych o wyrazistym charakterze, luksusowych kolekcji \u015bwiec oraz dekoracyjnych zapach\u00f3w do domu. Dzi\u0119ki du\u017cej podstawie w kszta\u0142cie szklanki, po odpowiednim umyciu, mo\u017cna go r\u00f3wnie\u017c wykorzysta\u0107 jako szklank\u0119 do whisky lub dekoracyjny kubek do picia, co dodatkowo wspiera zr\u00f3wnowa\u017cone i wielofunkcyjne koncepcje opakowa\u0144. Nadaje si\u0119 do sklep\u00f3w detalicznych, hoteli i restauracji oraz do luksusowych zestaw\u00f3w upominkowych.<\/p>","protected":false},"excerpt":{"rendered":"<p>Pojemniki na \u015bwiece o pojemno\u015bci 410 ml, t\u0142oczone, szklane, z grubym dnem, idealne do luksusowych \u015bwiec zapachowych lub wielokrotnego u\u017cytku kubk\u00f3w. Mo\u017cliwo\u015b\u0107 personalizacji i zam\u00f3wie\u0144 hurtowych.<\/p>","protected":false},"featured_media":4488,"template":"","meta":{"site-sidebar-layout":"default","site-content-layout":"","ast-site-content-layout":"default","site-content-style":"default","site-sidebar-style":"default","ast-global-header-display":"","ast-banner-title-visibility":"","ast-main-header-display":"","ast-hfb-above-header-display":"","ast-hfb-below-header-display":"","ast-hfb-mobile-header-display":"","site-post-title":"","ast-breadcrumbs-content":"","ast-featured-img":"","footer-sml-layout":"","theme-transparent-header-meta":"default","adv-header-id-meta":"","stick-header-meta":"","header-above-stick-meta":"","header-main-stick-meta":"","header-below-stick-meta":"","astra-migrate-meta-layouts":"set","ast-page-background-enabled":"default","ast-page-background-meta":{"desktop":{"background-color":"var(--ast-global-color-5)","background-image":"","background-repeat":"repeat","background-position":"center center","background-size":"auto","background-attachment":"scroll","background-type":"","background-media":"","overlay-type":"","overlay-color":"","overlay-opacity":"","overlay-gradient":""},"tablet":{"background-color":"","background-image":"","background-repeat":"repeat","background-position":"center center","background-size":"auto","background-attachment":"scroll","background-type":"","background-media":"","overlay-type":"","overlay-color":"","overlay-opacity":"","overlay-gradient":""},"mobile":{"background-color":"","background-image":"","background-repeat":"repeat","background-position":"center center","background-size":"auto","background-attachment":"scroll","background-type":"","background-media":"","overlay-type":"","overlay-color":"","overlay-opacity":"","overlay-gradient":""}},"ast-content-background-meta":{"desktop":{"background-color":"var(--ast-global-color-4)","background-image":"","background-repeat":"repeat","background-position":"center center","background-size":"auto","background-attachment":"scroll","background-type":"","background-media":"","overlay-type":"","overlay-color":"","overlay-opacity":"","overlay-gradient":""},"tablet":{"background-color":"var(--ast-global-color-4)","background-image":"","background-repeat":"repeat","background-position":"center center","background-size":"auto","background-attachment":"scroll","background-type":"","background-media":"","overlay-type":"","overlay-color":"","overlay-opacity":"","overlay-gradient":""},"mobile":{"background-color":"var(--ast-global-color-4)","background-image":"","background-repeat":"repeat","background-position":"center center","background-size":"auto","background-attachment":"scroll","background-type":"","background-media":"","overlay-type":"","overlay-color":"","overlay-opacity":"","overlay-gradient":""}}},"product_brand":[],"product_cat":[28,21],"product_tag":[48,49],"class_list":{"0":"post-458","1":"product","2":"type-product","3":"status-publish","4":"has-post-thumbnail","6":"product_cat-glass-candle-jars","7":"product_cat-product","8":"product_tag-candles-jar","9":"product_tag-glass-candle-jar","10":"desktop-align-left","11":"tablet-align-left","12":"mobile-align-left","14":"first","15":"instock","16":"shipping-taxable","17":"product-type-simple"},"jetpack_sharing_enabled":true,"_links":{"self":[{"href":"https:\/\/mostebglass.com\/pl\/wp-json\/wp\/v2\/product\/458","targetHints":{"allow":["GET"]}}],"collection":[{"href":"https:\/\/mostebglass.com\/pl\/wp-json\/wp\/v2\/product"}],"about":[{"href":"https:\/\/mostebglass.com\/pl\/wp-json\/wp\/v2\/types\/product"}],"wp:featuredmedia":[{"embeddable":true,"href":"https:\/\/mostebglass.com\/pl\/wp-json\/wp\/v2\/media\/4488"}],"wp:attachment":[{"href":"https:\/\/mostebglass.com\/pl\/wp-json\/wp\/v2\/media?parent=458"}],"wp:term":[{"taxonomy":"product_brand","embeddable":true,"href":"https:\/\/mostebglass.com\/pl\/wp-json\/wp\/v2\/product_brand?post=458"},{"taxonomy":"product_cat","embeddable":true,"href":"https:\/\/mostebglass.com\/pl\/wp-json\/wp\/v2\/product_cat?post=458"},{"taxonomy":"product_tag","embeddable":true,"href":"https:\/\/mostebglass.com\/pl\/wp-json\/wp\/v2\/product_tag?post=458"}],"curies":[{"name":"wp","href":"https:\/\/api.w.org\/{rel}","templated":true}]}}