{"id":468,"date":"2025-08-15T17:54:59","date_gmt":"2025-08-15T09:54:59","guid":{"rendered":"https:\/\/mostebglass.com\/?post_type=product&#038;p=468"},"modified":"2026-03-02T16:21:47","modified_gmt":"2026-03-02T08:21:47","slug":"clear-reusable-candle-jars-for-home-decoration-bulk","status":"publish","type":"product","link":"https:\/\/mostebglass.com\/pl\/clear-reusable-candle-jars-for-home-decoration-bulk\/","title":{"rendered":"250 ml przezroczyste, wielokrotnego u\u017cytku s\u0142oiki na \u015bwiece do dekoracji domu, hurt"},"content":{"rendered":"<p>Ta seria wielorazowych \u015bwiecznik\u00f3w ma niski, cylindryczny kszta\u0142t o du\u017cej szeroko\u015bci i pogrubionym dnie, co zwi\u0119ksza stabilno\u015b\u0107 serii. Seria sk\u0142ada si\u0119 z dw\u00f3ch unikalnych, t\u0142oczonych wzor\u00f3w z pionowymi, karbowanymi \u017cebrami, kt\u00f3re nadaj\u0105 produktowi wyrafinowany, strukturalny wygl\u0105d, oraz wypuk\u0142ych, okr\u0105g\u0142ych b\u0105belk\u00f3w, kt\u00f3re nadaj\u0105 produktowi dekoracyjny charakter w stylu vintage.<\/p>\n<h2>Cechy produktu<\/h2>\n<ul>\n<li><strong>Podw\u00f3jne tekstury dla uzyskania g\u0142\u0119bi wizualnej: <\/strong>Pionowe wzory 3D i kropki tworz\u0105 nowoczesny wz\u00f3r \u015bwiec, kt\u00f3ry za\u0142amuje \u015bwiat\u0142o, dzi\u0119ki czemu Twoja luksusowa \u015bwieca b\u0119dzie przypomina\u0107 dzie\u0142o sztuki.<\/li>\n<li><strong>Stabilna p\u0142aska podstawa:<\/strong> Zapewnia bezpieczne umieszczenie na sto\u0142ach, p\u00f3\u0142kach i blatach.<\/li>\n<\/ul>\n<h2>Kluczowe specyfikacje<\/h2>\n<table style=\"border-collapse: collapse; width: 80%; margin-left: auto; margin-right: auto;\" border=\"0\" width=\"144\" cellspacing=\"0\" cellpadding=\"0\">\n<tbody>\n<tr style=\"height: 13.50pt;\">\n<td style=\"height: 13.50pt; width: 54.00pt;\" width=\"72\" height=\"18\">Funkcja<\/td>\n<td style=\"width: 54.00pt;\" width=\"72\">Bli\u017csze dane<\/td>\n<\/tr>\n<tr style=\"height: 13.50pt;\">\n<td style=\"height: 13.50pt;\" height=\"18\">Pojemno\u015b\u0107<\/td>\n<td>250 ml<\/td>\n<\/tr>\n<tr style=\"height: 13.50pt;\">\n<td style=\"height: 13.50pt;\" height=\"18\">Waga<\/td>\n<td>340g<\/td>\n<\/tr>\n<tr style=\"height: 13.50pt;\">\n<td style=\"height: 13.50pt;\" height=\"18\">Wzory<\/td>\n<td>Rama pionowa, rama kropkowana<\/td>\n<\/tr>\n<tr style=\"height: 13.50pt;\">\n<td style=\"height: 13.50pt;\" height=\"18\">Wymiary<\/td>\n<td>80*80*88 mm<\/td>\n<\/tr>\n<\/tbody>\n<\/table>\n<h2>Aplikacje<\/h2>\n<ul>\n<li><strong>\u015awiecznik:<\/strong> Doskonale nadaje si\u0119 do \u015bwiec zapachowych, sojowych i eleganckich podgrzewaczy.<\/li>\n<li><strong>Akcent wystroju domu:<\/strong> Mo\u017cna je umie\u015bci\u0107 na stole jako ozdob\u0119 w postaci kamieni, suszonych kwiat\u00f3w lub \u015bwiate\u0142ek.<\/li>\n<li><strong>Pojemnik magazynowy:<\/strong> Mo\u017cna go wykorzysta\u0107 do przechowywania ma\u0142ych przedmiot\u00f3w, np. bi\u017cuterii, wacik\u00f3w kosmetycznych lub artyku\u0142\u00f3w biurowych.<\/li>\n<li><strong>Doniczka:<\/strong> To doskona\u0142a miniaturowa doniczka, w kt\u00f3rej mo\u017cna sadzi\u0107 sukulenty lub niewielkie ro\u015bliny doniczkowe.<\/li>\n<li><strong>Puchar deserowy:<\/strong> Mo\u017cna go wykorzysta\u0107 do serwowania warstwowych deser\u00f3w, pudding\u00f3w i wszelkiego rodzaju parfait w kawiarniach lub na przyj\u0119ciach.<\/li>\n<li><strong>Organizer \u0142azienkowy:<\/strong> Doskonale nadaje si\u0119 do przechowywania p\u0119dzli do makija\u017cu, patyczk\u00f3w kosmetycznych czy soli do k\u0105pieli.<\/li>\n<\/ul>\n<h2>Najlepsze sugestie dotycz\u0105ce personalizacji<\/h2>\n<ol>\n<li><strong>Kolorowa pow\u0142oka natryskowa:<\/strong> Dodaj jednolite, gradientowe lub przejrzyste wyko\u0144czenia kolorystyczne w zale\u017cno\u015bci od pory roku lub wygl\u0105du marki.<\/li>\n<li><strong>Galwanizowana dekoracja kraw\u0119dzi:<\/strong> Aby uzyska\u0107 elegancki wygl\u0105d, mo\u017cna doda\u0107 na kraw\u0119dzi z\u0142ote, srebrne lub matowe wyko\u0144czenie metaliczne.<\/li>\n<li><strong>Konkurencyjne rozwi\u0105zania w zakresie pokryw:<\/strong> Rozwi\u0105zania w zakresie pokrywek: Dostarczamy pokrywki drewniane, bambusowe, metalowe lub szklane z silikonowymi pier\u015bcieniami uszczelniaj\u0105cymi.<\/li>\n<\/ol>","protected":false},"excerpt":{"rendered":"<p>Szklane s\u0142oiki wielokrotnego u\u017cytku o pojemno\u015bci 250 ml z pr\u0105\u017ckowan\u0105 lub b\u0105belkow\u0105 faktur\u0105. Przezroczyste, urocze s\u0142oiki idealnie nadaj\u0105 si\u0119 do u\u017cytku zapachowego i dekoracyjnego. Bezp\u0142atna pr\u00f3bka, szybka wysy\u0142ka.<\/p>","protected":false},"featured_media":4545,"template":"","meta":{"site-sidebar-layout":"default","site-content-layout":"","ast-site-content-layout":"default","site-content-style":"default","site-sidebar-style":"default","ast-global-header-display":"","ast-banner-title-visibility":"","ast-main-header-display":"","ast-hfb-above-header-display":"","ast-hfb-below-header-display":"","ast-hfb-mobile-header-display":"","site-post-title":"","ast-breadcrumbs-content":"","ast-featured-img":"","footer-sml-layout":"","theme-transparent-header-meta":"default","adv-header-id-meta":"","stick-header-meta":"","header-above-stick-meta":"","header-main-stick-meta":"","header-below-stick-meta":"","astra-migrate-meta-layouts":"set","ast-page-background-enabled":"default","ast-page-background-meta":{"desktop":{"background-color":"var(--ast-global-color-5)","background-image":"","background-repeat":"repeat","background-position":"center center","background-size":"auto","background-attachment":"scroll","background-type":"","background-media":"","overlay-type":"","overlay-color":"","overlay-opacity":"","overlay-gradient":""},"tablet":{"background-color":"","background-image":"","background-repeat":"repeat","background-position":"center center","background-size":"auto","background-attachment":"scroll","background-type":"","background-media":"","overlay-type":"","overlay-color":"","overlay-opacity":"","overlay-gradient":""},"mobile":{"background-color":"","background-image":"","background-repeat":"repeat","background-position":"center center","background-size":"auto","background-attachment":"scroll","background-type":"","background-media":"","overlay-type":"","overlay-color":"","overlay-opacity":"","overlay-gradient":""}},"ast-content-background-meta":{"desktop":{"background-color":"var(--ast-global-color-4)","background-image":"","background-repeat":"repeat","background-position":"center center","background-size":"auto","background-attachment":"scroll","background-type":"","background-media":"","overlay-type":"","overlay-color":"","overlay-opacity":"","overlay-gradient":""},"tablet":{"background-color":"var(--ast-global-color-4)","background-image":"","background-repeat":"repeat","background-position":"center center","background-size":"auto","background-attachment":"scroll","background-type":"","background-media":"","overlay-type":"","overlay-color":"","overlay-opacity":"","overlay-gradient":""},"mobile":{"background-color":"var(--ast-global-color-4)","background-image":"","background-repeat":"repeat","background-position":"center center","background-size":"auto","background-attachment":"scroll","background-type":"","background-media":"","overlay-type":"","overlay-color":"","overlay-opacity":"","overlay-gradient":""}}},"product_brand":[],"product_cat":[28,21],"product_tag":[53,52],"class_list":{"0":"post-468","1":"product","2":"type-product","3":"status-publish","4":"has-post-thumbnail","6":"product_cat-glass-candle-jars","7":"product_cat-product","8":"product_tag-cute-candle-jars","9":"product_tag-reusable-candle-jar","10":"desktop-align-left","11":"tablet-align-left","12":"mobile-align-left","14":"first","15":"instock","16":"shipping-taxable","17":"product-type-simple"},"jetpack_sharing_enabled":true,"_links":{"self":[{"href":"https:\/\/mostebglass.com\/pl\/wp-json\/wp\/v2\/product\/468","targetHints":{"allow":["GET"]}}],"collection":[{"href":"https:\/\/mostebglass.com\/pl\/wp-json\/wp\/v2\/product"}],"about":[{"href":"https:\/\/mostebglass.com\/pl\/wp-json\/wp\/v2\/types\/product"}],"wp:featuredmedia":[{"embeddable":true,"href":"https:\/\/mostebglass.com\/pl\/wp-json\/wp\/v2\/media\/4545"}],"wp:attachment":[{"href":"https:\/\/mostebglass.com\/pl\/wp-json\/wp\/v2\/media?parent=468"}],"wp:term":[{"taxonomy":"product_brand","embeddable":true,"href":"https:\/\/mostebglass.com\/pl\/wp-json\/wp\/v2\/product_brand?post=468"},{"taxonomy":"product_cat","embeddable":true,"href":"https:\/\/mostebglass.com\/pl\/wp-json\/wp\/v2\/product_cat?post=468"},{"taxonomy":"product_tag","embeddable":true,"href":"https:\/\/mostebglass.com\/pl\/wp-json\/wp\/v2\/product_tag?post=468"}],"curies":[{"name":"wp","href":"https:\/\/api.w.org\/{rel}","templated":true}]}}