{"id":490,"date":"2025-08-18T18:13:52","date_gmt":"2025-08-18T10:13:52","guid":{"rendered":"https:\/\/mostebglass.com\/?post_type=product&#038;p=490"},"modified":"2026-02-26T16:38:51","modified_gmt":"2026-02-26T08:38:51","slug":"185ml-ribbed-glass-jar-candle-holders-with-base","status":"publish","type":"product","link":"https:\/\/mostebglass.com\/pl\/185ml-ribbed-glass-jar-candle-holders-with-base\/","title":{"rendered":"\u015awieczniki w \u017cebrowanym szklanym s\u0142oiku o pojemno\u015bci 185 ml z podstaw\u0105"},"content":{"rendered":"<p>This 185ml glass jar candle holders feature a clear, thick-walled construction with elegant vertical ribbed detailing around the body. The cylindrical shape is slightly elevated by a solid round base, giving it a balanced and stable silhouette. The transparent glass allows candlelight to shine through beautifully, while the fluted texture adds depth and subtle visual interest. Its compact size makes it suitable for both tabletop display and decorative arrangements.<\/p>\n<h2>Kluczowe specyfikacje<\/h2>\n<table style=\"border-collapse: collapse; width: 80%; margin-left: auto; margin-right: auto;\" border=\"0\" width=\"80%\" cellspacing=\"0\" cellpadding=\"0\">\n<tbody>\n<tr style=\"height: 13.50pt;\">\n<td style=\"height: 13.50pt;\" height=\"18\">Rozmiar<\/td>\n<td>185 ml (70 * 60 * 80 mm)<\/td>\n<\/tr>\n<tr style=\"height: 13.50pt;\">\n<td style=\"height: 13.50pt;\" height=\"18\">Tworzywo<\/td>\n<td>Szk\u0142o sodowo-wapniowe bezo\u0142owiowe<\/td>\n<\/tr>\n<tr style=\"height: 13.50pt;\">\n<td style=\"height: 13.50pt;\" height=\"18\">Opcje personalizacji<\/td>\n<td>Kolor, etykieta, wyko\u0144czenie powierzchni, pokrywa, akcesoria, opakowanie<\/td>\n<\/tr>\n<\/tbody>\n<\/table>\n<h2>Aplikacja<\/h2>\n<p>Zaprojektowany z my\u015bl\u0105 o wszechstronno\u015bci, ten szklany \u015bwiecznik w s\u0142oiku idealnie nadaje si\u0119 do \u015bwiec doniczkowych, \u015bwiec zapachowych i projekt\u00f3w DIY. Mo\u017cna go wykorzysta\u0107 w aran\u017cacji wn\u0119trz, takich jak salony, sypialnie, \u0142azienki i sto\u0142y jadalne, a tak\u017ce jako element dekoracji weselnych, przyj\u0119\u0107 i jako element centralny wydarze\u0144. Wytrzyma\u0142y szklany materia\u0142 jest odporny na ciep\u0142o wosku, co czyni go zar\u00f3wno praktycznym, jak i dekoracyjnym.<\/p>\n<h2>Zaawansowane wskaz\u00f3wki dotycz\u0105ce personalizacji<\/h2>\n<ul>\n<li><strong>Ekologiczna etykieta dla hurtowych marek \u015bwiec:\u00a0<\/strong>Zdejmowany napis \u201eeko\u201d na wieczku s\u0142oika mo\u017ce wskazywa\u0107 na mo\u017cliwo\u015b\u0107 recyklingu \u015bwiecy lub oferowa\u0107 biodegradowalne opcje Vik. To nie tylko zwi\u0119ksza wiarygodno\u015b\u0107 marki jako ekskluzywnej, ekologicznej \u015bwiecy, ale tak\u017ce sprawia, \u017ce \u200b\u200bwarto\u015b\u0107 premium marki jest bardziej konkurencyjna.<\/li>\n<li><strong>Mieszane tekstury pozwalaj\u0105 na tworzenie szerokiej gamy pojemnik\u00f3w na \u015bwiece:\u00a0<\/strong>Oferta r\u00f3\u017cnorodnych faktur, takich jak pionowe paski, pozwala na tworzenie r\u00f3\u017cnorodnych wzor\u00f3w \u015bwiec. Ten hurtowy s\u0142oik mo\u017ce pom\u00f3c \u015bwiecom wyr\u00f3\u017cni\u0107 si\u0119 na konkurencyjnym rynku.<\/li>\n<\/ul>\n<p>&nbsp;<\/p>","protected":false},"excerpt":{"rendered":"<p>Bulk 185ml ribbed glass jar candle holders for manufacturers and wholesalers. Durable thick base, ideal for private label, OEM, and custom candle production.<\/p>","protected":false},"featured_media":493,"template":"","meta":{"site-sidebar-layout":"default","site-content-layout":"","ast-site-content-layout":"default","site-content-style":"default","site-sidebar-style":"default","ast-global-header-display":"","ast-banner-title-visibility":"","ast-main-header-display":"","ast-hfb-above-header-display":"","ast-hfb-below-header-display":"","ast-hfb-mobile-header-display":"","site-post-title":"","ast-breadcrumbs-content":"","ast-featured-img":"","footer-sml-layout":"","theme-transparent-header-meta":"default","adv-header-id-meta":"","stick-header-meta":"","header-above-stick-meta":"","header-main-stick-meta":"","header-below-stick-meta":"","astra-migrate-meta-layouts":"set","ast-page-background-enabled":"default","ast-page-background-meta":{"desktop":{"background-color":"var(--ast-global-color-5)","background-image":"","background-repeat":"repeat","background-position":"center center","background-size":"auto","background-attachment":"scroll","background-type":"","background-media":"","overlay-type":"","overlay-color":"","overlay-opacity":"","overlay-gradient":""},"tablet":{"background-color":"","background-image":"","background-repeat":"repeat","background-position":"center center","background-size":"auto","background-attachment":"scroll","background-type":"","background-media":"","overlay-type":"","overlay-color":"","overlay-opacity":"","overlay-gradient":""},"mobile":{"background-color":"","background-image":"","background-repeat":"repeat","background-position":"center center","background-size":"auto","background-attachment":"scroll","background-type":"","background-media":"","overlay-type":"","overlay-color":"","overlay-opacity":"","overlay-gradient":""}},"ast-content-background-meta":{"desktop":{"background-color":"var(--ast-global-color-4)","background-image":"","background-repeat":"repeat","background-position":"center center","background-size":"auto","background-attachment":"scroll","background-type":"","background-media":"","overlay-type":"","overlay-color":"","overlay-opacity":"","overlay-gradient":""},"tablet":{"background-color":"var(--ast-global-color-4)","background-image":"","background-repeat":"repeat","background-position":"center center","background-size":"auto","background-attachment":"scroll","background-type":"","background-media":"","overlay-type":"","overlay-color":"","overlay-opacity":"","overlay-gradient":""},"mobile":{"background-color":"var(--ast-global-color-4)","background-image":"","background-repeat":"repeat","background-position":"center center","background-size":"auto","background-attachment":"scroll","background-type":"","background-media":"","overlay-type":"","overlay-color":"","overlay-opacity":"","overlay-gradient":""}}},"product_brand":[],"product_cat":[28,21],"product_tag":[],"class_list":{"0":"post-490","1":"product","2":"type-product","3":"status-publish","4":"has-post-thumbnail","6":"product_cat-glass-candle-jars","7":"product_cat-product","8":"desktop-align-left","9":"tablet-align-left","10":"mobile-align-left","12":"first","13":"instock","14":"shipping-taxable","15":"product-type-simple"},"jetpack_sharing_enabled":true,"_links":{"self":[{"href":"https:\/\/mostebglass.com\/pl\/wp-json\/wp\/v2\/product\/490","targetHints":{"allow":["GET"]}}],"collection":[{"href":"https:\/\/mostebglass.com\/pl\/wp-json\/wp\/v2\/product"}],"about":[{"href":"https:\/\/mostebglass.com\/pl\/wp-json\/wp\/v2\/types\/product"}],"wp:featuredmedia":[{"embeddable":true,"href":"https:\/\/mostebglass.com\/pl\/wp-json\/wp\/v2\/media\/493"}],"wp:attachment":[{"href":"https:\/\/mostebglass.com\/pl\/wp-json\/wp\/v2\/media?parent=490"}],"wp:term":[{"taxonomy":"product_brand","embeddable":true,"href":"https:\/\/mostebglass.com\/pl\/wp-json\/wp\/v2\/product_brand?post=490"},{"taxonomy":"product_cat","embeddable":true,"href":"https:\/\/mostebglass.com\/pl\/wp-json\/wp\/v2\/product_cat?post=490"},{"taxonomy":"product_tag","embeddable":true,"href":"https:\/\/mostebglass.com\/pl\/wp-json\/wp\/v2\/product_tag?post=490"}],"curies":[{"name":"wp","href":"https:\/\/api.w.org\/{rel}","templated":true}]}}