{"id":500,"date":"2025-08-18T17:56:50","date_gmt":"2025-08-18T09:56:50","guid":{"rendered":"https:\/\/mostebglass.com\/?post_type=product&#038;p=500"},"modified":"2026-02-09T16:42:30","modified_gmt":"2026-02-09T08:42:30","slug":"tulip-flower-candle-glass-jars-glass-candle-holders-wholesale","status":"publish","type":"product","link":"https:\/\/mostebglass.com\/pl\/tulip-flower-candle-glass-jars-glass-candle-holders-wholesale\/","title":{"rendered":"S\u0142oiki na \u015bwiece Tulip Flower o pojemno\u015bci 110 ml | Hurtowa sprzeda\u017c szklanych \u015bwiecznik\u00f3w"},"content":{"rendered":"<p>Te szklane \u015bwieczniki zdobione s\u0105 rze\u017abionym motywem tulipana na zewn\u0105trz, a p\u0142atki u\u0142o\u017cone w kilku warstwach tworz\u0105 zewn\u0119trzne \u015bcianki. Szk\u0142o jest grube i starannie wypolerowane, a delikatne krzywizny i symetryczny kszta\u0142t, nadaj\u0105cy im zaokr\u0105glony kszta\u0142t, s\u0105 wyra\u017anie widoczne. Zapalona \u015bwieca wewn\u0105trz p\u00f3\u0142przezroczystego i p\u00f3\u0142przezroczystego szk\u0142a odbija i r\u00f3wnomiernie rozprowadza \u015bwiat\u0142o, a ciep\u0142e i mi\u0119kkie \u015bwiat\u0142o muska wypuk\u0142e powierzchnie. S\u0142oiki dost\u0119pne s\u0105 w kilku r\u00f3\u017cnych wyko\u0144czeniach: przezroczystym, bursztynowym i matowym, ka\u017cdy z nich daje inny efekt wizualny, ale kwiatowy wz\u00f3r struktury jest we wszystkich taki sam.<\/p>\n<p><img fetchpriority=\"high\" decoding=\"async\" class=\"wp-image-4400 aligncenter\" src=\"https:\/\/mostebglass.com\/wp-content\/uploads\/2025\/08\/clear-Tulip-Flower-Candle-Glass-Jars.webp\" alt=\"przezroczyste szklane s\u0142oiki na \u015bwiece Tulip Flower\" width=\"500\" height=\"500\" srcset=\"https:\/\/mostebglass.com\/wp-content\/uploads\/2025\/08\/clear-Tulip-Flower-Candle-Glass-Jars.webp 1024w, https:\/\/mostebglass.com\/wp-content\/uploads\/2025\/08\/clear-Tulip-Flower-Candle-Glass-Jars-768x768.webp 768w, https:\/\/mostebglass.com\/wp-content\/uploads\/2025\/08\/clear-Tulip-Flower-Candle-Glass-Jars-12x12.webp 12w, https:\/\/mostebglass.com\/wp-content\/uploads\/2025\/08\/clear-Tulip-Flower-Candle-Glass-Jars-300x300.webp 300w, https:\/\/mostebglass.com\/wp-content\/uploads\/2025\/08\/clear-Tulip-Flower-Candle-Glass-Jars-600x600.webp 600w, https:\/\/mostebglass.com\/wp-content\/uploads\/2025\/08\/clear-Tulip-Flower-Candle-Glass-Jars-100x100.webp 100w\" sizes=\"(max-width: 500px) 100vw, 500px\" \/><\/p>\n<h2>Cechy produktu<\/h2>\n<p><strong>Obr\u0119cz w kszta\u0142cie benzyny do projekt\u00f3w artystycznych:\u00a0<\/strong>Pojemnik na \u015bwiec\u0119 przypominaj\u0105cy kszta\u0142tem rozkwitaj\u0105cy kwiat sprawia, \u017ce \u200b\u200bTwoja luksusowa \u015bwieca staje si\u0119 centralnym punktem ka\u017cdego miejsca.<\/p>\n<p><strong>Pionowe smugi refrakcji \u015bwiat\u0142a:\u00a0<\/strong>Teksturowana powierzchnia sprawia, \u017ce \u200b\u200bszklany s\u0142oik na \u015bwiec\u0119 przypomina kryszta\u0142, kt\u00f3ry odbija \u015bwiat\u0142o, dodaj\u0105c g\u0142\u0119bi Twojej wystawie \u015bwiec.<\/p>\n<h2>Kluczowe specyfikacje<\/h2>\n<table style=\"border-collapse: collapse; width: 80%; margin-left: auto; margin-right: auto;\" border=\"0\" width=\"144\" cellspacing=\"0\" cellpadding=\"0\">\n<tbody>\n<tr style=\"height: 13.50pt;\">\n<td style=\"height: 13.50pt; width: 54.00pt;\" width=\"72\" height=\"18\">Funkcja<\/td>\n<td style=\"width: 54.00pt;\" width=\"72\">Bli\u017csze dane<\/td>\n<\/tr>\n<tr style=\"height: 13.50pt;\">\n<td style=\"height: 13.50pt;\" height=\"18\">Pojemno\u015b\u0107<\/td>\n<td>110 ml<\/td>\n<\/tr>\n<tr style=\"height: 13.50pt;\">\n<td style=\"height: 13.50pt;\" height=\"18\">Wymiary<\/td>\n<td>75*75 mm<\/td>\n<\/tr>\n<tr style=\"height: 13.50pt;\">\n<td style=\"height: 13.50pt;\" height=\"18\">Wzory<\/td>\n<td>Kraw\u0119d\u017a o fakturze p\u0142atk\u00f3w, pionowe grzbiety<\/td>\n<\/tr>\n<tr style=\"height: 13.50pt;\">\n<td style=\"height: 13.50pt;\" height=\"18\">Kolor<\/td>\n<td>Bursztynowy, bia\u0142y, r\u00f3\u017cowy gradientowy, przezroczysty lub w wybranym przez Ciebie kolorze.<\/td>\n<\/tr>\n<\/tbody>\n<\/table>\n<h2>Wskaz\u00f3wki dotycz\u0105ce personalizacji<\/h2>\n<p><strong>Sezonowe po\u0142\u0105czenie faktur dla hurtowej kolekcji \u015bwiec: <\/strong>W okresie \u015bwi\u0105tecznym wprowadzane s\u0105 na rynek limitowane tekstury sanskryckie, takie jak \u201emro\u017cone p\u0142atki\u201d lub \u201ez\u0142ote linie\u201d. Te szklane \u015bwiece s\u0105 zbierane przez hurtowe marki \u015bwiec Jar, kt\u00f3re maj\u0105 na celu wykorzystanie sezonowych trend\u00f3w.<\/p>","protected":false},"excerpt":{"rendered":"<p>Szklane s\u0142oiki na \u015bwiece w kszta\u0142cie tulipan\u00f3w z rze\u017abionym kwiatowym wzorem. Idealne do \u015bwiec zapachowych, dekoracji wn\u0119trz i zam\u00f3wie\u0144 hurtowych. Dostawa bezpo\u015brednio z fabryki i mo\u017cliwo\u015b\u0107 personalizacji.<\/p>","protected":false},"featured_media":4404,"template":"","meta":{"site-sidebar-layout":"default","site-content-layout":"","ast-site-content-layout":"default","site-content-style":"default","site-sidebar-style":"default","ast-global-header-display":"","ast-banner-title-visibility":"","ast-main-header-display":"","ast-hfb-above-header-display":"","ast-hfb-below-header-display":"","ast-hfb-mobile-header-display":"","site-post-title":"","ast-breadcrumbs-content":"","ast-featured-img":"","footer-sml-layout":"","theme-transparent-header-meta":"default","adv-header-id-meta":"","stick-header-meta":"","header-above-stick-meta":"","header-main-stick-meta":"","header-below-stick-meta":"","astra-migrate-meta-layouts":"set","ast-page-background-enabled":"default","ast-page-background-meta":{"desktop":{"background-color":"var(--ast-global-color-5)","background-image":"","background-repeat":"repeat","background-position":"center center","background-size":"auto","background-attachment":"scroll","background-type":"","background-media":"","overlay-type":"","overlay-color":"","overlay-opacity":"","overlay-gradient":""},"tablet":{"background-color":"","background-image":"","background-repeat":"repeat","background-position":"center center","background-size":"auto","background-attachment":"scroll","background-type":"","background-media":"","overlay-type":"","overlay-color":"","overlay-opacity":"","overlay-gradient":""},"mobile":{"background-color":"","background-image":"","background-repeat":"repeat","background-position":"center center","background-size":"auto","background-attachment":"scroll","background-type":"","background-media":"","overlay-type":"","overlay-color":"","overlay-opacity":"","overlay-gradient":""}},"ast-content-background-meta":{"desktop":{"background-color":"var(--ast-global-color-4)","background-image":"","background-repeat":"repeat","background-position":"center center","background-size":"auto","background-attachment":"scroll","background-type":"","background-media":"","overlay-type":"","overlay-color":"","overlay-opacity":"","overlay-gradient":""},"tablet":{"background-color":"var(--ast-global-color-4)","background-image":"","background-repeat":"repeat","background-position":"center center","background-size":"auto","background-attachment":"scroll","background-type":"","background-media":"","overlay-type":"","overlay-color":"","overlay-opacity":"","overlay-gradient":""},"mobile":{"background-color":"var(--ast-global-color-4)","background-image":"","background-repeat":"repeat","background-position":"center center","background-size":"auto","background-attachment":"scroll","background-type":"","background-media":"","overlay-type":"","overlay-color":"","overlay-opacity":"","overlay-gradient":""}}},"product_brand":[],"product_cat":[28,21],"product_tag":[],"class_list":{"0":"post-500","1":"product","2":"type-product","3":"status-publish","4":"has-post-thumbnail","6":"product_cat-glass-candle-jars","7":"product_cat-product","8":"desktop-align-left","9":"tablet-align-left","10":"mobile-align-left","12":"first","13":"instock","14":"shipping-taxable","15":"product-type-simple"},"jetpack_sharing_enabled":true,"_links":{"self":[{"href":"https:\/\/mostebglass.com\/pl\/wp-json\/wp\/v2\/product\/500","targetHints":{"allow":["GET"]}}],"collection":[{"href":"https:\/\/mostebglass.com\/pl\/wp-json\/wp\/v2\/product"}],"about":[{"href":"https:\/\/mostebglass.com\/pl\/wp-json\/wp\/v2\/types\/product"}],"wp:featuredmedia":[{"embeddable":true,"href":"https:\/\/mostebglass.com\/pl\/wp-json\/wp\/v2\/media\/4404"}],"wp:attachment":[{"href":"https:\/\/mostebglass.com\/pl\/wp-json\/wp\/v2\/media?parent=500"}],"wp:term":[{"taxonomy":"product_brand","embeddable":true,"href":"https:\/\/mostebglass.com\/pl\/wp-json\/wp\/v2\/product_brand?post=500"},{"taxonomy":"product_cat","embeddable":true,"href":"https:\/\/mostebglass.com\/pl\/wp-json\/wp\/v2\/product_cat?post=500"},{"taxonomy":"product_tag","embeddable":true,"href":"https:\/\/mostebglass.com\/pl\/wp-json\/wp\/v2\/product_tag?post=500"}],"curies":[{"name":"wp","href":"https:\/\/api.w.org\/{rel}","templated":true}]}}