{"id":516,"date":"2025-08-18T18:02:10","date_gmt":"2025-08-18T10:02:10","guid":{"rendered":"https:\/\/mostebglass.com\/?post_type=product&#038;p=516"},"modified":"2026-03-18T13:56:58","modified_gmt":"2026-03-18T05:56:58","slug":"reed-diffuser-bottles-polygon-bottom-style-wholesale","status":"publish","type":"product","link":"https:\/\/mostebglass.com\/pl\/reed-diffuser-bottles-polygon-bottom-style-wholesale\/","title":{"rendered":"Butelki z dyfuzorem patyczkowym 120 ml, styl wielok\u0105tny, hurt"},"content":{"rendered":"<h2>Wprowadzenie do produktu<\/h2>\n<p>Potrzebujesz szklanego dyfuzora, kt\u00f3ry nie tylko pomie\u015bci olejki eteryczne, ale tak\u017ce b\u0119dzie odzwierciedla\u0142 Twoj\u0105 mark\u0119. Ten dyfuzor patyczkowy charakteryzuje si\u0119 eleganck\u0105 obudow\u0105, kt\u00f3ra odbija \u015bwiat\u0142o, tworz\u0105c eleganckie i dynamiczne doznania. To idealne rozwi\u0105zanie do przechowywania olejk\u00f3w eterycznych w dyfuzorze patyczkowym.<\/p>\n<h2>Cechy produktu<\/h2>\n<ul>\n<li>Szk\u0142o wysokiej jako\u015bci: U\u017cywamy szk\u0142a wysokiej jako\u015bci, kt\u00f3re zapewnia trwa\u0142o\u015b\u0107 i krystaliczn\u0105 przejrzysto\u015b\u0107. Twoje olejki eteryczne i zapachy pozostaj\u0105 czyste i \u015bwietnie prezentuj\u0105 si\u0119 na ka\u017cdej p\u00f3\u0142ce.<\/li>\n<li>Dostosowane do Reed Depute: w\u0105ski otw\u00f3r utrzymuje trzcin\u0119 w pozycji prostej, co ogranicza parowanie i zapewnia trwa\u0142o\u015b\u0107 zapachu.<\/li>\n<li>Kszta\u0142t geometryczny: Wielok\u0105tny kszta\u0142t butelki jest wyj\u0105tkowy, stylowy i artystyczny, idealny do ka\u017cdej przestrzeni.<\/li>\n<\/ul>\n<h2>Przypadek sukcesu<\/h2>\n<p>Nasze 120-mililitrowe, przezroczyste szklane butelki do dyfuzor\u00f3w zosta\u0142y wybrane przez mi\u0119dzynarodow\u0105 firm\u0119 zajmuj\u0105c\u0105 si\u0119 wystrojem wn\u0119trz z siedzib\u0105 w Holandii. M\u00f3wi\u0105c o szczeg\u00f3\u0142ach personalizacji, klient nie chcia\u0142 u\u017cywa\u0107 standardowych nakr\u0119tek i zamiast tego zdecydowa\u0142 si\u0119 na silikonowy korek, sprytnie ukryty w szyjce; nie tylko pomog\u0142o to utrzyma\u0107 patyczki na miejscu, ale tak\u017ce zachowa\u0142o minimalistyczny i czysty wygl\u0105d butelki. Nawet same patyczki zosta\u0142y zmienione na hybrydowy format \u2013 proste patyczki z ozdobnymi kwiatowymi nakr\u0119tkami \u2013 aby doda\u0107 produktowi wizualnego bogactwa i faktury.<\/p>\n<p>Po debiucie seria odnotowa\u0142a wzrost sprzeda\u017cy detalicznej o 29% w samym pierwszym kwartale. Dzi\u0119ki tak pozytywnemu odzewowi na rynku, klient z\u0142o\u017cy\u0142 cztery kolejne zam\u00f3wienia w ci\u0105gu kolejnych siedmiu miesi\u0119cy.<\/p>\n<h2>Chcesz spersonalizowa\u0107 t\u0119 butelk\u0119 z dyfuzorem zapachowym?<\/h2>\n<p>Masz opcje \u2013 prawdziwe opcje. Chcesz matowo-czarne, anodowane wyko\u0144czenie ze z\u0142otym, wyt\u0142oczonym logo? \u017baden problem. Chcesz sedana z lod\u00f3wk\u0105 z personalizowanymi tablicami rejestracyjnymi i kolorowymi etykietami? \u0141atwo. Niestandardowe, kolorowe szk\u0142o? \u017baden problem! To spos\u00f3b na personalizacj\u0119 Twojej kolekcji butelek z dyfuzorami. Nawet korek mo\u017cna spersonalizowa\u0107, wybieraj\u0105c kolor \u2013 drewno, metal lub plastik.<\/p>\n<p>To co\u015b wi\u0119cej ni\u017c s\u0142oik czy zwyk\u0142y pojemnik; to szklana butelka z logo Twojej marki. Chcesz j\u0105 wypr\u00f3bowa\u0107 lub z\u0142o\u017cy\u0107 zam\u00f3wienie hurtowe? Sprawimy, \u017ce Twoja kolejna premiera produktu b\u0119dzie niezapomniana.<\/p>","protected":false},"excerpt":{"rendered":"<p>Wysokiej jako\u015bci hurtowe butelki z trzciny do aromaterapii, dyfuzory i artyku\u0142y wyposa\u017cenia wn\u0119trz. Mo\u017cliwo\u015b\u0107 personalizacji szklanych butelek na zam\u00f3wienie hurtowe. Dost\u0119pne s\u0105 bezp\u0142atne pr\u00f3bki.<\/p>","protected":false},"featured_media":4803,"template":"","meta":{"site-sidebar-layout":"default","site-content-layout":"","ast-site-content-layout":"default","site-content-style":"default","site-sidebar-style":"default","ast-global-header-display":"","ast-banner-title-visibility":"","ast-main-header-display":"","ast-hfb-above-header-display":"","ast-hfb-below-header-display":"","ast-hfb-mobile-header-display":"","site-post-title":"","ast-breadcrumbs-content":"","ast-featured-img":"","footer-sml-layout":"","theme-transparent-header-meta":"default","adv-header-id-meta":"","stick-header-meta":"","header-above-stick-meta":"","header-main-stick-meta":"","header-below-stick-meta":"","astra-migrate-meta-layouts":"set","ast-page-background-enabled":"default","ast-page-background-meta":{"desktop":{"background-color":"var(--ast-global-color-5)","background-image":"","background-repeat":"repeat","background-position":"center center","background-size":"auto","background-attachment":"scroll","background-type":"","background-media":"","overlay-type":"","overlay-color":"","overlay-opacity":"","overlay-gradient":""},"tablet":{"background-color":"","background-image":"","background-repeat":"repeat","background-position":"center center","background-size":"auto","background-attachment":"scroll","background-type":"","background-media":"","overlay-type":"","overlay-color":"","overlay-opacity":"","overlay-gradient":""},"mobile":{"background-color":"","background-image":"","background-repeat":"repeat","background-position":"center center","background-size":"auto","background-attachment":"scroll","background-type":"","background-media":"","overlay-type":"","overlay-color":"","overlay-opacity":"","overlay-gradient":""}},"ast-content-background-meta":{"desktop":{"background-color":"var(--ast-global-color-4)","background-image":"","background-repeat":"repeat","background-position":"center center","background-size":"auto","background-attachment":"scroll","background-type":"","background-media":"","overlay-type":"","overlay-color":"","overlay-opacity":"","overlay-gradient":""},"tablet":{"background-color":"var(--ast-global-color-4)","background-image":"","background-repeat":"repeat","background-position":"center center","background-size":"auto","background-attachment":"scroll","background-type":"","background-media":"","overlay-type":"","overlay-color":"","overlay-opacity":"","overlay-gradient":""},"mobile":{"background-color":"var(--ast-global-color-4)","background-image":"","background-repeat":"repeat","background-position":"center center","background-size":"auto","background-attachment":"scroll","background-type":"","background-media":"","overlay-type":"","overlay-color":"","overlay-opacity":"","overlay-gradient":""}}},"product_brand":[],"product_cat":[54],"product_tag":[],"class_list":{"0":"post-516","1":"product","2":"type-product","3":"status-publish","4":"has-post-thumbnail","6":"product_cat-reed-diffuser-bottles","7":"desktop-align-left","8":"tablet-align-left","9":"mobile-align-left","11":"first","12":"instock","13":"shipping-taxable","14":"product-type-simple"},"jetpack_sharing_enabled":true,"_links":{"self":[{"href":"https:\/\/mostebglass.com\/pl\/wp-json\/wp\/v2\/product\/516","targetHints":{"allow":["GET"]}}],"collection":[{"href":"https:\/\/mostebglass.com\/pl\/wp-json\/wp\/v2\/product"}],"about":[{"href":"https:\/\/mostebglass.com\/pl\/wp-json\/wp\/v2\/types\/product"}],"wp:featuredmedia":[{"embeddable":true,"href":"https:\/\/mostebglass.com\/pl\/wp-json\/wp\/v2\/media\/4803"}],"wp:attachment":[{"href":"https:\/\/mostebglass.com\/pl\/wp-json\/wp\/v2\/media?parent=516"}],"wp:term":[{"taxonomy":"product_brand","embeddable":true,"href":"https:\/\/mostebglass.com\/pl\/wp-json\/wp\/v2\/product_brand?post=516"},{"taxonomy":"product_cat","embeddable":true,"href":"https:\/\/mostebglass.com\/pl\/wp-json\/wp\/v2\/product_cat?post=516"},{"taxonomy":"product_tag","embeddable":true,"href":"https:\/\/mostebglass.com\/pl\/wp-json\/wp\/v2\/product_tag?post=516"}],"curies":[{"name":"wp","href":"https:\/\/api.w.org\/{rel}","templated":true}]}}