{"id":535,"date":"2025-08-18T18:02:55","date_gmt":"2025-08-18T10:02:55","guid":{"rendered":"https:\/\/mostebglass.com\/?post_type=product&#038;p=535"},"modified":"2026-04-24T10:54:19","modified_gmt":"2026-04-24T02:54:19","slug":"diffuser-bottles-empty-christmas-tree-shape-wholesale","status":"publish","type":"product","link":"https:\/\/mostebglass.com\/pl\/diffuser-bottles-empty-christmas-tree-shape-wholesale\/","title":{"rendered":"Butelki do dyfuzor\u00f3w 100 ml 200 ml, puste, w kszta\u0142cie choinki, hurtowe"},"content":{"rendered":"<h2>Wprowadzenie do produktu<\/h2>\n<p>Nie tylko hurtowo zaopatrujesz si\u0119 w butelki z patyczkami zapachowymi; tworzysz \u015bwi\u0105teczn\u0105 atmosfer\u0119. Kiedy Tw\u00f3j klient zobaczy na p\u00f3\u0142ce natychmiast rozpoznawalny dyfuzor w kszta\u0142cie choinki \u2013 z delikatnym akcentem, mi\u0119kkimi liniami na\u015bladuj\u0105cymi ga\u0142\u0119zie choinki \u2013 poczuje co\u015b wi\u0119cej ni\u017c tylko zapach; poczuje klimat.<\/p>\n<h2>Cechy produktu<\/h2>\n<ul>\n<li><strong>Przezroczysty:<\/strong> Wykonany z przezroczystego szk\u0142a, pozwala wyra\u017anie zobaczy\u0107 p\u0142ynny aromat w \u015brodku, co zapewnia czyste, \u015bwie\u017ce doznania wizualne.<\/li>\n<li><strong>Kompaktowe i kwalifikuj\u0105ce si\u0119:<\/strong> Kompaktowa konstrukcja nie zajmuje du\u017co miejsca, przez co stanowi wyrafinowan\u0105 ozdob\u0119 sto\u0142u.<\/li>\n<li><strong>Kszta\u0142t choinki w poszczeg\u00f3lnych latach:<\/strong> Stanowi przyci\u0105gaj\u0105cy wzrok, sezonowy element dekoracyjny, a po u\u017cyciu olejk\u00f3w eterycznych mo\u017cna go ponownie wykorzysta\u0107 jako dekoracj\u0119. Klienci s\u0105 nim zachwyceni.<\/li>\n<\/ul>\n<h2>Jak jedna marka \u015bwietnie poradzi\u0142a sobie w okresie \u015bwi\u0105tecznym<\/h2>\n<p>Jedna z kanadyjskich marek oferuj\u0105cych \u015bwi\u0105teczne prezenty wypu\u015bci\u0142a seri\u0119 dyfuzor\u00f3w zapachowych z patyczkami zapachowymi o tematyce bo\u017conarodzeniowej, wykorzystuj\u0105c nasze szklane butelki w kszta\u0142cie choinki jako pojemniki, aby stworzy\u0107 unikalny, \u015bwi\u0105teczny wizerunek marki. Klient wybra\u0142 pojemno\u015b\u0107 100 ml i za\u017cyczy\u0142 sobie, aby materia\u0142 by\u0142 wykonany ze szk\u0142a o wysokiej przejrzysto\u015bci i pogrubionych kraw\u0119dziach, aby lepiej podkre\u015bli\u0107 zarys sylwetki drzew. Butelki zosta\u0142y wyposa\u017cone w b\u0142yszcz\u0105ce, czarne zakr\u0119tki z wewn\u0119trznymi ogranicznikami; zatyczki te s\u0105 umieszczane tak, aby patyczki by\u0142y na miejscu, a jednocze\u015bnie skutecznie kontrolowa\u0142y tempo parowania olejku zapachowego. Aby uzyska\u0107 bardziej ekskluzywny i dekoracyjny, \u015bwi\u0105teczny wygl\u0105d, klient nie chcia\u0142, aby butelki by\u0142y bezpo\u015brednio zadrukowane, dlatego zam\u00f3wi\u0142 niestandardowe, wycinane etykietki zawieszane na szyjkach butelek ze z\u0142ot\u0105 foli\u0105.<\/p>\n<p>Wraz z wprowadzeniem nowych produkt\u00f3w sezonowych, sprzeda\u017c w okresie \u015bwi\u0105tecznym wzros\u0142a a\u017c o 46 procent w por\u00f3wnaniu z rokiem poprzednim, kiedy marka nadal korzysta\u0142a ze starego wzoru opakowa\u0144. W ci\u0105gu kolejnych sze\u015bciu miesi\u0119cy klient z\u0142o\u017cy\u0142 kilka kolejnych zam\u00f3wie\u0144.<\/p>\n<h2>Chcesz spersonalizowa\u0107? Stw\u00f3rz co\u015b swojego<\/h2>\n<p>Ta \u015bwi\u0105teczna butelka to p\u0142\u00f3tno. G\u0142adkie powierzchnie i czyste linie pasuj\u0105 do niemal ka\u017cdego wyko\u0144czenia. Wypr\u00f3buj te:<\/p>\n<ul>\n<li><strong>T\u0142oczenie na gor\u0105co:<\/strong> Udekoruj prz\u00f3d z\u0142otymi lub srebrnymi p\u0142atkami \u015bniegu, gwiazdami lub swoim logo.<\/li>\n<li><strong>Sitodruk:<\/strong> Dodaj delikatne wzory \u2014 na przyk\u0142ad krajobrazy \u015bnie\u017cne lub ga\u0142\u0119zie sosnowe \u2014 kt\u00f3re oplataj\u0105 drzewo.<\/li>\n<li><strong>Etykiety i naklejki:<\/strong> U\u017cyj etykiet o r\u00f3\u017cnych kszta\u0142tach (gwiazdki, ozdoby), aby nada\u0107 wn\u0119trzu zabawny charakter.<\/li>\n<li><strong>Ulepszenia stopera:<\/strong> Czerwony, zielony, z\u0142oty lub drewniany \u2014 dopasuj do \u015bwi\u0105tecznego klimatu swojej marki.<\/li>\n<\/ul>","protected":false},"excerpt":{"rendered":"<p>Puste butelki do dyfuzor\u00f3w premium i hurtowe butelki z patyczkami. Rozwi\u0105zania hurtowe w zakresie szklanych opakowa\u0144 dla marek zapach\u00f3w, spa i zapach\u00f3w do domu.<\/p>","protected":false},"featured_media":5307,"template":"","meta":{"site-sidebar-layout":"default","site-content-layout":"","ast-site-content-layout":"default","site-content-style":"default","site-sidebar-style":"default","ast-global-header-display":"","ast-banner-title-visibility":"","ast-main-header-display":"","ast-hfb-above-header-display":"","ast-hfb-below-header-display":"","ast-hfb-mobile-header-display":"","site-post-title":"","ast-breadcrumbs-content":"","ast-featured-img":"","footer-sml-layout":"","theme-transparent-header-meta":"default","adv-header-id-meta":"","stick-header-meta":"","header-above-stick-meta":"","header-main-stick-meta":"","header-below-stick-meta":"","astra-migrate-meta-layouts":"set","ast-page-background-enabled":"default","ast-page-background-meta":{"desktop":{"background-color":"var(--ast-global-color-5)","background-image":"","background-repeat":"repeat","background-position":"center center","background-size":"auto","background-attachment":"scroll","background-type":"","background-media":"","overlay-type":"","overlay-color":"","overlay-opacity":"","overlay-gradient":""},"tablet":{"background-color":"","background-image":"","background-repeat":"repeat","background-position":"center center","background-size":"auto","background-attachment":"scroll","background-type":"","background-media":"","overlay-type":"","overlay-color":"","overlay-opacity":"","overlay-gradient":""},"mobile":{"background-color":"","background-image":"","background-repeat":"repeat","background-position":"center center","background-size":"auto","background-attachment":"scroll","background-type":"","background-media":"","overlay-type":"","overlay-color":"","overlay-opacity":"","overlay-gradient":""}},"ast-content-background-meta":{"desktop":{"background-color":"var(--ast-global-color-4)","background-image":"","background-repeat":"repeat","background-position":"center center","background-size":"auto","background-attachment":"scroll","background-type":"","background-media":"","overlay-type":"","overlay-color":"","overlay-opacity":"","overlay-gradient":""},"tablet":{"background-color":"var(--ast-global-color-4)","background-image":"","background-repeat":"repeat","background-position":"center center","background-size":"auto","background-attachment":"scroll","background-type":"","background-media":"","overlay-type":"","overlay-color":"","overlay-opacity":"","overlay-gradient":""},"mobile":{"background-color":"var(--ast-global-color-4)","background-image":"","background-repeat":"repeat","background-position":"center center","background-size":"auto","background-attachment":"scroll","background-type":"","background-media":"","overlay-type":"","overlay-color":"","overlay-opacity":"","overlay-gradient":""}}},"product_brand":[],"product_cat":[54,21],"product_tag":[],"class_list":{"0":"post-535","1":"product","2":"type-product","3":"status-publish","4":"has-post-thumbnail","6":"product_cat-reed-diffuser-bottles","7":"product_cat-product","8":"desktop-align-left","9":"tablet-align-left","10":"mobile-align-left","12":"first","13":"instock","14":"shipping-taxable","15":"product-type-simple"},"jetpack_sharing_enabled":true,"_links":{"self":[{"href":"https:\/\/mostebglass.com\/pl\/wp-json\/wp\/v2\/product\/535","targetHints":{"allow":["GET"]}}],"collection":[{"href":"https:\/\/mostebglass.com\/pl\/wp-json\/wp\/v2\/product"}],"about":[{"href":"https:\/\/mostebglass.com\/pl\/wp-json\/wp\/v2\/types\/product"}],"wp:featuredmedia":[{"embeddable":true,"href":"https:\/\/mostebglass.com\/pl\/wp-json\/wp\/v2\/media\/5307"}],"wp:attachment":[{"href":"https:\/\/mostebglass.com\/pl\/wp-json\/wp\/v2\/media?parent=535"}],"wp:term":[{"taxonomy":"product_brand","embeddable":true,"href":"https:\/\/mostebglass.com\/pl\/wp-json\/wp\/v2\/product_brand?post=535"},{"taxonomy":"product_cat","embeddable":true,"href":"https:\/\/mostebglass.com\/pl\/wp-json\/wp\/v2\/product_cat?post=535"},{"taxonomy":"product_tag","embeddable":true,"href":"https:\/\/mostebglass.com\/pl\/wp-json\/wp\/v2\/product_tag?post=535"}],"curies":[{"name":"wp","href":"https:\/\/api.w.org\/{rel}","templated":true}]}}