{"id":539,"date":"2025-08-18T18:02:43","date_gmt":"2025-08-18T10:02:43","guid":{"rendered":"https:\/\/mostebglass.com\/?post_type=product&#038;p=539"},"modified":"2026-03-13T14:04:46","modified_gmt":"2026-03-13T06:04:46","slug":"clear-glass-diffuser-bottle-with-ribbed-texture-wholesale","status":"publish","type":"product","link":"https:\/\/mostebglass.com\/pl\/clear-glass-diffuser-bottle-with-ribbed-texture-wholesale\/","title":{"rendered":"120 ml przezroczysta szklana butelka z dyfuzorem o \u017cebrowanej fakturze \u2013 sprzeda\u017c hurtowa"},"content":{"rendered":"<p>Niezale\u017cnie od tego, czy wprowadzasz now\u0105 lini\u0119 produkt\u00f3w, czy od\u015bwie\u017casz opakowanie butelki z dyfuzorem, ten dyfuzor ma mi\u0119kki, p\u0142aski, okr\u0105g\u0142y kszta\u0142t, kt\u00f3ry biegnie od g\u00f3ry do do\u0142u z oddzielnymi pionowymi rowkami. Teksturowana powierzchnia zatrzymuje \u015bwiat\u0142o niczym poranny szron na szybie, co wyr\u00f3\u017cnia go spo\u015br\u00f3d innych.<\/p>\n<h2>Cechy produktu<\/h2>\n<ul>\n<li><span aria-haspopup=\"dialog\" aria-expanded=\"false\" aria-controls=\"radix-_r_3k_\" data-state=\"closed\" data-slot=\"popover-trigger\"><strong>Personalizacja koloru szk\u0142a:<\/strong> Korpusy butelek mog\u0105 by\u0107 wykonane w r\u00f3\u017cnych kolorach, m.in. bursztynowym, dymnoszarym, przezroczystym, oliwkowozielonym lub matowo czarnym.<\/span> <span aria-haspopup=\"dialog\" aria-expanded=\"false\" aria-controls=\"radix-_r_3l_\" data-state=\"closed\" data-slot=\"popover-trigger\">Mo\u017cliwe jest r\u00f3wnie\u017c wykonanie niestandardowych kolor\u00f3w, tak aby pasowa\u0142y do \u200b\u200bwizerunku marki lub kolekcji zapach\u00f3w sezonowych.<\/span><\/li>\n<li><span aria-haspopup=\"dialog\" aria-expanded=\"false\" aria-controls=\"radix-_r_3m_\" data-state=\"closed\" data-slot=\"popover-trigger\"><strong>Wyko\u0144czenie pokrywy:<\/strong> Pier\u015bcie\u0144 lub nakr\u0119tk\u0119 mo\u017cna zam\u00f3wi\u0107 w kolorze z\u0142otym, r\u00f3\u017cowego z\u0142ota, matowej czerni, szczotkowanego srebra lub aluminium imituj\u0105cego drewno, aby lepiej dopasowa\u0107 je do motywu zapachu.<\/span><\/li>\n<li><span aria-haspopup=\"dialog\" aria-expanded=\"false\" aria-controls=\"radix-_r_3n_\" data-state=\"closed\" data-slot=\"popover-trigger\"><strong>Druk:<\/strong> Logo marki lub nazw\u0119 zapachu mo\u017cna umie\u015bci\u0107 metod\u0105 sitodruku, t\u0142oczenia na gor\u0105co, druku UV lub t\u0142oczenia w szklanej formie, aby nada\u0107 marce jeszcze bardziej niepowtarzalny wygl\u0105d.<\/span><\/li>\n<\/ul>\n<h2>Jak pewna marka ulepszy\u0142a swoj\u0105 lini\u0119 zapach\u00f3w<\/h2>\n<p>Firma ze \u015bredniej p\u00f3\u0142ki produkuj\u0105ca dyfuzory zapachowe w butelkach traci\u0142a miejsce na p\u00f3\u0142kach na rzecz bardziej eleganckich konkurent\u00f3w. Ich stara butelka wygl\u0105da\u0142a p\u0142asko \u2013 jak butelki po sokach z recyklingu, w kt\u00f3rych tkwi\u0142y patyczki zapachowe. Przeszli na te \u017cebrowane szklane butelki. Dodali mi\u0119kkie, czarne logo wykonane sitodrukiem i matowy, czarny korek. Utrzymali butelk\u0119 w czysto\u015bci, aby wyeksponowa\u0107 sw\u00f3j z\u0142oty olejek zapachowy w dyfuzorze zapachowym. Efekt? Sprzedawcy stwierdzili, \u017ce butelka \u201ewydaje si\u0119 droga\u201d. Klienci zatrzymywali si\u0119, \u017ceby jej dotkn\u0105\u0107. Ta chwila kontaktu podnios\u0142a wsp\u00f3\u0142czynnik konwersji o prawie 30%.<\/p>\n<h2>Chcesz dostosowa\u0107? Oto, od czego zacz\u0105\u0107<\/h2>\n<ol>\n<li><strong>Sitodruk:<\/strong> Czysty i trwa\u0142y branding. U\u017cyj go do minimalistycznego tekstu lub skomplikowanych wzor\u00f3w.<\/li>\n<li><strong>Wyko\u0144czenia matowe lub powlekane:<\/strong> Matowy spray na przezroczystym szkle? Dymna elegancja. Alternatywnie, pomaluj ca\u0142y flakon na sw\u00f3j ulubiony kolor, taki jak szary, z\u0142oty lub przezroczysty, aby pasowa\u0142 do Twojej kolekcji zapach\u00f3w.<\/li>\n<li><span aria-haspopup=\"dialog\" aria-expanded=\"false\" aria-controls=\"radix-_r_3o_\" data-state=\"closed\" data-slot=\"popover-trigger\"><strong>Wyb\u00f3r typu patyczka trzcinowego:<\/strong> Oferujemy r\u00f3\u017cne rodzaje dyfuzor\u00f3w zapachowych, np. naturalne patyczki rattanowe, patyczki z czarnego w\u0142\u00f3kna, metalowe patyczki spiralne lub patyczki w kszta\u0142cie kwiat\u00f3w, kt\u00f3re pasuj\u0105 do r\u00f3\u017cnych plan\u00f3w zapachowych.<\/span><\/li>\n<\/ol>","protected":false},"excerpt":{"rendered":"<p>Wysokiej jako\u015bci butelki i patyczki do dyfuzor\u00f3w, personalizowane opakowania dyfuzor\u00f3w trzcinowych w butelkach dla hurtownik\u00f3w aromat\u00f3w, spa i dyfuzor\u00f3w trzcinowych. Bezp\u0142atne pr\u00f3bki.<\/p>","protected":false},"featured_media":4749,"template":"","meta":{"site-sidebar-layout":"default","site-content-layout":"","ast-site-content-layout":"default","site-content-style":"default","site-sidebar-style":"default","ast-global-header-display":"","ast-banner-title-visibility":"","ast-main-header-display":"","ast-hfb-above-header-display":"","ast-hfb-below-header-display":"","ast-hfb-mobile-header-display":"","site-post-title":"","ast-breadcrumbs-content":"","ast-featured-img":"","footer-sml-layout":"","theme-transparent-header-meta":"default","adv-header-id-meta":"","stick-header-meta":"","header-above-stick-meta":"","header-main-stick-meta":"","header-below-stick-meta":"","astra-migrate-meta-layouts":"set","ast-page-background-enabled":"default","ast-page-background-meta":{"desktop":{"background-color":"var(--ast-global-color-5)","background-image":"","background-repeat":"repeat","background-position":"center center","background-size":"auto","background-attachment":"scroll","background-type":"","background-media":"","overlay-type":"","overlay-color":"","overlay-opacity":"","overlay-gradient":""},"tablet":{"background-color":"","background-image":"","background-repeat":"repeat","background-position":"center center","background-size":"auto","background-attachment":"scroll","background-type":"","background-media":"","overlay-type":"","overlay-color":"","overlay-opacity":"","overlay-gradient":""},"mobile":{"background-color":"","background-image":"","background-repeat":"repeat","background-position":"center center","background-size":"auto","background-attachment":"scroll","background-type":"","background-media":"","overlay-type":"","overlay-color":"","overlay-opacity":"","overlay-gradient":""}},"ast-content-background-meta":{"desktop":{"background-color":"var(--ast-global-color-4)","background-image":"","background-repeat":"repeat","background-position":"center center","background-size":"auto","background-attachment":"scroll","background-type":"","background-media":"","overlay-type":"","overlay-color":"","overlay-opacity":"","overlay-gradient":""},"tablet":{"background-color":"var(--ast-global-color-4)","background-image":"","background-repeat":"repeat","background-position":"center center","background-size":"auto","background-attachment":"scroll","background-type":"","background-media":"","overlay-type":"","overlay-color":"","overlay-opacity":"","overlay-gradient":""},"mobile":{"background-color":"var(--ast-global-color-4)","background-image":"","background-repeat":"repeat","background-position":"center center","background-size":"auto","background-attachment":"scroll","background-type":"","background-media":"","overlay-type":"","overlay-color":"","overlay-opacity":"","overlay-gradient":""}}},"product_brand":[],"product_cat":[54],"product_tag":[],"class_list":{"0":"post-539","1":"product","2":"type-product","3":"status-publish","4":"has-post-thumbnail","6":"product_cat-reed-diffuser-bottles","7":"desktop-align-left","8":"tablet-align-left","9":"mobile-align-left","11":"first","12":"instock","13":"shipping-taxable","14":"product-type-simple"},"jetpack_sharing_enabled":true,"_links":{"self":[{"href":"https:\/\/mostebglass.com\/pl\/wp-json\/wp\/v2\/product\/539","targetHints":{"allow":["GET"]}}],"collection":[{"href":"https:\/\/mostebglass.com\/pl\/wp-json\/wp\/v2\/product"}],"about":[{"href":"https:\/\/mostebglass.com\/pl\/wp-json\/wp\/v2\/types\/product"}],"wp:featuredmedia":[{"embeddable":true,"href":"https:\/\/mostebglass.com\/pl\/wp-json\/wp\/v2\/media\/4749"}],"wp:attachment":[{"href":"https:\/\/mostebglass.com\/pl\/wp-json\/wp\/v2\/media?parent=539"}],"wp:term":[{"taxonomy":"product_brand","embeddable":true,"href":"https:\/\/mostebglass.com\/pl\/wp-json\/wp\/v2\/product_brand?post=539"},{"taxonomy":"product_cat","embeddable":true,"href":"https:\/\/mostebglass.com\/pl\/wp-json\/wp\/v2\/product_cat?post=539"},{"taxonomy":"product_tag","embeddable":true,"href":"https:\/\/mostebglass.com\/pl\/wp-json\/wp\/v2\/product_tag?post=539"}],"curies":[{"name":"wp","href":"https:\/\/api.w.org\/{rel}","templated":true}]}}