{"id":543,"date":"2025-08-18T17:55:37","date_gmt":"2025-08-18T09:55:37","guid":{"rendered":"https:\/\/mostebglass.com\/?post_type=product&#038;p=543"},"modified":"2025-08-19T09:12:37","modified_gmt":"2025-08-19T01:12:37","slug":"przezroczyste-male-sloiki-na-swiece-z-wglebieniami-hurtowo","status":"publish","type":"product","link":"https:\/\/mostebglass.com\/pl\/clear-small-candle-jars-containers-with-dimpled-texture-wholesale\/","title":{"rendered":"Przezroczyste ma\u0142e s\u0142oiki na \u015bwiece \u2013 pojemniki 80 ml z faktur\u0105 wg\u0142\u0119bion\u0105 \u2013 hurt"},"content":{"rendered":"<p>Szukasz opakowania na \u015bwiece w s\u0142oiku, kt\u00f3re b\u0119dzie jednocze\u015bnie nowoczesne i ponadczasowe? Nasze ma\u0142e s\u0142oiki na \u015bwiece charakteryzuj\u0105 si\u0119 faktur\u0105 z wg\u0142\u0119bieniami i stabiln\u0105 podstaw\u0105 \u2013 idealne dla hurtowych marek \u015bwiec lub kolekcji wysokiej jako\u015bci s\u0142oik\u00f3w na \u015bwiece.<\/p>\n<h2>Cechy produktu<\/h2>\n<p><strong>Tekstura Dimplade dla wi\u0119kszej przyjemno\u015bci w dotyku<\/strong><\/p>\n<p>Okr\u0105g\u0142e wzory na pojemniku na \u015bwiec\u0119 dodaj\u0105 wyj\u0105tkowego efektu 3D, dzi\u0119ki czemu \u015bwieca w s\u0142oiku b\u0119dzie sprawia\u0107 wra\u017cenie osoby niepe\u0142nosprawnej.<\/p>\n<p><strong>Stabilna podstawa do hurtowego bezpiecze\u0144stwa \u015bwiec<\/strong><\/p>\n<p>Grube, p\u0142askie dno wa\u017c\u0105ce zaledwie 120 gram\u00f3w sprawia, \u017ce \u200b\u200bte ma\u0142e s\u0142oiki na \u015bwiece nie przewr\u00f3c\u0105 si\u0119 podczas wysy\u0142ki hurtowej lub uk\u0142adania w stosy w sklepie.<\/p>\n<h2>Kluczowe specyfikacje<\/h2>\n<table style=\"border-collapse: collapse; width: 80%; margin-left: auto; margin-right: auto;\" border=\"0\" width=\"144\" cellspacing=\"0\" cellpadding=\"0\">\n<tbody>\n<tr style=\"height: 13.50pt;\">\n<td style=\"height: 13.50pt; width: 54.00pt;\" width=\"72\" height=\"18\">Funkcja<\/td>\n<td style=\"width: 54.00pt;\" width=\"72\">Bli\u017csze dane<\/td>\n<\/tr>\n<tr style=\"height: 13.50pt;\">\n<td style=\"height: 13.50pt;\" height=\"18\">Pojemno\u015b\u0107<\/td>\n<td>80 ml<\/td>\n<\/tr>\n<tr style=\"height: 13.50pt;\">\n<td style=\"height: 13.50pt;\" height=\"18\">Waga<\/td>\n<td>120g<\/td>\n<\/tr>\n<tr style=\"height: 13.50pt;\">\n<td style=\"height: 13.50pt;\" height=\"18\">Wzory<\/td>\n<td>Tekstura z do\u0142eczkami<\/td>\n<\/tr>\n<tr style=\"height: 13.50pt;\">\n<td style=\"height: 13.50pt;\" height=\"18\">Wymiary<\/td>\n<td>55*45*64mm<\/td>\n<\/tr>\n<\/tbody>\n<\/table>\n<h2>Profesjonalne porady dotycz\u0105ce personalizacji<\/h2>\n<ol>\n<li><strong>Odtwarzanie tekstur:<\/strong> U\u017cyj wzoru Dimple Pattern, aby uzyska\u0107 rustykalne linie \u015bwiec w s\u0142oikach lub g\u0142adkiej faktury, aby uzyska\u0107 \u015bwiece w s\u0142oikach o du\u017cej pojemno\u015bci.<\/li>\n<li><strong>Cz\u0119sto zadawane pytania:<\/strong> Potrzebujesz pomocy w wyborze? Zapytaj nas o nasze propozycje przewodnik\u00f3w po \u015bwiecach lub hurtowych zestaw\u00f3w \u015bwiec w s\u0142oikach.<\/li>\n<\/ol>","protected":false},"excerpt":{"rendered":"<p>Ulepsz swoj\u0105 lini\u0119 ma\u0142ych s\u0142oik\u00f3w na \u015bwiece dzi\u0119ki teksturowanym naczyniom. Wysokiej jako\u015bci s\u0142oiki na \u015bwiece w konkurencyjnych cenach, zar\u00f3wno hurtowych, jak i hurtowych.<\/p>","protected":false},"featured_media":544,"template":"","meta":{"site-sidebar-layout":"default","site-content-layout":"","ast-site-content-layout":"default","site-content-style":"default","site-sidebar-style":"default","ast-global-header-display":"","ast-banner-title-visibility":"","ast-main-header-display":"","ast-hfb-above-header-display":"","ast-hfb-below-header-display":"","ast-hfb-mobile-header-display":"","site-post-title":"","ast-breadcrumbs-content":"","ast-featured-img":"","footer-sml-layout":"","theme-transparent-header-meta":"default","adv-header-id-meta":"","stick-header-meta":"","header-above-stick-meta":"","header-main-stick-meta":"","header-below-stick-meta":"","astra-migrate-meta-layouts":"set","ast-page-background-enabled":"default","ast-page-background-meta":{"desktop":{"background-color":"var(--ast-global-color-5)","background-image":"","background-repeat":"repeat","background-position":"center center","background-size":"auto","background-attachment":"scroll","background-type":"","background-media":"","overlay-type":"","overlay-color":"","overlay-opacity":"","overlay-gradient":""},"tablet":{"background-color":"","background-image":"","background-repeat":"repeat","background-position":"center center","background-size":"auto","background-attachment":"scroll","background-type":"","background-media":"","overlay-type":"","overlay-color":"","overlay-opacity":"","overlay-gradient":""},"mobile":{"background-color":"","background-image":"","background-repeat":"repeat","background-position":"center center","background-size":"auto","background-attachment":"scroll","background-type":"","background-media":"","overlay-type":"","overlay-color":"","overlay-opacity":"","overlay-gradient":""}},"ast-content-background-meta":{"desktop":{"background-color":"var(--ast-global-color-4)","background-image":"","background-repeat":"repeat","background-position":"center center","background-size":"auto","background-attachment":"scroll","background-type":"","background-media":"","overlay-type":"","overlay-color":"","overlay-opacity":"","overlay-gradient":""},"tablet":{"background-color":"var(--ast-global-color-4)","background-image":"","background-repeat":"repeat","background-position":"center center","background-size":"auto","background-attachment":"scroll","background-type":"","background-media":"","overlay-type":"","overlay-color":"","overlay-opacity":"","overlay-gradient":""},"mobile":{"background-color":"var(--ast-global-color-4)","background-image":"","background-repeat":"repeat","background-position":"center center","background-size":"auto","background-attachment":"scroll","background-type":"","background-media":"","overlay-type":"","overlay-color":"","overlay-opacity":"","overlay-gradient":""}}},"product_brand":[],"product_cat":[28],"product_tag":[],"class_list":{"0":"post-543","1":"product","2":"type-product","3":"status-publish","4":"has-post-thumbnail","6":"product_cat-glass-candle-jars","7":"desktop-align-left","8":"tablet-align-left","9":"mobile-align-left","11":"first","12":"instock","13":"shipping-taxable","14":"product-type-simple"},"jetpack_sharing_enabled":true,"_links":{"self":[{"href":"https:\/\/mostebglass.com\/pl\/wp-json\/wp\/v2\/product\/543","targetHints":{"allow":["GET"]}}],"collection":[{"href":"https:\/\/mostebglass.com\/pl\/wp-json\/wp\/v2\/product"}],"about":[{"href":"https:\/\/mostebglass.com\/pl\/wp-json\/wp\/v2\/types\/product"}],"wp:featuredmedia":[{"embeddable":true,"href":"https:\/\/mostebglass.com\/pl\/wp-json\/wp\/v2\/media\/544"}],"wp:attachment":[{"href":"https:\/\/mostebglass.com\/pl\/wp-json\/wp\/v2\/media?parent=543"}],"wp:term":[{"taxonomy":"product_brand","embeddable":true,"href":"https:\/\/mostebglass.com\/pl\/wp-json\/wp\/v2\/product_brand?post=543"},{"taxonomy":"product_cat","embeddable":true,"href":"https:\/\/mostebglass.com\/pl\/wp-json\/wp\/v2\/product_cat?post=543"},{"taxonomy":"product_tag","embeddable":true,"href":"https:\/\/mostebglass.com\/pl\/wp-json\/wp\/v2\/product_tag?post=543"}],"curies":[{"name":"wp","href":"https:\/\/api.w.org\/{rel}","templated":true}]}}