{"id":558,"date":"2025-08-19T11:29:06","date_gmt":"2025-08-19T03:29:06","guid":{"rendered":"https:\/\/mostebglass.com\/?post_type=product&#038;p=558"},"modified":"2026-02-26T18:08:14","modified_gmt":"2026-02-26T10:08:14","slug":"25ml-48ml-flat-rim-mini-glass-candle-jars-for-wholesale","status":"publish","type":"product","link":"https:\/\/mostebglass.com\/pl\/25ml-48ml-flat-rim-mini-glass-candle-jars-for-wholesale\/","title":{"rendered":"25 ml 48 ml ma\u0142e szklane s\u0142oiki na \u015bwiece z p\u0142askim rantem do sprzeda\u017cy hurtowej"},"content":{"rendered":"<p>Miniaturowe szklane s\u0142oiki na \u015bwiece o pojemno\u015bci 25 ml i 48 ml maj\u0105 czysty, cylindryczny kszta\u0142t z prostymi, g\u0142adkimi bokami i grub\u0105, obci\u0105\u017con\u0105 podstaw\u0105 dla dodatkowej stabilno\u015bci. Wykonane z przezroczystego szk\u0142a o wysokiej przejrzysto\u015bci, s\u0142oiki maj\u0105 minimalistyczny i nowoczesny wygl\u0105d, pasuj\u0105cy zar\u00f3wno do ich dekoracyjnego, jak i funkcjonalnego zastosowania.<\/p>\n<p>Rozmiar s\u0142oiczka 25 ml wynosi 37 x 45 x 28 mm, a s\u0142oiczka 48 ml \u2013 45 x 39 x 53 mm. Oba mini szklane s\u0142oiczki maj\u0105 p\u0142ask\u0105 kraw\u0119d\u017a i g\u0142adkie, bezgwintowe wg\u0142\u0119bienie, co czyni je szczeg\u00f3lnie odpowiednimi do produkcji \u015bwiec i \u0142atwego dobierania pokrywek.<\/p>\n<h2>Kluczowe specyfikacje<\/h2>\n<table style=\"border-collapse: collapse; width: 80%; margin-left: auto; margin-right: auto;\" border=\"0\" width=\"80%\" cellspacing=\"0\" cellpadding=\"0\">\n<tbody>\n<tr style=\"height: 13.50pt;\">\n<td style=\"height: 13.50pt;\" height=\"18\">Pojemno\u015b\u0107<\/td>\n<td>25 ml (37*45*28 mm) \/48 ml (45*39*53 mm)<\/td>\n<\/tr>\n<tr style=\"height: 13.50pt;\">\n<td style=\"height: 13.50pt;\" height=\"18\">Tworzywo<\/td>\n<td>Szk\u0142o sodowo-wapniowe bezo\u0142owiowe<\/td>\n<\/tr>\n<tr style=\"height: 13.50pt;\">\n<td style=\"height: 13.50pt;\" height=\"18\">Opcje personalizacji<\/td>\n<td>Kolor, pojemno\u015b\u0107, rozmiar, etykieta, logo, wyko\u0144czenie powierzchni, akcesoria.<\/td>\n<\/tr>\n<\/tbody>\n<\/table>\n<h2>Aplikacja<\/h2>\n<p>Te p\u0142askie szklane s\u0142oiki mo\u017cna u\u017cywa\u0107 nie tylko do \u015bwiec, ale r\u00f3wnie\u017c jako ma\u0142e kieliszki do shot\u00f3w, kubki degustacyjne, pr\u00f3bki lub ma\u0142e kubki do serwowania deser\u00f3w. Dzi\u0119ki temu s\u0105 uniwersalne w bran\u017cy hotelarskiej, handlu detalicznego, jako zestawy upominkowe i opakowania promocyjne.<\/p>\n<h2>Porady krawieckie<\/h2>\n<ol>\n<li><strong>Hurtowa sprzeda\u017c ekologicznych wk\u0142ad\u00f3w do pokrywek s\u0142oik\u00f3w na \u015bwiece:<\/strong>Oferujemy biodegradowaln\u0105 silikonow\u0105 pokrywk\u0119 uszczelniaj\u0105c\u0105. Jest to atrakcyjne rozwi\u0105zanie dla odbiorc\u00f3w hurtowych, kt\u00f3rzy ceni\u0105 stabilno\u015b\u0107, nie rezygnuj\u0105c jednocze\u015bnie z wysokiej jako\u015bci i trwa\u0142o\u015bci.<\/li>\n<li><strong>Zintegrowany kod QR odpowiadaj\u0105cy na cz\u0119sto zadawane pytania:<\/strong>Mo\u017cesz zgubi\u0107 kod QR na wieczku s\u0142oika, nawi\u0105zuj\u0105cy do kultury korporacyjnej Twojej firmy. Dzi\u0119ki temu kupuj\u0105cy dowiedz\u0105 si\u0119 o produkcji \u015bwiec i historii firmy, co zwi\u0119kszy ch\u0119\u0107 zakupu.<\/li>\n<\/ol>","protected":false},"excerpt":{"rendered":"<p>Szklane s\u0142oiki na \u015bwiece o pojemno\u015bci 25 ml i 48 ml z p\u0142askim rantem, kompatybilne z bambusowymi lub metalowymi pokrywkami. Idealne do mini \u015bwiec, zestaw\u00f3w prezentowych, sprzeda\u017cy detalicznej i produkcji hurtowej.<\/p>","protected":false},"featured_media":4498,"template":"","meta":{"site-sidebar-layout":"default","site-content-layout":"","ast-site-content-layout":"default","site-content-style":"default","site-sidebar-style":"default","ast-global-header-display":"","ast-banner-title-visibility":"","ast-main-header-display":"","ast-hfb-above-header-display":"","ast-hfb-below-header-display":"","ast-hfb-mobile-header-display":"","site-post-title":"","ast-breadcrumbs-content":"","ast-featured-img":"","footer-sml-layout":"","theme-transparent-header-meta":"default","adv-header-id-meta":"","stick-header-meta":"","header-above-stick-meta":"","header-main-stick-meta":"","header-below-stick-meta":"","astra-migrate-meta-layouts":"set","ast-page-background-enabled":"default","ast-page-background-meta":{"desktop":{"background-color":"var(--ast-global-color-5)","background-image":"","background-repeat":"repeat","background-position":"center center","background-size":"auto","background-attachment":"scroll","background-type":"","background-media":"","overlay-type":"","overlay-color":"","overlay-opacity":"","overlay-gradient":""},"tablet":{"background-color":"","background-image":"","background-repeat":"repeat","background-position":"center center","background-size":"auto","background-attachment":"scroll","background-type":"","background-media":"","overlay-type":"","overlay-color":"","overlay-opacity":"","overlay-gradient":""},"mobile":{"background-color":"","background-image":"","background-repeat":"repeat","background-position":"center center","background-size":"auto","background-attachment":"scroll","background-type":"","background-media":"","overlay-type":"","overlay-color":"","overlay-opacity":"","overlay-gradient":""}},"ast-content-background-meta":{"desktop":{"background-color":"var(--ast-global-color-4)","background-image":"","background-repeat":"repeat","background-position":"center center","background-size":"auto","background-attachment":"scroll","background-type":"","background-media":"","overlay-type":"","overlay-color":"","overlay-opacity":"","overlay-gradient":""},"tablet":{"background-color":"var(--ast-global-color-4)","background-image":"","background-repeat":"repeat","background-position":"center center","background-size":"auto","background-attachment":"scroll","background-type":"","background-media":"","overlay-type":"","overlay-color":"","overlay-opacity":"","overlay-gradient":""},"mobile":{"background-color":"var(--ast-global-color-4)","background-image":"","background-repeat":"repeat","background-position":"center center","background-size":"auto","background-attachment":"scroll","background-type":"","background-media":"","overlay-type":"","overlay-color":"","overlay-opacity":"","overlay-gradient":""}}},"product_brand":[],"product_cat":[28,21],"product_tag":[],"class_list":{"0":"post-558","1":"product","2":"type-product","3":"status-publish","4":"has-post-thumbnail","6":"product_cat-glass-candle-jars","7":"product_cat-product","8":"desktop-align-left","9":"tablet-align-left","10":"mobile-align-left","12":"first","13":"instock","14":"shipping-taxable","15":"product-type-simple"},"jetpack_sharing_enabled":true,"_links":{"self":[{"href":"https:\/\/mostebglass.com\/pl\/wp-json\/wp\/v2\/product\/558","targetHints":{"allow":["GET"]}}],"collection":[{"href":"https:\/\/mostebglass.com\/pl\/wp-json\/wp\/v2\/product"}],"about":[{"href":"https:\/\/mostebglass.com\/pl\/wp-json\/wp\/v2\/types\/product"}],"wp:featuredmedia":[{"embeddable":true,"href":"https:\/\/mostebglass.com\/pl\/wp-json\/wp\/v2\/media\/4498"}],"wp:attachment":[{"href":"https:\/\/mostebglass.com\/pl\/wp-json\/wp\/v2\/media?parent=558"}],"wp:term":[{"taxonomy":"product_brand","embeddable":true,"href":"https:\/\/mostebglass.com\/pl\/wp-json\/wp\/v2\/product_brand?post=558"},{"taxonomy":"product_cat","embeddable":true,"href":"https:\/\/mostebglass.com\/pl\/wp-json\/wp\/v2\/product_cat?post=558"},{"taxonomy":"product_tag","embeddable":true,"href":"https:\/\/mostebglass.com\/pl\/wp-json\/wp\/v2\/product_tag?post=558"}],"curies":[{"name":"wp","href":"https:\/\/api.w.org\/{rel}","templated":true}]}}