{"id":565,"date":"2025-08-19T13:48:58","date_gmt":"2025-08-19T05:48:58","guid":{"rendered":"https:\/\/mostebglass.com\/?post_type=product&#038;p=565"},"modified":"2026-01-29T13:37:43","modified_gmt":"2026-01-29T05:37:43","slug":"135ml-empty-candle-jars-with-lids-custom-glass-candle-jar-manufacturer","status":"publish","type":"product","link":"https:\/\/mostebglass.com\/pl\/135ml-empty-candle-jars-with-lids-custom-glass-candle-jar-manufacturer\/","title":{"rendered":"135 ml puste s\u0142oiki na \u015bwiece z pokrywkami | Producent niestandardowych szklanych s\u0142oik\u00f3w na \u015bwiece"},"content":{"rendered":"<p>Nasze 135-mililitrowe, puste pojemniki na \u015bwiece z pokrywkami, o eleganckim, nowoczesnym kszta\u0142cie, oferuj\u0105 mo\u017cliwo\u015b\u0107 stosowania wysokiej jako\u015bci \u015bwiec zapachowych i zapach\u00f3w do domu. S\u0142oik ma prosty, cylindryczny kszta\u0142t z g\u0142adk\u0105 kraw\u0119dzi\u0105 i solidnym, pogrubionym dnem. Szklana obudowa jest przezroczysta, co podkre\u015bla kolor i p\u0142omie\u0144 \u015bwiecy, dzi\u0119ki czemu idealnie pasuje zar\u00f3wno do minimalistycznych, jak i dekoracyjnych aran\u017cacji.<\/p>\n<div style=\"text-align: center;\"><img fetchpriority=\"high\" decoding=\"async\" class=\"\" src=\"https:\/\/mostebglass.com\/wp-content\/uploads\/2025\/08\/colored-empty-candle-jars-with-lids.webp\" alt=\"kolorowe, puste s\u0142oiki na \u015bwiece z pokrywkami\" width=\"434\" height=\"434\" \/><\/div>\n<h2>Dodatkowe zastosowania<\/h2>\n<p>Opr\u00f3cz przechowywania \u015bwiec, pojemnik ten mo\u017cna wykorzysta\u0107 r\u00f3wnie\u017c jako:<\/p>\n<ul>\n<li>Ma\u0142y dekoracyjny s\u0142oik do przechowywania<\/li>\n<li>Miniaturowy wazon na kwiaty<\/li>\n<li>Pojemnik na dekoracje do domu<\/li>\n<\/ul>\n<p>Taka wszechstronno\u015b\u0107 stanowi dodatkow\u0105 warto\u015b\u0107 dla marek, kt\u00f3rych celem jest styl \u017cycia lub prezenty.<\/p>\n<h2>Kluczowe specyfikacje<\/h2>\n<table style=\"border-collapse: collapse; width: 80%; margin-left: auto; margin-right: auto;\" border=\"0\" width=\"80%\" cellspacing=\"0\" cellpadding=\"0\">\n<tbody>\n<tr style=\"height: 13.50pt;\">\n<td style=\"height: 13.50pt; width: 183.00pt;\" width=\"244\" height=\"18\"><strong>Funkcja<\/strong><\/td>\n<td style=\"width: 414.00pt;\" width=\"552\"><strong>Bli\u017csze dane<\/strong><\/td>\n<\/tr>\n<tr style=\"height: 13.50pt;\">\n<td style=\"height: 13.50pt;\" height=\"18\">Pojemno\u015b\u0107<\/td>\n<td>135 ml<\/td>\n<\/tr>\n<tr style=\"height: 13.50pt;\">\n<td style=\"height: 13.50pt;\" height=\"18\">\u015arednica otworu<\/td>\n<td>60 mm<\/td>\n<\/tr>\n<tr style=\"height: 13.50pt;\">\n<td style=\"height: 13.50pt;\" height=\"18\">Wysoko\u015b\u0107<\/td>\n<td>85 mm<\/td>\n<\/tr>\n<tr style=\"height: 13.50pt;\">\n<td style=\"height: 13.50pt;\" height=\"18\">\u015arednica dna<\/td>\n<td>46 mm<\/td>\n<\/tr>\n<tr style=\"height: 12.00pt;\">\n<td style=\"height: 12.00pt;\" height=\"16\">pude\u0142ko wysy\u0142kowe<\/td>\n<td>opakowanie 120 sztuk<\/td>\n<\/tr>\n<tr style=\"height: 12.00pt;\">\n<td style=\"height: 12.00pt;\" height=\"16\">Kompatybilno\u015b\u0107 pokrywy<\/td>\n<td>Pokrywy metalowe (z\u0142ote, srebrne, czarne, miedziane, itp.)<br \/>\nZatyczki z naturalnego korka<br \/>\nPokrywki bambusowe<\/td>\n<\/tr>\n<tr style=\"height: 13.50pt;\">\n<td style=\"height: 13.50pt;\" height=\"18\">Opcje personalizacji szk\u0142a<\/td>\n<td>Zewn\u0119trzna pow\u0142oka natryskowa (kolory jednolite lub gradientowe)<br \/>\nWyko\u0144czenia matowe lub matowe<br \/>\nSitodruk<br \/>\nWewn\u0119trzna pow\u0142oka natryskowa<br \/>\nAplikacja etykiet<br \/>\nEfekt szk\u0142a rt\u0119ciowego<br \/>\nProjekty sezonowe i \u015bwi\u0105teczne<\/td>\n<\/tr>\n<\/tbody>\n<\/table>\n<div style=\"text-align: center;\"><img decoding=\"async\" class=\"\" src=\"https:\/\/mostebglass.com\/wp-content\/uploads\/2025\/08\/empty-candle-jars-with-lids-for-christmas.webp\" alt=\"puste s\u0142oiki na \u015bwiece z pokrywkami na Bo\u017ce Narodzenie\" width=\"447\" height=\"447\" \/><\/div>\n<h2>Sugestie dotycz\u0105ce to\u017csamo\u015bci marki<\/h2>\n<ol>\n<li><strong>Blokowanie kolor\u00f3w:<\/strong> U\u017cyj minimalnej ilo\u015bci \u015bwiec hurtowych lub du\u017cego, przezroczystego s\u0142oika na \u015bwiece, aby uzyska\u0107 ja\u015bniejszy kolor do kolekcji sezonowych.<\/li>\n<li><strong>Cz\u0119sto zadawane pytania:<\/strong> Potrzebujesz pomocy w wyborze? Zapytaj nas o nasz\u0105 ofert\u0119 poradnik\u00f3w dotycz\u0105cych \u015bwiec lub hurtowych zestaw\u00f3w \u015bwiec w s\u0142oikach.<\/li>\n<\/ol>\n<p>Oferujemy pe\u0142ne us\u0142ugi OEM i ODM, obejmuj\u0105ce mi\u0119dzy innymi projektowanie i rozw\u00f3j form, dekorowanie i pakowanie; jako producent opakowa\u0144 szklanych obs\u0142ugujemy hurtownik\u00f3w, w\u0142a\u015bcicieli marek, a nawet firmy produkuj\u0105ce produkty pod markami w\u0142asnymi.<\/p>","protected":false},"excerpt":{"rendered":"<p>Puste s\u0142oiki na \u015bwiece o pojemno\u015bci 135 ml z pokrywkami z metalu, bambusa lub korka. Oferujemy niestandardowe logo, wyko\u0144czenia szklane oraz rozwi\u0105zania OEM\/ODM dla marek \u015bwiec i hurtownik\u00f3w.<\/p>","protected":false},"featured_media":4237,"template":"","meta":{"site-sidebar-layout":"default","site-content-layout":"","ast-site-content-layout":"default","site-content-style":"default","site-sidebar-style":"default","ast-global-header-display":"","ast-banner-title-visibility":"","ast-main-header-display":"","ast-hfb-above-header-display":"","ast-hfb-below-header-display":"","ast-hfb-mobile-header-display":"","site-post-title":"","ast-breadcrumbs-content":"","ast-featured-img":"","footer-sml-layout":"","theme-transparent-header-meta":"default","adv-header-id-meta":"","stick-header-meta":"","header-above-stick-meta":"","header-main-stick-meta":"","header-below-stick-meta":"","astra-migrate-meta-layouts":"set","ast-page-background-enabled":"default","ast-page-background-meta":{"desktop":{"background-color":"var(--ast-global-color-5)","background-image":"","background-repeat":"repeat","background-position":"center center","background-size":"auto","background-attachment":"scroll","background-type":"","background-media":"","overlay-type":"","overlay-color":"","overlay-opacity":"","overlay-gradient":""},"tablet":{"background-color":"","background-image":"","background-repeat":"repeat","background-position":"center center","background-size":"auto","background-attachment":"scroll","background-type":"","background-media":"","overlay-type":"","overlay-color":"","overlay-opacity":"","overlay-gradient":""},"mobile":{"background-color":"","background-image":"","background-repeat":"repeat","background-position":"center center","background-size":"auto","background-attachment":"scroll","background-type":"","background-media":"","overlay-type":"","overlay-color":"","overlay-opacity":"","overlay-gradient":""}},"ast-content-background-meta":{"desktop":{"background-color":"var(--ast-global-color-4)","background-image":"","background-repeat":"repeat","background-position":"center center","background-size":"auto","background-attachment":"scroll","background-type":"","background-media":"","overlay-type":"","overlay-color":"","overlay-opacity":"","overlay-gradient":""},"tablet":{"background-color":"var(--ast-global-color-4)","background-image":"","background-repeat":"repeat","background-position":"center center","background-size":"auto","background-attachment":"scroll","background-type":"","background-media":"","overlay-type":"","overlay-color":"","overlay-opacity":"","overlay-gradient":""},"mobile":{"background-color":"var(--ast-global-color-4)","background-image":"","background-repeat":"repeat","background-position":"center center","background-size":"auto","background-attachment":"scroll","background-type":"","background-media":"","overlay-type":"","overlay-color":"","overlay-opacity":"","overlay-gradient":""}}},"product_brand":[],"product_cat":[28],"product_tag":[],"class_list":{"0":"post-565","1":"product","2":"type-product","3":"status-publish","4":"has-post-thumbnail","6":"product_cat-glass-candle-jars","7":"desktop-align-left","8":"tablet-align-left","9":"mobile-align-left","11":"first","12":"instock","13":"shipping-taxable","14":"product-type-simple"},"jetpack_sharing_enabled":true,"_links":{"self":[{"href":"https:\/\/mostebglass.com\/pl\/wp-json\/wp\/v2\/product\/565","targetHints":{"allow":["GET"]}}],"collection":[{"href":"https:\/\/mostebglass.com\/pl\/wp-json\/wp\/v2\/product"}],"about":[{"href":"https:\/\/mostebglass.com\/pl\/wp-json\/wp\/v2\/types\/product"}],"wp:featuredmedia":[{"embeddable":true,"href":"https:\/\/mostebglass.com\/pl\/wp-json\/wp\/v2\/media\/4237"}],"wp:attachment":[{"href":"https:\/\/mostebglass.com\/pl\/wp-json\/wp\/v2\/media?parent=565"}],"wp:term":[{"taxonomy":"product_brand","embeddable":true,"href":"https:\/\/mostebglass.com\/pl\/wp-json\/wp\/v2\/product_brand?post=565"},{"taxonomy":"product_cat","embeddable":true,"href":"https:\/\/mostebglass.com\/pl\/wp-json\/wp\/v2\/product_cat?post=565"},{"taxonomy":"product_tag","embeddable":true,"href":"https:\/\/mostebglass.com\/pl\/wp-json\/wp\/v2\/product_tag?post=565"}],"curies":[{"name":"wp","href":"https:\/\/api.w.org\/{rel}","templated":true}]}}