{"id":567,"date":"2025-08-19T13:33:36","date_gmt":"2025-08-19T05:33:36","guid":{"rendered":"https:\/\/mostebglass.com\/?post_type=product&#038;p=567"},"modified":"2026-03-09T15:09:53","modified_gmt":"2026-03-09T07:09:53","slug":"custom-empty-diffuser-bottles-and-reeds-with-bowl-shape-bulk","status":"publish","type":"product","link":"https:\/\/mostebglass.com\/pl\/custom-empty-diffuser-bottles-and-reeds-with-bowl-shape-bulk\/","title":{"rendered":"130 ml niestandardowe puste butelki do dyfuzor\u00f3w i patyczki w kszta\u0142cie misy hurtowo"},"content":{"rendered":"<p>Kupujesz co\u015b wi\u0119cej ni\u017c puste butelki do dyfuzor\u00f3w; tworzysz do\u015bwiadczenie marki. Sp\u00f3jrz na nasze butelki do dyfuzor\u00f3w o pojemno\u015bci 130 ml i kszta\u0142t misy z patyczkami. Butelka tego patyczka do aromaterapii charakteryzuje si\u0119 czystymi, geometrycznymi liniami i delikatnie zaokr\u0105glonymi kraw\u0119dziami, co w pe\u0142ni \u0142\u0105czy stabilno\u015b\u0107 szerokiej podstawy z wyrafinowan\u0105 elegancj\u0105 cienkiej szyjki. Wykonane z wysokiej jako\u015bci szk\u0142a kryszta\u0142owego, te puste butelki do dyfuzor\u00f3w stanowi\u0105 idealne rozwi\u0105zanie, niezale\u017cnie od tego, czy dostarczasz produkty do aromaterapii, czy dostosowujesz si\u0119 do kompleksowego rozwi\u0105zania w zakresie opakowa\u0144 do aromaterapii.<\/p>\n<h2>Cechy produktu<\/h2>\n<ul>\n<li><strong>Szk\u0142o wysokiej jako\u015bci:<\/strong> Gruba, trwa\u0142a szklana butelka jest rozbita, a w pe\u0142ni trzcinowa aromaterapia zatrzymuje olejek eteryczny, zapobiegaj\u0105c jego wyciekaniu.<\/li>\n<li><strong>G\u0142adki kszta\u0142t:<\/strong> Okr\u0105g\u0142y kszta\u0142t i mi\u0119kkie linie butelki tworz\u0105 ciep\u0142e i koj\u0105ce doznania wizualne, a jednocze\u015bnie s\u0105 stabilne.<\/li>\n<li><strong>Minimalny projekt:<\/strong> Og\u00f3lny projekt jest minimalistyczny i elegancki, pozbawiony zb\u0119dnych ozd\u00f3b, pasuj\u0105cy do r\u00f3\u017cnych styl\u00f3w wyposa\u017cenia wn\u0119trz.<\/li>\n<\/ul>\n<h2>Przypadek sukcesu<\/h2>\n<p>Jeden ze 130-mililitrowych szklanych flakon\u00f3w naszej marki zosta\u0142 wybrany przez europejsk\u0105 mark\u0119 zapach\u00f3w do domu. Dolna po\u0142owa flakonu jest lekko matowa i ma jasnoz\u0142oty sitodruk z nazw\u0105 marki, co nadaje mu klas\u0119 i elegancj\u0119.<\/p>\n<p>W ci\u0105gu pierwszych pi\u0119ciu miesi\u0119cy od wprowadzenia linii produkt\u00f3w, sprzeda\u017c wzros\u0142a o 27 procent. Klient z\u0142o\u017cy\u0142 trzy kolejne zam\u00f3wienia w ci\u0105gu o\u015bmiu miesi\u0119cy, dzi\u0119ki pozytywnemu odzewowi rynku, kt\u00f3ry spowodowa\u0142 wzrost wolumenu zakup\u00f3w o prawie po\u0142ow\u0119.<\/p>\n<h2>Chcesz spersonalizowa\u0107 sw\u00f3j? Oto jak zacz\u0105\u0107<\/h2>\n<ol>\n<li><strong>Druk:<\/strong> nadruk logo i wzor\u00f3w Wsparcie sitodruku, z\u0142ocenia, nadruku UV lub nadruku naklejek jako identyfikacji marki.<\/li>\n<li><strong>Personalizacja patyczka trzcinowego:<\/strong> Dyfuzory trzcinowe mog\u0105 by\u0107 wykonane z naturalnych trzcin rattanowych, czarnych w\u0142\u00f3kien lub trzcin kwiatowych w kszta\u0142cie kwiat\u00f3w.<\/li>\n<li><strong>Dopasowane rozwi\u0105zania zamykaj\u0105ce:<\/strong> Dodaj ozdobne korki, drewniane nasadki lub metalowe ko\u0142nierze, aby poprawi\u0107 prezentacj\u0119 i uszczelnienie.<\/li>\n<\/ol>","protected":false},"excerpt":{"rendered":"<p>Niestandardowe butelki i patyczki do dyfuzor\u00f3w, a tak\u017ce trwa\u0142e puste butelki do dyfuzor\u00f3w do aromaterapii, spa i zapach\u00f3w do domu dost\u0119pne w hurtowych zam\u00f3wieniach.<\/p>","protected":false},"featured_media":4676,"template":"","meta":{"site-sidebar-layout":"default","site-content-layout":"","ast-site-content-layout":"default","site-content-style":"default","site-sidebar-style":"default","ast-global-header-display":"","ast-banner-title-visibility":"","ast-main-header-display":"","ast-hfb-above-header-display":"","ast-hfb-below-header-display":"","ast-hfb-mobile-header-display":"","site-post-title":"","ast-breadcrumbs-content":"","ast-featured-img":"","footer-sml-layout":"","theme-transparent-header-meta":"default","adv-header-id-meta":"","stick-header-meta":"","header-above-stick-meta":"","header-main-stick-meta":"","header-below-stick-meta":"","astra-migrate-meta-layouts":"set","ast-page-background-enabled":"default","ast-page-background-meta":{"desktop":{"background-color":"var(--ast-global-color-5)","background-image":"","background-repeat":"repeat","background-position":"center center","background-size":"auto","background-attachment":"scroll","background-type":"","background-media":"","overlay-type":"","overlay-color":"","overlay-opacity":"","overlay-gradient":""},"tablet":{"background-color":"","background-image":"","background-repeat":"repeat","background-position":"center center","background-size":"auto","background-attachment":"scroll","background-type":"","background-media":"","overlay-type":"","overlay-color":"","overlay-opacity":"","overlay-gradient":""},"mobile":{"background-color":"","background-image":"","background-repeat":"repeat","background-position":"center center","background-size":"auto","background-attachment":"scroll","background-type":"","background-media":"","overlay-type":"","overlay-color":"","overlay-opacity":"","overlay-gradient":""}},"ast-content-background-meta":{"desktop":{"background-color":"var(--ast-global-color-4)","background-image":"","background-repeat":"repeat","background-position":"center center","background-size":"auto","background-attachment":"scroll","background-type":"","background-media":"","overlay-type":"","overlay-color":"","overlay-opacity":"","overlay-gradient":""},"tablet":{"background-color":"var(--ast-global-color-4)","background-image":"","background-repeat":"repeat","background-position":"center center","background-size":"auto","background-attachment":"scroll","background-type":"","background-media":"","overlay-type":"","overlay-color":"","overlay-opacity":"","overlay-gradient":""},"mobile":{"background-color":"var(--ast-global-color-4)","background-image":"","background-repeat":"repeat","background-position":"center center","background-size":"auto","background-attachment":"scroll","background-type":"","background-media":"","overlay-type":"","overlay-color":"","overlay-opacity":"","overlay-gradient":""}}},"product_brand":[],"product_cat":[54],"product_tag":[],"class_list":{"0":"post-567","1":"product","2":"type-product","3":"status-publish","4":"has-post-thumbnail","6":"product_cat-reed-diffuser-bottles","7":"desktop-align-left","8":"tablet-align-left","9":"mobile-align-left","11":"first","12":"instock","13":"shipping-taxable","14":"product-type-simple"},"jetpack_sharing_enabled":true,"_links":{"self":[{"href":"https:\/\/mostebglass.com\/pl\/wp-json\/wp\/v2\/product\/567","targetHints":{"allow":["GET"]}}],"collection":[{"href":"https:\/\/mostebglass.com\/pl\/wp-json\/wp\/v2\/product"}],"about":[{"href":"https:\/\/mostebglass.com\/pl\/wp-json\/wp\/v2\/types\/product"}],"wp:featuredmedia":[{"embeddable":true,"href":"https:\/\/mostebglass.com\/pl\/wp-json\/wp\/v2\/media\/4676"}],"wp:attachment":[{"href":"https:\/\/mostebglass.com\/pl\/wp-json\/wp\/v2\/media?parent=567"}],"wp:term":[{"taxonomy":"product_brand","embeddable":true,"href":"https:\/\/mostebglass.com\/pl\/wp-json\/wp\/v2\/product_brand?post=567"},{"taxonomy":"product_cat","embeddable":true,"href":"https:\/\/mostebglass.com\/pl\/wp-json\/wp\/v2\/product_cat?post=567"},{"taxonomy":"product_tag","embeddable":true,"href":"https:\/\/mostebglass.com\/pl\/wp-json\/wp\/v2\/product_tag?post=567"}],"curies":[{"name":"wp","href":"https:\/\/api.w.org\/{rel}","templated":true}]}}