{"id":571,"date":"2025-08-19T14:46:43","date_gmt":"2025-08-19T06:46:43","guid":{"rendered":"https:\/\/mostebglass.com\/?post_type=product&#038;p=571"},"modified":"2026-03-20T16:16:32","modified_gmt":"2026-03-20T08:16:32","slug":"80ml-95ml-sloiki-na-swiece-z-matowego-szkla-hurtowo","status":"publish","type":"product","link":"https:\/\/mostebglass.com\/pl\/80ml-95ml-frosted-glass-candle-jars-wholesale\/","title":{"rendered":"S\u0142oiki na \u015bwiece ze szk\u0142a mro\u017conego 80 ml i 95 ml \u2013 hurt"},"content":{"rendered":"<p>Te matowe szklane s\u0142oiki na \u015bwiece charakteryzuj\u0105 si\u0119 okr\u0105g\u0142ym, szerokim wlotem i g\u0142adkim, matowym wyko\u0144czeniem, kt\u00f3re zapewnia mi\u0119kki, rozproszony efekt wizualny. Wykonane z wytrzyma\u0142ego szk\u0142a sodowo-wapniowego, ka\u017cdy s\u0142oik jest prasowany maszynowo dla zapewnienia odpowiedniej konsystencji, dzi\u0119ki czemu idealnie nadaj\u0105 si\u0119 do produkcji pojemnik\u00f3w na \u015bwiece na du\u017c\u0105 skal\u0119. Dost\u0119pne w rozmiarach 80 ml i 95 ml, te matowe s\u0142oiki na \u015bwiece s\u0105 szeroko stosowane do \u015bwiec sojowych, \u015bwiec zapachowych i luksusowych kolekcji detalicznych. Ich elegancki, nowoczesny styl doskonale prezentuje produkt, dzi\u0119ki czemu nadaj\u0105 si\u0119 do luksusowych s\u0142oik\u00f3w na \u015bwiece, zestaw\u00f3w prezentowych i wysokiej jako\u015bci szklanych opakowa\u0144.<\/p>\n<h2>Kluczowe specyfikacje<\/h2>\n<table style=\"border-collapse: collapse; width: 80%; margin-left: auto; margin-right: auto;\" border=\"0\" width=\"499\" cellspacing=\"0\" cellpadding=\"0\">\n<tbody>\n<tr style=\"height: 13.50pt;\">\n<td style=\"height: 13.50pt; width: 128.25pt;\" width=\"171\" height=\"18\">Typ produktu<\/td>\n<td style=\"width: 246.00pt;\" width=\"328\">S\u0142oiki na \u015bwiece ze szk\u0142a mro\u017conego<\/td>\n<\/tr>\n<tr style=\"height: 13.50pt;\">\n<td style=\"height: 13.50pt;\" height=\"18\">Tworzywo<\/td>\n<td>Szk\u0142em sodowo wapiennym<\/td>\n<\/tr>\n<tr style=\"height: 13.50pt;\">\n<td style=\"height: 13.50pt;\" height=\"18\">Wyko\u0144czenie powierzchni<\/td>\n<td>Mro\u017cony (matowy)<\/td>\n<\/tr>\n<tr style=\"height: 13.50pt;\">\n<td style=\"height: 13.50pt;\" height=\"18\">Kszta\u0142t<\/td>\n<td>Okr\u0105g\u0142e, szerokie usta<\/td>\n<\/tr>\n<tr style=\"height: 13.50pt;\">\n<td style=\"height: 13.50pt;\" height=\"18\">Pojemno\u015b\u0107<\/td>\n<td>80ml \/ 95ml<\/td>\n<\/tr>\n<tr style=\"height: 13.50pt;\">\n<td style=\"height: 13.50pt;\" height=\"18\">Wymiary (80 ml)<\/td>\n<td>\u00d852 mm \u00d7 H62 mm (podstawa \u00d845 mm)<\/td>\n<\/tr>\n<tr style=\"height: 13.50pt;\">\n<td style=\"height: 13.50pt;\" height=\"18\">Wymiary (95 ml)<\/td>\n<td>\u00d856 mm \u00d7 H66 mm (podstawa \u00d847 mm)<\/td>\n<\/tr>\n<tr style=\"height: 13.50pt;\">\n<td style=\"height: 13.50pt;\" height=\"18\">Opcje pokrywy<\/td>\n<td>Metalowa\/bambusowa pokrywka z pier\u015bcieniem silikonowym<\/td>\n<\/tr>\n<tr style=\"height: 13.50pt;\">\n<td style=\"height: 13.50pt;\" height=\"18\">Kolor<\/td>\n<td>Mo\u017cliwo\u015b\u0107 dostosowania<\/td>\n<\/tr>\n<tr style=\"height: 13.50pt;\">\n<td style=\"height: 13.50pt;\" height=\"18\">Metoda produkcji<\/td>\n<td>Prasowane maszynowo<\/td>\n<\/tr>\n<tr style=\"height: 13.50pt;\">\n<td style=\"height: 13.50pt;\" height=\"18\">Ekologiczny<\/td>\n<td>Poddane recyklingowi, nadaj\u0105ce si\u0119 do ponownego u\u017cycia<\/td>\n<\/tr>\n<tr style=\"height: 13.50pt;\">\n<td style=\"height: 13.50pt;\" height=\"18\">MOQ \/ Dostawa<\/td>\n<td>\u22651000 szt., hurtowo i luzem<\/td>\n<\/tr>\n<tr style=\"height: 13.50pt;\">\n<td style=\"height: 13.50pt;\" height=\"18\">Personalizacja<\/td>\n<td>Logo, pokrywa, kolor, wyko\u0144czenie, rozmiar, kszta\u0142t<\/td>\n<\/tr>\n<\/tbody>\n<\/table>\n<h2>G\u0142\u00f3wne cechy<\/h2>\n<ol>\n<li><strong>Mi\u0119kka, matowa estetyka<\/strong>:Matowa powierzchnia tworzy wyrafinowany blask, zwi\u0119kszaj\u0105c atrakcyjno\u015b\u0107 produktu na p\u00f3\u0142ce bez konieczno\u015bci dodatkowego opakowania.<\/li>\n<li><strong>Trwa\u0142e i odporne na ciep\u0142o szk\u0142o<\/strong>:Grubsza konstrukcja szklana zwi\u0119ksza odporno\u015b\u0107 na szok termiczny, co jest idealne do naczy\u0144 na \u015bwiece nape\u0142nianych na gor\u0105co.<\/li>\n<li><strong>Szeroki otw\u00f3r zapewniaj\u0105cy wydajno\u015b\u0107<\/strong>:Szeroki otw\u00f3r u\u0142atwia nalewanie, ch\u0142odzenie i czyszczenie wosku \u2013 idealne rozwi\u0105zanie w przypadku zautomatyzowanej produkcji masowej.<\/li>\n<\/ol>\n<h2>Udane studium przypadku<\/h2>\n<p>Francuska marka butikowych \u015bwiec, specjalizuj\u0105ca si\u0119 w organicznych produktach z wosku sojowego, zaopatrywa\u0142a si\u0119 hurtowo w matowe szklane s\u0142oiki na \u015bwiece, tworz\u0105c sezonow\u0105 lini\u0119 produkt\u00f3w. Jako \u015bredniej wielko\u015bci sprzedawca detaliczny i w\u0142a\u015bciciel marki w\u0142asnej, firma pocz\u0105tkowo zam\u00f3wi\u0142a 50 000 sztuk w formatach 80 ml i 95 ml.<\/p>\n<p>Personalizacja obejmowa\u0142a matow\u0105 biel i bursztynowy kolor, bambusow\u0105 pokrywk\u0119 z grawerowanym logo oraz minimalistyczne oznakowanie marki, podkre\u015blaj\u0105ce matowe wyko\u0144czenie. Rezultatem by\u0142a linia pojemnik\u00f3w na \u015bwiece premium, kt\u00f3ra nie wymaga\u0142a dodatkowych pude\u0142ek, co pozwoli\u0142o obni\u017cy\u0107 koszty pakowania o 18%.<\/p>\n<p>W ci\u0105gu trzech miesi\u0119cy linia produkt\u00f3w osi\u0105gn\u0119\u0142a 35% wzrost sprzeda\u017cy detalicznej, szczeg\u00f3lnie w segmencie upomink\u00f3w. Dzi\u0119ki silnej reakcji rynku, klient z\u0142o\u017cy\u0142 powtarzaj\u0105ce si\u0119 zam\u00f3wienia hurtowe dwukrotnie w ci\u0105gu sze\u015bciu miesi\u0119cy, rozszerzaj\u0105c ofert\u0119 o dodatkowe rozmiary i niestandardowe kszta\u0142ty.<\/p>\n<h2>Sugestie dotycz\u0105ce personalizacji B2B<\/h2>\n<ol>\n<li><strong>Personalizacja skoncentrowana na marce<\/strong>:Wykorzystaj sitodruk lub grawerowanie laserowe na szklanych s\u0142oikach na \u015bwiece, aby stworzy\u0107 czysty, ekskluzywny wizerunek bez etykiet.<\/li>\n<li><strong>Dopasowanie pokrywy i materia\u0142u<\/strong>:Po\u0142\u0105cz uchwyty ze szk\u0142a matowego z bambusowymi pokrywkami, aby stworzy\u0107 ekologiczny wizerunek marki, lub metalowe pokrywki, aby uzyska\u0107 bardziej industrialny styl.<\/li>\n<li><strong>Strategia kolorystyczna dla segmentacji rynku<\/strong>:Opracuj wiele wariant\u00f3w kolorystycznych (np. bia\u0142y, szary, odcienie pastelowe), aby dotrze\u0107 do r\u00f3\u017cnych kana\u0142\u00f3w sprzeda\u017cy detalicznej, takich jak spa, wystr\u00f3j wn\u0119trz lub kolekcje \u015bwi\u0105teczne.<\/li>\n<\/ol>","protected":false},"excerpt":{"rendered":"<p>Wysokiej jako\u015bci s\u0142oiki na \u015bwiece z matowego szk\u0142a o pojemno\u015bci 80 ml i 95 ml. Wytrzyma\u0142e, personalizowane s\u0142oiki z matowego szk\u0142a na \u015bwiece, idealne do hurtowej produkcji \u015bwiec i pakowania detalicznego.<\/p>","protected":false},"featured_media":4855,"template":"","meta":{"site-sidebar-layout":"default","site-content-layout":"","ast-site-content-layout":"default","site-content-style":"default","site-sidebar-style":"default","ast-global-header-display":"","ast-banner-title-visibility":"","ast-main-header-display":"","ast-hfb-above-header-display":"","ast-hfb-below-header-display":"","ast-hfb-mobile-header-display":"","site-post-title":"","ast-breadcrumbs-content":"","ast-featured-img":"","footer-sml-layout":"","theme-transparent-header-meta":"default","adv-header-id-meta":"","stick-header-meta":"","header-above-stick-meta":"","header-main-stick-meta":"","header-below-stick-meta":"","astra-migrate-meta-layouts":"set","ast-page-background-enabled":"default","ast-page-background-meta":{"desktop":{"background-color":"var(--ast-global-color-5)","background-image":"","background-repeat":"repeat","background-position":"center center","background-size":"auto","background-attachment":"scroll","background-type":"","background-media":"","overlay-type":"","overlay-color":"","overlay-opacity":"","overlay-gradient":""},"tablet":{"background-color":"","background-image":"","background-repeat":"repeat","background-position":"center center","background-size":"auto","background-attachment":"scroll","background-type":"","background-media":"","overlay-type":"","overlay-color":"","overlay-opacity":"","overlay-gradient":""},"mobile":{"background-color":"","background-image":"","background-repeat":"repeat","background-position":"center center","background-size":"auto","background-attachment":"scroll","background-type":"","background-media":"","overlay-type":"","overlay-color":"","overlay-opacity":"","overlay-gradient":""}},"ast-content-background-meta":{"desktop":{"background-color":"var(--ast-global-color-4)","background-image":"","background-repeat":"repeat","background-position":"center center","background-size":"auto","background-attachment":"scroll","background-type":"","background-media":"","overlay-type":"","overlay-color":"","overlay-opacity":"","overlay-gradient":""},"tablet":{"background-color":"var(--ast-global-color-4)","background-image":"","background-repeat":"repeat","background-position":"center center","background-size":"auto","background-attachment":"scroll","background-type":"","background-media":"","overlay-type":"","overlay-color":"","overlay-opacity":"","overlay-gradient":""},"mobile":{"background-color":"var(--ast-global-color-4)","background-image":"","background-repeat":"repeat","background-position":"center center","background-size":"auto","background-attachment":"scroll","background-type":"","background-media":"","overlay-type":"","overlay-color":"","overlay-opacity":"","overlay-gradient":""}}},"product_brand":[],"product_cat":[28,21],"product_tag":[],"class_list":{"0":"post-571","1":"product","2":"type-product","3":"status-publish","4":"has-post-thumbnail","6":"product_cat-glass-candle-jars","7":"product_cat-product","8":"desktop-align-left","9":"tablet-align-left","10":"mobile-align-left","12":"first","13":"instock","14":"shipping-taxable","15":"product-type-simple"},"jetpack_sharing_enabled":true,"_links":{"self":[{"href":"https:\/\/mostebglass.com\/pl\/wp-json\/wp\/v2\/product\/571","targetHints":{"allow":["GET"]}}],"collection":[{"href":"https:\/\/mostebglass.com\/pl\/wp-json\/wp\/v2\/product"}],"about":[{"href":"https:\/\/mostebglass.com\/pl\/wp-json\/wp\/v2\/types\/product"}],"wp:featuredmedia":[{"embeddable":true,"href":"https:\/\/mostebglass.com\/pl\/wp-json\/wp\/v2\/media\/4855"}],"wp:attachment":[{"href":"https:\/\/mostebglass.com\/pl\/wp-json\/wp\/v2\/media?parent=571"}],"wp:term":[{"taxonomy":"product_brand","embeddable":true,"href":"https:\/\/mostebglass.com\/pl\/wp-json\/wp\/v2\/product_brand?post=571"},{"taxonomy":"product_cat","embeddable":true,"href":"https:\/\/mostebglass.com\/pl\/wp-json\/wp\/v2\/product_cat?post=571"},{"taxonomy":"product_tag","embeddable":true,"href":"https:\/\/mostebglass.com\/pl\/wp-json\/wp\/v2\/product_tag?post=571"}],"curies":[{"name":"wp","href":"https:\/\/api.w.org\/{rel}","templated":true}]}}