{"id":577,"date":"2025-08-19T14:03:12","date_gmt":"2025-08-19T06:03:12","guid":{"rendered":"https:\/\/mostebglass.com\/?post_type=product&#038;p=577"},"modified":"2026-03-04T16:06:59","modified_gmt":"2026-03-04T08:06:59","slug":"empty-reed-diffuser-bottles-with-colorful-conical-wholesale","status":"publish","type":"product","link":"https:\/\/mostebglass.com\/pl\/empty-reed-diffuser-bottles-with-colorful-conical-wholesale\/","title":{"rendered":"120 ml puste butelki z patyczkami zapachowymi z przezroczystym sto\u017ckiem, hurtowo"},"content":{"rendered":"<p>Butelka to szklany dyfuzor z patyczkami zapachowymi o nowoczesnym, sto\u017ckowym kszta\u0142cie, z szerok\u0105 i stabiln\u0105 podstaw\u0105 oraz lekko zw\u0119\u017con\u0105 szyjk\u0105. Elegancka i g\u0142adka powierzchnia oraz proste linie s\u0105 czyste i wywa\u017cone, nadaj\u0105c mu nowoczesny i zr\u00f3wnowa\u017cony wygl\u0105d. Butelka jest r\u00f3wnie\u017c dost\u0119pna w r\u00f3\u017cnych p\u00f3\u0142przezroczystych kolorach, takich jak r\u00f3\u017cowy, zielony i niebieski, co dodaje jej atrakcyjno\u015bci wizualnej, ale nie przyt\u0142acza zawarto\u015bci\u0105 p\u0142ynu zapachowego. Do\u0142\u0105czona jest r\u00f3wnie\u017c metalowa obr\u0119cz, dost\u0119pna w kolorze z\u0142otym lub srebrnym, kt\u00f3ra ma pewnie trzyma\u0107 patyczki dyfuzora, a tak\u017ce stanowi\u0107 elegancki element dekoracyjny.<\/p>\n<h2>Cechy produktu<\/h2>\n<ul>\n<li><strong>Stabilny sto\u017cek odwr\u00f3cony:<\/strong> Szeroka, teksturowana podstawa zapobiega przewracaniu si\u0119 i dodaje Twoim dyskom trzcinowym wyj\u0105tkowego, ekskluzywnego charakteru.<\/li>\n<li><strong>Teksturowany sp\u00f3d:<\/strong> Okr\u0105g\u0142y, teksturowany sp\u00f3d dodaje pi\u0119knego detalu i zapewnia stabilno\u015b\u0107.<\/li>\n<li><strong>Szyjka gwintowana + korek:<\/strong> Bezpieczne zamkni\u0119cie pozwala zachowa\u0107 \u015bwie\u017co\u015b\u0107 olejk\u00f3w eterycznych i umo\u017cliwia szybki monta\u017c \u2014 idealne rozwi\u0105zanie w przypadku produkcji seryjnej.<\/li>\n<\/ul>\n<h2>Prawdziwe zwyci\u0119stwo: od koncepcji do bestsellera<\/h2>\n<p>Marka wellness poszukiwa\u0142a hurtowych butelek do dyfuzor\u00f3w o naturalnym, przyziemnym zapachu. Wybra\u0142a nasze puste butelki z patyczkami, wykonane z mi\u0119kkiego, szarego szk\u0142a, i doda\u0142a do nich barwione na czarno patyczki dla kontrastu i nowoczesnego akcentu. Dyfuzor pojawi\u0142 si\u0119 w ich butiku stacjonarnym oraz w sprzeda\u017cy online. Stabilno\u015b\u0107 i przejrzysto\u015b\u0107 butelki sprawiaj\u0105, \u017ce cieszy si\u0119 on du\u017c\u0105 popularno\u015bci\u0105. A poniewa\u017c kupuj\u0105 swoje butelki do aromaterapii hurtowo, ich ceny s\u0105 jeszcze bardziej konkurencyjne.<\/p>\n<h2>Us\u0142ugi niestandardowe<\/h2>\n<ul>\n<li>Poczuj klimat dawnej apteki dzi\u0119ki bursztynowi, kobaltowemu b\u0142\u0119kitowi lub gradientowi kolor\u00f3w.<\/li>\n<li>Zast\u0105p naturaln\u0105 trzcin\u0119 zielon\u0105 lub r\u00f3\u017cow\u0105, aby uzyska\u0107 nowoczesny akcent.<\/li>\n<li>Wygraweruj laserowo swoje logo na korku butelki \u2014 ma\u0142y szczeg\u00f3\u0142, kt\u00f3ry buduje siln\u0105 to\u017csamo\u015b\u0107.<\/li>\n<\/ul>\n<p>Pomogli\u015bmy dziesi\u0105tkom klient\u00f3w B2B przekszta\u0142ci\u0107 zwyk\u0142e, hurtowe dyfuzory zapachowe w kultowe produkty. Tw\u00f3j dyfuzor zapachowy nie powinien by\u0107 inny.<\/p>","protected":false},"excerpt":{"rendered":"<p>Puste butelki na patyczki zapachowe i hurtowa sprzeda\u017c butelek na dyfuzory dla marek perfum. Szklane opakowania hurtowe z mo\u017cliwo\u015bci\u0105 personalizacji dla klient\u00f3w B2B. Bezp\u0142atne pr\u00f3bki.<\/p>","protected":false},"featured_media":4610,"template":"","meta":{"site-sidebar-layout":"default","site-content-layout":"","ast-site-content-layout":"default","site-content-style":"default","site-sidebar-style":"default","ast-global-header-display":"","ast-banner-title-visibility":"","ast-main-header-display":"","ast-hfb-above-header-display":"","ast-hfb-below-header-display":"","ast-hfb-mobile-header-display":"","site-post-title":"","ast-breadcrumbs-content":"","ast-featured-img":"","footer-sml-layout":"","theme-transparent-header-meta":"default","adv-header-id-meta":"","stick-header-meta":"","header-above-stick-meta":"","header-main-stick-meta":"","header-below-stick-meta":"","astra-migrate-meta-layouts":"set","ast-page-background-enabled":"default","ast-page-background-meta":{"desktop":{"background-color":"var(--ast-global-color-5)","background-image":"","background-repeat":"repeat","background-position":"center center","background-size":"auto","background-attachment":"scroll","background-type":"","background-media":"","overlay-type":"","overlay-color":"","overlay-opacity":"","overlay-gradient":""},"tablet":{"background-color":"","background-image":"","background-repeat":"repeat","background-position":"center center","background-size":"auto","background-attachment":"scroll","background-type":"","background-media":"","overlay-type":"","overlay-color":"","overlay-opacity":"","overlay-gradient":""},"mobile":{"background-color":"","background-image":"","background-repeat":"repeat","background-position":"center center","background-size":"auto","background-attachment":"scroll","background-type":"","background-media":"","overlay-type":"","overlay-color":"","overlay-opacity":"","overlay-gradient":""}},"ast-content-background-meta":{"desktop":{"background-color":"var(--ast-global-color-4)","background-image":"","background-repeat":"repeat","background-position":"center center","background-size":"auto","background-attachment":"scroll","background-type":"","background-media":"","overlay-type":"","overlay-color":"","overlay-opacity":"","overlay-gradient":""},"tablet":{"background-color":"var(--ast-global-color-4)","background-image":"","background-repeat":"repeat","background-position":"center center","background-size":"auto","background-attachment":"scroll","background-type":"","background-media":"","overlay-type":"","overlay-color":"","overlay-opacity":"","overlay-gradient":""},"mobile":{"background-color":"var(--ast-global-color-4)","background-image":"","background-repeat":"repeat","background-position":"center center","background-size":"auto","background-attachment":"scroll","background-type":"","background-media":"","overlay-type":"","overlay-color":"","overlay-opacity":"","overlay-gradient":""}}},"product_brand":[],"product_cat":[54],"product_tag":[],"class_list":{"0":"post-577","1":"product","2":"type-product","3":"status-publish","4":"has-post-thumbnail","6":"product_cat-reed-diffuser-bottles","7":"desktop-align-left","8":"tablet-align-left","9":"mobile-align-left","11":"first","12":"instock","13":"shipping-taxable","14":"product-type-simple"},"jetpack_sharing_enabled":true,"_links":{"self":[{"href":"https:\/\/mostebglass.com\/pl\/wp-json\/wp\/v2\/product\/577","targetHints":{"allow":["GET"]}}],"collection":[{"href":"https:\/\/mostebglass.com\/pl\/wp-json\/wp\/v2\/product"}],"about":[{"href":"https:\/\/mostebglass.com\/pl\/wp-json\/wp\/v2\/types\/product"}],"wp:featuredmedia":[{"embeddable":true,"href":"https:\/\/mostebglass.com\/pl\/wp-json\/wp\/v2\/media\/4610"}],"wp:attachment":[{"href":"https:\/\/mostebglass.com\/pl\/wp-json\/wp\/v2\/media?parent=577"}],"wp:term":[{"taxonomy":"product_brand","embeddable":true,"href":"https:\/\/mostebglass.com\/pl\/wp-json\/wp\/v2\/product_brand?post=577"},{"taxonomy":"product_cat","embeddable":true,"href":"https:\/\/mostebglass.com\/pl\/wp-json\/wp\/v2\/product_cat?post=577"},{"taxonomy":"product_tag","embeddable":true,"href":"https:\/\/mostebglass.com\/pl\/wp-json\/wp\/v2\/product_tag?post=577"}],"curies":[{"name":"wp","href":"https:\/\/api.w.org\/{rel}","templated":true}]}}