{"id":585,"date":"2025-08-19T14:49:43","date_gmt":"2025-08-19T06:49:43","guid":{"rendered":"https:\/\/mostebglass.com\/?post_type=product&#038;p=585"},"modified":"2026-03-18T15:41:35","modified_gmt":"2026-03-18T07:41:35","slug":"aromatherapy-bottles-with-textured-glass-wholesale","status":"publish","type":"product","link":"https:\/\/mostebglass.com\/pl\/aromatherapy-bottles-with-textured-glass-wholesale\/","title":{"rendered":"Butelki do aromaterapii 50 ml i 100 ml ze szk\u0142a teksturowanego \u2013 hurt"},"content":{"rendered":"<p>Przedstawiamy nasze szklane dyfuzory, kt\u00f3re mog\u0105 r\u00f3wnie\u017c s\u0142u\u017cy\u0107 jako atrakcyjne butelki do aromaterapii. Wykonana z wysokiej jako\u015bci szk\u0142a, ta przezroczysta butelka ma z\u0142o\u017cony, mieni\u0105cy si\u0119 wz\u00f3r, kt\u00f3ry doda Twojemu wn\u0119trzu odrobin\u0119 elegancji.<\/p>\n<h2>Cechy produktu<\/h2>\n<ul>\n<li><strong>Projekt wzoru:<\/strong> Nieregularne wzory na butelce dodaj\u0105 obj\u0119to\u015bci i wymiar\u00f3w, podnosz\u0105c jej walory estetyczne.<\/li>\n<li><strong>100 ml idealna pojemno\u015b\u0107:<\/strong> odpowiedni rozmiar do sypialni, biura lub zestaw prezentowy \u2013 ciesz si\u0119 zapachem przez tygodnie.<\/li>\n<li><strong>Materia\u0142 przezroczysty:<\/strong> Wykonany z przezroczystego szk\u0142a, p\u0142yn dyfuzyjny jest wyra\u017anie widoczny.<\/li>\n<\/ul>\n<h2>Przypadek sukcesu<\/h2>\n<p>Nasze wyt\u0142aczane szklane flakony do dyfuzor\u00f3w zosta\u0142y wybrane przez niszow\u0105 mark\u0119 perfum we Francji do swojej linii produkt\u00f3w. Klient wskaza\u0142 pojemno\u015b\u0107 200 ml na etapie personalizacji i poprosi\u0142 o bardziej wyraziste t\u0142oczenia na korpusie flakonu; zdecydowa\u0142 si\u0119 na asymetryczny wz\u00f3r z kropkami i motywami medalionowymi, aby zwi\u0119kszy\u0107 wra\u017cenie dotyku produktu. W tym celu zaprojektowali\u015bmy obci\u0105\u017cone szklane dno, kt\u00f3re zwi\u0119ksza stabilno\u015b\u0107 flakonu. Klient zdecydowa\u0142 si\u0119 r\u00f3wnie\u017c na u\u017cycie specjalnie wykonanych, czarnych pa\u0142eczek do dyfuzora o wysoko\u015bci 28 cm, wykonanych z w\u0142\u00f3kna, idealnie dopasowanych do wysokiej, smuk\u0142ej linii flakonu.<\/p>\n<p>Po premierze seria odnotowa\u0142a 34-procentowy wzrost sprzeda\u017cy w sklepach ju\u017c po dw\u00f3ch miesi\u0105cach. Klient z\u0142o\u017cy\u0142 nast\u0119pnie trzy kolejne zam\u00f3wienia hurtowe, co pozwoli\u0142o mu rozszerzy\u0107 kana\u0142 dystrybucji na wiele ekskluzywnych sklep\u00f3w z upominkami w Europie.<\/p>\n<h2>Chcesz spersonalizowa\u0107 sw\u00f3j projekt? Wypr\u00f3buj te pomys\u0142y na personalizacj\u0119.<\/h2>\n<ul>\n<li>Spr\u00f3buj spersonalizowa\u0107 go za pomoc\u0105 bursztynu lub r\u00f3\u017cu, aby uzyska\u0107 nowoczesny, tajemniczy klimat.<\/li>\n<li>Zach\u0119caj do ponownych wizyt, oferuj\u0105c uzupe\u0142nienie dyfuzora patyczkami olejkami eterycznymi.<\/li>\n<li>Uzupe\u0142nij sw\u00f3j dyfuzor trzcinowy o szczoteczk\u0119 do czyszczenia i nowy zestaw dyfuzor\u00f3w trzcinowych, aby uzyska\u0107 \u201ezestaw od\u015bwie\u017caj\u0105cy\u201d.<\/li>\n<li>Dodaj spersonalizowany korek z logo swojej marki \u2014 ma\u0142y szczeg\u00f3\u0142, kt\u00f3ry doda jej to\u017csamo\u015bci.<\/li>\n<\/ul>\n<p>Pomogli\u015bmy niezliczonym markom przekszta\u0142ci\u0107 proste szklane dyfuzory w bestsellery. Twoja wizja? Pomo\u017cemy Ci j\u0105 zrealizowa\u0107 \u2013 jedna teksturowana butelka na raz.<\/p>","protected":false},"excerpt":{"rendered":"<p>Wysokiej jako\u015bci szklane dyfuzory z buteleczkami do aromaterapii, dost\u0119pne w hurtowych zam\u00f3wieniach B2B i z mo\u017cliwo\u015bci\u0105 personalizacji opakowa\u0144 zapachowych. Bezp\u0142atne pr\u00f3bki.<\/p>","protected":false},"featured_media":4810,"template":"","meta":{"site-sidebar-layout":"default","site-content-layout":"","ast-site-content-layout":"default","site-content-style":"default","site-sidebar-style":"default","ast-global-header-display":"","ast-banner-title-visibility":"","ast-main-header-display":"","ast-hfb-above-header-display":"","ast-hfb-below-header-display":"","ast-hfb-mobile-header-display":"","site-post-title":"","ast-breadcrumbs-content":"","ast-featured-img":"","footer-sml-layout":"","theme-transparent-header-meta":"default","adv-header-id-meta":"","stick-header-meta":"","header-above-stick-meta":"","header-main-stick-meta":"","header-below-stick-meta":"","astra-migrate-meta-layouts":"set","ast-page-background-enabled":"default","ast-page-background-meta":{"desktop":{"background-color":"var(--ast-global-color-5)","background-image":"","background-repeat":"repeat","background-position":"center center","background-size":"auto","background-attachment":"scroll","background-type":"","background-media":"","overlay-type":"","overlay-color":"","overlay-opacity":"","overlay-gradient":""},"tablet":{"background-color":"","background-image":"","background-repeat":"repeat","background-position":"center center","background-size":"auto","background-attachment":"scroll","background-type":"","background-media":"","overlay-type":"","overlay-color":"","overlay-opacity":"","overlay-gradient":""},"mobile":{"background-color":"","background-image":"","background-repeat":"repeat","background-position":"center center","background-size":"auto","background-attachment":"scroll","background-type":"","background-media":"","overlay-type":"","overlay-color":"","overlay-opacity":"","overlay-gradient":""}},"ast-content-background-meta":{"desktop":{"background-color":"var(--ast-global-color-4)","background-image":"","background-repeat":"repeat","background-position":"center center","background-size":"auto","background-attachment":"scroll","background-type":"","background-media":"","overlay-type":"","overlay-color":"","overlay-opacity":"","overlay-gradient":""},"tablet":{"background-color":"var(--ast-global-color-4)","background-image":"","background-repeat":"repeat","background-position":"center center","background-size":"auto","background-attachment":"scroll","background-type":"","background-media":"","overlay-type":"","overlay-color":"","overlay-opacity":"","overlay-gradient":""},"mobile":{"background-color":"var(--ast-global-color-4)","background-image":"","background-repeat":"repeat","background-position":"center center","background-size":"auto","background-attachment":"scroll","background-type":"","background-media":"","overlay-type":"","overlay-color":"","overlay-opacity":"","overlay-gradient":""}}},"product_brand":[],"product_cat":[54],"product_tag":[],"class_list":{"0":"post-585","1":"product","2":"type-product","3":"status-publish","4":"has-post-thumbnail","6":"product_cat-reed-diffuser-bottles","7":"desktop-align-left","8":"tablet-align-left","9":"mobile-align-left","11":"first","12":"instock","13":"shipping-taxable","14":"product-type-simple"},"jetpack_sharing_enabled":true,"_links":{"self":[{"href":"https:\/\/mostebglass.com\/pl\/wp-json\/wp\/v2\/product\/585","targetHints":{"allow":["GET"]}}],"collection":[{"href":"https:\/\/mostebglass.com\/pl\/wp-json\/wp\/v2\/product"}],"about":[{"href":"https:\/\/mostebglass.com\/pl\/wp-json\/wp\/v2\/types\/product"}],"wp:featuredmedia":[{"embeddable":true,"href":"https:\/\/mostebglass.com\/pl\/wp-json\/wp\/v2\/media\/4810"}],"wp:attachment":[{"href":"https:\/\/mostebglass.com\/pl\/wp-json\/wp\/v2\/media?parent=585"}],"wp:term":[{"taxonomy":"product_brand","embeddable":true,"href":"https:\/\/mostebglass.com\/pl\/wp-json\/wp\/v2\/product_brand?post=585"},{"taxonomy":"product_cat","embeddable":true,"href":"https:\/\/mostebglass.com\/pl\/wp-json\/wp\/v2\/product_cat?post=585"},{"taxonomy":"product_tag","embeddable":true,"href":"https:\/\/mostebglass.com\/pl\/wp-json\/wp\/v2\/product_tag?post=585"}],"curies":[{"name":"wp","href":"https:\/\/api.w.org\/{rel}","templated":true}]}}