{"id":605,"date":"2025-08-19T16:29:46","date_gmt":"2025-08-19T08:29:46","guid":{"rendered":"https:\/\/mostebglass.com\/?post_type=product&#038;p=605"},"modified":"2026-03-16T10:50:15","modified_gmt":"2026-03-16T02:50:15","slug":"custom-reed-diffuser-glass-bottles-with-tree-shape-bulk","status":"publish","type":"product","link":"https:\/\/mostebglass.com\/pl\/custom-reed-diffuser-glass-bottles-with-tree-shape-bulk\/","title":{"rendered":"98 ml niestandardowe szklane butelki z dyfuzorem pa\u0142kowym w kszta\u0142cie drzewa"},"content":{"rendered":"<p>Te szklane butelki z patyczkami zapachowymi to co\u015b wi\u0119cej ni\u017c tylko jedna butelka; to \u015bwi\u0105teczny symbol wykonany ze szk\u0142a. Rozmiarem przypominaj\u0105 klasyczn\u0105 choink\u0119 \u2013 tr\u00f3jk\u0105tne panele powoli przesuwaj\u0105 si\u0119 ku podstawie, tworz\u0105c radosn\u0105 i \u015bwi\u0105teczn\u0105 atmosfer\u0119. Korek jest \u0142atwy w monta\u017cu. Ca\u0142a butelka jest wykonana z przezroczystego, wysokiej jako\u015bci szk\u0142a, co pozwala na naturalne rozprzestrzenianie si\u0119 aromatu.<\/p>\n<h2>Cechy produktu<\/h2>\n<ul>\n<li><strong>Kszta\u0142t choinki:<\/strong> Butelka w kszta\u0142cie choinki tworzy \u015bwi\u0105teczn\u0105 atmosfer\u0119, kt\u00f3ra doskonale sprawdza si\u0119 w wn\u0119trzach o tematyce bo\u017conarodzeniowej.<\/li>\n<li><strong>Materia\u0142y przezroczyste:<\/strong> Wykonany z przezroczystego szk\u0142a, pojemnik na rozbrajacz jest wyra\u017anie widoczny, dzi\u0119ki czemu panuje w nim czyste i \u015bwie\u017ce \u015brodowisko.<\/li>\n<li><strong>Struktura wielopoziomowa:<\/strong> Wielowarstwowa tr\u00f3jk\u0105tna struktura butelki tworzy wyj\u0105tkowy, tr\u00f3jwymiarowy kszta\u0142t, kt\u00f3ry jest niezwykle dekoracyjny.<\/li>\n<\/ul>\n<h2>Studium przypadku: Jak jedna marka skutecznie wykorzysta\u0142a sezon \u015bwi\u0105teczny<\/h2>\n<p>Startup produkuj\u0105cy zapachy do domu chcia\u0142 wprowadzi\u0107 na rynek limitowan\u0105 kolekcj\u0119 \u015bwi\u0105teczn\u0105. Wybrali nasze flakony i patyczki do dyfuzor\u00f3w ze wzgl\u0119du na ich wyj\u0105tkowy i atrakcyjny design. Pomogli\u015bmy im stworzy\u0107 efekt \u201emu\u015bni\u0119tego \u015bniegiem\u201d mrozu, dodali\u015bmy laski cynamonu i zapakowali\u015bmy je w czerwone pude\u0142ka prezentowe, zabezpieczone wst\u0105\u017ckami. Produkt wyprzeda\u0142 si\u0119 w ci\u0105gu sze\u015bciu tygodni. Sprzedawcy byli zachwyceni innowacyjnym designem. Klienci zachowuj\u0105 flakony nawet jako elementy dekoracyjne po u\u017cyciu. Oto si\u0142a przemy\u015blanego designu.<\/p>\n<h2>Spr\u00f3buj spersonalizowa\u0107 w\u0142asne szklane butelki z dyfuzorem pa\u0142kowym.<\/h2>\n<ul>\n<li>Wypr\u00f3buj dyfuzory szklane w kolorze czerwonym lub zielonym, aby doda\u0107 nowoczesnego akcentu do swoich \u015bwi\u0105tecznych dekoracji.<\/li>\n<li>Oferujemy dyfuzory bezzapachowe, pozwalaj\u0105ce klientom na stworzenie w\u0142asnych mieszanek olejk\u00f3w eterycznych.<\/li>\n<li>W po\u0142\u0105czeniu z naszymi poz\u0142acanymi patyczkami zapachowymi stanowi\u0105 idealny prezent.<\/li>\n<li>Dodaj firmow\u0105 zawieszk\u0119, aby zamieni\u0107 sw\u00f3j dyfuzor w pami\u0105tk\u0119.<\/li>\n<\/ul>\n<p>Pomogli\u015bmy wielu markom przekszta\u0142ci\u0107 ich wyj\u0105tkowe i stylowe szklane butelki z dyfuzorami zapachowymi w bestsellery. Masz pomys\u0142? Pomo\u017cemy Ci go zrealizowa\u0107.<\/p>","protected":false},"excerpt":{"rendered":"<p>Sprzeda\u017c hurtowa szklanych butelek z patyczkami zapachowymi oraz butelek i pa\u0142eczek do dyfuzor\u00f3w, idealnych do pakowania perfum w hurtowych ilo\u015bciach.<\/p>","protected":false},"featured_media":4766,"template":"","meta":{"site-sidebar-layout":"default","site-content-layout":"","ast-site-content-layout":"default","site-content-style":"default","site-sidebar-style":"default","ast-global-header-display":"","ast-banner-title-visibility":"","ast-main-header-display":"","ast-hfb-above-header-display":"","ast-hfb-below-header-display":"","ast-hfb-mobile-header-display":"","site-post-title":"","ast-breadcrumbs-content":"","ast-featured-img":"","footer-sml-layout":"","theme-transparent-header-meta":"default","adv-header-id-meta":"","stick-header-meta":"","header-above-stick-meta":"","header-main-stick-meta":"","header-below-stick-meta":"","astra-migrate-meta-layouts":"set","ast-page-background-enabled":"default","ast-page-background-meta":{"desktop":{"background-color":"var(--ast-global-color-5)","background-image":"","background-repeat":"repeat","background-position":"center center","background-size":"auto","background-attachment":"scroll","background-type":"","background-media":"","overlay-type":"","overlay-color":"","overlay-opacity":"","overlay-gradient":""},"tablet":{"background-color":"","background-image":"","background-repeat":"repeat","background-position":"center center","background-size":"auto","background-attachment":"scroll","background-type":"","background-media":"","overlay-type":"","overlay-color":"","overlay-opacity":"","overlay-gradient":""},"mobile":{"background-color":"","background-image":"","background-repeat":"repeat","background-position":"center center","background-size":"auto","background-attachment":"scroll","background-type":"","background-media":"","overlay-type":"","overlay-color":"","overlay-opacity":"","overlay-gradient":""}},"ast-content-background-meta":{"desktop":{"background-color":"var(--ast-global-color-4)","background-image":"","background-repeat":"repeat","background-position":"center center","background-size":"auto","background-attachment":"scroll","background-type":"","background-media":"","overlay-type":"","overlay-color":"","overlay-opacity":"","overlay-gradient":""},"tablet":{"background-color":"var(--ast-global-color-4)","background-image":"","background-repeat":"repeat","background-position":"center center","background-size":"auto","background-attachment":"scroll","background-type":"","background-media":"","overlay-type":"","overlay-color":"","overlay-opacity":"","overlay-gradient":""},"mobile":{"background-color":"var(--ast-global-color-4)","background-image":"","background-repeat":"repeat","background-position":"center center","background-size":"auto","background-attachment":"scroll","background-type":"","background-media":"","overlay-type":"","overlay-color":"","overlay-opacity":"","overlay-gradient":""}}},"product_brand":[],"product_cat":[54],"product_tag":[],"class_list":{"0":"post-605","1":"product","2":"type-product","3":"status-publish","4":"has-post-thumbnail","6":"product_cat-reed-diffuser-bottles","7":"desktop-align-left","8":"tablet-align-left","9":"mobile-align-left","11":"first","12":"instock","13":"shipping-taxable","14":"product-type-simple"},"jetpack_sharing_enabled":true,"_links":{"self":[{"href":"https:\/\/mostebglass.com\/pl\/wp-json\/wp\/v2\/product\/605","targetHints":{"allow":["GET"]}}],"collection":[{"href":"https:\/\/mostebglass.com\/pl\/wp-json\/wp\/v2\/product"}],"about":[{"href":"https:\/\/mostebglass.com\/pl\/wp-json\/wp\/v2\/types\/product"}],"wp:featuredmedia":[{"embeddable":true,"href":"https:\/\/mostebglass.com\/pl\/wp-json\/wp\/v2\/media\/4766"}],"wp:attachment":[{"href":"https:\/\/mostebglass.com\/pl\/wp-json\/wp\/v2\/media?parent=605"}],"wp:term":[{"taxonomy":"product_brand","embeddable":true,"href":"https:\/\/mostebglass.com\/pl\/wp-json\/wp\/v2\/product_brand?post=605"},{"taxonomy":"product_cat","embeddable":true,"href":"https:\/\/mostebglass.com\/pl\/wp-json\/wp\/v2\/product_cat?post=605"},{"taxonomy":"product_tag","embeddable":true,"href":"https:\/\/mostebglass.com\/pl\/wp-json\/wp\/v2\/product_tag?post=605"}],"curies":[{"name":"wp","href":"https:\/\/api.w.org\/{rel}","templated":true}]}}