{"id":609,"date":"2025-08-20T08:49:46","date_gmt":"2025-08-20T00:49:46","guid":{"rendered":"https:\/\/mostebglass.com\/?post_type=product&#038;p=609"},"modified":"2026-03-06T16:04:26","modified_gmt":"2026-03-06T08:04:26","slug":"curved-diffuser-glass-bottles-with-sticks-bulk","status":"publish","type":"product","link":"https:\/\/mostebglass.com\/pl\/curved-diffuser-glass-bottles-with-sticks-bulk\/","title":{"rendered":"40 ml 50 ml zakrzywione szklane butelki z dyfuzorem i patyczkami hurtowo"},"content":{"rendered":"<p>Niezale\u017cnie od tego, czy szukasz nowej kolekcji zapach\u00f3w, czy chcesz j\u0105 rozszerzy\u0107, ten szklany dyfuzor idealnie spe\u0142ni Twoje potrzeby. Jego g\u0142adki, okr\u0105g\u0142y kszta\u0142t i p\u0142ynne linie u\u0142atwiaj\u0105 wk\u0142adanie dyfuzora, a p\u0142aska podstawa zapewnia stabilno\u015b\u0107 i podkre\u015bla estetyk\u0119 p\u00f3\u0142ki.<\/p>\n<h2>Cechy produktu<\/h2>\n<ul>\n<li><strong>Szk\u0142o wysokiej jako\u015bci:<\/strong> Nasze szk\u0142o rozpraszaj\u0105ce wykonane jest z trwa\u0142ych, wysoce przejrzystych materia\u0142\u00f3w, kt\u00f3re zapobiegaj\u0105 zm\u0119tnieniu i zachowuj\u0105 integralno\u015b\u0107 zapachu.<\/li>\n<li><strong>Zaprojektowany dla Defuser Stick:<\/strong> Niewielki, szeroki otw\u00f3r idealnie pasuje do standardowego rozpylacza, co zapewnia p\u0142ynne rozprowadzanie olejk\u00f3w eterycznych bez rozlewania lub zatykania.<\/li>\n<li><strong>Najlepsze teksty:<\/strong> G\u0142adkie linie butelki dodaj\u0105 projektowi g\u0142\u0119bi i designu, uwydatniaj\u0105c jego pi\u0119kno.<\/li>\n<\/ul>\n<h2>Prawdziwy sukces: Jak jedna marka podwoi\u0142a sw\u00f3j wp\u0142yw na sprzeda\u017c detaliczn\u0105<\/h2>\n<p>Marka wyposa\u017cenia wn\u0119trz mia\u0142a w\u0142a\u015bnie wprowadzi\u0107 na rynek now\u0105 lini\u0119 butelek do aromaterapii, ale boryka\u0142a si\u0119 z nudnym opakowaniem. Wybrali nasze szklane dyfuzory i ulepszyli je matowymi, czarnymi patyczkami ze z\u0142otymi ko\u0144c\u00f3wkami. Dodali\u015bmy r\u00f3wnie\u017c niestandardowy magnetyczny korek i minimalistyczne opakowanie w formie koperty. Efekt? Ich produkty wyr\u00f3\u017cnia\u0142y si\u0119 w sklepach z upominkami i butikach. Sprzedawcy detaliczni odnotowali podwojenie liczby zakup\u00f3w impulsywnych w ci\u0105gu trzech miesi\u0119cy. Te stylowe szklane dyfuzory to co\u015b wi\u0119cej ni\u017c tylko olejki eteryczne \u2013 emanuj\u0105 luksusem.<\/p>\n<h2>Opcje personalizacji:<\/h2>\n<ul>\n<li>Wyko\u0144czenie: Wypr\u00f3buj piaskowanie, aby uzyska\u0107 efekt szronu, lub sitodruk, aby uzyska\u0107 wyraziste kolory.<\/li>\n<li>Nakr\u0119tka\/Stop: Zamie\u0144 standardowe zatyczki na drewniane, bambusowe lub metalowe. Markowe nakr\u0119tki dodatkowo podkre\u015bl\u0105 to\u017csamo\u015b\u0107 Twojej marki.<\/li>\n<li>Kolor butelki: Nie tylko przezroczysta. Wypr\u00f3buj delikatne niebieskie, sza\u0142wiowo-zielone lub g\u0142\u0119boko czarne szk\u0142o, aby uzupe\u0142ni\u0107 sezonowy zapach.<\/li>\n<li>Logo: Grawerowanie laserowe, etykietowanie lub t\u0142oczenie na gor\u0105co \u2014 wybierz logo, kt\u00f3re pasuje do tonu Twojej marki.<\/li>\n<li>Rozmiar: Potrzebujesz mniejszego rozmiaru? Butelka o pojemno\u015bci 40 ml idealnie nadaje si\u0119 do zestaw\u00f3w podr\u00f3\u017cnych lub pr\u00f3bek.<\/li>\n<\/ul>\n<p>Te dyfuzory z patyczkami to co\u015b wi\u0119cej ni\u017c tylko zapach; to wizyt\u00f3wka Twojej marki, pierwszy punkt kontaktu dla klient\u00f3w i pow\u00f3d, dla kt\u00f3rego wybieraj\u0105 Tw\u00f3j flakon. Pozw\u00f3l nam pom\u00f3c Ci stworzy\u0107 Tw\u00f3j kolejny bestseller. Ty dostarczasz zapach, my kreujemy stylizacj\u0119.<\/p>","protected":false},"excerpt":{"rendered":"<p>Hurtowe szklane butelki z patyczkami do dyfuzor\u00f3w, idealne do pakowania aromat\u00f3w, kosmetyk\u00f3w spa i zapach\u00f3w do domu. Bezp\u0142atne pr\u00f3bki i mo\u017cliwo\u015b\u0107 personalizacji hurtowej.<\/p>","protected":false},"featured_media":4647,"template":"","meta":{"site-sidebar-layout":"default","site-content-layout":"","ast-site-content-layout":"default","site-content-style":"default","site-sidebar-style":"default","ast-global-header-display":"","ast-banner-title-visibility":"","ast-main-header-display":"","ast-hfb-above-header-display":"","ast-hfb-below-header-display":"","ast-hfb-mobile-header-display":"","site-post-title":"","ast-breadcrumbs-content":"","ast-featured-img":"","footer-sml-layout":"","theme-transparent-header-meta":"default","adv-header-id-meta":"","stick-header-meta":"","header-above-stick-meta":"","header-main-stick-meta":"","header-below-stick-meta":"","astra-migrate-meta-layouts":"set","ast-page-background-enabled":"default","ast-page-background-meta":{"desktop":{"background-color":"var(--ast-global-color-5)","background-image":"","background-repeat":"repeat","background-position":"center center","background-size":"auto","background-attachment":"scroll","background-type":"","background-media":"","overlay-type":"","overlay-color":"","overlay-opacity":"","overlay-gradient":""},"tablet":{"background-color":"","background-image":"","background-repeat":"repeat","background-position":"center center","background-size":"auto","background-attachment":"scroll","background-type":"","background-media":"","overlay-type":"","overlay-color":"","overlay-opacity":"","overlay-gradient":""},"mobile":{"background-color":"","background-image":"","background-repeat":"repeat","background-position":"center center","background-size":"auto","background-attachment":"scroll","background-type":"","background-media":"","overlay-type":"","overlay-color":"","overlay-opacity":"","overlay-gradient":""}},"ast-content-background-meta":{"desktop":{"background-color":"var(--ast-global-color-4)","background-image":"","background-repeat":"repeat","background-position":"center center","background-size":"auto","background-attachment":"scroll","background-type":"","background-media":"","overlay-type":"","overlay-color":"","overlay-opacity":"","overlay-gradient":""},"tablet":{"background-color":"var(--ast-global-color-4)","background-image":"","background-repeat":"repeat","background-position":"center center","background-size":"auto","background-attachment":"scroll","background-type":"","background-media":"","overlay-type":"","overlay-color":"","overlay-opacity":"","overlay-gradient":""},"mobile":{"background-color":"var(--ast-global-color-4)","background-image":"","background-repeat":"repeat","background-position":"center center","background-size":"auto","background-attachment":"scroll","background-type":"","background-media":"","overlay-type":"","overlay-color":"","overlay-opacity":"","overlay-gradient":""}}},"product_brand":[],"product_cat":[54],"product_tag":[],"class_list":{"0":"post-609","1":"product","2":"type-product","3":"status-publish","4":"has-post-thumbnail","6":"product_cat-reed-diffuser-bottles","7":"desktop-align-left","8":"tablet-align-left","9":"mobile-align-left","11":"first","12":"instock","13":"shipping-taxable","14":"product-type-simple"},"jetpack_sharing_enabled":true,"_links":{"self":[{"href":"https:\/\/mostebglass.com\/pl\/wp-json\/wp\/v2\/product\/609","targetHints":{"allow":["GET"]}}],"collection":[{"href":"https:\/\/mostebglass.com\/pl\/wp-json\/wp\/v2\/product"}],"about":[{"href":"https:\/\/mostebglass.com\/pl\/wp-json\/wp\/v2\/types\/product"}],"wp:featuredmedia":[{"embeddable":true,"href":"https:\/\/mostebglass.com\/pl\/wp-json\/wp\/v2\/media\/4647"}],"wp:attachment":[{"href":"https:\/\/mostebglass.com\/pl\/wp-json\/wp\/v2\/media?parent=609"}],"wp:term":[{"taxonomy":"product_brand","embeddable":true,"href":"https:\/\/mostebglass.com\/pl\/wp-json\/wp\/v2\/product_brand?post=609"},{"taxonomy":"product_cat","embeddable":true,"href":"https:\/\/mostebglass.com\/pl\/wp-json\/wp\/v2\/product_cat?post=609"},{"taxonomy":"product_tag","embeddable":true,"href":"https:\/\/mostebglass.com\/pl\/wp-json\/wp\/v2\/product_tag?post=609"}],"curies":[{"name":"wp","href":"https:\/\/api.w.org\/{rel}","templated":true}]}}