{"id":619,"date":"2025-08-20T09:30:06","date_gmt":"2025-08-20T01:30:06","guid":{"rendered":"https:\/\/mostebglass.com\/?post_type=product&#038;p=619"},"modified":"2026-03-04T14:14:37","modified_gmt":"2026-03-04T06:14:37","slug":"clear-reed-diffuser-bottles-with-diamond-texture-bulk","status":"publish","type":"product","link":"https:\/\/mostebglass.com\/pl\/clear-reed-diffuser-bottles-with-diamond-texture-bulk\/","title":{"rendered":"100 ml 200 ml przezroczyste butelki z dyfuzorem patyczkowym o fakturze diamentu"},"content":{"rendered":"<p>Przezroczyste flakony z patyczkami zapachowymi maj\u0105 zaokr\u0105glony kszta\u0142t kuli, z wyt\u0142oczonym diamentowym szlifem na ca\u0142ej powierzchni szklanego dyfuzora. Teksturowana powierzchnia zwi\u0119ksza odbicie \u015bwiat\u0142a, nadaj\u0105c mu wyrafinowany i dekoracyjny wygl\u0105d. Flakon posiada r\u00f3wnie\u017c metaliczny, z\u0142oty ko\u0142nierz, kt\u00f3ry odpowiednio mocuje patyczki i zapewnia elegancki wygl\u0105d. Du\u017cy otw\u00f3r umo\u017cliwia \u0142atwe nape\u0142nianie olejkami zapachowymi i wk\u0142adanie kilku patyczk\u00f3w. Flakon wykonany jest z przezroczystego szk\u0142a o wysokiej g\u0119sto\u015bci, co zapewnia d\u0142ug\u0105 \u017cywotno\u015b\u0107 i jest przezroczysty, odbijaj\u0105c zawarto\u015b\u0107 p\u0142ynu.<\/p>\n<h2>Cechy produktu<\/h2>\n<ul>\n<li><strong>Wz\u00f3r diamentowy:<\/strong> Butelka pokryta jest wzorem diamentowym, kt\u00f3ry dodaje jej obj\u0119to\u015bci i wymiar\u00f3w, uwydatniaj\u0105c jej pi\u0119kno.<\/li>\n<li><strong>Dwa rozmiary, jeden wz\u00f3r:<\/strong> Wybierz dwa przezroczyste trzcinowe \u015brodki ga\u015bnicze: 100 ml i 200 ml. Ten sam elegancki wygl\u0105d i jako\u015b\u0107 zapewniaj\u0105 wi\u0119ksz\u0105 warto\u015b\u0107 dla Twoich klient\u00f3w.<\/li>\n<li><strong>Kszta\u0142t kr\u0119gos\u0142upa:<\/strong> Okr\u0105g\u0142y kszta\u0142t butelki i g\u0142adkie, zaokr\u0105glone linie tworz\u0105 wyj\u0105tkowy i artystyczny design, kt\u00f3ry wyr\u00f3\u017cnia si\u0119 na wystawie.<\/li>\n<\/ul>\n<h2>Jak jedna marka podwoi\u0142a liczb\u0119 powtarzalnych zam\u00f3wie\u0144<\/h2>\n<p>Startup produkuj\u0105cy zapachy do domu chcia\u0142, aby jego dyfuzor wyr\u00f3\u017cnia\u0142 si\u0119, dlatego wybra\u0142 nasze 200-mililitrowe, kuliste dyfuzory z patyczkami, o wyrazistym designie: g\u0142\u0119bokim, szmaragdowozielonym szkle (dost\u0119pne kolory do wyboru), naturalnym wyko\u0144czeniu z trzciny i z\u0142otej, aluminiowej nakr\u0119tce. Na przedniej \u015bciance butelki nadrukowali sitodrukiem swoje minimalistyczne logo. Efekt? W ci\u0105gu czterech miesi\u0119cy wska\u017anik ponownego zakupu wzr\u00f3s\u0142 o 70%. Klienci trzymali butelk\u0119 d\u0142ugo po zako\u0144czeniu u\u017cytkowania dyfuzor\u00f3w z patyczkami. Wielu twierdzi\u0142o, \u017ce wygl\u0105da\u0142a jak element dekoracyjny.<\/p>\n<h2>Wskaz\u00f3wki dotycz\u0105ce personalizacji<\/h2>\n<ul>\n<li>Aby uzyska\u0107 sp\u00f3jny wygl\u0105d, dopasuj kolor butelki do odcienia olejku do usuwania zapach\u00f3w.<\/li>\n<li>Umie\u015b\u0107 swoje logo na korku butelki, aby nada\u0107 mu indywidualnego charakteru i zwi\u0119kszy\u0107 rozpoznawalno\u015b\u0107 marki.<\/li>\n<li>Uzupe\u0142nij opakowaniem z funkcj\u0105 rozpakowywania, aby uzyska\u0107 najlepsze wra\u017cenia podczas rozpakowywania.<\/li>\n<\/ul>\n<p>Te przezroczyste dyfuzory trzcinowe to co\u015b wi\u0119cej ni\u017c tylko pojemniki; to urz\u0105dzenia, kt\u00f3re roz\u015bwietl\u0105 Twoje produkty do aromaterapii. Niezale\u017cnie od tego, czy potrzebujesz du\u017cej ilo\u015bci, aby spe\u0142ni\u0107 wymagania biznesowe, czy unikalnego, niestandardowego produktu do konkretnej linii produkt\u00f3w, \u0142\u0105cz\u0105 w sobie styl i funkcjonalno\u015b\u0107.<\/p>","protected":false},"excerpt":{"rendered":"<p>Kup wysokiej jako\u015bci dyfuzory z patyczkami i przezroczystymi butelkami z patyczkami, idealne do aromaterapii w domu i do hurtowej sprzeda\u017cy. Otrzymaj darmow\u0105 pr\u00f3bk\u0119.<\/p>","protected":false},"featured_media":4600,"template":"","meta":{"site-sidebar-layout":"default","site-content-layout":"","ast-site-content-layout":"default","site-content-style":"default","site-sidebar-style":"default","ast-global-header-display":"","ast-banner-title-visibility":"","ast-main-header-display":"","ast-hfb-above-header-display":"","ast-hfb-below-header-display":"","ast-hfb-mobile-header-display":"","site-post-title":"","ast-breadcrumbs-content":"","ast-featured-img":"","footer-sml-layout":"","theme-transparent-header-meta":"default","adv-header-id-meta":"","stick-header-meta":"","header-above-stick-meta":"","header-main-stick-meta":"","header-below-stick-meta":"","astra-migrate-meta-layouts":"set","ast-page-background-enabled":"default","ast-page-background-meta":{"desktop":{"background-color":"var(--ast-global-color-5)","background-image":"","background-repeat":"repeat","background-position":"center center","background-size":"auto","background-attachment":"scroll","background-type":"","background-media":"","overlay-type":"","overlay-color":"","overlay-opacity":"","overlay-gradient":""},"tablet":{"background-color":"","background-image":"","background-repeat":"repeat","background-position":"center center","background-size":"auto","background-attachment":"scroll","background-type":"","background-media":"","overlay-type":"","overlay-color":"","overlay-opacity":"","overlay-gradient":""},"mobile":{"background-color":"","background-image":"","background-repeat":"repeat","background-position":"center center","background-size":"auto","background-attachment":"scroll","background-type":"","background-media":"","overlay-type":"","overlay-color":"","overlay-opacity":"","overlay-gradient":""}},"ast-content-background-meta":{"desktop":{"background-color":"var(--ast-global-color-4)","background-image":"","background-repeat":"repeat","background-position":"center center","background-size":"auto","background-attachment":"scroll","background-type":"","background-media":"","overlay-type":"","overlay-color":"","overlay-opacity":"","overlay-gradient":""},"tablet":{"background-color":"var(--ast-global-color-4)","background-image":"","background-repeat":"repeat","background-position":"center center","background-size":"auto","background-attachment":"scroll","background-type":"","background-media":"","overlay-type":"","overlay-color":"","overlay-opacity":"","overlay-gradient":""},"mobile":{"background-color":"var(--ast-global-color-4)","background-image":"","background-repeat":"repeat","background-position":"center center","background-size":"auto","background-attachment":"scroll","background-type":"","background-media":"","overlay-type":"","overlay-color":"","overlay-opacity":"","overlay-gradient":""}}},"product_brand":[],"product_cat":[54],"product_tag":[],"class_list":{"0":"post-619","1":"product","2":"type-product","3":"status-publish","4":"has-post-thumbnail","6":"product_cat-reed-diffuser-bottles","7":"desktop-align-left","8":"tablet-align-left","9":"mobile-align-left","11":"first","12":"instock","13":"shipping-taxable","14":"product-type-simple"},"jetpack_sharing_enabled":true,"_links":{"self":[{"href":"https:\/\/mostebglass.com\/pl\/wp-json\/wp\/v2\/product\/619","targetHints":{"allow":["GET"]}}],"collection":[{"href":"https:\/\/mostebglass.com\/pl\/wp-json\/wp\/v2\/product"}],"about":[{"href":"https:\/\/mostebglass.com\/pl\/wp-json\/wp\/v2\/types\/product"}],"wp:featuredmedia":[{"embeddable":true,"href":"https:\/\/mostebglass.com\/pl\/wp-json\/wp\/v2\/media\/4600"}],"wp:attachment":[{"href":"https:\/\/mostebglass.com\/pl\/wp-json\/wp\/v2\/media?parent=619"}],"wp:term":[{"taxonomy":"product_brand","embeddable":true,"href":"https:\/\/mostebglass.com\/pl\/wp-json\/wp\/v2\/product_brand?post=619"},{"taxonomy":"product_cat","embeddable":true,"href":"https:\/\/mostebglass.com\/pl\/wp-json\/wp\/v2\/product_cat?post=619"},{"taxonomy":"product_tag","embeddable":true,"href":"https:\/\/mostebglass.com\/pl\/wp-json\/wp\/v2\/product_tag?post=619"}],"curies":[{"name":"wp","href":"https:\/\/api.w.org\/{rel}","templated":true}]}}