{"id":628,"date":"2025-08-20T11:11:44","date_gmt":"2025-08-20T03:11:44","guid":{"rendered":"https:\/\/mostebglass.com\/?post_type=product&#038;p=628"},"modified":"2026-03-25T16:04:07","modified_gmt":"2026-03-25T08:04:07","slug":"small-transparent-tealight-cups-bulk","status":"publish","type":"product","link":"https:\/\/mostebglass.com\/pl\/small-transparent-tealight-cups-bulk\/","title":{"rendered":"25 ml ma\u0142e przezroczyste kubki na podgrzewacze hurtowo"},"content":{"rendered":"<p>Szukasz wysokiej jako\u015bci kubk\u00f3w na podgrzewacze, kt\u00f3re dodadz\u0105 funkcjonalno\u015bci i stylu? Nasze szklane s\u0142oiki na \u015bwiece to idealny wyb\u00f3r dla marek. Zaprojektowane z my\u015bl\u0105 o stabilno\u015bci, przejrzysto\u015bci i mo\u017cliwo\u015bci dopasowania, te pojemniki idealnie nadaj\u0105 si\u0119 do hurtowej produkcji \u015bwiec lub pakowania detalicznego.<\/p>\n<h2>Cechy produktu<\/h2>\n<ul>\n<li><strong>Produkcja szk\u0142a \u017caroodpornego: <\/strong>Wykonane ze szk\u0142a fili\u017canki Chaiti nie p\u0119kaj\u0105 ani nie rozpadaj\u0105 si\u0119 podczas d\u0142u\u017cszego palenia \u2013 s\u0105 wi\u0119c idealne dla sprzedawc\u00f3w hurtowych \u015bwiec oraz organizator\u00f3w imprez.<\/li>\n<li><strong>Mo\u017cliwo\u015b\u0107 uk\u0142adania w stosy dla efektywnego wykorzystania przestrzeni: <\/strong>Niskoprofilowy, cylindryczny kszta\u0142t pozwala na bezpieczne przechowywanie pojemnika na \u015bwiece w opakowaniu. Pozwala to obni\u017cy\u0107 koszty wysy\u0142ki i miejsca przechowywania \u2013 warto rozwa\u017cy\u0107 zakup hurtowego s\u0142oika na \u015bwiece w du\u017cych rozmiarach.<\/li>\n<\/ul>\n<h2>Kluczowe specyfikacje<\/h2>\n<table style=\"border-collapse: collapse; width: 80%; margin-left: auto; margin-right: auto;\" border=\"0\" width=\"144\" cellspacing=\"0\" cellpadding=\"0\">\n<tbody>\n<tr style=\"height: 13.50pt;\">\n<td style=\"height: 13.50pt; width: 54.00pt;\" width=\"72\" height=\"18\">Funkcja<\/td>\n<td style=\"width: 54.00pt;\" width=\"72\">Bli\u017csze dane<\/td>\n<\/tr>\n<tr style=\"height: 13.50pt;\">\n<td style=\"height: 13.50pt;\" height=\"18\">Pojemno\u015b\u0107<\/td>\n<td>25 ml<\/td>\n<\/tr>\n<tr style=\"height: 13.50pt;\">\n<td style=\"height: 13.50pt;\" height=\"18\">Wymiary<\/td>\n<td>46*44*26mm<\/td>\n<\/tr>\n<tr style=\"height: 13.50pt;\">\n<td style=\"height: 13.50pt;\" height=\"18\">Waga<\/td>\n<td>50g<\/td>\n<\/tr>\n<tr style=\"height: 13.50pt;\">\n<td style=\"height: 13.50pt;\" height=\"18\">Opcje kolor\u00f3w<\/td>\n<td>Szk\u0142o przezroczyste lub barwione na zam\u00f3wienie<\/td>\n<\/tr>\n<\/tbody>\n<\/table>\n<h2>Przypadek sukcesu<\/h2>\n<p>Nasze kubeczki na podgrzewacze by\u0142y dystrybuowane przez dystrybutora \u015bwiec w Hiszpanii w sezonowym pakiecie promocyjnym. Kubeczki zosta\u0142y pokryte pow\u0142ok\u0105 z p\u00f3\u0142przezroczystych kolor\u00f3w natryskiwanych metod\u0105 wy\u017carzania, co pozwoli\u0142o na uzyskanie niskiego poziomu rozproszenia \u015bwiat\u0142a, a jednocze\u015bnie zapewni\u0142o jednolito\u015b\u0107 partii. Opakowanie zosta\u0142o r\u00f3wnie\u017c zaprojektowane w formie tacek z mo\u017cliwo\u015bci\u0105 uk\u0142adania w stosy, z ochronnymi przek\u0142adkami, co usprawni\u0142o transport i zmniejszy\u0142o ryzyko st\u0142uczenia podczas wysy\u0142ek zbiorczych.<\/p>\n<p>Sprzeda\u017c ich nowej linii podgrzewaczy wzros\u0142a o 34 procent w ci\u0105gu zaledwie 5 tygodni, a od tego czasu zam\u00f3wiono drug\u0105 parti\u0119 ponad 100 000 sztuk.<\/p>\n<h2>Wskaz\u00f3wki dotycz\u0105ce adaptacji dla Ciebie<\/h2>\n<ol>\n<li><strong>Opcje pow\u0142ok kolorowych:<\/strong> Dodaj wyko\u0144czenie p\u00f3\u0142przezroczyste, matowe, metaliczne lub gradientowe, aby uzyska\u0107 r\u00f3\u017cne efekty \u015bwietlne na zapalonej \u015bwiecy.<\/li>\n<li><strong>Branding logo:<\/strong> Nanie\u015b sitodruk, naklejki lub wyt\u0142oczone identyfikatory na szklan\u0105 powierzchni\u0119, aby wykorzysta\u0107 je jako mark\u0119.<\/li>\n<li><strong>Wyb\u00f3r pokrywy\/pokrywy:<\/strong> Aby os\u0142oni\u0107 si\u0119 przed kurzem i uatrakcyjni\u0107 ekspozycj\u0119 sklepu, zaoferuj plastikowe, metalowe lub papierowe pokrywki.<\/li>\n<\/ol>","protected":false},"excerpt":{"rendered":"<p>Odkryj wytrzyma\u0142e podgrzewacze w hurtowych ilo\u015bciach w konkurencyjnych cenach. Idealne do luksusowych \u015bwiec, personalizacji i zam\u00f3wie\u0144 hurtowych.<\/p>","protected":false},"featured_media":4918,"template":"","meta":{"site-sidebar-layout":"default","site-content-layout":"","ast-site-content-layout":"default","site-content-style":"default","site-sidebar-style":"default","ast-global-header-display":"","ast-banner-title-visibility":"","ast-main-header-display":"","ast-hfb-above-header-display":"","ast-hfb-below-header-display":"","ast-hfb-mobile-header-display":"","site-post-title":"","ast-breadcrumbs-content":"","ast-featured-img":"","footer-sml-layout":"","theme-transparent-header-meta":"default","adv-header-id-meta":"","stick-header-meta":"","header-above-stick-meta":"","header-main-stick-meta":"","header-below-stick-meta":"","astra-migrate-meta-layouts":"set","ast-page-background-enabled":"default","ast-page-background-meta":{"desktop":{"background-color":"var(--ast-global-color-5)","background-image":"","background-repeat":"repeat","background-position":"center center","background-size":"auto","background-attachment":"scroll","background-type":"","background-media":"","overlay-type":"","overlay-color":"","overlay-opacity":"","overlay-gradient":""},"tablet":{"background-color":"","background-image":"","background-repeat":"repeat","background-position":"center center","background-size":"auto","background-attachment":"scroll","background-type":"","background-media":"","overlay-type":"","overlay-color":"","overlay-opacity":"","overlay-gradient":""},"mobile":{"background-color":"","background-image":"","background-repeat":"repeat","background-position":"center center","background-size":"auto","background-attachment":"scroll","background-type":"","background-media":"","overlay-type":"","overlay-color":"","overlay-opacity":"","overlay-gradient":""}},"ast-content-background-meta":{"desktop":{"background-color":"var(--ast-global-color-4)","background-image":"","background-repeat":"repeat","background-position":"center center","background-size":"auto","background-attachment":"scroll","background-type":"","background-media":"","overlay-type":"","overlay-color":"","overlay-opacity":"","overlay-gradient":""},"tablet":{"background-color":"var(--ast-global-color-4)","background-image":"","background-repeat":"repeat","background-position":"center center","background-size":"auto","background-attachment":"scroll","background-type":"","background-media":"","overlay-type":"","overlay-color":"","overlay-opacity":"","overlay-gradient":""},"mobile":{"background-color":"var(--ast-global-color-4)","background-image":"","background-repeat":"repeat","background-position":"center center","background-size":"auto","background-attachment":"scroll","background-type":"","background-media":"","overlay-type":"","overlay-color":"","overlay-opacity":"","overlay-gradient":""}}},"product_brand":[],"product_cat":[28,21],"product_tag":[],"class_list":{"0":"post-628","1":"product","2":"type-product","3":"status-publish","4":"has-post-thumbnail","6":"product_cat-glass-candle-jars","7":"product_cat-product","8":"desktop-align-left","9":"tablet-align-left","10":"mobile-align-left","12":"first","13":"instock","14":"shipping-taxable","15":"product-type-simple"},"jetpack_sharing_enabled":true,"_links":{"self":[{"href":"https:\/\/mostebglass.com\/pl\/wp-json\/wp\/v2\/product\/628","targetHints":{"allow":["GET"]}}],"collection":[{"href":"https:\/\/mostebglass.com\/pl\/wp-json\/wp\/v2\/product"}],"about":[{"href":"https:\/\/mostebglass.com\/pl\/wp-json\/wp\/v2\/types\/product"}],"wp:featuredmedia":[{"embeddable":true,"href":"https:\/\/mostebglass.com\/pl\/wp-json\/wp\/v2\/media\/4918"}],"wp:attachment":[{"href":"https:\/\/mostebglass.com\/pl\/wp-json\/wp\/v2\/media?parent=628"}],"wp:term":[{"taxonomy":"product_brand","embeddable":true,"href":"https:\/\/mostebglass.com\/pl\/wp-json\/wp\/v2\/product_brand?post=628"},{"taxonomy":"product_cat","embeddable":true,"href":"https:\/\/mostebglass.com\/pl\/wp-json\/wp\/v2\/product_cat?post=628"},{"taxonomy":"product_tag","embeddable":true,"href":"https:\/\/mostebglass.com\/pl\/wp-json\/wp\/v2\/product_tag?post=628"}],"curies":[{"name":"wp","href":"https:\/\/api.w.org\/{rel}","templated":true}]}}