{"id":633,"date":"2025-08-20T10:51:02","date_gmt":"2025-08-20T02:51:02","guid":{"rendered":"https:\/\/mostebglass.com\/?post_type=product&#038;p=633"},"modified":"2026-03-18T14:53:07","modified_gmt":"2026-03-18T06:53:07","slug":"diffusers-glass-bottles-with-sunflower-pattern-wholesale","status":"publish","type":"product","link":"https:\/\/mostebglass.com\/pl\/diffusers-glass-bottles-with-sunflower-pattern-wholesale\/","title":{"rendered":"200 ml dyfuzory szklane butelki z wzorem s\u0142onecznika hurtowo"},"content":{"rendered":"<p>Szukasz wysokiej jako\u015bci dyfuzor\u00f3w w szklanym pojemniku w przyst\u0119pnej cenie? Sprawd\u017a nasz szklany dyfuzor patyczkowy o pojemno\u015bci 200 ml \u2013 ma czyst\u0105, g\u0142adk\u0105 sylwetk\u0119 i g\u0142adk\u0105, przezroczyst\u0105 butelk\u0119, w kt\u00f3rej odbija si\u0119 efektowny wz\u00f3r \u015bwiat\u0142a s\u0142onecznego. Ten design nie tylko przyci\u0105ga wzrok, ale tak\u017ce dodaje tekstury i g\u0142\u0119bi, nadaj\u0105c Twojemu dyfuzorowi patyczkowemu ekskluzywny wygl\u0105d.<\/p>\n<h2>Cechy produktu<\/h2>\n<ul>\n<li><strong>Niesamowita przejrzysto\u015b\u0107 i design:<\/strong> Nasz szklany dyfuzor patyczkowy wykonany jest z najwy\u017cszej jako\u015bci, przezroczystego szk\u0142a, kt\u00f3re uwydatnia kolor olejk\u00f3w eterycznych, a s\u0142oneczny wz\u00f3r dodaje odrobin\u0119 artystycznego charakteru.<\/li>\n<li><strong>Zaprojektowane dla defibrylatora trzcinowego:<\/strong> w\u0105ska szyjka i szeroka podstawa stabilizuj\u0105 trzcin\u0119, zapewniaj\u0105c maksymalny zapach \u2013 bez rozlewania, bez zmartwie\u0144.<\/li>\n<li><strong>Wz\u00f3r s\u0142onecznika:<\/strong> Wz\u00f3r s\u0142o\u0144ca na butelce dodaje butelce artystycznego akcentu i wyj\u0105tkowo\u015bci, podnosz\u0105c jej walory estetyczne.<\/li>\n<\/ul>\n<h2>Prawdziwy sukces<\/h2>\n<p>Nasze wyt\u0142aczane szklane flakony do dyfuzor\u00f3w zosta\u0142y wybrane przez niszow\u0105 mark\u0119 perfum we Francji do swojej linii produkt\u00f3w. Klient wskaza\u0142 pojemno\u015b\u0107 200 ml na etapie personalizacji i poprosi\u0142 o bardziej wyraziste t\u0142oczenia na korpusie flakonu; zdecydowa\u0142 si\u0119 na asymetryczny wz\u00f3r z kropkami i motywami medalionowymi, aby zwi\u0119kszy\u0107 wra\u017cenie dotyku produktu. W tym celu zaprojektowali\u015bmy obci\u0105\u017cone szklane dno, kt\u00f3re zwi\u0119ksza stabilno\u015b\u0107 flakonu. Klient zdecydowa\u0142 si\u0119 r\u00f3wnie\u017c na u\u017cycie specjalnie wykonanych, czarnych pa\u0142eczek do dyfuzora o wysoko\u015bci 28 cm, wykonanych z w\u0142\u00f3kna, idealnie dopasowanych do wysokiej, smuk\u0142ej linii flakonu.<\/p>\n<p>Po premierze seria odnotowa\u0142a 34-procentowy wzrost sprzeda\u017cy w sklepach ju\u017c po dw\u00f3ch miesi\u0105cach. Klient z\u0142o\u017cy\u0142 nast\u0119pnie trzy kolejne zam\u00f3wienia hurtowe, co pozwoli\u0142o mu rozszerzy\u0107 kana\u0142 dystrybucji na wiele ekskluzywnych sklep\u00f3w z upominkami w Europie.<\/p>\n<h2>Wskaz\u00f3wki dotycz\u0105ce personalizacji:<\/h2>\n<ul>\n<li>Styl zatyczki: Wybierz spo\u015br\u00f3d zatyczek drewnianych, matowego aluminium lub plastikowych w dowolnym kolorze Pantone.<\/li>\n<li>Dopasowanie rozmiaru: Potrzebujesz wy\u017cszego lub szerszego? Mo\u017cemy dostosowa\u0107 form\u0119.<\/li>\n<li>Logo i branding: Oferujemy sitodruk, aplikacj\u0119 etykiet i grawerowanie laserowe.<\/li>\n<li>Opakowanie: Dodaj firmowe pude\u0142ka lub wk\u0142adki \u2014 zajmujemy si\u0119 ca\u0142ym procesem pakowania dyfuzora.<\/li>\n<\/ul>\n<p>To nie s\u0105 zwyk\u0142e szklane dyfuzory. To Twoje butelki na dyfuzory \u2013 gotowe do sprzeda\u017cy hurtowej, stworzone z my\u015bl\u0105 o efektach.<\/p>","protected":false},"excerpt":{"rendered":"<p>Hurtowa sprzeda\u017c szklanych dyfuzor\u00f3w na zam\u00f3wienie i szklanych dyfuzor\u00f3w patyczkowych. Trwa\u0142e opakowania szklane luzem dla bran\u017cy aromaterapii i dekoracji wn\u0119trz. Darmowe pr\u00f3bki.<\/p>","protected":false},"featured_media":4806,"template":"","meta":{"site-sidebar-layout":"default","site-content-layout":"","ast-site-content-layout":"default","site-content-style":"default","site-sidebar-style":"default","ast-global-header-display":"","ast-banner-title-visibility":"","ast-main-header-display":"","ast-hfb-above-header-display":"","ast-hfb-below-header-display":"","ast-hfb-mobile-header-display":"","site-post-title":"","ast-breadcrumbs-content":"","ast-featured-img":"","footer-sml-layout":"","theme-transparent-header-meta":"default","adv-header-id-meta":"","stick-header-meta":"","header-above-stick-meta":"","header-main-stick-meta":"","header-below-stick-meta":"","astra-migrate-meta-layouts":"set","ast-page-background-enabled":"default","ast-page-background-meta":{"desktop":{"background-color":"var(--ast-global-color-5)","background-image":"","background-repeat":"repeat","background-position":"center center","background-size":"auto","background-attachment":"scroll","background-type":"","background-media":"","overlay-type":"","overlay-color":"","overlay-opacity":"","overlay-gradient":""},"tablet":{"background-color":"","background-image":"","background-repeat":"repeat","background-position":"center center","background-size":"auto","background-attachment":"scroll","background-type":"","background-media":"","overlay-type":"","overlay-color":"","overlay-opacity":"","overlay-gradient":""},"mobile":{"background-color":"","background-image":"","background-repeat":"repeat","background-position":"center center","background-size":"auto","background-attachment":"scroll","background-type":"","background-media":"","overlay-type":"","overlay-color":"","overlay-opacity":"","overlay-gradient":""}},"ast-content-background-meta":{"desktop":{"background-color":"var(--ast-global-color-4)","background-image":"","background-repeat":"repeat","background-position":"center center","background-size":"auto","background-attachment":"scroll","background-type":"","background-media":"","overlay-type":"","overlay-color":"","overlay-opacity":"","overlay-gradient":""},"tablet":{"background-color":"var(--ast-global-color-4)","background-image":"","background-repeat":"repeat","background-position":"center center","background-size":"auto","background-attachment":"scroll","background-type":"","background-media":"","overlay-type":"","overlay-color":"","overlay-opacity":"","overlay-gradient":""},"mobile":{"background-color":"var(--ast-global-color-4)","background-image":"","background-repeat":"repeat","background-position":"center center","background-size":"auto","background-attachment":"scroll","background-type":"","background-media":"","overlay-type":"","overlay-color":"","overlay-opacity":"","overlay-gradient":""}}},"product_brand":[],"product_cat":[54],"product_tag":[],"class_list":{"0":"post-633","1":"product","2":"type-product","3":"status-publish","4":"has-post-thumbnail","6":"product_cat-reed-diffuser-bottles","7":"desktop-align-left","8":"tablet-align-left","9":"mobile-align-left","11":"first","12":"instock","13":"shipping-taxable","14":"product-type-simple"},"jetpack_sharing_enabled":true,"_links":{"self":[{"href":"https:\/\/mostebglass.com\/pl\/wp-json\/wp\/v2\/product\/633","targetHints":{"allow":["GET"]}}],"collection":[{"href":"https:\/\/mostebglass.com\/pl\/wp-json\/wp\/v2\/product"}],"about":[{"href":"https:\/\/mostebglass.com\/pl\/wp-json\/wp\/v2\/types\/product"}],"wp:featuredmedia":[{"embeddable":true,"href":"https:\/\/mostebglass.com\/pl\/wp-json\/wp\/v2\/media\/4806"}],"wp:attachment":[{"href":"https:\/\/mostebglass.com\/pl\/wp-json\/wp\/v2\/media?parent=633"}],"wp:term":[{"taxonomy":"product_brand","embeddable":true,"href":"https:\/\/mostebglass.com\/pl\/wp-json\/wp\/v2\/product_brand?post=633"},{"taxonomy":"product_cat","embeddable":true,"href":"https:\/\/mostebglass.com\/pl\/wp-json\/wp\/v2\/product_cat?post=633"},{"taxonomy":"product_tag","embeddable":true,"href":"https:\/\/mostebglass.com\/pl\/wp-json\/wp\/v2\/product_tag?post=633"}],"curies":[{"name":"wp","href":"https:\/\/api.w.org\/{rel}","templated":true}]}}