{"id":641,"date":"2025-08-20T13:01:11","date_gmt":"2025-08-20T05:01:11","guid":{"rendered":"https:\/\/mostebglass.com\/?post_type=product&#038;p=641"},"modified":"2026-03-03T16:41:37","modified_gmt":"2026-03-03T08:41:37","slug":"unique-wide-mouth-candle-jars-wholesale","status":"publish","type":"product","link":"https:\/\/mostebglass.com\/pl\/unique-wide-mouth-candle-jars-wholesale\/","title":{"rendered":"55 ml wyj\u0105tkowe s\u0142oiki na \u015bwiece z szerokim otworem hurtowo\u00a0"},"content":{"rendered":"<p>Szklany s\u0142oik na \u015bwiece o pojemno\u015bci 55 ml ma kompaktowy i szeroki wlot, lekko rozszerzaj\u0105c\u0105 si\u0119 kraw\u0119d\u017a i grube, wzmocnione dno, co zapewnia dodatkow\u0105 stabilno\u015b\u0107. S\u0142oik wykonany jest z przezroczystego szk\u0142a o wysokiej przejrzysto\u015bci, co zapewnia czysty i minimalistyczny design, kt\u00f3ry pozwoli na r\u00f3wnomierne roz\u015bwietlenie \u015bwiec typu tealight, a tak\u017ce \u015bwiec zapachowych, \u015bwiec wotywnych i zestaw\u00f3w upominkowych. Po u\u017cyciu pojemnik mo\u017ce by\u0107 ponownie wykorzystany jako ma\u0142y pojemnik do przechowywania przypraw, akcesori\u00f3w lub dekoracji.<\/p>\n<h2>Cechy produktu<\/h2>\n<ul>\n<li><strong>Rozszerzone, szerokie otwarcie:<\/strong> Taka konstrukcja u\u0142atwia wlewanie wosku, a dzi\u0119ki wygi\u0119tej na zewn\u0105trz kraw\u0119dzi knoty woskowe mo\u017cna \u0142atwo wy\u015brodkowa\u0107 w trakcie produkcji.<\/li>\n<li><strong>Gruba, walcowana kraw\u0119d\u017a obr\u0119czy:<\/strong> Wzmacnia struktur\u0119 jamy ustnej, minimalizuj\u0105c ryzyko odprysk\u00f3w, zapewniaj\u0105c bezpiecze\u0144stwo i g\u0142adko\u015b\u0107.<\/li>\n<li><strong>P\u0142aska powierzchnia dna:<\/strong> Zapewnia stabilno\u015b\u0107 sto\u0142u i zapobiega jego chwianiu si\u0119 na blacie, tacy lub ozdobnych uchwytach.<\/li>\n<\/ul>\n<h2>Kluczowe specyfikacje<\/h2>\n<table style=\"border-collapse: collapse; width: 80%; margin-left: auto; margin-right: auto;\" border=\"0\" width=\"144\" cellspacing=\"0\" cellpadding=\"0\">\n<tbody>\n<tr style=\"height: 13.50pt;\">\n<td style=\"height: 13.5pt; width: 54pt; text-align: center;\" width=\"72\" height=\"18\">Funkcja<\/td>\n<td style=\"width: 54pt; text-align: center;\" width=\"72\">Bli\u017csze dane<\/td>\n<\/tr>\n<tr style=\"height: 13.50pt;\">\n<td style=\"height: 13.5pt; text-align: center;\" height=\"18\">Pojemno\u015b\u0107<\/td>\n<td style=\"text-align: center;\">55 ml<\/td>\n<\/tr>\n<tr style=\"height: 13.50pt;\">\n<td style=\"height: 13.5pt; text-align: center;\" height=\"18\">Wymiary<\/td>\n<td style=\"text-align: center;\">61*45*45 mm<\/td>\n<\/tr>\n<tr style=\"height: 13.50pt;\">\n<td style=\"height: 13.5pt; text-align: center;\" height=\"18\">Tworzywo<\/td>\n<td style=\"text-align: center;\">Szk\u0142o kryszta\u0142owe<\/td>\n<\/tr>\n<tr style=\"height: 13.50pt;\">\n<td style=\"height: 13.5pt; text-align: center;\" height=\"18\">Opcje kolor\u00f3w<\/td>\n<td style=\"text-align: center;\">Szk\u0142o przezroczyste lub barwione na zam\u00f3wienie<\/td>\n<\/tr>\n<\/tbody>\n<\/table>\n<h2>Porady dotycz\u0105ce personalizacji dla Ciebie<\/h2>\n<ol>\n<li><strong>Mro\u017cone lub gradientowe wyko\u0144czenie karoserii:<\/strong> Aby podkre\u015bli\u0107 grub\u0105 struktur\u0119 podstawy, zastosuj pe\u0142ny matowy spray, gradientowe nak\u0142adanie warstw od do\u0142u lub cz\u0119\u015bciowe maskowanie.<\/li>\n<li><strong>Wyt\u0142oczone logo na prostej \u015bcianie:<\/strong> Prost\u0105, cylindryczn\u0105 powierzchni\u0119 mo\u017cna wykorzysta\u0107 do wyt\u0142oczenia lub ukszta\u0142towania marki bezpo\u015brednio na szkle.<\/li>\n<li><strong>Opracowywanie pokryw dopasowanych do indywidualnych potrzeb:<\/strong> Wzornictwo: Wzory zaprojektowane tak, aby pasowa\u0142y do \u200b\u200bszklanych, bambusowych, drewnianych lub metalowych pokrywek, w zale\u017cno\u015bci od \u015brednicy zawini\u0119tej kraw\u0119dzi.<\/li>\n<\/ol>","protected":false},"excerpt":{"rendered":"<p>Odkryj s\u0142oiki na \u015bwiece z szerokim wlotem do hurtowego pakowania \u015bwiec. Wysokiej jako\u015bci, personalizowane pojemniki na \u015bwiece w wyj\u0105tkowych s\u0142oikach w konkurencyjnych cenach hurtowych.<\/p>","protected":false},"featured_media":4582,"template":"","meta":{"site-sidebar-layout":"default","site-content-layout":"","ast-site-content-layout":"default","site-content-style":"default","site-sidebar-style":"default","ast-global-header-display":"","ast-banner-title-visibility":"","ast-main-header-display":"","ast-hfb-above-header-display":"","ast-hfb-below-header-display":"","ast-hfb-mobile-header-display":"","site-post-title":"","ast-breadcrumbs-content":"","ast-featured-img":"","footer-sml-layout":"","theme-transparent-header-meta":"default","adv-header-id-meta":"","stick-header-meta":"","header-above-stick-meta":"","header-main-stick-meta":"","header-below-stick-meta":"","astra-migrate-meta-layouts":"set","ast-page-background-enabled":"default","ast-page-background-meta":{"desktop":{"background-color":"var(--ast-global-color-5)","background-image":"","background-repeat":"repeat","background-position":"center center","background-size":"auto","background-attachment":"scroll","background-type":"","background-media":"","overlay-type":"","overlay-color":"","overlay-opacity":"","overlay-gradient":""},"tablet":{"background-color":"","background-image":"","background-repeat":"repeat","background-position":"center center","background-size":"auto","background-attachment":"scroll","background-type":"","background-media":"","overlay-type":"","overlay-color":"","overlay-opacity":"","overlay-gradient":""},"mobile":{"background-color":"","background-image":"","background-repeat":"repeat","background-position":"center center","background-size":"auto","background-attachment":"scroll","background-type":"","background-media":"","overlay-type":"","overlay-color":"","overlay-opacity":"","overlay-gradient":""}},"ast-content-background-meta":{"desktop":{"background-color":"var(--ast-global-color-4)","background-image":"","background-repeat":"repeat","background-position":"center center","background-size":"auto","background-attachment":"scroll","background-type":"","background-media":"","overlay-type":"","overlay-color":"","overlay-opacity":"","overlay-gradient":""},"tablet":{"background-color":"var(--ast-global-color-4)","background-image":"","background-repeat":"repeat","background-position":"center center","background-size":"auto","background-attachment":"scroll","background-type":"","background-media":"","overlay-type":"","overlay-color":"","overlay-opacity":"","overlay-gradient":""},"mobile":{"background-color":"var(--ast-global-color-4)","background-image":"","background-repeat":"repeat","background-position":"center center","background-size":"auto","background-attachment":"scroll","background-type":"","background-media":"","overlay-type":"","overlay-color":"","overlay-opacity":"","overlay-gradient":""}}},"product_brand":[],"product_cat":[28],"product_tag":[],"class_list":{"0":"post-641","1":"product","2":"type-product","3":"status-publish","4":"has-post-thumbnail","6":"product_cat-glass-candle-jars","7":"desktop-align-left","8":"tablet-align-left","9":"mobile-align-left","11":"first","12":"instock","13":"shipping-taxable","14":"product-type-simple"},"jetpack_sharing_enabled":true,"_links":{"self":[{"href":"https:\/\/mostebglass.com\/pl\/wp-json\/wp\/v2\/product\/641","targetHints":{"allow":["GET"]}}],"collection":[{"href":"https:\/\/mostebglass.com\/pl\/wp-json\/wp\/v2\/product"}],"about":[{"href":"https:\/\/mostebglass.com\/pl\/wp-json\/wp\/v2\/types\/product"}],"wp:featuredmedia":[{"embeddable":true,"href":"https:\/\/mostebglass.com\/pl\/wp-json\/wp\/v2\/media\/4582"}],"wp:attachment":[{"href":"https:\/\/mostebglass.com\/pl\/wp-json\/wp\/v2\/media?parent=641"}],"wp:term":[{"taxonomy":"product_brand","embeddable":true,"href":"https:\/\/mostebglass.com\/pl\/wp-json\/wp\/v2\/product_brand?post=641"},{"taxonomy":"product_cat","embeddable":true,"href":"https:\/\/mostebglass.com\/pl\/wp-json\/wp\/v2\/product_cat?post=641"},{"taxonomy":"product_tag","embeddable":true,"href":"https:\/\/mostebglass.com\/pl\/wp-json\/wp\/v2\/product_tag?post=641"}],"curies":[{"name":"wp","href":"https:\/\/api.w.org\/{rel}","templated":true}]}}