{"id":694,"date":"2025-08-21T09:49:17","date_gmt":"2025-08-21T01:49:17","guid":{"rendered":"https:\/\/mostebglass.com\/?post_type=product&#038;p=694"},"modified":"2025-08-21T17:35:16","modified_gmt":"2025-08-21T09:35:16","slug":"sloik-na-swiece-hurtowo-210ml-male-naczynia-na-swiece-z-pokrywkami","status":"publish","type":"product","link":"https:\/\/mostebglass.com\/pl\/candle-bell-jar-wholesale-210ml-small-size-candle-vessels-with-covers\/","title":{"rendered":"Hurtowa sprzeda\u017c s\u0142oik\u00f3w na \u015bwiece \u2013 210 ml, ma\u0142e pojemniki na \u015bwiece z pokrywkami"},"content":{"rendered":"<p>Potrzebujesz wysokiej jako\u015bci s\u0142oik\u00f3w na \u015bwiece, kt\u00f3re \u0142\u0105cz\u0105 w sobie trwa\u0142o\u015b\u0107, elegancj\u0119 i funkcjonalno\u015b\u0107? Nasze hurtowe s\u0142oiki dzwonkowe to idealny wyb\u00f3r dla marek \u015bwiec i sprzedawc\u00f3w, kt\u00f3rzy chc\u0105 rozszerzy\u0107 swoj\u0105 ofert\u0119 hurtow\u0105. Zaprojektowane z my\u015bl\u0105 o stabilno\u015bci, przejrzysto\u015bci i personalizacji, te pojemniki na \u015bwiece idealnie nadaj\u0105 si\u0119 do luksusowych opakowa\u0144 na \u015bwiece, produkcji hurtowej lub jako prezenty gotowe do sprzeda\u017cy detalicznej.<\/p>\n<h2>Cechy produktu<\/h2>\n<p><strong>Konstrukcja pokrywy chroni\u0105ca przed kurzem<\/strong><\/p>\n<p>Kopulasta szklana pokrywa z uchwytem zapobiega przedostawaniu si\u0119 kurzu i wilgoci, chroni\u0105c w ten spos\u00f3b jako\u015b\u0107 puszki na \u015bwiec\u0119 i luksusowej \u015bwiecy.<\/p>\n<p><strong>Podw\u00f3jne opcje rozmiaru dla wszechstronno\u015bci<\/strong><\/p>\n<p>Wybierz wysoko\u015b\u0107 84 mm (wysoko\u015b\u0107) lub 72 mm (ma\u0142a), aby dopasowa\u0107 j\u0105 do kszta\u0142tu \u015bwiecy i potrzeb hurtowych.<\/p>\n<h2>Kluczowe specyfikacje<\/h2>\n<table style=\"border-collapse: collapse; width: 80%; margin-right: auto; margin-left: auto;\" border=\"0\" width=\"144\" cellspacing=\"0\" cellpadding=\"0\">\n<tbody>\n<tr>\n<td width=\"72\">Funkcja<\/td>\n<td width=\"72\">Bli\u017csze dane<\/td>\n<\/tr>\n<tr>\n<td>Pojemno\u015b\u0107<\/td>\n<td>210 ml<\/td>\n<\/tr>\n<tr>\n<td>Wymiary<\/td>\n<td>Wysoko\u015b\u0107: 84*89*112mm Niski: 72*89*79mm<\/td>\n<\/tr>\n<tr>\n<td>Waga<\/td>\n<td>320 g (wysoki)\/290 g (niski)<\/td>\n<\/tr>\n<tr>\n<td>Tworzywo<\/td>\n<td>Szk\u0142o<\/td>\n<\/tr>\n<tr>\n<td>Opcje kolor\u00f3w<\/td>\n<td>Szk\u0142o przezroczyste lub barwione na zam\u00f3wienie<\/td>\n<\/tr>\n<\/tbody>\n<\/table>\n<h2>Pomys\u0142y na personalizacj\u0119 dla Ciebie<\/h2>\n<ol>\n<li><strong>Wykonane z materia\u0142\u00f3w przyjaznych dla \u015brodowiska:<\/strong>Produkt ten jest wykonany w ca\u0142o\u015bci ze szk\u0142a pochodz\u0105cego z recyklingu, dzi\u0119ki czemu doskonale nadaje si\u0119 dla konsument\u00f3w dbaj\u0105cych o \u015brodowisko i ceni\u0105cych sobie stabilno\u015b\u0107.<\/li>\n<li><strong>Logo marki grawerowane laserowo:<\/strong>Dzi\u0119ki precyzyjnej technice laserowej, najlepszy wz\u00f3r (taki jak kwiatowy wz\u00f3r lub minimalistyczne logo) jest grawerowany w szkle. To dodaje naszej kolekcji luksusowych \u015bwiec w s\u0142oikach z pokrywkami, dost\u0119pnych w sprzeda\u017cy hurtowej, akcentu wysokiej jako\u015bci.<\/li>\n<\/ol>","protected":false},"excerpt":{"rendered":"<p>Odkryj hurtowe opakowania na \u015bwiece w s\u0142oikach typu dzwonek. Wysokiej jako\u015bci pojemniki na \u015bwiece z pokrywkami w konkurencyjnych cenach.<\/p>","protected":false},"featured_media":713,"template":"","meta":{"site-sidebar-layout":"default","site-content-layout":"","ast-site-content-layout":"default","site-content-style":"default","site-sidebar-style":"default","ast-global-header-display":"","ast-banner-title-visibility":"","ast-main-header-display":"","ast-hfb-above-header-display":"","ast-hfb-below-header-display":"","ast-hfb-mobile-header-display":"","site-post-title":"","ast-breadcrumbs-content":"","ast-featured-img":"","footer-sml-layout":"","theme-transparent-header-meta":"default","adv-header-id-meta":"","stick-header-meta":"","header-above-stick-meta":"","header-main-stick-meta":"","header-below-stick-meta":"","astra-migrate-meta-layouts":"set","ast-page-background-enabled":"default","ast-page-background-meta":{"desktop":{"background-color":"var(--ast-global-color-5)","background-image":"","background-repeat":"repeat","background-position":"center center","background-size":"auto","background-attachment":"scroll","background-type":"","background-media":"","overlay-type":"","overlay-color":"","overlay-opacity":"","overlay-gradient":""},"tablet":{"background-color":"","background-image":"","background-repeat":"repeat","background-position":"center center","background-size":"auto","background-attachment":"scroll","background-type":"","background-media":"","overlay-type":"","overlay-color":"","overlay-opacity":"","overlay-gradient":""},"mobile":{"background-color":"","background-image":"","background-repeat":"repeat","background-position":"center center","background-size":"auto","background-attachment":"scroll","background-type":"","background-media":"","overlay-type":"","overlay-color":"","overlay-opacity":"","overlay-gradient":""}},"ast-content-background-meta":{"desktop":{"background-color":"var(--ast-global-color-4)","background-image":"","background-repeat":"repeat","background-position":"center center","background-size":"auto","background-attachment":"scroll","background-type":"","background-media":"","overlay-type":"","overlay-color":"","overlay-opacity":"","overlay-gradient":""},"tablet":{"background-color":"var(--ast-global-color-4)","background-image":"","background-repeat":"repeat","background-position":"center center","background-size":"auto","background-attachment":"scroll","background-type":"","background-media":"","overlay-type":"","overlay-color":"","overlay-opacity":"","overlay-gradient":""},"mobile":{"background-color":"var(--ast-global-color-4)","background-image":"","background-repeat":"repeat","background-position":"center center","background-size":"auto","background-attachment":"scroll","background-type":"","background-media":"","overlay-type":"","overlay-color":"","overlay-opacity":"","overlay-gradient":""}}},"product_brand":[],"product_cat":[28],"product_tag":[],"class_list":{"0":"post-694","1":"product","2":"type-product","3":"status-publish","4":"has-post-thumbnail","6":"product_cat-glass-candle-jars","7":"desktop-align-left","8":"tablet-align-left","9":"mobile-align-left","11":"first","12":"instock","13":"shipping-taxable","14":"product-type-simple"},"jetpack_sharing_enabled":true,"_links":{"self":[{"href":"https:\/\/mostebglass.com\/pl\/wp-json\/wp\/v2\/product\/694","targetHints":{"allow":["GET"]}}],"collection":[{"href":"https:\/\/mostebglass.com\/pl\/wp-json\/wp\/v2\/product"}],"about":[{"href":"https:\/\/mostebglass.com\/pl\/wp-json\/wp\/v2\/types\/product"}],"wp:featuredmedia":[{"embeddable":true,"href":"https:\/\/mostebglass.com\/pl\/wp-json\/wp\/v2\/media\/713"}],"wp:attachment":[{"href":"https:\/\/mostebglass.com\/pl\/wp-json\/wp\/v2\/media?parent=694"}],"wp:term":[{"taxonomy":"product_brand","embeddable":true,"href":"https:\/\/mostebglass.com\/pl\/wp-json\/wp\/v2\/product_brand?post=694"},{"taxonomy":"product_cat","embeddable":true,"href":"https:\/\/mostebglass.com\/pl\/wp-json\/wp\/v2\/product_cat?post=694"},{"taxonomy":"product_tag","embeddable":true,"href":"https:\/\/mostebglass.com\/pl\/wp-json\/wp\/v2\/product_tag?post=694"}],"curies":[{"name":"wp","href":"https:\/\/api.w.org\/{rel}","templated":true}]}}