{"id":696,"date":"2025-08-21T09:48:11","date_gmt":"2025-08-21T01:48:11","guid":{"rendered":"https:\/\/mostebglass.com\/?post_type=product&#038;p=696"},"modified":"2026-03-20T13:25:38","modified_gmt":"2026-03-20T05:25:38","slug":"hurtowe-butelki-z-dyfuzorem-trzcinowym-w-pionowe-paski","status":"publish","type":"product","link":"https:\/\/mostebglass.com\/pl\/wholesale-reed-diffuser-bottles-with-vertical-stripes\/","title":{"rendered":"Butelki z dyfuzorami zapachowymi 50 ml i 100 ml hurtowo z pionowymi paskami"},"content":{"rendered":"<p>Czysty, profesjonalny aromaterapeuta szuka szklanej butelki, kt\u00f3ra b\u0119dzie reprezentowa\u0107 Twoj\u0105 mark\u0119? Oto dyfuzor olejk\u00f3w z patyczkami, charakterystyczny dla przezroczystego, rattanowego designu. Ma g\u0142adk\u0105, zaokr\u0105glon\u0105 obudow\u0119 z pionowymi, \u017cebrowanymi fakturami \u2013 prosty i elegancki design sprawia, \u017ce \u200b\u200bjest idealn\u0105 butelk\u0105 do aromaterapii do natychmiastowego u\u017cytku.<\/p>\n<h2>Cechy produktu<\/h2>\n<ul>\n<li><strong>Stylowy i praktyczny design:<\/strong> Zaokr\u0105glony kszta\u0142t z pionowymi rowkami dodaje nowoczesnego akcentu Twojej szklanej butelce do aromaterapii, zwi\u0119kszaj\u0105c jej przyczepno\u015b\u0107 i wizualn\u0105 g\u0142\u0119bi\u0119.<\/li>\n<li><strong>Szk\u0142o premium:<\/strong> Wykonany z wysokiej jako\u015bci szk\u0142a, jest odporny na zm\u0119tnienie i zachowuje \u015bwie\u017co\u015b\u0107 zapachu, dzi\u0119ki czemu idealnie nadaje si\u0119 do d\u0142ugoterminowego przechowywania.<\/li>\n<li><strong>Szyjka gwintowana:<\/strong> Gwintowana szyjka pozwala na \u0142atw\u0105 integracj\u0119 z nakr\u0119tk\u0105, zapewniaj\u0105c bezpieczne uszczelnienie.<\/li>\n<\/ul>\n<h2>Przypadek sukcesu<\/h2>\n<p>Jedna z hiszpa\u0144skich marek zapach\u00f3w do domu wybra\u0142a nasz okr\u0105g\u0142y flakon z dyfuzorem o \u017cebrowanej fakturze i pojemno\u015bci 50 ml. Klient zdecydowa\u0142 si\u0119 na niestandardowe, precyzyjnie gwintowane wyko\u0144czenie, a tak\u017ce na opcj\u0119 szyjki, kt\u00f3ra idealnie pasuje do ceramicznego ko\u0142nierza zaprojektowanego przez firm\u0119, a jednocze\u015bnie umo\u017cliwia noszenie dowolnego rodzaju nasadki. Ponadto, klient za\u017c\u0105da\u0142 u\u017cycia patyczk\u00f3w z w\u0142\u00f3kna w\u0119glowego, aby zagwarantowa\u0107 silne rozproszenie zapachu; pomogli\u015bmy mu r\u00f3wnie\u017c zastosowa\u0107 minimalistyczn\u0105, owijan\u0105 etykiet\u0119 z delikatn\u0105, mikrot\u0142oczon\u0105 faktur\u0105.<\/p>\n<p>Po wprowadzeniu serii na rynek, wygenerowa\u0142a ona 29% wzrost sprzeda\u017cy detalicznej w ci\u0105gu zaledwie jednego kwarta\u0142u sprzeda\u017cy; klient z\u0142o\u017cy\u0142 cztery kolejne du\u017ce zam\u00f3wienia w ci\u0105gu kolejnych pi\u0119ciu miesi\u0119cy.<\/p>\n<h2>Wskaz\u00f3wki dotycz\u0105ce personalizacji<\/h2>\n<ul>\n<li>Kolor butelki: Mi\u0119kkie szk\u0142o bursztynowe (zapewniaj\u0105ce ochron\u0119 przed promieniowaniem UV)<\/li>\n<li>Nakr\u0119tka: Czarna aluminiowa zakr\u0119tka z wk\u0142adk\u0105 z trzciny<\/li>\n<li>Rozmiar: Potrzebujesz wyj\u0105tkowego kszta\u0142tu? Mo\u017cemy dostosowa\u0107 rozmiar do Twoich specyficznych potrzeb w zakresie aromaterapii.<\/li>\n<li>Logo: Zwi\u0119ksz rozpoznawalno\u015b\u0107 marki poprzez nadrukowanie, wyt\u0142oczenie lub wt\u0142oczenie logo na butelce lub nakr\u0119tce.<\/li>\n<\/ul>\n<p>Niezale\u017cnie od tego, czy sprzedajesz dyfuzor z patyczkami, czy dyfuzor z olejkami eterycznymi, te hurtowe butelki z patyczkami gwarantuj\u0105 wysokiej jako\u015bci dostaw\u0119 hurtow\u0105. Nie przegap swojej oferty ju\u017c dzi\u015b!<\/p>","protected":false},"excerpt":{"rendered":"<p>Hurtowa sprzeda\u017c szklanych dyfuzor\u00f3w na zam\u00f3wienie i szklanych dyfuzor\u00f3w patyczkowych. Trwa\u0142e opakowania szklane luzem dla bran\u017cy aromaterapii i dekoracji wn\u0119trz. Darmowe pr\u00f3bki.<\/p>","protected":false},"featured_media":4836,"template":"","meta":{"site-sidebar-layout":"default","site-content-layout":"","ast-site-content-layout":"default","site-content-style":"default","site-sidebar-style":"default","ast-global-header-display":"","ast-banner-title-visibility":"","ast-main-header-display":"","ast-hfb-above-header-display":"","ast-hfb-below-header-display":"","ast-hfb-mobile-header-display":"","site-post-title":"","ast-breadcrumbs-content":"","ast-featured-img":"","footer-sml-layout":"","theme-transparent-header-meta":"default","adv-header-id-meta":"","stick-header-meta":"","header-above-stick-meta":"","header-main-stick-meta":"","header-below-stick-meta":"","astra-migrate-meta-layouts":"set","ast-page-background-enabled":"default","ast-page-background-meta":{"desktop":{"background-color":"var(--ast-global-color-5)","background-image":"","background-repeat":"repeat","background-position":"center center","background-size":"auto","background-attachment":"scroll","background-type":"","background-media":"","overlay-type":"","overlay-color":"","overlay-opacity":"","overlay-gradient":""},"tablet":{"background-color":"","background-image":"","background-repeat":"repeat","background-position":"center center","background-size":"auto","background-attachment":"scroll","background-type":"","background-media":"","overlay-type":"","overlay-color":"","overlay-opacity":"","overlay-gradient":""},"mobile":{"background-color":"","background-image":"","background-repeat":"repeat","background-position":"center center","background-size":"auto","background-attachment":"scroll","background-type":"","background-media":"","overlay-type":"","overlay-color":"","overlay-opacity":"","overlay-gradient":""}},"ast-content-background-meta":{"desktop":{"background-color":"var(--ast-global-color-4)","background-image":"","background-repeat":"repeat","background-position":"center center","background-size":"auto","background-attachment":"scroll","background-type":"","background-media":"","overlay-type":"","overlay-color":"","overlay-opacity":"","overlay-gradient":""},"tablet":{"background-color":"var(--ast-global-color-4)","background-image":"","background-repeat":"repeat","background-position":"center center","background-size":"auto","background-attachment":"scroll","background-type":"","background-media":"","overlay-type":"","overlay-color":"","overlay-opacity":"","overlay-gradient":""},"mobile":{"background-color":"var(--ast-global-color-4)","background-image":"","background-repeat":"repeat","background-position":"center center","background-size":"auto","background-attachment":"scroll","background-type":"","background-media":"","overlay-type":"","overlay-color":"","overlay-opacity":"","overlay-gradient":""}}},"product_brand":[],"product_cat":[54],"product_tag":[],"class_list":{"0":"post-696","1":"product","2":"type-product","3":"status-publish","4":"has-post-thumbnail","6":"product_cat-reed-diffuser-bottles","7":"desktop-align-left","8":"tablet-align-left","9":"mobile-align-left","11":"first","12":"instock","13":"shipping-taxable","14":"product-type-simple"},"jetpack_sharing_enabled":true,"_links":{"self":[{"href":"https:\/\/mostebglass.com\/pl\/wp-json\/wp\/v2\/product\/696","targetHints":{"allow":["GET"]}}],"collection":[{"href":"https:\/\/mostebglass.com\/pl\/wp-json\/wp\/v2\/product"}],"about":[{"href":"https:\/\/mostebglass.com\/pl\/wp-json\/wp\/v2\/types\/product"}],"wp:featuredmedia":[{"embeddable":true,"href":"https:\/\/mostebglass.com\/pl\/wp-json\/wp\/v2\/media\/4836"}],"wp:attachment":[{"href":"https:\/\/mostebglass.com\/pl\/wp-json\/wp\/v2\/media?parent=696"}],"wp:term":[{"taxonomy":"product_brand","embeddable":true,"href":"https:\/\/mostebglass.com\/pl\/wp-json\/wp\/v2\/product_brand?post=696"},{"taxonomy":"product_cat","embeddable":true,"href":"https:\/\/mostebglass.com\/pl\/wp-json\/wp\/v2\/product_cat?post=696"},{"taxonomy":"product_tag","embeddable":true,"href":"https:\/\/mostebglass.com\/pl\/wp-json\/wp\/v2\/product_tag?post=696"}],"curies":[{"name":"wp","href":"https:\/\/api.w.org\/{rel}","templated":true}]}}