{"id":700,"date":"2025-08-21T10:44:05","date_gmt":"2025-08-21T02:44:05","guid":{"rendered":"https:\/\/mostebglass.com\/?post_type=product&#038;p=700"},"modified":"2026-03-02T17:28:45","modified_gmt":"2026-03-02T09:28:45","slug":"glass-bell-candle-holder-clear-glass-candle-jars-wholesale","status":"publish","type":"product","link":"https:\/\/mostebglass.com\/pl\/glass-bell-candle-holder-clear-glass-candle-jars-wholesale\/","title":{"rendered":"Szklany \u015bwiecznik dzwonkowy - 390 ml, przezroczyste szklane s\u0142oiki na \u015bwiece, hurt"},"content":{"rendered":"<p>Ta szklana butelka o pojemno\u015bci 390 ml ma dwucz\u0119\u015bciow\u0105 konstrukcj\u0119, tj. cylindryczny kubek z podstaw\u0105 i kopulast\u0105 pokrywk\u0119 z okr\u0105g\u0142ym uchwytem. Klasyczny szklany klosz w stylu klosza o wyra\u017anym, pionowym kszta\u0142cie \u015bcianek i g\u0142adkiej, pogrubionej podstawie, kt\u00f3ra zwi\u0119ksza stabilno\u015b\u0107.<\/p>\n<p>Pojemnik wykonany jest z wysokiej jako\u015bci szk\u0142a sodowo-wapniowego, co zapewnia dobr\u0105 przejrzysto\u015b\u0107 i jednolit\u0105 grubo\u015b\u0107 \u015bcianek. Dno i dzwonkowata pokrywka idealnie do siebie pasuj\u0105 dzi\u0119ki p\u0142askiej i polerowanej kraw\u0119dzi, kt\u00f3ra pozwala utrzyma\u0107 zawarto\u015b\u0107 na miejscu i zapewni\u0107 widoczno\u015b\u0107 ca\u0142ego produktu.<\/p>\n<h2>Kluczowe specyfikacje<\/h2>\n<table style=\"border-collapse: collapse; width: 80%; margin-right: auto; margin-left: auto;\" border=\"0\" width=\"144\" cellspacing=\"0\" cellpadding=\"0\">\n<tbody>\n<tr>\n<td>Pojemno\u015b\u0107<\/td>\n<td>390 ml<\/td>\n<\/tr>\n<tr>\n<td>Wymiary<\/td>\n<td>Jak pokazano na powy\u017cszym rysunku<\/td>\n<\/tr>\n<tr>\n<td>Kolor<\/td>\n<td>Przezroczysty lub w wybranym przez Ciebie kolorze<\/td>\n<\/tr>\n<tr>\n<td>Tworzywo<\/td>\n<td>Szk\u0142o sodowo-wapniowe bezo\u0142owiowe<\/td>\n<\/tr>\n<tr>\n<td>Opcje personalizacji<\/td>\n<td>Pojemno\u015b\u0107, rozmiar, kolor, logo, kszta\u0142t, akcesoria, opakowanie<\/td>\n<\/tr>\n<\/tbody>\n<\/table>\n<h2>Aplikacje<\/h2>\n<ul>\n<li><strong>\u015awiece zapachowe i aromaterapia<\/strong>:Szklany \u015bwiecznik w kszta\u0142cie dzwonka, idealny do \u015bwiec zapachowych i \u015bwiec sojowych, a tak\u017ce do luksusowych kolekcji zapach\u00f3w. Kopu\u0142ka zapobiega utracie zapachu i chroni powierzchni\u0119 \u015bwiecy po jej wyj\u0119ciu.<\/li>\n<li><strong>Dekoracyjny wy\u015bwietlacz<\/strong>:Mo\u017ce s\u0142u\u017cy\u0107 do eksponowania przedmiot\u00f3w ozdobnych, takich jak suszone kwiaty, kwiaty konserwowane, kryszta\u0142y czy dekoracje sezonowe. Wyra\u017any wz\u00f3r klosza lepiej sprawdza si\u0119 w prezentacji produkt\u00f3w w sklepach detalicznych i w dekoracjach domowych.<\/li>\n<li><strong>Opakowania prezentowe i detaliczne<\/strong>:Idealny do luksusowych marek \u015bwiec, zestaw\u00f3w upominkowych na \u015bwi\u0119ta i opakowa\u0144 produkt\u00f3w luksusowych, w kt\u00f3rych wizualny merchandising jest konieczno\u015bci\u0105.<\/li>\n<\/ul>\n<figure id=\"attachment_4554\" aria-describedby=\"caption-attachment-4554\" style=\"width: 500px\" class=\"wp-caption aligncenter\"><img fetchpriority=\"high\" decoding=\"async\" class=\"wp-image-4554\" src=\"https:\/\/mostebglass.com\/wp-content\/uploads\/2025\/08\/pink-glass-bell-candle-holder-sample.webp\" alt=\"szczeg\u00f3\u0142y szklanego \u015bwiecznika w kszta\u0142cie dzwonka\" width=\"500\" height=\"500\" srcset=\"https:\/\/mostebglass.com\/wp-content\/uploads\/2025\/08\/pink-glass-bell-candle-holder-sample.webp 1024w, https:\/\/mostebglass.com\/wp-content\/uploads\/2025\/08\/pink-glass-bell-candle-holder-sample-768x768.webp 768w, https:\/\/mostebglass.com\/wp-content\/uploads\/2025\/08\/pink-glass-bell-candle-holder-sample-12x12.webp 12w, https:\/\/mostebglass.com\/wp-content\/uploads\/2025\/08\/pink-glass-bell-candle-holder-sample-300x300.webp 300w, https:\/\/mostebglass.com\/wp-content\/uploads\/2025\/08\/pink-glass-bell-candle-holder-sample-600x600.webp 600w, https:\/\/mostebglass.com\/wp-content\/uploads\/2025\/08\/pink-glass-bell-candle-holder-sample-100x100.webp 100w\" sizes=\"(max-width: 500px) 100vw, 500px\" \/><figcaption id=\"caption-attachment-4554\" class=\"wp-caption-text\">Szklany \u015bwiecznik w kszta\u0142cie dzwonka w odcieniu r\u00f3\u017cu gradientowego<\/figcaption><\/figure>\n<h2>Rekomendacje dotycz\u0105ce personalizacji B2B<\/h2>\n<p>Model ten zapewnia r\u00f3\u017cnorodne opcje personalizacji w\u0142a\u015bcicielom marek, dystrybutorom i osobom kupuj\u0105cym hurtowo przezroczyste szklane s\u0142oiki na \u015bwiece:<\/p>\n<ul>\n<li><strong>Logo dekoracyjne<\/strong>: Sitodruk, z\u0142ocenie, kalkomanie, grawerowanie laserowe.<\/li>\n<li><strong>Wyko\u0144czenia powierzchni<\/strong>:Szk\u0142o matowe, dymno-szare, odcie\u0144 bursztynowy, pow\u0142oka natryskowa gradientowa.<\/li>\n<li><strong>Zmiany strukturalne<\/strong>:Specjalna \u015brednica lub wysoko\u015b\u0107 ekskluzywnych form.<\/li>\n<li><strong>Modyfikacje w pokrywie<\/strong>: regulacja kszta\u0142tu pokr\u0119t\u0142a lub kolorowa szklana pokrywa.<\/li>\n<li><strong>Opcje pakowania<\/strong>: Spersonalizowane pude\u0142ka twarde, wk\u0142adki ochronne, pude\u0142ka z logo marki.<\/li>\n<li><strong>Us\u0142uga nape\u0142niania \u015bwiec<\/strong>:Kompletne nape\u0142nianie \u015bwiec woskiem pod w\u0142asn\u0105 mark\u0105.<\/li>\n<\/ul>\n<p>Standardowy cylindryczny kubek wewn\u0119trzny jest r\u00f3wnie\u017c kompatybilny z obecn\u0105 lini\u0105 produkcyjn\u0105 \u015bwiec, co pozwala du\u017cym odbiorcom zaoszcz\u0119dzi\u0107 na wydatkach zwi\u0105zanych z narz\u0119dziami.<\/p>","protected":false},"excerpt":{"rendered":"<p>Szklany \u015bwiecznik w kszta\u0142cie dzwonka o pojemno\u015bci 390 ml z przezroczyst\u0105 pokrywk\u0105. Idealny do \u015bwiec zapachowych i dekoracji. Dost\u0119pny w sprzeda\u017cy hurtowej z przezroczystymi szklanymi s\u0142oikami na \u015bwiece oraz z mo\u017cliwo\u015bci\u0105 personalizacji.<\/p>","protected":false},"featured_media":4553,"template":"","meta":{"site-sidebar-layout":"default","site-content-layout":"","ast-site-content-layout":"default","site-content-style":"default","site-sidebar-style":"default","ast-global-header-display":"","ast-banner-title-visibility":"","ast-main-header-display":"","ast-hfb-above-header-display":"","ast-hfb-below-header-display":"","ast-hfb-mobile-header-display":"","site-post-title":"","ast-breadcrumbs-content":"","ast-featured-img":"","footer-sml-layout":"","theme-transparent-header-meta":"default","adv-header-id-meta":"","stick-header-meta":"","header-above-stick-meta":"","header-main-stick-meta":"","header-below-stick-meta":"","astra-migrate-meta-layouts":"set","ast-page-background-enabled":"default","ast-page-background-meta":{"desktop":{"background-color":"var(--ast-global-color-5)","background-image":"","background-repeat":"repeat","background-position":"center center","background-size":"auto","background-attachment":"scroll","background-type":"","background-media":"","overlay-type":"","overlay-color":"","overlay-opacity":"","overlay-gradient":""},"tablet":{"background-color":"","background-image":"","background-repeat":"repeat","background-position":"center center","background-size":"auto","background-attachment":"scroll","background-type":"","background-media":"","overlay-type":"","overlay-color":"","overlay-opacity":"","overlay-gradient":""},"mobile":{"background-color":"","background-image":"","background-repeat":"repeat","background-position":"center center","background-size":"auto","background-attachment":"scroll","background-type":"","background-media":"","overlay-type":"","overlay-color":"","overlay-opacity":"","overlay-gradient":""}},"ast-content-background-meta":{"desktop":{"background-color":"var(--ast-global-color-4)","background-image":"","background-repeat":"repeat","background-position":"center center","background-size":"auto","background-attachment":"scroll","background-type":"","background-media":"","overlay-type":"","overlay-color":"","overlay-opacity":"","overlay-gradient":""},"tablet":{"background-color":"var(--ast-global-color-4)","background-image":"","background-repeat":"repeat","background-position":"center center","background-size":"auto","background-attachment":"scroll","background-type":"","background-media":"","overlay-type":"","overlay-color":"","overlay-opacity":"","overlay-gradient":""},"mobile":{"background-color":"var(--ast-global-color-4)","background-image":"","background-repeat":"repeat","background-position":"center center","background-size":"auto","background-attachment":"scroll","background-type":"","background-media":"","overlay-type":"","overlay-color":"","overlay-opacity":"","overlay-gradient":""}}},"product_brand":[],"product_cat":[28,21],"product_tag":[],"class_list":{"0":"post-700","1":"product","2":"type-product","3":"status-publish","4":"has-post-thumbnail","6":"product_cat-glass-candle-jars","7":"product_cat-product","8":"desktop-align-left","9":"tablet-align-left","10":"mobile-align-left","12":"first","13":"instock","14":"shipping-taxable","15":"product-type-simple"},"jetpack_sharing_enabled":true,"_links":{"self":[{"href":"https:\/\/mostebglass.com\/pl\/wp-json\/wp\/v2\/product\/700","targetHints":{"allow":["GET"]}}],"collection":[{"href":"https:\/\/mostebglass.com\/pl\/wp-json\/wp\/v2\/product"}],"about":[{"href":"https:\/\/mostebglass.com\/pl\/wp-json\/wp\/v2\/types\/product"}],"wp:featuredmedia":[{"embeddable":true,"href":"https:\/\/mostebglass.com\/pl\/wp-json\/wp\/v2\/media\/4553"}],"wp:attachment":[{"href":"https:\/\/mostebglass.com\/pl\/wp-json\/wp\/v2\/media?parent=700"}],"wp:term":[{"taxonomy":"product_brand","embeddable":true,"href":"https:\/\/mostebglass.com\/pl\/wp-json\/wp\/v2\/product_brand?post=700"},{"taxonomy":"product_cat","embeddable":true,"href":"https:\/\/mostebglass.com\/pl\/wp-json\/wp\/v2\/product_cat?post=700"},{"taxonomy":"product_tag","embeddable":true,"href":"https:\/\/mostebglass.com\/pl\/wp-json\/wp\/v2\/product_tag?post=700"}],"curies":[{"name":"wp","href":"https:\/\/api.w.org\/{rel}","templated":true}]}}